{"id":4850,"date":"2023-04-26T20:37:48","date_gmt":"2023-04-26T18:37:48","guid":{"rendered":"https:\/\/semmelweis.hu\/fszoi\/?page_id=4850"},"modified":"2023-06-12T14:21:18","modified_gmt":"2023-06-12T12:21:18","slug":"az-orvosi-rehabilitacioban-reszesulo-specialis-ellatast-igenylo-betegek-fogaszati-ellatasa","status":"publish","type":"page","link":"https:\/\/semmelweis.hu\/fszoi\/oktatas\/akkreditalt-tanfolyamok\/az-orvosi-rehabilitacioban-reszesulo-specialis-ellatast-igenylo-betegek-fogaszati-ellatasa\/","title":{"rendered":"2023.03.08. Az orvosi rehabilit\u00e1ci\u00f3ban r\u00e9szes\u00fcl\u0151 speci\u00e1lis ell\u00e1t\u00e1st ig\u00e9nyl\u0151 betegek fog\u00e1szati ell\u00e1t\u00e1sa"},"content":{"rendered":"<p style=\"text-align: center\"><strong>Tematika:<\/strong><\/p>\n<p>Dr. N\u00e9meth Orsolya<br \/>\n<a href=\"https:\/\/prezi.com\/view\/qVsbKSvvq1bPX7gy9RuN\/\">Az orvosi rehabilit\u00e1ci\u00f3ban r\u00e9szes\u00fcl\u0151 speci\u00e1lis ell\u00e1t\u00e1st ig\u00e9nyl\u0151 betegek fog\u00e1szati klasszifik\u00e1ci\u00f3ja \u00e9s prevenci\u00f3ja<\/a><\/p>\n<p>Dr. Kivovics P\u00e9ter<br \/>\n<a href=\"https:\/\/semmelweis.hu\/fszoi\/files\/2023\/04\/Dr.-Kivovics-P.-Az-OORI-e\u0301s-az-FSZOI-egyu\u0308ttmu\u030bko\u0308de\u0301se-interdisciplina\u0301ris-teamwok-2023.pdf\">Az Orsz\u00e1gos Orvosi Rehabilit\u00e1ci\u00f3s Int\u00e9zet \u00e9s a Fog\u00e1szati \u00e9s Sz\u00e1jseb\u00e9szeti Oktat\u00f3 Int\u00e9zet egy\u00fcttm\u0171k\u00f6d\u00e9se, interdiszciplin\u00e1ris teamwork<\/a><\/p>\n<p>Dr. Ors\u00f3s Merc\u00e9desz<br \/>\n<a href=\"https:\/\/prezi.com\/view\/5lIiRG18M3NClp7ge6tS\/\">Orvosi rehabilit\u00e1ci\u00f3s kezel\u00e9sben r\u00e9szes\u00fcl\u0151 mozg\u00e1sfogyat\u00e9kos p\u00e1ciensek sz\u00e1jhigi\u00e9ni\u00e1s \u00e9s dent\u00e1lis \u00e1llapotfelm\u00e9r\u00e9se<\/a><\/p>\n<p>Dr. Simon Fanni<br \/>\n<a href=\"https:\/\/prezi.com\/view\/WxO7v8di8qaqxO0wo5Tz\/\">A dent\u00e1lhigi\u00e9nikus gyakorlati teend\u0151i orvosi rehabilit\u00e1ci\u00f3 alatt \u00e1ll\u00f3 betegek mindennapos sz\u00e1jhigi\u00e9ni\u00e1s ell\u00e1t\u00e1s\u00e1ban \u00e9seduk\u00e1l\u00e1s\u00e1ban, a prevenci\u00f3s protokollok jelent\u0151s\u00e9ge<\/a><\/p>\n<p>Dr. Moldvai J\u00falia<br \/>\n<a href=\"https:\/\/semmelweis.hu\/fszoi\/files\/2023\/04\/Moldvai-Ju\u0301lia-Stroke-ot-elszenvedett-pa\u0301ciensek-2023.pdf\">Stroke-ot elszenvedett p\u00e1ciensek or\u00e1lis eg\u00e9szs\u00e9g\u00fcgyi \u00e1llapot\u00e1nak vizsg\u00e1lata rehabilit\u00e1ci\u00f3s kezel\u00e9s\u00fck alatt<\/a><\/p>\n<p>Dr. T\u00f3ducz Emma\/ Dr. T\u00e1bi Dalma<br \/>\n<a href=\"https:\/\/semmelweis.hu\/fszoi\/files\/2023\/06\/Rehabilita\u0301cio\u0301-handout-2023_compressed.pdf\">A kondukt\u00edv eduk\u00e1ci\u00f3 \u00e9s hat\u00e1sa a gyermekek or\u00e1lis eg\u00e9szs\u00e9gi \u00e1llapot\u00e1ra\u00a0 \u00a0<\/a><\/p>\n<p>Dr. Herczeg Eszter<br \/>\nSz\u00fcl\u00e9st k\u00f6vet\u0151en kialakult ischaemi\u00e1s stroke ut\u00e1ni rehabilit\u00e1ci\u00f3\u00a0 \u00a0 \u00a0 \u00a0 \u00a0 \u00a0 \u00a0 \u00a0 \u00a0 \u00a0 \u00a0 \u00a0 \u00a0 \u00a0 \u00a0 <\/p>\n<p>Dr. Putz Mikl\u00f3s<br \/>\n<a href=\"https:\/\/semmelweis.hu\/fszoi\/files\/2023\/05\/Szajhigiene-mozgasserult-2023.pdf\">A sz\u00e1jhigi\u00e9n\u00e9 helye a mozg\u00e1ss\u00e9r\u00fcltek mindennapjaiban\u00a0 \u00a0 \u00a0 \u00a0 \u00a0<\/a> \u00a0 \u00a0 \u00a0 \u00a0 \u00a0 \u00a0 \u00a0 \u00a0 \u00a0 \u00a0 \u00a0 \u00a0 \u00a0 \u00a0 \u00a0 \u00a0 \u00a0 \u00a0<\/p>\n<p>&nbsp;<\/p>\n","protected":false},"excerpt":{"rendered":"<p>Tematika: Dr. N\u00e9meth Orsolya <a href=\"https:\/\/prezi.com\/view\/qVsbKSvvq1bPX7gy9RuN\/\">Az orvosi rehabilit\u00e1ci\u00f3ban r\u00e9szes\u00fcl\u0151 speci\u00e1lis ell\u00e1t\u00e1st ig\u00e9nyl\u0151 betegek fog\u00e1szati klasszifik\u00e1ci\u00f3ja \u00e9s prevenci\u00f3ja<\/a> Dr. Kivovics P\u00e9ter <a href=\"https:\/\/semmelweis.hu\/fszoi\/files\/2023\/04\/Dr.-Kivovics-P.-Az-OORI-e\u0301s-az-FSZOI-egyu\u0308ttmu\u030bko\u0308de\u0301se-interdisciplina\u0301ris-teamwok-2023.pdf\">Az Orsz\u00e1gos Orvosi Rehabilit\u00e1ci\u00f3s Int\u00e9zet \u00e9s a Fog\u00e1szati \u00e9s Sz\u00e1jseb\u00e9szeti Oktat\u00f3 Int\u00e9zet egy\u00fcttm\u0171k\u00f6d\u00e9se, interdiszciplin\u00e1ris teamwork<\/a> Dr. Ors\u00f3s Merc\u00e9desz <a href=\"https:\/\/prezi.com\/view\/5lIiRG18M3NClp7ge6tS\/\">Orvosi rehabilit\u00e1ci\u00f3s kezel\u00e9sben r\u00e9szes\u00fcl\u0151 mozg\u00e1sfogyat\u00e9kos p\u00e1ciensek sz\u00e1jhigi\u00e9ni\u00e1s \u00e9s dent\u00e1lis \u00e1llapotfelm\u00e9r\u00e9se<\/a> Dr. Simon Fanni <a href=\"https:\/\/prezi.com\/view\/WxO7v8di8qaqxO0wo5Tz\/\">A dent\u00e1lhigi\u00e9nikus gyakorlati teend\u0151i orvosi rehabilit\u00e1ci\u00f3 alatt \u00e1ll\u00f3 betegek mindennapos sz\u00e1jhigi\u00e9ni\u00e1s ell\u00e1t\u00e1s\u00e1ban \u00e9seduk\u00e1l\u00e1s\u00e1ban, a prevenci\u00f3s protokollok jelent\u0151s\u00e9ge<\/a> Dr. Moldvai J\u00falia <a href=\"https:\/\/semmelweis.hu\/fszoi\/files\/2023\/04\/Moldvai-Ju\u0301lia-Stroke-ot-elszenvedett-pa\u0301ciensek-2023.pdf\">Stroke-ot elszenvedett p\u00e1ciensek or\u00e1lis eg\u00e9szs\u00e9g\u00fcgyi \u00e1llapot\u00e1nak vizsg\u00e1lata rehabilit\u00e1ci\u00f3s kezel\u00e9s\u00fck alatt<\/a> Dr. T\u00f3ducz Emma\/ Dr. T\u00e1bi Dalma <a href=\"https:\/\/semmelweis.hu\/fszoi\/files\/2023\/06\/Rehabilita\u0301cio\u0301-handout-2023_compressed.pdf\">A kondukt\u00edv eduk\u00e1ci\u00f3 \u00e9s hat\u00e1sa a gyermekek or\u00e1lis eg\u00e9szs\u00e9gi \u00e1llapot\u00e1ra\u00a0 \u00a0<\/a> Dr. Herczeg Eszter Sz\u00fcl\u00e9st k\u00f6vet\u0151en kialakult ischaemi\u00e1s stroke ut\u00e1ni rehabilit\u00e1ci\u00f3\u00a0 \u00a0 \u00a0 \u00a0 \u00a0 \u00a0 \u00a0 \u00a0 \u00a0 \u00a0 \u00a0 \u00a0 \u00a0 \u00a0 \u00a0 Dr. Putz Mikl\u00f3s <a href=\"https:\/\/semmelweis.hu\/fszoi\/files\/2023\/05\/Szajhigiene-mozgasserult-2023.pdf\">A sz\u00e1jhigi\u00e9n\u00e9 helye a mozg\u00e1ss\u00e9r\u00fcltek mindennapjaiban\u00a0 \u00a0 \u00a0 \u00a0 \u00a0<\/a> \u00a0 \u00a0 \u00a0 \u00a0 \u00a0 \u00a0 &hellip;<\/p>\n","protected":false},"author":102174,"featured_media":0,"parent":4821,"menu_order":3,"comment_status":"closed","ping_status":"closed","template":"","meta":{"_acf_changed":false,"footnotes":""},"categories":[],"tags":[],"class_list":["post-4850","page","type-page","status-publish","hentry"],"acf":[],"_links":{"self":[{"href":"https:\/\/semmelweis.hu\/fszoi\/wp-json\/wp\/v2\/pages\/4850","targetHints":{"allow":["GET"]}}],"collection":[{"href":"https:\/\/semmelweis.hu\/fszoi\/wp-json\/wp\/v2\/pages"}],"about":[{"href":"https:\/\/semmelweis.hu\/fszoi\/wp-json\/wp\/v2\/types\/page"}],"author":[{"embeddable":true,"href":"https:\/\/semmelweis.hu\/fszoi\/wp-json\/wp\/v2\/users\/102174"}],"replies":[{"embeddable":true,"href":"https:\/\/semmelweis.hu\/fszoi\/wp-json\/wp\/v2\/comments?post=4850"}],"version-history":[{"count":7,"href":"https:\/\/semmelweis.hu\/fszoi\/wp-json\/wp\/v2\/pages\/4850\/revisions"}],"predecessor-version":[{"id":4899,"href":"https:\/\/semmelweis.hu\/fszoi\/wp-json\/wp\/v2\/pages\/4850\/revisions\/4899"}],"up":[{"embeddable":true,"href":"https:\/\/semmelweis.hu\/fszoi\/wp-json\/wp\/v2\/pages\/4821"}],"wp:attachment":[{"href":"https:\/\/semmelweis.hu\/fszoi\/wp-json\/wp\/v2\/media?parent=4850"}],"wp:term":[{"taxonomy":"category","embeddable":true,"href":"https:\/\/semmelweis.hu\/fszoi\/wp-json\/wp\/v2\/categories?post=4850"},{"taxonomy":"post_tag","embeddable":true,"href":"https:\/\/semmelweis.hu\/fszoi\/wp-json\/wp\/v2\/tags?post=4850"}],"curies":[{"name":"wp","href":"https:\/\/api.w.org\/{rel}","templated":true}]}}