{"id":4848,"date":"2023-04-26T20:37:48","date_gmt":"2023-04-26T18:37:48","guid":{"rendered":"https:\/\/semmelweis.hu\/fszoi\/?page_id=4848"},"modified":"2023-06-12T14:20:49","modified_gmt":"2023-06-12T12:20:49","slug":"a-mindennapi-fogorvosi-ellatas-oralis-medicina-vonatkozasai","status":"publish","type":"page","link":"https:\/\/semmelweis.hu\/fszoi\/oktatas\/akkreditalt-tanfolyamok\/a-mindennapi-fogorvosi-ellatas-oralis-medicina-vonatkozasai\/","title":{"rendered":"2023.04.21. A mindennapi fogorvosi ell\u00e1t\u00e1s or\u00e1lis medicina vonatkoz\u00e1sai"},"content":{"rendered":"<p style=\"text-align: center\"><strong>Tematika:<\/strong><\/p>\n<p style=\"text-align: left\">Dr. N\u00e9meth Orsolya <br \/>\n<a href=\"https:\/\/semmelweis.hu\/fszoi\/files\/2023\/04\/00Ne\u0301meth_ma\u0301r-a-daganatok-sem-a-re\u0301giek.pdf\">\u201eM\u00e1r a daganatok sem a r\u00e9giek.\u201d\u00a0 \u00a0<\/a> \u00a0\u00a0 \u00a0 \u00a0 \u00a0 \u00a0 \u00a0 \u00a0 \u00a0 \u00a0 \u00a0 \u00a0 \u00a0 \u00a0 \u00a0 \u00a0 \u00a0 \u00a0 \u00a0 \u00a0 \u00a0 \u00a0 \u00a0 \u00a0 \u00a0 \u00a0 \u00a0 \u00a0 \u00a0 \u00a0 \u00a0 \u00a0 \u00a0 \u00a0 \u00a0 \u00a0 \u00a0 \u00a0 \u00a0 \u00a0\u00a0<\/p>\n<p style=\"text-align: left\">Dr. Zalatnai Attila<br \/>\n<a href=\"https:\/\/semmelweis.hu\/fszoi\/files\/2023\/04\/BiopsziaE\u0301rte\u0301kele\u0301se.pdf\">Biopszia \u00e9rt\u00e9kel\u00e9se, amit egy fogorvosnak tudnia kell\u00a0<\/a> \u00a0 \u00a0 \u00a0\u00a0 \u00a0 \u00a0 \u00a0 \u00a0 \u00a0 \u00a0 \u00a0 \u00a0 \u00a0 \u00a0 \u00a0 \u00a0 \u00a0 \u00a0 \u00a0 \u00a0 \u00a0\u00a0<\/p>\n<p style=\"text-align: left\">Dr. Uhrin Eszter\u00a0<br \/>\n<a href=\"https:\/\/prezi.com\/view\/q3bF8pUogGNWBNrcNIbZ\/\">Interdiszciplin\u00e1lis \u00e9s egy\u00fcttm\u0171k\u00f6d\u00e9s &#8211; teammunka (b\u0151rgy\u00f3gy\u00e1szat, belgy\u00f3gy\u00e1szat, immunol\u00f3gia)<\/a><\/p>\n<p style=\"text-align: left\">Dr. Iv\u00e1nyi D\u00f3ra<br \/>\n<a href=\"https:\/\/prezi.com\/i\/view\/qVbalJzMwquPhtJ7biKK\/\">V\u00e9rk\u00e9p, vitamin- \u00e9s \u00e1sv\u00e1nyi anyag szintek, ami a fogorvosnak fontos\u00a0 \u00a0 \u00a0<\/a> \u00a0 \u00a0 \u00a0 \u00a0 \u00a0 \u00a0 \u00a0\u00a0<\/p>\n<p style=\"text-align: left\">Dr. N\u00e9meth Orsolya<br \/>\n<a href=\"https:\/\/prezi.com\/view\/b6s0ASqjx7aEW8eYjInD\/\">E-health, teledentistry \u00e9s E-dentistry\u00a0<\/a><\/p>\n<p style=\"text-align: left\">Dr. Simon Fanni\u00a0<br \/>\nR\u00e1kmegel\u0151z\u0151 \u00e1llapotok, \u00e9s amiket annak tartanak, de nem azok. R\u00e1kmegel\u0151z\u0151 \u00e1llapotok, \u00e9s amik azok \u2013differenci\u00e1l diagn\u00f3zis<\/p>\n<p style=\"text-align: left\">Dr. N\u00e9meth Orsolya \/ Dr. Simon Fanni \/ Dr. Uhrin Eszter\u00a0 \u00a0 \u00a0 \u00a0 \u00a0 \u00a0 \u00a0 \u00a0 \u00a0 \u00a0 \u00a0 \u00a0 \u00a0 \u00a0 \u00a0 \u00a0 \u00a0 \u00a0 \u00a0 \u00a0 \u00a0 \u00a0 \u00a0 \u00a0 \u00a0<br \/>\n<a href=\"https:\/\/prezi.com\/view\/x8iGLZot0TDBVauXyg8k\/\">Esetismertet\u00e9sek\u00a0<\/a> \u00a0 \u00a0 \u00a0 \u00a0 \u00a0 \u00a0 \u00a0 \u00a0 \u00a0 \u00a0 \u00a0 \u00a0 \u00a0 \u00a0 \u00a0 \u00a0 \u00a0 \u00a0 \u00a0 \u00a0 \u00a0 \u00a0 \u00a0 \u00a0 \u00a0 \u00a0 \u00a0 \u00a0 \u00a0 \u00a0 \u00a0 \u00a0 \u00a0 \u00a0 \u00a0 \u00a0 \u00a0 \u00a0 \u00a0 \u00a0 \u00a0 \u00a0 \u00a0<\/p>\n","protected":false},"excerpt":{"rendered":"<p>Tematika: Dr. N\u00e9meth Orsolya <a href=\"https:\/\/semmelweis.hu\/fszoi\/files\/2023\/04\/00Ne\u0301meth_ma\u0301r-a-daganatok-sem-a-re\u0301giek.pdf\">\u201eM\u00e1r a daganatok sem a r\u00e9giek.\u201d\u00a0 \u00a0<\/a> \u00a0\u00a0 \u00a0 \u00a0 \u00a0 \u00a0 \u00a0 \u00a0 \u00a0 \u00a0 \u00a0 \u00a0 \u00a0 \u00a0 \u00a0 \u00a0 \u00a0 \u00a0 \u00a0 \u00a0 \u00a0 \u00a0 \u00a0 \u00a0 \u00a0 \u00a0 \u00a0 \u00a0 \u00a0 \u00a0 \u00a0 \u00a0 \u00a0 \u00a0 \u00a0 \u00a0 \u00a0 \u00a0 \u00a0 \u00a0\u00a0 Dr. Zalatnai Attila <a href=\"https:\/\/semmelweis.hu\/fszoi\/files\/2023\/04\/BiopsziaE\u0301rte\u0301kele\u0301se.pdf\">Biopszia \u00e9rt\u00e9kel\u00e9se, amit egy fogorvosnak tudnia kell\u00a0<\/a> \u00a0 \u00a0 \u00a0\u00a0 \u00a0 \u00a0 \u00a0 \u00a0 \u00a0 \u00a0 &hellip;<\/p>\n","protected":false},"author":102174,"featured_media":0,"parent":4821,"menu_order":2,"comment_status":"closed","ping_status":"closed","template":"","meta":{"_acf_changed":false,"footnotes":""},"categories":[],"tags":[],"class_list":["post-4848","page","type-page","status-publish","hentry"],"acf":[],"_links":{"self":[{"href":"https:\/\/semmelweis.hu\/fszoi\/wp-json\/wp\/v2\/pages\/4848","targetHints":{"allow":["GET"]}}],"collection":[{"href":"https:\/\/semmelweis.hu\/fszoi\/wp-json\/wp\/v2\/pages"}],"about":[{"href":"https:\/\/semmelweis.hu\/fszoi\/wp-json\/wp\/v2\/types\/page"}],"author":[{"embeddable":true,"href":"https:\/\/semmelweis.hu\/fszoi\/wp-json\/wp\/v2\/users\/102174"}],"replies":[{"embeddable":true,"href":"https:\/\/semmelweis.hu\/fszoi\/wp-json\/wp\/v2\/comments?post=4848"}],"version-history":[{"count":3,"href":"https:\/\/semmelweis.hu\/fszoi\/wp-json\/wp\/v2\/pages\/4848\/revisions"}],"predecessor-version":[{"id":4860,"href":"https:\/\/semmelweis.hu\/fszoi\/wp-json\/wp\/v2\/pages\/4848\/revisions\/4860"}],"up":[{"embeddable":true,"href":"https:\/\/semmelweis.hu\/fszoi\/wp-json\/wp\/v2\/pages\/4821"}],"wp:attachment":[{"href":"https:\/\/semmelweis.hu\/fszoi\/wp-json\/wp\/v2\/media?parent=4848"}],"wp:term":[{"taxonomy":"category","embeddable":true,"href":"https:\/\/semmelweis.hu\/fszoi\/wp-json\/wp\/v2\/categories?post=4848"},{"taxonomy":"post_tag","embeddable":true,"href":"https:\/\/semmelweis.hu\/fszoi\/wp-json\/wp\/v2\/tags?post=4848"}],"curies":[{"name":"wp","href":"https:\/\/api.w.org\/{rel}","templated":true}]}}