{"id":4821,"date":"2023-04-25T17:57:20","date_gmt":"2023-04-25T15:57:20","guid":{"rendered":"https:\/\/semmelweis.hu\/fszoi\/?page_id=4821"},"modified":"2023-06-28T10:30:29","modified_gmt":"2023-06-28T08:30:29","slug":"akkreditalt-tanfolyamok","status":"publish","type":"page","link":"https:\/\/semmelweis.hu\/fszoi\/oktatas\/akkreditalt-tanfolyamok\/","title":{"rendered":"Akkredit\u00e1lt tanfolyamok"},"content":{"rendered":"<p style=\"text-align: left\"><a href=\"https:\/\/semmelweis.hu\/fszoi\/a-mindennapi-fogorvosi-ellatas-oralis-medicina-vonatkozasai\/\"><strong>2023.04.21. A mindennapi fogorvosi ell\u00e1t\u00e1s or\u00e1lis medicina vonatkoz\u00e1sai<\/strong><\/a><\/p>\n<p><strong><a href=\"https:\/\/semmelweis.hu\/fszoi\/az-orvosi-rehabilitacioban-reszesulo-specialis-ellatast-igenylo-betegek-fogaszati-ellatasa\/\">2023.03.08. Az orvosi rehabilit\u00e1ci\u00f3ban r\u00e9szes\u00fcl\u0151 speci\u00e1lis ell\u00e1t\u00e1st ig\u00e9nyl\u0151 betegek fog\u00e1szati ell\u00e1t\u00e1sa<\/a><\/strong><\/p>\n<p>&nbsp;<\/p>\n","protected":false},"excerpt":{"rendered":"<p><a href=\"https:\/\/semmelweis.hu\/fszoi\/a-mindennapi-fogorvosi-ellatas-oralis-medicina-vonatkozasai\/\">2023.04.21. A mindennapi fogorvosi ell\u00e1t\u00e1s or\u00e1lis medicina vonatkoz\u00e1sai<\/a><br \/>\n<a href=\"https:\/\/semmelweis.hu\/fszoi\/az-orvosi-rehabilitacioban-reszesulo-specialis-ellatast-igenylo-betegek-fogaszati-ellatasa\/\">2023.03.08. Az orvosi rehabilit\u00e1ci\u00f3ban r\u00e9szes\u00fcl\u0151 speci\u00e1lis ell\u00e1t\u00e1st ig\u00e9nyl\u0151 betegek fog\u00e1szati ell\u00e1t\u00e1sa<\/a><br \/>\n&nbsp;<\/p>\n","protected":false},"author":102174,"featured_media":0,"parent":14,"menu_order":0,"comment_status":"closed","ping_status":"closed","template":"","meta":{"_acf_changed":false,"footnotes":""},"categories":[],"tags":[],"class_list":["post-4821","page","type-page","status-publish","hentry"],"acf":[],"_links":{"self":[{"href":"https:\/\/semmelweis.hu\/fszoi\/wp-json\/wp\/v2\/pages\/4821","targetHints":{"allow":["GET"]}}],"collection":[{"href":"https:\/\/semmelweis.hu\/fszoi\/wp-json\/wp\/v2\/pages"}],"about":[{"href":"https:\/\/semmelweis.hu\/fszoi\/wp-json\/wp\/v2\/types\/page"}],"author":[{"embeddable":true,"href":"https:\/\/semmelweis.hu\/fszoi\/wp-json\/wp\/v2\/users\/102174"}],"replies":[{"embeddable":true,"href":"https:\/\/semmelweis.hu\/fszoi\/wp-json\/wp\/v2\/comments?post=4821"}],"version-history":[{"count":10,"href":"https:\/\/semmelweis.hu\/fszoi\/wp-json\/wp\/v2\/pages\/4821\/revisions"}],"predecessor-version":[{"id":4936,"href":"https:\/\/semmelweis.hu\/fszoi\/wp-json\/wp\/v2\/pages\/4821\/revisions\/4936"}],"up":[{"embeddable":true,"href":"https:\/\/semmelweis.hu\/fszoi\/wp-json\/wp\/v2\/pages\/14"}],"wp:attachment":[{"href":"https:\/\/semmelweis.hu\/fszoi\/wp-json\/wp\/v2\/media?parent=4821"}],"wp:term":[{"taxonomy":"category","embeddable":true,"href":"https:\/\/semmelweis.hu\/fszoi\/wp-json\/wp\/v2\/categories?post=4821"},{"taxonomy":"post_tag","embeddable":true,"href":"https:\/\/semmelweis.hu\/fszoi\/wp-json\/wp\/v2\/tags?post=4821"}],"curies":[{"name":"wp","href":"https:\/\/api.w.org\/{rel}","templated":true}]}}