{"id":4772,"date":"2023-03-07T00:36:57","date_gmt":"2023-03-06T23:36:57","guid":{"rendered":"https:\/\/semmelweis.hu\/fszoi\/?page_id=4772"},"modified":"2023-03-07T00:45:11","modified_gmt":"2023-03-06T23:45:11","slug":"allasfoglalasok","status":"publish","type":"page","link":"https:\/\/semmelweis.hu\/fszoi\/allasfoglalasok\/","title":{"rendered":"\u00c1ll\u00e1sfoglal\u00e1sok"},"content":{"rendered":"<p><strong>Az Int\u00e9zet a Szakmai Koll\u00e9gium \u00e9s az Orsz\u00e1gos Szakfel\u00fcgyelet protokolljai \u00e9s \u00e1ll\u00e1sfoglal\u00e1sai szerint v\u00e9gzi tev\u00e9kenys\u00e9g\u00e9t.<\/p>\n<p><\/strong><a href=\"http:\/\/fogaszatiszakfelugyelet.hu\/?page_id=65\">Megtekint\u00e9s<\/a><\/p>\n","protected":false},"excerpt":{"rendered":"<p>Az Int\u00e9zet a Szakmai Koll\u00e9gium \u00e9s az Orsz\u00e1gos Szakfel\u00fcgyelet protokolljai \u00e9s \u00e1ll\u00e1sfoglal\u00e1sai szerint v\u00e9gzi tev\u00e9kenys\u00e9g\u00e9t.<br \/>\n<a href=\"http:\/\/fogaszatiszakfelugyelet.hu\/?page_id=65\">Megtekint\u00e9s<\/a><\/p>\n","protected":false},"author":102174,"featured_media":0,"parent":0,"menu_order":0,"comment_status":"closed","ping_status":"closed","template":"","meta":{"_acf_changed":false,"footnotes":""},"categories":[],"tags":[],"class_list":["post-4772","page","type-page","status-publish","hentry"],"acf":[],"_links":{"self":[{"href":"https:\/\/semmelweis.hu\/fszoi\/wp-json\/wp\/v2\/pages\/4772","targetHints":{"allow":["GET"]}}],"collection":[{"href":"https:\/\/semmelweis.hu\/fszoi\/wp-json\/wp\/v2\/pages"}],"about":[{"href":"https:\/\/semmelweis.hu\/fszoi\/wp-json\/wp\/v2\/types\/page"}],"author":[{"embeddable":true,"href":"https:\/\/semmelweis.hu\/fszoi\/wp-json\/wp\/v2\/users\/102174"}],"replies":[{"embeddable":true,"href":"https:\/\/semmelweis.hu\/fszoi\/wp-json\/wp\/v2\/comments?post=4772"}],"version-history":[{"count":3,"href":"https:\/\/semmelweis.hu\/fszoi\/wp-json\/wp\/v2\/pages\/4772\/revisions"}],"predecessor-version":[{"id":4777,"href":"https:\/\/semmelweis.hu\/fszoi\/wp-json\/wp\/v2\/pages\/4772\/revisions\/4777"}],"wp:attachment":[{"href":"https:\/\/semmelweis.hu\/fszoi\/wp-json\/wp\/v2\/media?parent=4772"}],"wp:term":[{"taxonomy":"category","embeddable":true,"href":"https:\/\/semmelweis.hu\/fszoi\/wp-json\/wp\/v2\/categories?post=4772"},{"taxonomy":"post_tag","embeddable":true,"href":"https:\/\/semmelweis.hu\/fszoi\/wp-json\/wp\/v2\/tags?post=4772"}],"curies":[{"name":"wp","href":"https:\/\/api.w.org\/{rel}","templated":true}]}}