{"id":4688,"date":"2022-09-23T09:42:51","date_gmt":"2022-09-23T07:42:51","guid":{"rendered":"https:\/\/semmelweis.hu\/fszoi\/?page_id=4688"},"modified":"2024-02-06T15:05:56","modified_gmt":"2024-02-06T14:05:56","slug":"publikaciok","status":"publish","type":"page","link":"https:\/\/semmelweis.hu\/fszoi\/kutatas\/publikaciok\/","title":{"rendered":"Publik\u00e1ci\u00f3k"},"content":{"rendered":"<p><strong>Az Int\u00e9zet oktat\u00f3i \u00e9s PhD hallgat\u00f3i rendszeresen publik\u00e1lj\u00e1k eredm\u00e9nyeiket kiemelked\u0151 nemzetk\u00f6zi \u00e9s hazai fog\u00e1szati, anyagtudom\u00e1nyi \u00e9s \u00e9lettudom\u00e1nyi szaklapokba<\/strong><strong>n<br \/>\n<\/strong><\/p>\n<div class=\"keretes w-100\">\n<h5><strong>Ezeket az al\u00e1bbiakban tekinthetik meg:<\/strong><\/h5>\n<ul>\n<li>\n<h5><a href=\"https:\/\/m2.mtmt.hu\/gui2\/?type=institutes&amp;mode=browse&amp;sel=13063\">MTMT link<\/a><\/h5>\n<\/li>\n<\/ul>\n<\/div>\n<div class=\"keretes w-100\">\n<h5><strong>Publik\u00e1ci\u00f3k QR k\u00f3dos el\u00e9rhet\u0151s\u00e9ggel:<\/strong><\/h5>\n<ul>\n<li>\n<h5><a href=\"https:\/\/semmelweis.hu\/fszoi\/files\/2022\/09\/FSZOI_2015-22_QR.pdf\">QR k\u00f3dok<\/a><\/h5>\n<\/li>\n<\/ul>\n<\/div>\n","protected":false},"excerpt":{"rendered":"<p>Az Int\u00e9zet oktat\u00f3i \u00e9s PhD hallgat\u00f3i rendszeresen publik\u00e1lj\u00e1k eredm\u00e9nyeiket kiemelked\u0151 nemzetk\u00f6zi \u00e9s hazai fog\u00e1szati, anyagtudom\u00e1nyi \u00e9s \u00e9lettudom\u00e1nyi szaklapokban<\/p>\n<p>Ezeket az al\u00e1bbiakban tekinthetik meg:<\/p>\n<p><a href=\"https:\/\/m2.mtmt.hu\/gui2\/?type=institutes&amp;mode=browse&amp;sel=13063\">MTMT link<\/a><\/p>\n<p>Publik\u00e1ci\u00f3k QR k\u00f3dos el\u00e9rhet\u0151s\u00e9ggel:<\/p>\n<p><a href=\"https:\/\/semmelweis.hu\/fszoi\/files\/2022\/09\/FSZOI_2015-22_QR.pdf\">QR k\u00f3dok<\/a><\/p>\n","protected":false},"author":101228,"featured_media":0,"parent":4382,"menu_order":1,"comment_status":"closed","ping_status":"closed","template":"","meta":{"_acf_changed":false,"footnotes":""},"categories":[],"tags":[],"class_list":["post-4688","page","type-page","status-publish","hentry"],"acf":[],"_links":{"self":[{"href":"https:\/\/semmelweis.hu\/fszoi\/wp-json\/wp\/v2\/pages\/4688","targetHints":{"allow":["GET"]}}],"collection":[{"href":"https:\/\/semmelweis.hu\/fszoi\/wp-json\/wp\/v2\/pages"}],"about":[{"href":"https:\/\/semmelweis.hu\/fszoi\/wp-json\/wp\/v2\/types\/page"}],"author":[{"embeddable":true,"href":"https:\/\/semmelweis.hu\/fszoi\/wp-json\/wp\/v2\/users\/101228"}],"replies":[{"embeddable":true,"href":"https:\/\/semmelweis.hu\/fszoi\/wp-json\/wp\/v2\/comments?post=4688"}],"version-history":[{"count":9,"href":"https:\/\/semmelweis.hu\/fszoi\/wp-json\/wp\/v2\/pages\/4688\/revisions"}],"predecessor-version":[{"id":5231,"href":"https:\/\/semmelweis.hu\/fszoi\/wp-json\/wp\/v2\/pages\/4688\/revisions\/5231"}],"up":[{"embeddable":true,"href":"https:\/\/semmelweis.hu\/fszoi\/wp-json\/wp\/v2\/pages\/4382"}],"wp:attachment":[{"href":"https:\/\/semmelweis.hu\/fszoi\/wp-json\/wp\/v2\/media?parent=4688"}],"wp:term":[{"taxonomy":"category","embeddable":true,"href":"https:\/\/semmelweis.hu\/fszoi\/wp-json\/wp\/v2\/categories?post=4688"},{"taxonomy":"post_tag","embeddable":true,"href":"https:\/\/semmelweis.hu\/fszoi\/wp-json\/wp\/v2\/tags?post=4688"}],"curies":[{"name":"wp","href":"https:\/\/api.w.org\/{rel}","templated":true}]}}