{"id":4382,"date":"2020-12-29T14:32:18","date_gmt":"2020-12-29T13:32:18","guid":{"rendered":"https:\/\/semmelweis.hu\/fszoi\/?page_id=4382"},"modified":"2024-02-06T14:42:41","modified_gmt":"2024-02-06T13:42:41","slug":"kutatas","status":"publish","type":"page","link":"https:\/\/semmelweis.hu\/fszoi\/kutatas\/","title":{"rendered":"Kutat\u00e1s az int\u00e9zetben"},"content":{"rendered":"<p>Int\u00e9zet\u00fcnk kiemelten fontosnak tartja kutat\u00e1s \u00e9s innov\u00e1ci\u00f3 szerep\u00e9t. A jelent\u0151s m\u00e9rt\u00e9k\u0171 betegell\u00e1t\u00e1s mellet a tudom\u00e1nyos ter\u00fclet dinamikusan fejl\u0151dik. M\u00e1ra m\u00e1r hat oktat\u00f3i st\u00e1tuszon lev\u0151 koll\u00e9ga \u00e9s t\u00f6bb kutat\u00f3csoport m\u0171k\u00f6dik az int\u00e9zetben, akik az epidemiol\u00f3giai kutat\u00e1sok mellett implant\u00e1ci\u00f3s csontp\u00f3tl\u00e1ssal kapcsolatos t\u00e9m\u00e1ban is kutatnak.\u00a0 Az Orsz\u00e1gos Orvosi Rehabilit\u00e1ci\u00f3s Int\u00e9zettel \u00e9s a Pet\u0151 Andr\u00e1s Karral kialak\u00edtott munkakapcsolatunk is jelent\u0151s tudom\u00e1nyos potenci\u00e1llal b\u00edr \u00e9s sz\u00e1mos publik\u00e1ci\u00f3 sz\u00fcletett m\u00e1r az egy\u00fcttm\u0171k\u00f6d\u00e9sb\u0151l. Az Int\u00e9zet oktat\u00f3i \u00e9s PhD hallgat\u00f3i rendszeresen publik\u00e1lj\u00e1k eredm\u00e9nyeiket kiemelked\u0151 nemzetk\u00f6zi \u00e9s hazai fog\u00e1szati, anyagtudom\u00e1nyi \u00e9s \u00e9lettudom\u00e1nyi szaklapokban.<\/p>\n<h4><strong>P\u00c1LY\u00c1ZATOK, KONFERENCI\u00c1K<\/strong><\/h4>\n<p>Az Kar tudom\u00e1nyos eredm\u00e9nyess\u00e9g\u00e9t jelzi, hogy sz\u00e1mos nemzetk\u00f6zi \u00e9s hazai p\u00e1ly\u00e1zat r\u00e9sztvev\u0151je, mint pl. NIH (National Institute of Health, USA) NKFIH, EFOP p\u00e1ly\u00e1zatok. K\u00f6z\u00f6s kutat\u00e1si tev\u00e9kenys\u00e9get folytat az NIH, az ACTA (Amszterdam, Hollandia), a Berni Egyetem (Sv\u00e1jc), Toront\u00f3i Egyetem (Kanada), a Budapesti M\u0171szaki \u00e9s Gazdas\u00e1gtudom\u00e1nyi Egyetem kutat\u00f3ival, egy\u00fcttm\u0171k\u00f6dik a sz\u00e1mos k\u00fclf\u00f6ldi \u00e9s minden hazai fogorvos-k\u00e9pz\u0151 hellyel, valamint az egyetemen bel\u00fcl az \u00c1ltal\u00e1nos Orvostudom\u00e1nyi Kar elm\u00e9leti int\u00e9zeteivel.<\/p>\n<p>Az Int\u00e9zet oktat\u00f3i akt\u00edv r\u00e9sztvev\u0151i a szakter\u00fcleti hazai \u00e9s nemzetk\u00f6zi konferenci\u00e1knak.<\/p>\n<p>A fiatal kutat\u00f3k munk\u00e1j\u00e1t az \u00e9vente megp\u00e1ly\u00e1zhat\u00f3 Kari Kutat\u00e1si P\u00e1ly\u00e1zat is t\u00e1mogatja.<\/p>\n<h4><strong>A F\u0150BB KUTAT\u00c1SI TER\u00dcLETEK A K\u00d6VETKEZ\u0150K:<\/strong><\/h4>\n<p>anyagtani, implantol\u00f3giai vizsg\u00e1latok, or\u00e1lis daganatok prevenci\u00f3j\u00e1val, sz\u0171r\u00e9s\u00e9vel \u00e9s ter\u00e1pi\u00e1j\u00e1val kapcsolatos vizsg\u00e1latok, csontregener\u00e1ci\u00f3val \u00e9s csontp\u00f3tl\u00f3 anyagok fejleszt\u00e9s\u00e9vel, felhaszn\u00e1l\u00e1s\u00e1val kapcsolatos vizsg\u00e1latok, sz\u00e1jk\u00e9pletek v\u00e9rkering\u00e9s\u00e9vel, kering\u00e9sszab\u00e1lyoz\u00e1s\u00e1val kapcsolatos vizsg\u00e1latok, mikroseb\u00e9szeti m\u00f3dszerek fejleszt\u00e9se, ny\u00e1lmirigyek vizsg\u00e1lata, fog eredet\u0171 \u0151ssejtekkel valamint biol\u00f3giai sz\u00f6vet\u00e9p\u00edt\u00e9ssel (tissue engineering) foglalkoz\u00f3 kutat\u00e1sok, epidemiol\u00f3giai felm\u00e9r\u00e9sek, fogsz\u00edn-meghat\u00e1roz\u00e1ssal \u00e9s CAD-CAM technik\u00e1val kapcsolatos vizsg\u00e1latok, hogy csak a legjelent\u0151sebbeket eml\u00edts\u00fck.<\/p>\n<h4><strong>TDK, PHD<\/strong><\/h4>\n<p>A Kar n\u00f6vekv\u0151 kutat\u00e1si aktivit\u00e1s\u00e1t j\u00f3l jellemzi, hogy mind az egyetemi, mind az orsz\u00e1gos Tudom\u00e1nyos Di\u00e1kk\u00f6ri Konferenci\u00e1n m\u00e1r \u00f6n\u00e1ll\u00f3 Fogorvostudom\u00e1nyi szekci\u00f3ban mutathatj\u00e1k be a kutat\u00f3 munk\u00e1jukat a hallgat\u00f3k, tov\u00e1bb\u00e1 a Klinikai Doktori Iskol\u00e1n bel\u00fcl \u00f6n\u00e1ll\u00f3 Fogorvostudom\u00e1nyi Program is m\u0171k\u00f6dik.\u00a0<\/p>\n<p>&nbsp;<\/p>\n","protected":false},"excerpt":{"rendered":"<p>Int\u00e9zet\u00fcnk kiemelten fontosnak tartja kutat\u00e1s \u00e9s innov\u00e1ci\u00f3 szerep\u00e9t. A jelent\u0151s m\u00e9rt\u00e9k\u0171 betegell\u00e1t\u00e1s mellet a tudom\u00e1nyos ter\u00fclet dinamikusan fejl\u0151dik. M\u00e1ra m\u00e1r hat oktat\u00f3i st\u00e1tuszon lev\u0151 koll\u00e9ga \u00e9s t\u00f6bb kutat\u00f3csoport m\u0171k\u00f6dik az int\u00e9zetben, akik az epidemiol\u00f3giai kutat\u00e1sok mellett implant\u00e1ci\u00f3s csontp\u00f3tl\u00e1ssal kapcsolatos t\u00e9m\u00e1ban is kutatnak.\u00a0 Az Orsz\u00e1gos Orvosi Rehabilit\u00e1ci\u00f3s Int\u00e9zettel \u00e9s a Pet\u0151 Andr\u00e1s Karral kialak\u00edtott munkakapcsolatunk is &hellip;<\/p>\n","protected":false},"author":101228,"featured_media":0,"parent":0,"menu_order":1,"comment_status":"closed","ping_status":"closed","template":"","meta":{"_acf_changed":false,"footnotes":""},"categories":[],"tags":[],"class_list":["post-4382","page","type-page","status-publish","hentry"],"acf":[],"_links":{"self":[{"href":"https:\/\/semmelweis.hu\/fszoi\/wp-json\/wp\/v2\/pages\/4382","targetHints":{"allow":["GET"]}}],"collection":[{"href":"https:\/\/semmelweis.hu\/fszoi\/wp-json\/wp\/v2\/pages"}],"about":[{"href":"https:\/\/semmelweis.hu\/fszoi\/wp-json\/wp\/v2\/types\/page"}],"author":[{"embeddable":true,"href":"https:\/\/semmelweis.hu\/fszoi\/wp-json\/wp\/v2\/users\/101228"}],"replies":[{"embeddable":true,"href":"https:\/\/semmelweis.hu\/fszoi\/wp-json\/wp\/v2\/comments?post=4382"}],"version-history":[{"count":10,"href":"https:\/\/semmelweis.hu\/fszoi\/wp-json\/wp\/v2\/pages\/4382\/revisions"}],"predecessor-version":[{"id":5221,"href":"https:\/\/semmelweis.hu\/fszoi\/wp-json\/wp\/v2\/pages\/4382\/revisions\/5221"}],"wp:attachment":[{"href":"https:\/\/semmelweis.hu\/fszoi\/wp-json\/wp\/v2\/media?parent=4382"}],"wp:term":[{"taxonomy":"category","embeddable":true,"href":"https:\/\/semmelweis.hu\/fszoi\/wp-json\/wp\/v2\/categories?post=4382"},{"taxonomy":"post_tag","embeddable":true,"href":"https:\/\/semmelweis.hu\/fszoi\/wp-json\/wp\/v2\/tags?post=4382"}],"curies":[{"name":"wp","href":"https:\/\/api.w.org\/{rel}","templated":true}]}}