{"id":4373,"date":"2020-11-27T15:54:06","date_gmt":"2020-11-27T14:54:06","guid":{"rendered":"https:\/\/semmelweis.hu\/fszoi\/?page_id=4373"},"modified":"2020-11-27T15:54:06","modified_gmt":"2020-11-27T14:54:06","slug":"covid-19","status":"publish","type":"page","link":"https:\/\/semmelweis.hu\/fszoi\/covid-19\/","title":{"rendered":"COVID-19"},"content":{"rendered":"<p><a href=\"https:\/\/semmelweis.hu\/fszoi\/files\/2020\/11\/COVID-19-betegtajekoztato-2020-11-26.pdf\">Inform\u00e1ci\u00f3k COVID-19 t\u00fcnetek eset\u00e9n: Mikor mit tehet\u00fcnk?<\/a><\/p>\n<p><a href=\"https:\/\/semmelweis.hu\/koronavirus\/\">T\u00e1j\u00e9koztat\u00f3 az \u00faj koronav\u00edrusr\u00f3l &#8211; Semmelweis Egyetem<\/a><\/p>\n","protected":false},"excerpt":{"rendered":"<p><a href=\"https:\/\/semmelweis.hu\/fszoi\/files\/2020\/11\/COVID-19-betegtajekoztato-2020-11-26.pdf\">Inform\u00e1ci\u00f3k COVID-19 t\u00fcnetek eset\u00e9n: Mikor mit tehet\u00fcnk?<\/a><br \/>\n<a href=\"https:\/\/semmelweis.hu\/koronavirus\/\">T\u00e1j\u00e9koztat\u00f3 az \u00faj koronav\u00edrusr\u00f3l &#8211; Semmelweis Egyetem<\/a><\/p>\n","protected":false},"author":101228,"featured_media":0,"parent":0,"menu_order":0,"comment_status":"closed","ping_status":"closed","template":"","meta":{"_acf_changed":false,"footnotes":""},"categories":[],"tags":[],"class_list":["post-4373","page","type-page","status-publish","hentry"],"acf":[],"_links":{"self":[{"href":"https:\/\/semmelweis.hu\/fszoi\/wp-json\/wp\/v2\/pages\/4373","targetHints":{"allow":["GET"]}}],"collection":[{"href":"https:\/\/semmelweis.hu\/fszoi\/wp-json\/wp\/v2\/pages"}],"about":[{"href":"https:\/\/semmelweis.hu\/fszoi\/wp-json\/wp\/v2\/types\/page"}],"author":[{"embeddable":true,"href":"https:\/\/semmelweis.hu\/fszoi\/wp-json\/wp\/v2\/users\/101228"}],"replies":[{"embeddable":true,"href":"https:\/\/semmelweis.hu\/fszoi\/wp-json\/wp\/v2\/comments?post=4373"}],"version-history":[{"count":2,"href":"https:\/\/semmelweis.hu\/fszoi\/wp-json\/wp\/v2\/pages\/4373\/revisions"}],"predecessor-version":[{"id":5366,"href":"https:\/\/semmelweis.hu\/fszoi\/wp-json\/wp\/v2\/pages\/4373\/revisions\/5366"}],"wp:attachment":[{"href":"https:\/\/semmelweis.hu\/fszoi\/wp-json\/wp\/v2\/media?parent=4373"}],"wp:term":[{"taxonomy":"category","embeddable":true,"href":"https:\/\/semmelweis.hu\/fszoi\/wp-json\/wp\/v2\/categories?post=4373"},{"taxonomy":"post_tag","embeddable":true,"href":"https:\/\/semmelweis.hu\/fszoi\/wp-json\/wp\/v2\/tags?post=4373"}],"curies":[{"name":"wp","href":"https:\/\/api.w.org\/{rel}","templated":true}]}}