{"id":4216,"date":"2020-07-20T17:17:07","date_gmt":"2020-07-20T15:17:07","guid":{"rendered":"https:\/\/semmelweis.hu\/fszoi\/?page_id=4216"},"modified":"2020-07-20T17:19:20","modified_gmt":"2020-07-20T15:19:20","slug":"extrakcios-nyari-gyakorlat","status":"publish","type":"page","link":"https:\/\/semmelweis.hu\/fszoi\/oktatas\/extrakcios-nyari-gyakorlat\/","title":{"rendered":"Extrakci\u00f3s ny\u00e1ri gyakorlat"},"content":{"rendered":"<p><a href=\"https:\/\/semmelweis.hu\/fszoi\/files\/2020\/07\/Hallgat\u00f3i-seg\u00e9dlet-.pdf\">Hallgat\u00f3i seg\u00e9dlet &#8211; ny\u00e1ri extrakci\u00f3s gyakorlat<\/a><\/p>\n","protected":false},"excerpt":{"rendered":"<p><a href=\"https:\/\/semmelweis.hu\/fszoi\/files\/2020\/07\/Hallgat\u00f3i-seg\u00e9dlet-.pdf\">Hallgat\u00f3i seg\u00e9dlet &#8211; ny\u00e1ri extrakci\u00f3s gyakorlat<\/a><\/p>\n","protected":false},"author":101228,"featured_media":0,"parent":14,"menu_order":0,"comment_status":"closed","ping_status":"closed","template":"","meta":{"_acf_changed":false,"footnotes":""},"categories":[],"tags":[],"class_list":["post-4216","page","type-page","status-publish","hentry"],"acf":[],"_links":{"self":[{"href":"https:\/\/semmelweis.hu\/fszoi\/wp-json\/wp\/v2\/pages\/4216","targetHints":{"allow":["GET"]}}],"collection":[{"href":"https:\/\/semmelweis.hu\/fszoi\/wp-json\/wp\/v2\/pages"}],"about":[{"href":"https:\/\/semmelweis.hu\/fszoi\/wp-json\/wp\/v2\/types\/page"}],"author":[{"embeddable":true,"href":"https:\/\/semmelweis.hu\/fszoi\/wp-json\/wp\/v2\/users\/101228"}],"replies":[{"embeddable":true,"href":"https:\/\/semmelweis.hu\/fszoi\/wp-json\/wp\/v2\/comments?post=4216"}],"version-history":[{"count":2,"href":"https:\/\/semmelweis.hu\/fszoi\/wp-json\/wp\/v2\/pages\/4216\/revisions"}],"predecessor-version":[{"id":4220,"href":"https:\/\/semmelweis.hu\/fszoi\/wp-json\/wp\/v2\/pages\/4216\/revisions\/4220"}],"up":[{"embeddable":true,"href":"https:\/\/semmelweis.hu\/fszoi\/wp-json\/wp\/v2\/pages\/14"}],"wp:attachment":[{"href":"https:\/\/semmelweis.hu\/fszoi\/wp-json\/wp\/v2\/media?parent=4216"}],"wp:term":[{"taxonomy":"category","embeddable":true,"href":"https:\/\/semmelweis.hu\/fszoi\/wp-json\/wp\/v2\/categories?post=4216"},{"taxonomy":"post_tag","embeddable":true,"href":"https:\/\/semmelweis.hu\/fszoi\/wp-json\/wp\/v2\/tags?post=4216"}],"curies":[{"name":"wp","href":"https:\/\/api.w.org\/{rel}","templated":true}]}}