{"id":3874,"date":"2019-06-11T14:40:03","date_gmt":"2019-06-11T12:40:03","guid":{"rendered":"http:\/\/semmelweis.hu\/fszoi\/?page_id=3874"},"modified":"2024-02-06T15:06:09","modified_gmt":"2024-02-06T14:06:09","slug":"tdk-temak","status":"publish","type":"page","link":"https:\/\/semmelweis.hu\/fszoi\/kutatas\/tdk-temak\/","title":{"rendered":"TDK t\u00e9m\u00e1k"},"content":{"rendered":"<p><strong>Az Int\u00e9zet\u00fcnkben lehet\u0151s\u00e9get biztos\u00edtunk a fogorvostanhallgat\u00f3knak k\u00fcl\u00f6nf\u00e9le kutat\u00e1si munk\u00e1kba t\u00f6rt\u00e9n\u0151 bekapcsol\u00f3d\u00e1sra.<\/strong><\/p>\n<div class=\"keretes w-100\">\n<p><strong style=\"color: #313b40;font-family: Montserrat, sans-serif\">Ezeket az al\u00e1bbiakban tekinthetik meg:<\/strong><\/p>\n<ul>\n<li><a href=\"https:\/\/semmelweis.hu\/fszoi\/files\/2023\/09\/TDK-te\u0301majegyze\u0301k_2023-24.pdf\">TDK-t\u00e9m\u00e1k 2023-2024.<\/a><\/li>\n<li><a href=\"https:\/\/semmelweis.hu\/tdk\/fogaszati-es-szajsebeszeti-oktato-intezet-tdk-tema\/\">TDK-t\u00e9m\u00e1k 2020-2021.<\/a><\/li>\n<li><a href=\"https:\/\/semmelweis.hu\/fszoi\/files\/2019\/06\/TDK_te\u0301ma\u0301k_2019.pdf\">TDK-te\u0301ma\u0301k 2019-2020.<\/a><\/li>\n<\/ul>\n<\/div>\n<p>A Kar Tudom\u00e1nyos Di\u00e1kk\u00f6ri tev\u00e9kenys\u00e9ge szerves r\u00e9sz\u00e9t k\u00e9pezi az Egyetemi Tudom\u00e1nyos Di\u00e1kk\u00f6rnek. \u00cdgy minden TDK-val kapcsolatos inform\u00e1ci\u00f3 az egyetem TDK\u00a0<a href=\"https:\/\/semmelweis.hu\/tdk\/\">honlapj\u00e1n<\/a>\u00a0\u00e9rhet\u0151 el.<\/p>\n","protected":false},"excerpt":{"rendered":"<p>Az Int\u00e9zet\u00fcnkben lehet\u0151s\u00e9get biztos\u00edtunk a fogorvostanhallgat\u00f3knak k\u00fcl\u00f6nf\u00e9le kutat\u00e1si munk\u00e1kba t\u00f6rt\u00e9n\u0151 bekapcsol\u00f3d\u00e1sra.<\/p>\n<p>Ezeket az al\u00e1bbiakban tekinthetik meg:<\/p>\n<p><a href=\"https:\/\/semmelweis.hu\/fszoi\/files\/2023\/09\/TDK-te\u0301majegyze\u0301k_2023-24.pdf\">TDK-t\u00e9m\u00e1k 2023-2024.<\/a><br \/>\n<a href=\"https:\/\/semmelweis.hu\/tdk\/fogaszati-es-szajsebeszeti-oktato-intezet-tdk-tema\/\">TDK-t\u00e9m\u00e1k 2020-2021.<\/a><br \/>\n<a href=\"https:\/\/semmelweis.hu\/fszoi\/files\/2019\/06\/TDK_te\u0301ma\u0301k_2019.pdf\">TDK-te\u0301ma\u0301k 2019-2020.<\/a><\/p>\n<p>A Kar Tudom\u00e1nyos Di\u00e1kk\u00f6ri tev\u00e9kenys\u00e9ge szerves r\u00e9sz\u00e9t k\u00e9pezi az Egyetemi Tudom\u00e1nyos Di\u00e1kk\u00f6rnek. \u00cdgy minden TDK-val kapcsolatos inform\u00e1ci\u00f3 az egyetem TDK\u00a0<a href=\"https:\/\/semmelweis.hu\/tdk\/\">honlapj\u00e1n<\/a>\u00a0\u00e9rhet\u0151 el.<\/p>\n","protected":false},"author":101228,"featured_media":0,"parent":4382,"menu_order":3,"comment_status":"closed","ping_status":"closed","template":"","meta":{"_acf_changed":false,"footnotes":""},"categories":[],"tags":[],"class_list":["post-3874","page","type-page","status-publish","hentry"],"acf":[],"_links":{"self":[{"href":"https:\/\/semmelweis.hu\/fszoi\/wp-json\/wp\/v2\/pages\/3874","targetHints":{"allow":["GET"]}}],"collection":[{"href":"https:\/\/semmelweis.hu\/fszoi\/wp-json\/wp\/v2\/pages"}],"about":[{"href":"https:\/\/semmelweis.hu\/fszoi\/wp-json\/wp\/v2\/types\/page"}],"author":[{"embeddable":true,"href":"https:\/\/semmelweis.hu\/fszoi\/wp-json\/wp\/v2\/users\/101228"}],"replies":[{"embeddable":true,"href":"https:\/\/semmelweis.hu\/fszoi\/wp-json\/wp\/v2\/comments?post=3874"}],"version-history":[{"count":10,"href":"https:\/\/semmelweis.hu\/fszoi\/wp-json\/wp\/v2\/pages\/3874\/revisions"}],"predecessor-version":[{"id":5234,"href":"https:\/\/semmelweis.hu\/fszoi\/wp-json\/wp\/v2\/pages\/3874\/revisions\/5234"}],"up":[{"embeddable":true,"href":"https:\/\/semmelweis.hu\/fszoi\/wp-json\/wp\/v2\/pages\/4382"}],"wp:attachment":[{"href":"https:\/\/semmelweis.hu\/fszoi\/wp-json\/wp\/v2\/media?parent=3874"}],"wp:term":[{"taxonomy":"category","embeddable":true,"href":"https:\/\/semmelweis.hu\/fszoi\/wp-json\/wp\/v2\/categories?post=3874"},{"taxonomy":"post_tag","embeddable":true,"href":"https:\/\/semmelweis.hu\/fszoi\/wp-json\/wp\/v2\/tags?post=3874"}],"curies":[{"name":"wp","href":"https:\/\/api.w.org\/{rel}","templated":true}]}}