{"id":3788,"date":"2019-04-10T10:45:46","date_gmt":"2019-04-10T08:45:46","guid":{"rendered":"http:\/\/semmelweis.hu\/fszoi\/?page_id=3788"},"modified":"2021-01-11T13:39:21","modified_gmt":"2021-01-11T12:39:21","slug":"dr-hulmany-eszter-szakmai-oneletrajz","status":"publish","type":"page","link":"https:\/\/semmelweis.hu\/fszoi\/munkatarsak\/dr-hulmany-eszter-szakmai-oneletrajz\/","title":{"rendered":"dr. Hulm\u00e1ny Eszter &#8211; szakmai \u00f6n\u00e9letrajz"},"content":{"rendered":"<p><a href=\"https:\/\/semmelweis.hu\/fszoi\/files\/2019\/04\/Hulm\u00e1ny_Eszter.jpg\"><img loading=\"lazy\" decoding=\"async\" class=\"wp-image-3787 alignright\" src=\"https:\/\/semmelweis.hu\/fszoi\/files\/2019\/04\/Hulm\u00e1ny_Eszter-220x300.jpg\" alt=\"\" width=\"155\" height=\"211\" srcset=\"https:\/\/semmelweis.hu\/fszoi\/files\/2019\/04\/Hulm\u00e1ny_Eszter-220x300.jpg 220w, https:\/\/semmelweis.hu\/fszoi\/files\/2019\/04\/Hulm\u00e1ny_Eszter-768x1049.jpg 768w, https:\/\/semmelweis.hu\/fszoi\/files\/2019\/04\/Hulm\u00e1ny_Eszter-750x1024.jpg 750w, https:\/\/semmelweis.hu\/fszoi\/files\/2019\/04\/Hulm\u00e1ny_Eszter-753x1029.jpg 753w, https:\/\/semmelweis.hu\/fszoi\/files\/2019\/04\/Hulm\u00e1ny_Eszter.jpg 1707w\" sizes=\"auto, (max-width: 155px) 100vw, 155px\" \/><\/a><\/p>\n<p><strong>Szem\u00e9lyi adatok<\/strong><\/p>\n<p>N\u00e9v: dr. Hulm\u00e1ny Eszter<\/p>\n<p>Sz\u00fclet\u00e9si hely \u00e9s id\u0151: V\u00e1c, 1988. december 20.<\/p>\n<p><strong>Tanulm\u00e1nyok<\/strong><\/p>\n<p>2008-2014 \u00a0\u00a0\u00a0\u00a0\u00a0\u00a0\u00a0\u00a0\u00a0\u00a0\u00a0 Semmelweis Egyetem Fogorvostudom\u00e1nyi Kar<\/p>\n<p>2014-2017\u00a0\u00a0\u00a0\u00a0\u00a0\u00a0\u00a0\u00a0\u00a0\u00a0\u00a0\u00a0\u00a0 Konzerv\u00e1l\u00f3 fog\u00e1szat \u00e9s Fogp\u00f3tl\u00e1stan szakorvosi vizsga<\/p>\n<p>2019- \u00a0\u00a0\u00a0\u00a0\u00a0\u00a0\u00a0\u00a0\u00a0\u00a0\u00a0\u00a0\u00a0\u00a0\u00a0\u00a0\u00a0\u00a0\u00a0\u00a0 Endodontia szakorvosk\u00e9pz\u00e9s megkezd\u00e9se<\/p>\n<p><strong>Tudom\u00e1nyos tev\u00e9kenys\u00e9g<\/strong><\/p>\n<ul>\n<li>Tudom\u00e1nyos Di\u00e1kk\u00f6ri munka, SE Gyermekfog\u00e1szati \u00e9s Fogszab\u00e1lyoz\u00e1si Klinika<\/li>\n<\/ul>\n<p>T\u00e9ma: Sulcusfolyad\u00e9k vizsg\u00e1lata orthodontiai kezel\u00e9s alatt<\/p>\n<ul>\n<li>Tudom\u00e1nyos Di\u00e1kk\u00f6ri Konferencia 2014.<\/li>\n<\/ul>\n<p>R\u00e9szv\u00e9tel az elm\u00e9leti \u00e9s gyakorlati versenyben.<\/p>\n<ul>\n<li>Rektori p\u00e1ly\u00e1zat<\/li>\n<\/ul>\n<p>T\u00e9ma: A sulcusfolyad\u00e9k vizsg\u00e1lat\u00e1nak jelent\u0151s\u00e9ge orthodontiai szempontb\u00f3l<\/p>\n<p>&nbsp;<\/p>\n<p><strong>Klinikai \u00e9s egy\u00e9b el\u0151menetel<\/strong><\/p>\n<p>2014. szeptember\u00e9t\u0151l SE-FSZOI konzerv\u00e1l\u00f3 fog\u00e1szat \u00e9s fogp\u00f3tl\u00e1stan rezidens<\/p>\n<p>2017. december\u00e9t\u0151l SE-FSZOI klinikai szakorvos<\/p>\n<p>2018. m\u00e1jus\u00e1t\u00f3l SE-FSZOI Endodonciai csoportvezet\u0151<\/p>\n<p>2018. okt\u00f3ber\u00e9t\u0151l SE-FSZOI Endodonciai Oszt\u00e1ly megb\u00edzott oszt\u00e1lyvezet\u0151 f\u0151orvos<\/p>\n<p>&nbsp;<\/p>\n<p><strong>Szakmai tapasztalat<\/strong><\/p>\n<ul>\n<li>2012 Magyar Fogorvostanhallgat\u00f3k Egyes\u00fclete tags\u00e1g, r\u00e9szv\u00e9tel prevenci\u00f3s programokban.<\/li>\n<li>2013 Klinikai Tehets\u00e9ggondoz\u00f3 Program SE Konzerv\u00e1l\u00f3 Fog\u00e1szati Klinika<\/li>\n<li>2013 Nemzeti Tehets\u00e9g Program SE Konzerv\u00e1l\u00f3 Fog\u00e1szati Klinika<\/li>\n<li>2013-14 SE- FSZOI \u00d6nk\u00e9ntes seg\u00edt\u0151 munka k\u00e9t f\u00e9l\u00e9ven \u00e1t, f\u0151k\u00e9pp az ambul\u00e1ns ell\u00e1t\u00e1sban.<\/li>\n<li>2014-t\u0151l SE-FSZOI klinikai orvos<\/li>\n<li>2016-t\u00f3l t\u00f6bb budapesti mag\u00e1nrendel\u0151 fogorvosa<\/li>\n<\/ul>\n<p>&nbsp;<\/p>\n<p><strong>Nyelvismeret<\/strong><\/p>\n<p>N\u00e9met \u00e9s angol nyelv: k\u00f6z\u00e9pfok\u00fa nyelvvizsga<\/p>\n<p><strong>Szervezeti tags\u00e1gok<\/strong><\/p>\n<p>Magyar Orvosi Kamara<\/p>\n<p>Magyar Fogorvosok Egyes\u00fclete<\/p>\n<p>Magyar Endodontiai T\u00e1rsas\u00e1g<\/p>\n<p><strong>Szakmai tov\u00e1bbk\u00e9pz\u00e9sek<\/strong><\/p>\n<p>2014 \u00a0\u00a0\u00a0\u00a0\u00a0\u00a0\u00a0 Shaping for celaning the root canal system &amp; Chemical preparation of the root canal system<\/p>\n<p>2014\u00a0\u00a0\u00a0\u00a0\u00a0\u00a0\u00a0\u00a0 \u201eDigitalis Volumentomografia avagy a CBCT haszn\u00e1lata\u201d elm\u00e9leti \u00e9s gyakorlati kurzus<\/p>\n<p>2014\u00a0\u00a0\u00a0\u00a0\u00a0\u00a0\u00a0\u00a0\u00a0\u00a0 Direkt h\u00e9j k\u00e9sz\u00edt\u00e9s egyszer\u0171en kiemelked\u0151 min\u0151s\u00e9gben \u2013 gyakorlati tanfolyam<\/p>\n<p>2015\u00a0\u00a0\u00a0\u00a0\u00a0\u00a0\u00a0\u00a0\u00a0\u00a0 Intenz\u00edv alapoz\u00f3 implantol\u00f3giai elm\u00e9leti \u00e9s gyakorlati kuzus, Denti System<\/p>\n<p>2016\u00a0\u00a0\u00a0\u00a0\u00a0\u00a0\u00a0\u00a0\u00a0\u00a0 Frontfogak eszt\u00e9tikus fel\u00e9p\u00edt\u00e9se kompozittal<\/p>\n<p>2017\u00a0\u00a0\u00a0\u00a0\u00a0\u00a0\u00a0\u00a0\u00a0\u00a0 B\u0151v\u00edtett fokozat\u00fa sug\u00e1rv\u00e9delmi ismeretek tanfolyam<\/p>\n<p>2018\u00a0\u00a0\u00a0\u00a0\u00a0\u00a0\u00a0\u00a0\u00a0\u00a0 Hands-on course of Microscopic magnification in endodontics<\/p>\n<p>2018\u00a0\u00a0\u00a0\u00a0\u00a0\u00a0\u00a0\u00a0\u00a0\u00a0 Hands-on course of Advanced procedures in everyday endodontics<\/p>\n<p><strong>T\u00e1rsas k\u00e9szs\u00e9gek \u00e9s kompetenci\u00e1k<\/strong><\/p>\n<p>Munk\u00e1m sor\u00e1n nagy hangs\u00falyt fektetek a folyamatos szakmai fejl\u0151d\u00e9sre, az \u00edgy egyre b\u0151v\u00fcl\u0151 tud\u00e1som \u00e9s szakmai tapasztalatom seg\u00edtheti az int\u00e9zet\u00fcnkben gyakorlatot teljes\u00edt\u0151 hallgat\u00f3kat illetve ezzel t\u00f6rekszem el\u00e9rni, hogy p\u00e1cienseim a sz\u00e1mukra egy\u00e9nileg legmegfelel\u0151bb, magas sz\u00ednvonal\u00fa ell\u00e1t\u00e1sban r\u00e9szes\u00fcljenek szorong\u00e1s n\u00e9lk\u00fcl. Jelenleg az SE-FSZOI endodonciai oszt\u00e1ly\u00e1nak megb\u00edzott oszt\u00e1lyvezet\u0151jek\u00e9nt igyekszem elm\u00e9ly\u00fclni a gy\u00f6k\u00e9rkezel\u00e9s rejtelmeiben.<\/p>\n","protected":false},"excerpt":{"rendered":"<p><a href=\"https:\/\/semmelweis.hu\/fszoi\/files\/2019\/04\/Hulm\u00e1ny_Eszter.jpg\"><\/a> Szem\u00e9lyi adatok N\u00e9v: dr. Hulm\u00e1ny Eszter Sz\u00fclet\u00e9si hely \u00e9s id\u0151: V\u00e1c, 1988. december 20. Tanulm\u00e1nyok 2008-2014 \u00a0\u00a0\u00a0\u00a0\u00a0\u00a0\u00a0\u00a0\u00a0\u00a0\u00a0 Semmelweis Egyetem Fogorvostudom\u00e1nyi Kar 2014-2017\u00a0\u00a0\u00a0\u00a0\u00a0\u00a0\u00a0\u00a0\u00a0\u00a0\u00a0\u00a0\u00a0 Konzerv\u00e1l\u00f3 fog\u00e1szat \u00e9s Fogp\u00f3tl\u00e1stan szakorvosi vizsga 2019- \u00a0\u00a0\u00a0\u00a0\u00a0\u00a0\u00a0\u00a0\u00a0\u00a0\u00a0\u00a0\u00a0\u00a0\u00a0\u00a0\u00a0\u00a0\u00a0\u00a0 Endodontia szakorvosk\u00e9pz\u00e9s megkezd\u00e9se Tudom\u00e1nyos tev\u00e9kenys\u00e9g Tudom\u00e1nyos Di\u00e1kk\u00f6ri munka, SE Gyermekfog\u00e1szati \u00e9s Fogszab\u00e1lyoz\u00e1si Klinika T\u00e9ma: Sulcusfolyad\u00e9k vizsg\u00e1lata orthodontiai kezel\u00e9s alatt Tudom\u00e1nyos Di\u00e1kk\u00f6ri Konferencia 2014. R\u00e9szv\u00e9tel az &hellip;<\/p>\n","protected":false},"author":101228,"featured_media":0,"parent":78,"menu_order":0,"comment_status":"closed","ping_status":"closed","template":"","meta":{"_acf_changed":false,"footnotes":""},"categories":[],"tags":[],"class_list":["post-3788","page","type-page","status-publish","hentry"],"acf":[],"_links":{"self":[{"href":"https:\/\/semmelweis.hu\/fszoi\/wp-json\/wp\/v2\/pages\/3788","targetHints":{"allow":["GET"]}}],"collection":[{"href":"https:\/\/semmelweis.hu\/fszoi\/wp-json\/wp\/v2\/pages"}],"about":[{"href":"https:\/\/semmelweis.hu\/fszoi\/wp-json\/wp\/v2\/types\/page"}],"author":[{"embeddable":true,"href":"https:\/\/semmelweis.hu\/fszoi\/wp-json\/wp\/v2\/users\/101228"}],"replies":[{"embeddable":true,"href":"https:\/\/semmelweis.hu\/fszoi\/wp-json\/wp\/v2\/comments?post=3788"}],"version-history":[{"count":4,"href":"https:\/\/semmelweis.hu\/fszoi\/wp-json\/wp\/v2\/pages\/3788\/revisions"}],"predecessor-version":[{"id":4419,"href":"https:\/\/semmelweis.hu\/fszoi\/wp-json\/wp\/v2\/pages\/3788\/revisions\/4419"}],"up":[{"embeddable":true,"href":"https:\/\/semmelweis.hu\/fszoi\/wp-json\/wp\/v2\/pages\/78"}],"wp:attachment":[{"href":"https:\/\/semmelweis.hu\/fszoi\/wp-json\/wp\/v2\/media?parent=3788"}],"wp:term":[{"taxonomy":"category","embeddable":true,"href":"https:\/\/semmelweis.hu\/fszoi\/wp-json\/wp\/v2\/categories?post=3788"},{"taxonomy":"post_tag","embeddable":true,"href":"https:\/\/semmelweis.hu\/fszoi\/wp-json\/wp\/v2\/tags?post=3788"}],"curies":[{"name":"wp","href":"https:\/\/api.w.org\/{rel}","templated":true}]}}