{"id":3611,"date":"2018-12-05T12:00:48","date_gmt":"2018-12-05T11:00:48","guid":{"rendered":"http:\/\/semmelweis.hu\/fszoi\/?page_id=3611"},"modified":"2018-12-05T12:02:02","modified_gmt":"2018-12-05T11:02:02","slug":"emergency-dentistry","status":"publish","type":"page","link":"https:\/\/semmelweis.hu\/fszoi\/en\/education\/emergency-dentistry\/","title":{"rendered":"Emergency dentistry"},"content":{"rendered":"<ul>\n<li><a href=\"https:\/\/semmelweis.hu\/fszoi\/files\/2018\/09\/Emergency-Dentistry-2018_2019_I.pdf\">Emergency Dentistry 2018-2019.I<\/a><\/li>\n<li><a href=\"https:\/\/semmelweis.hu\/fszoi\/files\/2018\/09\/Notf\u00e4lle-in-der-zahn\u00e4rztlichen-Praxis-2018-19_I.pdf\">Notf\u00e4lle in der zahn\u00e4rztlichen Praxis 2018-2019.I<\/a><\/li>\n<\/ul>\n<p><strong>English lectures:<\/strong><\/p>\n<ul>\n<li><a href=\"https:\/\/semmelweis.hu\/fszoi\/files\/2018\/02\/Dr.-Ors\u00f3s_Emergency-dentistry_2018.pdf\">Dr. Ors\u00f3s Merc\u00e9desz: Emergency dentistry 2018<br \/>\n<\/a><\/li>\n<li><a href=\"https:\/\/semmelweis.hu\/fszoi\/files\/2018\/04\/Dr.Ors\u00f3s-Merc\u00e9desz_Orthodontic-emergencies_2018.pdf\">Dr. Ors\u00f3s Merc\u00e9desz: Orthodontic emergencies 2018<\/a><\/li>\n<li><a href=\"https:\/\/semmelweis.hu\/fszoi\/files\/2018\/04\/Dr.Ors\u00f3s-Merc\u00e9desz_First-aid_2018.pdf\">Dr. Ors\u00f3s Merc\u00e9desz: First aid 2018<\/a><\/li>\n<li><a href=\"https:\/\/semmelweis.hu\/fszoi\/files\/2018\/04\/Dr.Ors\u00f3s-Merc\u00e9desz_Pedodontic-emergencies_2018.pdf\">Dr. Ors\u00f3s Merc\u00e9desz: Pedodontic emergencies 2018<\/a><\/li>\n<li><a href=\"https:\/\/semmelweis.hu\/fszoi\/files\/2018\/04\/Dr.Ors\u00f3s-Merc\u00e9desz_Prosthodontic-Aspects-of-Emegency-Dentistry-2018.pdf\">Dr. Ors\u00f3s Merc\u00e9desz: Prosthodontic Aspects of Emegency Dentistry 2018<\/a><\/li>\n<li><a href=\"https:\/\/semmelweis.hu\/fszoi\/files\/2018\/04\/Dr.Ors\u00f3s_Oral-Surgical-emergencies_2018.pdf\">Dr. Ors\u00f3s Merc\u00e9desz: Oral Surgical emergencies 2018<\/a><\/li>\n<\/ul>\n<p><strong>German lectures:<\/strong><\/p>\n<ul>\n<li><a href=\"https:\/\/semmelweis.hu\/fszoi\/files\/2018\/04\/Die-Notf\u00e4lle-in-der-Kieferorthop\u00e4die.pdf\">Dr. N\u00e9meth Orsolya: Die Notf\u00e4lle in der Kieferorthop\u00e4die<\/a><\/li>\n<li><a href=\"https:\/\/semmelweis.hu\/fszoi\/files\/2018\/04\/Die-zahn\u00e4rztiliche-Notfallversorgungen-der-Mundschleimhaut.pdf\">Dr. N\u00e9meth Orsolya: Die zahn\u00e4rztiliche Notfallversorgungen der Mundschleimhaut<\/a><\/li>\n<li><a href=\"https:\/\/semmelweis.hu\/fszoi\/files\/2018\/04\/Die-zahnmedizinische-Notf\u00e4lle-in-der-Kinderzahnheilkunde.pdf\">Dr. N\u00e9meth Orsolya: Die zahnmedizinische Notf\u00e4lle in der Kinderzahnheilkunde<\/a><\/li>\n<li><a href=\"https:\/\/semmelweis.hu\/fszoi\/files\/2018\/04\/Notfallmanagement-in-Zahnarztpraxen.pdf\">Dr. N\u00e9meth Orsolya: Notfallmanagement in Zahnarztpraxen<\/a><\/li>\n<\/ul>\n<p>&nbsp;<\/p>\n","protected":false},"excerpt":{"rendered":"<p><a href=\"https:\/\/semmelweis.hu\/fszoi\/files\/2018\/09\/Emergency-Dentistry-2018_2019_I.pdf\">Emergency Dentistry 2018-2019.I<\/a><br \/>\n<a href=\"https:\/\/semmelweis.hu\/fszoi\/files\/2018\/09\/Notf\u00e4lle-in-der-zahn\u00e4rztlichen-Praxis-2018-19_I.pdf\">Notf\u00e4lle in der zahn\u00e4rztlichen Praxis 2018-2019.I<\/a><\/p>\n<p>English lectures:<\/p>\n<p><a href=\"https:\/\/semmelweis.hu\/fszoi\/files\/2018\/02\/Dr.-Ors\u00f3s_Emergency-dentistry_2018.pdf\">Dr. Ors\u00f3s Merc\u00e9desz: Emergency dentistry 2018<br \/>\n<\/a><br \/>\n<a href=\"https:\/\/semmelweis.hu\/fszoi\/files\/2018\/04\/Dr.Ors\u00f3s-Merc\u00e9desz_Orthodontic-emergencies_2018.pdf\">Dr. Ors\u00f3s Merc\u00e9desz: Orthodontic emergencies 2018<\/a><br \/>\n<a href=\"https:\/\/semmelweis.hu\/fszoi\/files\/2018\/04\/Dr.Ors\u00f3s-Merc\u00e9desz_First-aid_2018.pdf\">Dr. Ors\u00f3s Merc\u00e9desz: First aid 2018<\/a><br \/>\n<a href=\"https:\/\/semmelweis.hu\/fszoi\/files\/2018\/04\/Dr.Ors\u00f3s-Merc\u00e9desz_Pedodontic-emergencies_2018.pdf\">Dr. Ors\u00f3s Merc\u00e9desz: Pedodontic emergencies 2018<\/a><br \/>\n<a href=\"https:\/\/semmelweis.hu\/fszoi\/files\/2018\/04\/Dr.Ors\u00f3s-Merc\u00e9desz_Prosthodontic-Aspects-of-Emegency-Dentistry-2018.pdf\">Dr. Ors\u00f3s Merc\u00e9desz: Prosthodontic Aspects of Emegency Dentistry 2018<\/a><br \/>\n<a href=\"https:\/\/semmelweis.hu\/fszoi\/files\/2018\/04\/Dr.Ors\u00f3s_Oral-Surgical-emergencies_2018.pdf\">Dr. Ors\u00f3s Merc\u00e9desz: Oral Surgical emergencies 2018<\/a><\/p>\n<p>German lectures:<\/p>\n<p><a href=\"https:\/\/semmelweis.hu\/fszoi\/files\/2018\/04\/Die-Notf\u00e4lle-in-der-Kieferorthop\u00e4die.pdf\">Dr. N\u00e9meth Orsolya: Die Notf\u00e4lle in der Kieferorthop\u00e4die<\/a><br \/>\n<a href=\"https:\/\/semmelweis.hu\/fszoi\/files\/2018\/04\/Die-zahn\u00e4rztiliche-Notfallversorgungen-der-Mundschleimhaut.pdf\">Dr. N\u00e9meth Orsolya: Die zahn\u00e4rztiliche Notfallversorgungen der Mundschleimhaut<\/a><br \/>\n<a href=\"https:\/\/semmelweis.hu\/fszoi\/files\/2018\/04\/Die-zahnmedizinische-Notf\u00e4lle-in-der-Kinderzahnheilkunde.pdf\">Dr. N\u00e9meth Orsolya: Die zahnmedizinische Notf\u00e4lle in der Kinderzahnheilkunde<\/a><br \/>\n<a href=\"https:\/\/semmelweis.hu\/fszoi\/files\/2018\/04\/Notfallmanagement-in-Zahnarztpraxen.pdf\">Dr. N\u00e9meth Orsolya: Notfallmanagement in Zahnarztpraxen<\/a><\/p>\n<p>&nbsp;<\/p>\n","protected":false},"author":101228,"featured_media":0,"parent":2987,"menu_order":7,"comment_status":"closed","ping_status":"closed","template":"","meta":{"_acf_changed":false,"footnotes":""},"categories":[],"tags":[],"class_list":["post-3611","page","type-page","status-publish","hentry"],"acf":[],"_links":{"self":[{"href":"https:\/\/semmelweis.hu\/fszoi\/wp-json\/wp\/v2\/pages\/3611","targetHints":{"allow":["GET"]}}],"collection":[{"href":"https:\/\/semmelweis.hu\/fszoi\/wp-json\/wp\/v2\/pages"}],"about":[{"href":"https:\/\/semmelweis.hu\/fszoi\/wp-json\/wp\/v2\/types\/page"}],"author":[{"embeddable":true,"href":"https:\/\/semmelweis.hu\/fszoi\/wp-json\/wp\/v2\/users\/101228"}],"replies":[{"embeddable":true,"href":"https:\/\/semmelweis.hu\/fszoi\/wp-json\/wp\/v2\/comments?post=3611"}],"version-history":[{"count":3,"href":"https:\/\/semmelweis.hu\/fszoi\/wp-json\/wp\/v2\/pages\/3611\/revisions"}],"predecessor-version":[{"id":3614,"href":"https:\/\/semmelweis.hu\/fszoi\/wp-json\/wp\/v2\/pages\/3611\/revisions\/3614"}],"up":[{"embeddable":true,"href":"https:\/\/semmelweis.hu\/fszoi\/wp-json\/wp\/v2\/pages\/2987"}],"wp:attachment":[{"href":"https:\/\/semmelweis.hu\/fszoi\/wp-json\/wp\/v2\/media?parent=3611"}],"wp:term":[{"taxonomy":"category","embeddable":true,"href":"https:\/\/semmelweis.hu\/fszoi\/wp-json\/wp\/v2\/categories?post=3611"},{"taxonomy":"post_tag","embeddable":true,"href":"https:\/\/semmelweis.hu\/fszoi\/wp-json\/wp\/v2\/tags?post=3611"}],"curies":[{"name":"wp","href":"https:\/\/api.w.org\/{rel}","templated":true}]}}