{"id":3602,"date":"2018-12-05T11:53:45","date_gmt":"2018-12-05T10:53:45","guid":{"rendered":"http:\/\/semmelweis.hu\/fszoi\/?page_id=3602"},"modified":"2025-07-15T12:49:44","modified_gmt":"2025-07-15T10:49:44","slug":"a-bejelentkezes-menete","status":"publish","type":"page","link":"https:\/\/semmelweis.hu\/fszoi\/jarobetegszakrendelesek-ambulanciak\/a-bejelentkezes-menete\/","title":{"rendered":"Betegfelv\u00e9tel, Bejelentkez\u00e9s menete"},"content":{"rendered":"<div>\n<div class=\"w-100 keretes\" style=\"font-weight: 400\"><b><strong>BETEGFELV\u00c9TEL:<\/strong><\/b><\/div>\n<p><span style=\"color: #ff0000\"><strong>FOG\u00c1SZATI \u00dcGYELETI ELL\u00c1T\u00c1S<br \/>\n<\/strong><\/span><strong><br \/>\n<\/strong><strong><u>H\u00c9TK\u00d6ZNAP:<\/u><\/strong>\u00a0\u00a0\u00a0\u00a0\u00a0\u00a0\u00a0\u00a0\u00a0 <em>Szentkir\u00e1lyi utca 47.<\/em>\u00a0 \u00a0 \u00a0 \u00a0 \u00a0\u00a0 <strong>7.30-13.30<\/strong> \u00f3r\u00e1ig, <strong>13.30-19.30<\/strong> \u00f3r\u00e1ig<\/p>\n<p><strong><u>H\u00c9TV\u00c9GE:<\/u><\/strong>\u00a0\u00a0\u00a0\u00a0\u00a0\u00a0\u00a0\u00a0\u00a0\u00a0\u00a0\u00a0\u00a0\u00a0\u00a0 <em>M\u00e1ria utca 52.<\/em>\u00a0 \u00a0 \u00a0 \u00a0 \u00a0 \u00a0 \u00a0 \u00a0 \u00a0 \u00a0 <strong>7.30-19.30<\/strong> \u00f3r\u00e1ig<\/p>\n<p><strong><u>\u00c9JSZAKA:<\/u><\/strong> \u00a0\u00a0\u00a0\u00a0\u00a0\u00a0\u00a0\u00a0\u00a0\u00a0\u00a0\u00a0\u00a0\u00a0\u00a0\u00a0 <em>M\u00e1ria utca 52.<\/em>\u00a0 \u00a0 \u00a0 \u00a0 \u00a0 \u00a0 \u00a0 \u00a0 \u00a0 \u00a0 <strong>19.30-7.30<\/strong> \u00f3r\u00e1ig\u00a0<\/p>\n<p>\u00a0<br \/>\n<strong><span style=\"color: #ff0000\">SZ\u00c1JSEB\u00c9SZETI ELL\u00c1T\u00c1S (CSAK BEUTAL\u00d3VAL)<\/span><\/p>\n<p><\/strong><strong><u>H\u00c9TK\u00d6ZNAP:<\/u><\/strong>\u00a0\u00a0\u00a0\u00a0\u00a0\u00a0\u00a0\u00a0\u00a0 <em>M\u00e1ria utca 52.<\/em>\u00a0 \u00a0 \u00a0 \u00a0 \u00a0 \u00a0 \u00a0 \u00a0 \u00a0 \u00a0 <strong>7.30-13.30<\/strong> \u00f3r\u00e1ig, <strong>13.30-19.30<\/strong> \u00f3r\u00e1ig<\/p>\n<p><strong>\u00a0<br \/>\n<\/strong><strong><span style=\"color: #ff0000\">TOV\u00c1BBI FOGORVOSI ELL\u00c1T\u00c1S<\/span><\/p>\n<p><\/strong><strong><u>H\u00c9TK\u00d6ZNAP:<\/u><\/strong>\u00a0\u00a0\u00a0\u00a0\u00a0\u00a0\u00a0\u00a0\u00a0 <em>Szentkir\u00e1lyi utca 47.<\/em>\u00a0 \u00a0 \u00a0 \u00a0 \u00a0\u00a0 <strong>7.30-13.30<\/strong> \u00f3r\u00e1ig, <strong>13.30-19.30<\/strong> \u00f3r\u00e1ig<\/p>\n<h5><span style=\"font-size: 14pt\"><strong>A pontos ell\u00e1t\u00e1sok helysz\u00edn\u00e9t itt tal\u00e1lj\u00e1k: <a href=\"https:\/\/semmelweis.hu\/fszoi\/files\/2025\/04\/Altalanos-tajekoztatas.pdf\">Betegell\u00e1t\u00e1s helysz\u00ednei<\/a><\/strong><\/span><\/h5>\n<\/div>\n<div>\u00a0<\/div>\n<div class=\"w-100 keretes\"><strong>BEJELENTKEZ\u00c9S MENETE:<\/strong><\/div>\n<p>Int\u00e9zm\u00e9ny\u00fcnkbe t\u00f6rt\u00e9n\u0151 bejelentkez\u00e9shez k\u00e9rj\u00fck hozza mag\u00e1val az al\u00e1bbi, az \u00d6n k\u00f6telez\u0151 azonos\u00edt\u00e1s\u00e1hoz sz\u00fcks\u00e9ges szem\u00e9lyes iratokat:<\/p>\n<div class=\"w-100 lead\">\n<div class=\"fontos_div\">\n<ul>\n<li>\n<h3><span style=\"font-size: 14pt\">szem\u00e9lyi azonos\u00edt\u00f3 igazolv\u00e1ny, ennek hi\u00e1ny\u00e1ban jogos\u00edtv\u00e1ny, \u00fatlev\u00e9l<\/span><\/h3>\n<\/li>\n<li>\n<h3><span style=\"font-size: 14pt\">lakc\u00edmk\u00e1rtya<\/span><\/h3>\n<\/li>\n<li>\n<h3><span style=\"font-size: 14pt\">TAJ k\u00e1rtya vagy Eur\u00f3pai Eg\u00e9szs\u00e9gbiztos\u00edt\u00e1si K\u00e1rtya<\/span><\/h3>\n<\/li>\n<\/ul>\n<\/div>\n<\/div>\n<div><span style=\"color: #ff0000\"><strong>Int\u00e9zet\u00fcnkben telefonos id\u0151pontfoglal\u00e1s, illetve el\u0151jegyz\u00e9s nem lehets\u00e9ges.<\/strong><\/span><\/div>\n<p>&nbsp;<\/p>\n<p>&nbsp;<\/p>\n<p>&nbsp;<\/p>\n","protected":false},"excerpt":{"rendered":"<p>BETEGFELV\u00c9TEL: FOG\u00c1SZATI \u00dcGYELETI ELL\u00c1T\u00c1S H\u00c9TK\u00d6ZNAP:\u00a0\u00a0\u00a0\u00a0\u00a0\u00a0\u00a0\u00a0\u00a0 Szentkir\u00e1lyi utca 47.\u00a0 \u00a0 \u00a0 \u00a0 \u00a0\u00a0 7.30-13.30 \u00f3r\u00e1ig, 13.30-19.30 \u00f3r\u00e1ig H\u00c9TV\u00c9GE:\u00a0\u00a0\u00a0\u00a0\u00a0\u00a0\u00a0\u00a0\u00a0\u00a0\u00a0\u00a0\u00a0\u00a0\u00a0 M\u00e1ria utca 52.\u00a0 \u00a0 \u00a0 \u00a0 \u00a0 \u00a0 \u00a0 \u00a0 \u00a0 \u00a0 7.30-19.30 \u00f3r\u00e1ig \u00c9JSZAKA: \u00a0\u00a0\u00a0\u00a0\u00a0\u00a0\u00a0\u00a0\u00a0\u00a0\u00a0\u00a0\u00a0\u00a0\u00a0\u00a0 M\u00e1ria utca 52.\u00a0 \u00a0 \u00a0 \u00a0 \u00a0 \u00a0 \u00a0 \u00a0 \u00a0 \u00a0 19.30-7.30 \u00f3r\u00e1ig\u00a0 \u00a0 SZ\u00c1JSEB\u00c9SZETI ELL\u00c1T\u00c1S (CSAK BEUTAL\u00d3VAL) H\u00c9TK\u00d6ZNAP:\u00a0\u00a0\u00a0\u00a0\u00a0\u00a0\u00a0\u00a0\u00a0 M\u00e1ria utca &hellip;<\/p>\n","protected":false},"author":101228,"featured_media":0,"parent":958,"menu_order":0,"comment_status":"closed","ping_status":"closed","template":"","meta":{"_acf_changed":false,"footnotes":""},"categories":[],"tags":[],"class_list":["post-3602","page","type-page","status-publish","hentry"],"acf":[],"_links":{"self":[{"href":"https:\/\/semmelweis.hu\/fszoi\/wp-json\/wp\/v2\/pages\/3602","targetHints":{"allow":["GET"]}}],"collection":[{"href":"https:\/\/semmelweis.hu\/fszoi\/wp-json\/wp\/v2\/pages"}],"about":[{"href":"https:\/\/semmelweis.hu\/fszoi\/wp-json\/wp\/v2\/types\/page"}],"author":[{"embeddable":true,"href":"https:\/\/semmelweis.hu\/fszoi\/wp-json\/wp\/v2\/users\/101228"}],"replies":[{"embeddable":true,"href":"https:\/\/semmelweis.hu\/fszoi\/wp-json\/wp\/v2\/comments?post=3602"}],"version-history":[{"count":11,"href":"https:\/\/semmelweis.hu\/fszoi\/wp-json\/wp\/v2\/pages\/3602\/revisions"}],"predecessor-version":[{"id":5510,"href":"https:\/\/semmelweis.hu\/fszoi\/wp-json\/wp\/v2\/pages\/3602\/revisions\/5510"}],"up":[{"embeddable":true,"href":"https:\/\/semmelweis.hu\/fszoi\/wp-json\/wp\/v2\/pages\/958"}],"wp:attachment":[{"href":"https:\/\/semmelweis.hu\/fszoi\/wp-json\/wp\/v2\/media?parent=3602"}],"wp:term":[{"taxonomy":"category","embeddable":true,"href":"https:\/\/semmelweis.hu\/fszoi\/wp-json\/wp\/v2\/categories?post=3602"},{"taxonomy":"post_tag","embeddable":true,"href":"https:\/\/semmelweis.hu\/fszoi\/wp-json\/wp\/v2\/tags?post=3602"}],"curies":[{"name":"wp","href":"https:\/\/api.w.org\/{rel}","templated":true}]}}