{"id":3600,"date":"2018-12-05T11:53:22","date_gmt":"2018-12-05T10:53:22","guid":{"rendered":"http:\/\/semmelweis.hu\/fszoi\/?page_id=3600"},"modified":"2022-10-10T12:14:19","modified_gmt":"2022-10-10T10:14:19","slug":"betegjogi-kepviselo","status":"publish","type":"page","link":"https:\/\/semmelweis.hu\/fszoi\/jarobetegszakrendelesek-ambulanciak\/betegjogi-kepviselo\/","title":{"rendered":"Betegjogi k\u00e9pvisel\u0151"},"content":{"rendered":"<p><strong>Betegjogi k\u00e9pvisel\u0151<\/strong><\/p>\n<p>Panasz\u00e1val fordulhat a ter\u00fcletileg illet\u00e9kes betegjogi k\u00e9pvisel\u0151h\u00f6z is az al\u00e1bbi el\u00e9rhet\u0151s\u00e9geken:<\/p>\n<p>Betegjogi k\u00e9pvisel\u0151 neve: <b>Dr. Lengyel Ingrid<\/b><br \/>\nTel.: +36 20 489-9609 <br \/>\n<em><span class=\"Normal__Char\">El\u00e9rhet\u0151: h\u00e9tf\u0151t\u0151l-cs\u00fct\u00f6rt\u00f6kig<\/span> 08:00 \u2013 16:30, <span class=\"Normal__Char\">p\u00e9nteken<\/span> \u00a008:00 \u2013 14:00 \u00f3ra k\u00f6z\u00f6tt<\/em><br \/>\ne-mail: ingrid.lengyel@ijsz.bm.gov.hu<\/p>\n<p class=\"Normal\"><em><span style=\"font-size: 12pt\"><span class=\"Normal__Char\">A JOGV\u00c9DELMI K\u00c9PVISEL\u0150 AZ INTEGR\u00c1LT JOGV\u00c9DELMI SZOLG\u00c1LAT (IJSZ) MUNKAT\u00c1RSA.<br \/>\n<\/span><span class=\"Normal__Char\">A JOGV\u00c9DELMI K\u00c9PVISEL\u0150 AZ EG\u00c9SZS\u00c9G\u00dcGYI INT\u00c9ZM\u00c9NYT\u0150L F\u00dcGGETLEN SZEM\u00c9LY.<\/span><\/span><\/em><\/p>\n<p>A fenti el\u00e9rhet\u0151s\u00e9gek sikertelens\u00e9ge eset\u00e9n az IJSZ z\u00f6ldsz\u00e1ma h\u00edvhat\u00f3: +36 80 620 055<\/p>\n","protected":false},"excerpt":{"rendered":"<p>Betegjogi k\u00e9pvisel\u0151 Panasz\u00e1val fordulhat a ter\u00fcletileg illet\u00e9kes betegjogi k\u00e9pvisel\u0151h\u00f6z is az al\u00e1bbi el\u00e9rhet\u0151s\u00e9geken: Betegjogi k\u00e9pvisel\u0151 neve: Dr. Lengyel Ingrid Tel.: +36 20 489-9609 El\u00e9rhet\u0151: h\u00e9tf\u0151t\u0151l-cs\u00fct\u00f6rt\u00f6kig 08:00 \u2013 16:30, p\u00e9nteken \u00a008:00 \u2013 14:00 \u00f3ra k\u00f6z\u00f6tt e-mail: ingrid.lengyel@ijsz.bm.gov.hu A JOGV\u00c9DELMI K\u00c9PVISEL\u0150 AZ INTEGR\u00c1LT JOGV\u00c9DELMI SZOLG\u00c1LAT (IJSZ) MUNKAT\u00c1RSA. A JOGV\u00c9DELMI K\u00c9PVISEL\u0150 AZ EG\u00c9SZS\u00c9G\u00dcGYI INT\u00c9ZM\u00c9NYT\u0150L F\u00dcGGETLEN SZEM\u00c9LY. A fenti &hellip;<\/p>\n","protected":false},"author":101228,"featured_media":0,"parent":958,"menu_order":0,"comment_status":"closed","ping_status":"closed","template":"","meta":{"_acf_changed":false,"footnotes":""},"categories":[],"tags":[],"class_list":["post-3600","page","type-page","status-publish","hentry"],"acf":[],"_links":{"self":[{"href":"https:\/\/semmelweis.hu\/fszoi\/wp-json\/wp\/v2\/pages\/3600","targetHints":{"allow":["GET"]}}],"collection":[{"href":"https:\/\/semmelweis.hu\/fszoi\/wp-json\/wp\/v2\/pages"}],"about":[{"href":"https:\/\/semmelweis.hu\/fszoi\/wp-json\/wp\/v2\/types\/page"}],"author":[{"embeddable":true,"href":"https:\/\/semmelweis.hu\/fszoi\/wp-json\/wp\/v2\/users\/101228"}],"replies":[{"embeddable":true,"href":"https:\/\/semmelweis.hu\/fszoi\/wp-json\/wp\/v2\/comments?post=3600"}],"version-history":[{"count":5,"href":"https:\/\/semmelweis.hu\/fszoi\/wp-json\/wp\/v2\/pages\/3600\/revisions"}],"predecessor-version":[{"id":4702,"href":"https:\/\/semmelweis.hu\/fszoi\/wp-json\/wp\/v2\/pages\/3600\/revisions\/4702"}],"up":[{"embeddable":true,"href":"https:\/\/semmelweis.hu\/fszoi\/wp-json\/wp\/v2\/pages\/958"}],"wp:attachment":[{"href":"https:\/\/semmelweis.hu\/fszoi\/wp-json\/wp\/v2\/media?parent=3600"}],"wp:term":[{"taxonomy":"category","embeddable":true,"href":"https:\/\/semmelweis.hu\/fszoi\/wp-json\/wp\/v2\/categories?post=3600"},{"taxonomy":"post_tag","embeddable":true,"href":"https:\/\/semmelweis.hu\/fszoi\/wp-json\/wp\/v2\/tags?post=3600"}],"curies":[{"name":"wp","href":"https:\/\/api.w.org\/{rel}","templated":true}]}}