{"id":3525,"date":"2018-11-22T15:22:05","date_gmt":"2018-11-22T14:22:05","guid":{"rendered":"http:\/\/semmelweis.hu\/fszoi\/?page_id=3525"},"modified":"2025-07-22T11:35:35","modified_gmt":"2025-07-22T09:35:35","slug":"elerhetoseg","status":"publish","type":"page","link":"https:\/\/semmelweis.hu\/fszoi\/elerhetoseg\/","title":{"rendered":"El\u00e9rhet\u0151s\u00e9g"},"content":{"rendered":"<div class=\"w-100 keretes\"><strong>M\u00e1rcius 1-t\u0151l<\/strong>\u00a0a Fog\u00e1szati \u00e9s Sz\u00e1jseb\u00e9szeti Oktat\u00f3 Int\u00e9zet betegell\u00e1t\u00e1sa az Int\u00e9zet fel\u00faj\u00edt\u00e1sa miatt megv\u00e1ltozik, b\u0151vebb inform\u00e1ci\u00f3t itt tal\u00e1lnak:\u00a0<a href=\"https:\/\/semmelweis.hu\/fszoi\/koltozes\/\">https:\/\/semmelweis.hu\/fszoi\/koltozes\/<\/a><\/div>\n<p>Int\u00e9zm\u00e9ny\u00fcnk c\u00edme:\u00a01088 Budapest, Szentkir\u00e1lyi utca 40.<br \/>\nInt\u00e9zm\u00e9ny\u00fcnk levelez\u00e9si c\u00edme:\u00a01085 Budapest, \u00dcll\u0151i \u00fat 26. \/\u00a01428 Budapest, Pf.2.<\/p>\n<p><strong>Int\u00e9zm\u00e9ny\u00fcnk e-mail c\u00edme:<\/strong> <a href=\"mailto:fszoi@dent.semmelweis-univ.hu\" target=\"_blank\" rel=\"noopener\">fszoi@semmelweis.hu<\/a><br \/>\n<strong>Int\u00e9zm\u00e9ny\u00fcnk telefonsz\u00e1mai:<\/strong> <span aria-label=\"H\u00edv\u00e1s: +36 1 459 1500\">+36 1 459 1500 \/ mell\u00e9k<\/span>, +36 30 878-0077<br \/>\nIgazgat\u00f3i titk\u00e1rs\u00e1g: 60715, 60716 mell\u00e9k<\/p>\n<div class=\"keretes w-100\">\n<h5><strong>Int\u00e9zet\u00fcnkben dolgoz\u00f3 munkat\u00e1rsak el\u00e9rhet\u0151s\u00e9gei:<\/strong><\/h5>\n<ul>\n<li><strong><a href=\"https:\/\/semmelweis.hu\/fszoi\/files\/2025\/04\/Email-Telo-lista-1.pdf\">Email<\/a><\/strong><\/li>\n<li><a href=\"https:\/\/semmelweis.hu\/fszoi\/files\/2025\/07\/TELEFONSZAMOK_MELLEKEK_2025.pdf\"><strong>Telefon<\/strong><\/a><\/li>\n<\/ul>\n<\/div>\n<p><strong>Int\u00e9zm\u00e9ny\u00fcnkbe az al\u00e1bbi m\u00f3dokon juthat el:<\/strong><\/p>\n<p>t\u00f6megk\u00f6zleked\u00e9ssel: <br \/>\nM3\/ M4 metr\u00f3 K\u00e1lvin t\u00e9ri meg\u00e1ll\u00f3j\u00e1t\u00f3l 5 perc s\u00e9t\u00e1ra, <br \/>\n47\/49-es villamos K\u00e1lvin\u00a0t\u00e9ri meg\u00e1ll\u00f3j\u00e1t\u00f3l 5 perc s\u00e9t\u00e1ra, <br \/>\n4\/6-os villamos Harminckettesek tere meg\u00e1ll\u00f3j\u00e1t\u00f3l 6 perc s\u00e9t\u00e1ra<br \/>\ntal\u00e1lhat\u00f3, <br \/>\n9-es busz Szentkir\u00e1lyi utca meg\u00e1ll\u00f3j\u00e1t\u00f3l 2 perc s\u00e9t\u00e1ra tal\u00e1lja Int\u00e9zet\u00fcnket.<\/p>\n<p>g\u00e9pkocsival &#8211; GPS koordin\u00e1ta:<br \/>\n\u00e9szaki sz\u00e9less\u00e9g: 47.4892789 (47\u00b0 29&#8242; 21.4&#8243; N)<br \/>\nkeleti hossz\u00fas\u00e1g: 19.0666183 (19\u00b0 3&#8242; 59.8&#8243; E)<\/p>\n<p><strong>Parkol\u00e1si lehet\u0151s\u00e9gek:<\/strong><br \/>\nAz Int\u00e9zet \u00e9p\u00fclete el\u0151tt, k\u00f6rnyez\u0151 utc\u00e1kban csak fizet\u0151 parkol\u00f3 tal\u00e1lhat\u00f3.<\/p>\n\n<!-- iframe plugin v.4.9 wordpress.org\/plugins\/iframe\/ -->\n<iframe loading=\"lazy\" style=\"border: 0;\" src=\"https:\/\/www.google.com\/maps\/embed?pb=!1m18!1m12!1m3!1d2696.016831137731!2d19.064242615626494!3d47.48958547917711!2m3!1f0!2f0!3f0!3m2!1i1024!2i768!4f13.1!3m3!1m2!1s0x4741dc5bda69b09d%3A0x470d018a2a79184a!2sBudapest%2C+Szentkir%C3%A1lyi+u.+40%2C+1088!5e0!3m2!1shu!2shu!4v1542895811779\" width=\"100%\" height=\"450\" frameborder=\"0\" allowfullscreen=\"allowfullscreen\" scrolling=\"yes\" class=\"iframe-class\"><\/iframe>\n\n","protected":false},"excerpt":{"rendered":"<p>M\u00e1rcius 1-t\u0151l\u00a0a Fog\u00e1szati \u00e9s Sz\u00e1jseb\u00e9szeti Oktat\u00f3 Int\u00e9zet betegell\u00e1t\u00e1sa az Int\u00e9zet fel\u00faj\u00edt\u00e1sa miatt megv\u00e1ltozik, b\u0151vebb inform\u00e1ci\u00f3t itt tal\u00e1lnak:\u00a0 <a href=\"https:\/\/semmelweis.hu\/fszoi\/koltozes\/\">https:\/\/semmelweis.hu\/fszoi\/koltozes\/<\/a> Int\u00e9zm\u00e9ny\u00fcnk c\u00edme:\u00a01088 Budapest, Szentkir\u00e1lyi utca 40. Int\u00e9zm\u00e9ny\u00fcnk levelez\u00e9si c\u00edme:\u00a01085 Budapest, \u00dcll\u0151i \u00fat 26. \/\u00a01428 Budapest, Pf.2. Int\u00e9zm\u00e9ny\u00fcnk e-mail c\u00edme: <a href=\"mailto:fszoi@dent.semmelweis-univ.hu\" target=\"_blank\" rel=\"noopener\">fszoi@semmelweis.hu<\/a> Int\u00e9zm\u00e9ny\u00fcnk telefonsz\u00e1mai: +36 1 459 1500 \/ mell\u00e9k, +36 30 878-0077 Igazgat\u00f3i titk\u00e1rs\u00e1g: 60715, 60716 mell\u00e9k Int\u00e9zet\u00fcnkben dolgoz\u00f3 munkat\u00e1rsak &hellip;<\/p>\n","protected":false},"author":12,"featured_media":0,"parent":0,"menu_order":5,"comment_status":"closed","ping_status":"closed","template":"","meta":{"_acf_changed":false,"footnotes":""},"categories":[],"tags":[],"class_list":["post-3525","page","type-page","status-publish","hentry"],"acf":[],"_links":{"self":[{"href":"https:\/\/semmelweis.hu\/fszoi\/wp-json\/wp\/v2\/pages\/3525","targetHints":{"allow":["GET"]}}],"collection":[{"href":"https:\/\/semmelweis.hu\/fszoi\/wp-json\/wp\/v2\/pages"}],"about":[{"href":"https:\/\/semmelweis.hu\/fszoi\/wp-json\/wp\/v2\/types\/page"}],"author":[{"embeddable":true,"href":"https:\/\/semmelweis.hu\/fszoi\/wp-json\/wp\/v2\/users\/12"}],"replies":[{"embeddable":true,"href":"https:\/\/semmelweis.hu\/fszoi\/wp-json\/wp\/v2\/comments?post=3525"}],"version-history":[{"count":10,"href":"https:\/\/semmelweis.hu\/fszoi\/wp-json\/wp\/v2\/pages\/3525\/revisions"}],"predecessor-version":[{"id":5513,"href":"https:\/\/semmelweis.hu\/fszoi\/wp-json\/wp\/v2\/pages\/3525\/revisions\/5513"}],"wp:attachment":[{"href":"https:\/\/semmelweis.hu\/fszoi\/wp-json\/wp\/v2\/media?parent=3525"}],"wp:term":[{"taxonomy":"category","embeddable":true,"href":"https:\/\/semmelweis.hu\/fszoi\/wp-json\/wp\/v2\/categories?post=3525"},{"taxonomy":"post_tag","embeddable":true,"href":"https:\/\/semmelweis.hu\/fszoi\/wp-json\/wp\/v2\/tags?post=3525"}],"curies":[{"name":"wp","href":"https:\/\/api.w.org\/{rel}","templated":true}]}}