{"id":3445,"date":"2018-10-24T16:45:23","date_gmt":"2018-10-24T14:45:23","guid":{"rendered":"http:\/\/semmelweis.hu\/fszoi\/?page_id=3445"},"modified":"2019-04-04T09:02:19","modified_gmt":"2019-04-04T07:02:19","slug":"about-us","status":"publish","type":"page","link":"https:\/\/semmelweis.hu\/fszoi\/en\/about-us\/","title":{"rendered":"About us"},"content":{"rendered":"<p><a href=\"https:\/\/semmelweis.hu\/fszoi\/files\/2018\/11\/FSZOI-epulet.jpg\"><img loading=\"lazy\" decoding=\"async\" class=\"alignright size-medium wp-image-3489\" src=\"https:\/\/semmelweis.hu\/fszoi\/files\/2018\/11\/FSZOI-epulet-224x300.jpg\" alt=\"\" width=\"224\" height=\"300\" srcset=\"https:\/\/semmelweis.hu\/fszoi\/files\/2018\/11\/FSZOI-epulet-224x300.jpg 224w, https:\/\/semmelweis.hu\/fszoi\/files\/2018\/11\/FSZOI-epulet.jpg 480w\" sizes=\"auto, (max-width: 224px) 100vw, 224px\" \/><\/a>The Department of Community Dentistry was founded on the 31th of March in 2013 as a legal successor of the Central Stomatological Institution. Being the newest, largest department of the Faculty of Dentistry of Semmelweis University it integrated into the structure of the Training Center. Currently the department has 68 doctors (both specialists and residents), 63 dental assistants and hygienists working as employees. The building itself houses 30 dental chairs on which the treatment of patients is performed each workday (Monday to Friday) from 8 am to 8 pm. An emergency dental care is available from 8 pm to 8 am and at weekends and holidays. The institution takes part in both undergraduate and postgraduate training. The structure and design of its departments are following the requirements of the principles of Community Dentistry. The aforementioned departmens that partake in the treatment of patients are the following:\u00a0<\/p>\n<ul>\n<li>Patient Registration and Emergency service led by L\u00f3r\u00e1nt Varga D.M.D., specialist of dental surgery<\/li>\n<li>Department of Dental Surgery led by M\u00e1rton Kivovics D.M.D, Ph.D., assistant professor, specialist of dental surgery<\/li>\n<li>Department of Implantology led by Czink\u00f3czky B\u00e9la D.M.D, specialist of dental surgery and restorative dentistry and prosthodontics<\/li>\n<li>Department of Periodontology led by J\u00e1nos B\u00fcchler D.M.D , specialist of periodontology and restorative dentistry and prosthodontics<\/li>\n<li>Department of Oral Medicine led by Orsolya N\u00e9meth D.M.D, Ph.D., assistant professor, vice director, specialist of restorative dentistry and prosthodotics<\/li>\n<li>Department of Prevention led by M\u00e1ria S\u00e1fr\u00e1ny, head of the assistant team<\/li>\n<li>Department of Prosthodontics led by Istv\u00e1n Katona D.M.D, specialist of restorative denistry and prosthodontics<\/li>\n<li>Department of Endodontics led by Eszter Hulm\u00e1ny D.M.D, specialist of restorative denistry and prosthodontics<\/li>\n<li>Department of Pediatric Dentistry led by D\u00f3ra Antal D.M.D., specialist of pediatric dentistry<\/li>\n<li>Department of Orthodontics led by J\u00e1nos Horv\u00e1th D.M.D., specialist of orthodontics<\/li>\n<li>Department of Oral Diagnostics led by appointed leader Orsolya N\u00e9meth D.M.D., D., assistant professor, vice director, specialist of restorative dentistry and prosthodotics<\/li>\n<li>Department of Gerostomatology and Restorative Prosthodontics led by Professor P\u00e9ter Kivovics D.M.D., Ph.D., candidate of medicine, director of the institution<\/li>\n<li>Department of Infectology led by Andrea B\u00edr\u00f3 D.M.D., specialist of stomatology<\/li>\n<\/ul>\n<p>The institution serves as a teaching hospital and offers aid in diagnosing, treating and scientifically adressing several dental dieseases. Furthermore it houses a practice laboratory for dental technicians. Our department is in corporation with the National Institution of Medical Rehabilitation, the Patronae Hungariae School Centre and the Pet\u0151 Andr\u00e1s Collage, the latter resulting int he foundation of the Pet\u0151 Andr\u00e1s Faculty of Semmelweis University.<\/p>\n<p>The Director of the Department of Community Dentistry, Professor P\u00e9ter Kivovics D.M.D., Ph.D., candidate of medicine, special education teacher was appointed Main Director of the Central Stomatological Institution in 2012. His aim was the integration of the Institution into the Faculty of Dentistry of Semmelweis University which he succesfully fulfilled in record time (9 months). After this he managed to mitigate the debt of the institution to near zero. His work influenced by his own vision and beliefs concerning the role of modern dentistry he managed to elevate the profile of the institution to spread out and cover all dimensions of dentistry furthermore takes part in the training of dental students and postgraduates, dental assistants and hygienists.<\/p>\n<p>The legal predecessor of our institution was the aforementioned Central Stomatological Institution. Following the initiative of J\u00e1nos Kende in 1951 the Central Dental Clinic and Postgraduate Education Institution was founded under the adress of 40. Szentkir\u00e1lyi street. After the events of World War II, the doctors of Csengery street\u2019s Dental Department migrated here. 4 years later, followed by a ministry instruction the Institution was bestowed upon the right and the task to train and supervise dental professionals, thus being renamed Central Stomatological Institution. The collective 400 hours of dental care resulted in the drastic improvement of the treatment of patients. The ministry instruction also made it compulsory for each D.M.D. to be a part of a postgraduate training system managed by the Institution and personally Professor Kende. This was the first time dentists could graduate from an entirely separate faculty. By 1955 the faculty counted more than 100 students. After this period Professor B\u00e9la Ber\u00e9nyi D.M.D. was appointed director of the Institution. Following in his footsteps from 1969 S\u00e1ndor Ors\u00f3s D.M.D. took the lead of both the Institution and the newly founded Faculty of Stomatology. He reformed the structure of the professional supervising system. The international recognition of the hungarian dental care is a result of his and his colleague\u2019s work. After the death of Prof. Ors\u00f3s P\u00e9ter V\u00e1g\u00f3 D.M.D. and L\u00e1szl\u00f3 Bod\u00f3 D.M.D. took the reigns and led the Institution which at the time was under the management of the Capital Government and the GYEMSZI (todays \u00c1EEK).<\/p>\n<p>In august of 2012 P\u00e9ter Kivovics D.M.D. was awarded the title of Main Director of the Central Stomatological Institution. Being the former head of the National Dentistry and Dental Surgery Supervising System with his new title he managed to merge the leadership of both that and the Institution. After a short period of merged functionality the Central Stomatological Institution ceased to exist as a separate body and integrated into Semmelweis University as Deparment of Community Dentistry. Dr. Kivovics was then appointed Director of the newly formed Department.<\/p>\n<p>Currently the Institution teaches one compulsory and two optional courses: Emergency Dentistry, Gerostomatology both taught by Prof. P\u00e9ter Kivovics and Prevention of Oral Cancer taught by Orsolya N\u00e9meth D.M.D.<\/p>\n<p>The quality and relevance of scientific work done at the Institution was elevated ever since it joined the Semmelweis University. Orsolya N\u00e9meth D.M.D., assistant professor takes part in PhD education. Since its foundation two PhD candidates have succesfully defended their thesis and were awarded their titles at the Institution. Namely they are Dr. Orsolya N\u00e9meth and Dr. M\u00e1rton Kivovics. Our employees are often delegated to hold presentations at reputable national and international conferences and postgraduate events.<\/p>\n","protected":false},"excerpt":{"rendered":"<p>The Department of Community Dentistry as a legal successor of the National Institute of Stomatology was established in 2013. It is  the newest, and as far as its cubature and the number of employees are concerned also the largest department of the Faculty. The department employs 68 dentists ( specialists and dental residents) and also 63 chair-side assistants and dental hygienists working on 30 dental workstations. The Institute is open round the clock and provides emergency dental service on weekends and during the night The Institute participates in the  graduate and postgraduate dental training programs and also in the life long learning.  The divisions are organized according to the rules of Community Dentistry.  The Institute\u2019s research activity is very wide ranging.<\/p>\n","protected":false},"author":101228,"featured_media":3779,"parent":0,"menu_order":0,"comment_status":"closed","ping_status":"closed","template":"","meta":{"_acf_changed":false,"footnotes":""},"categories":[],"tags":[],"class_list":["post-3445","page","type-page","status-publish","has-post-thumbnail","hentry"],"acf":[],"_links":{"self":[{"href":"https:\/\/semmelweis.hu\/fszoi\/wp-json\/wp\/v2\/pages\/3445","targetHints":{"allow":["GET"]}}],"collection":[{"href":"https:\/\/semmelweis.hu\/fszoi\/wp-json\/wp\/v2\/pages"}],"about":[{"href":"https:\/\/semmelweis.hu\/fszoi\/wp-json\/wp\/v2\/types\/page"}],"author":[{"embeddable":true,"href":"https:\/\/semmelweis.hu\/fszoi\/wp-json\/wp\/v2\/users\/101228"}],"replies":[{"embeddable":true,"href":"https:\/\/semmelweis.hu\/fszoi\/wp-json\/wp\/v2\/comments?post=3445"}],"version-history":[{"count":5,"href":"https:\/\/semmelweis.hu\/fszoi\/wp-json\/wp\/v2\/pages\/3445\/revisions"}],"predecessor-version":[{"id":3782,"href":"https:\/\/semmelweis.hu\/fszoi\/wp-json\/wp\/v2\/pages\/3445\/revisions\/3782"}],"wp:featuredmedia":[{"embeddable":true,"href":"https:\/\/semmelweis.hu\/fszoi\/wp-json\/wp\/v2\/media\/3779"}],"wp:attachment":[{"href":"https:\/\/semmelweis.hu\/fszoi\/wp-json\/wp\/v2\/media?parent=3445"}],"wp:term":[{"taxonomy":"category","embeddable":true,"href":"https:\/\/semmelweis.hu\/fszoi\/wp-json\/wp\/v2\/categories?post=3445"},{"taxonomy":"post_tag","embeddable":true,"href":"https:\/\/semmelweis.hu\/fszoi\/wp-json\/wp\/v2\/tags?post=3445"}],"curies":[{"name":"wp","href":"https:\/\/api.w.org\/{rel}","templated":true}]}}