{"id":3437,"date":"2018-10-15T17:38:41","date_gmt":"2018-10-15T15:38:41","guid":{"rendered":"http:\/\/semmelweis.hu\/fszoi\/?page_id=3437"},"modified":"2026-02-02T11:37:12","modified_gmt":"2026-02-02T10:37:12","slug":"endodoncia-osztaly","status":"publish","type":"page","link":"https:\/\/semmelweis.hu\/fszoi\/jarobetegszakrendelesek-ambulanciak\/endodoncia-osztaly\/","title":{"rendered":"Endodoncia oszt\u00e1ly"},"content":{"rendered":"<div class=\"w-100 keretes\"><strong>A szakrendel\u00e9s neve:<\/strong> <span style=\"color: #ff0000\"><strong>ENDODONTIA OSZT\u00c1LY<\/strong><\/span><\/div>\n<p><strong>Helysz\u00edn:<br \/>\n<em>1088 Budapest, Szentkir\u00e1lyi utca 47.<br \/>\n<\/em><\/strong>VII. emelet 708. kezel\u0151<\/p>\n<p><strong><em>Beutal\u00f3val \u00e9rkez\u0151 betegek fogad\u00e1sa<\/em><\/strong>: <span style=\"color: #ff0000\">el\u0151zetes id\u0151pontegyeztet\u00e9s sz\u00fcks\u00e9ges<\/span><\/p>\n<p><em><strong>Rendel\u00e9si id\u0151:<br \/>\n<\/strong><\/em>H\u00e9tf\u0151n 8.00-13.00 \u00f3r\u00e1ig<br \/>\nKedden, szerd\u00e1n \u00e9s cs\u00fct\u00f6rt\u00f6k\u00f6n 8.00-13.00 \u00e9s 14.00-19.00 \u00f3r\u00e1ig<\/p>\n<p><strong>A rendel\u0151 orvos neve:<\/strong><\/p>\n<p>dr. Moldvai J\u00falia Helga, f\u0151orvos<br \/>\ndr. B\u00e1nszki Laura<\/p>\n<p><strong>Beutal\u00f3 sz\u00fcks\u00e9ges-e:<\/strong> IGEN<\/p>\n<p><strong>El\u0151jegyz\u00e9si id\u0151pont sz\u00fcks\u00e9ges-e:<\/strong> IGEN<\/p>\n<p><strong>Telefonsz\u00e1m:<\/strong>\u00a006\/1\u00a0317-6600; <strong>59145 <\/strong><em>mell\u00e9k<\/em><\/p>\n","protected":false},"excerpt":{"rendered":"<p>A szakrendel\u00e9s neve: ENDODONTIA OSZT\u00c1LY Helysz\u00edn: 1088 Budapest, Szentkir\u00e1lyi utca 47. VII. emelet 708. kezel\u0151 Beutal\u00f3val \u00e9rkez\u0151 betegek fogad\u00e1sa: el\u0151zetes id\u0151pontegyeztet\u00e9s sz\u00fcks\u00e9ges Rendel\u00e9si id\u0151: H\u00e9tf\u0151n 8.00-13.00 \u00f3r\u00e1ig Kedden, szerd\u00e1n \u00e9s cs\u00fct\u00f6rt\u00f6k\u00f6n 8.00-13.00 \u00e9s 14.00-19.00 \u00f3r\u00e1ig A rendel\u0151 orvos neve: dr. Moldvai J\u00falia Helga, f\u0151orvos dr. B\u00e1nszki Laura Beutal\u00f3 sz\u00fcks\u00e9ges-e: IGEN El\u0151jegyz\u00e9si id\u0151pont sz\u00fcks\u00e9ges-e: IGEN Telefonsz\u00e1m:\u00a006\/1\u00a0317-6600; &hellip;<\/p>\n","protected":false},"author":101228,"featured_media":0,"parent":958,"menu_order":1,"comment_status":"closed","ping_status":"closed","template":"","meta":{"_acf_changed":false,"footnotes":""},"categories":[],"tags":[],"class_list":["post-3437","page","type-page","status-publish","hentry"],"acf":[],"_links":{"self":[{"href":"https:\/\/semmelweis.hu\/fszoi\/wp-json\/wp\/v2\/pages\/3437","targetHints":{"allow":["GET"]}}],"collection":[{"href":"https:\/\/semmelweis.hu\/fszoi\/wp-json\/wp\/v2\/pages"}],"about":[{"href":"https:\/\/semmelweis.hu\/fszoi\/wp-json\/wp\/v2\/types\/page"}],"author":[{"embeddable":true,"href":"https:\/\/semmelweis.hu\/fszoi\/wp-json\/wp\/v2\/users\/101228"}],"replies":[{"embeddable":true,"href":"https:\/\/semmelweis.hu\/fszoi\/wp-json\/wp\/v2\/comments?post=3437"}],"version-history":[{"count":11,"href":"https:\/\/semmelweis.hu\/fszoi\/wp-json\/wp\/v2\/pages\/3437\/revisions"}],"predecessor-version":[{"id":5463,"href":"https:\/\/semmelweis.hu\/fszoi\/wp-json\/wp\/v2\/pages\/3437\/revisions\/5463"}],"up":[{"embeddable":true,"href":"https:\/\/semmelweis.hu\/fszoi\/wp-json\/wp\/v2\/pages\/958"}],"wp:attachment":[{"href":"https:\/\/semmelweis.hu\/fszoi\/wp-json\/wp\/v2\/media?parent=3437"}],"wp:term":[{"taxonomy":"category","embeddable":true,"href":"https:\/\/semmelweis.hu\/fszoi\/wp-json\/wp\/v2\/categories?post=3437"},{"taxonomy":"post_tag","embeddable":true,"href":"https:\/\/semmelweis.hu\/fszoi\/wp-json\/wp\/v2\/tags?post=3437"}],"curies":[{"name":"wp","href":"https:\/\/api.w.org\/{rel}","templated":true}]}}