{"id":3107,"date":"2017-11-29T14:26:41","date_gmt":"2017-11-29T13:26:41","guid":{"rendered":"http:\/\/semmelweis.hu\/fszoi\/?page_id=3107"},"modified":"2018-11-22T14:19:49","modified_gmt":"2018-11-22T13:19:49","slug":"dr-porzse-virag-szakmai-oneletrajz","status":"publish","type":"page","link":"https:\/\/semmelweis.hu\/fszoi\/munkatarsak\/dr-porzse-virag-szakmai-oneletrajz\/","title":{"rendered":"dr. P\u00f6rzse Vir\u00e1g &#8211; szakmai \u00f6n\u00e9letrajz"},"content":{"rendered":"<p style=\"text-align: right;\">\u00a0<\/p>\n<p style=\"text-align: left;\"><strong><a href=\"https:\/\/semmelweis.hu\/fszoi\/files\/2017\/11\/P\u00f6rzse-Vir\u00e1g.jpg\"><img loading=\"lazy\" decoding=\"async\" class=\"wp-image-3108 alignright\" src=\"https:\/\/semmelweis.hu\/fszoi\/files\/2017\/11\/P\u00f6rzse-Vir\u00e1g-200x300.jpg\" alt=\"\" width=\"141\" height=\"212\" srcset=\"https:\/\/semmelweis.hu\/fszoi\/files\/2017\/11\/P\u00f6rzse-Vir\u00e1g-200x300.jpg 200w, https:\/\/semmelweis.hu\/fszoi\/files\/2017\/11\/P\u00f6rzse-Vir\u00e1g.jpg 666w\" sizes=\"auto, (max-width: 141px) 100vw, 141px\" \/><\/a><\/strong><strong>Szem\u00e9lyi adatok<\/strong><\/p>\n<p>N\u00e9v: P\u00f6rzse Vir\u00e1g Adrienne<\/p>\n<p>Sz\u00fclet\u00e9si hely \u00e9s id\u0151: Budapest, 1991. 08. 21.<\/p>\n<p>&nbsp;<\/p>\n<p><strong>Tanulm\u00e1nyok<\/strong><\/p>\n<p><strong>Gimn\u00e1zium:<\/strong> \u00a0\u00a0\u00a0\u00a0 Szent Istv\u00e1n Gimn\u00e1zium, Budapest\u00a0<\/p>\n<p>\u00c9retts\u00e9gi \u00e9ve: 2011. Eredm\u00e9nye: jeles<\/p>\n<p>&nbsp;<\/p>\n<p><strong>Egyetem: \u00a0\u00a0\u00a0\u00a0\u00a0\u00a0\u00a0\u00a0\u00a0\u00a0 <\/strong>Semmelweis Egyetem Fogorvostudom\u00e1nyi Kar (2012-2017)<\/p>\n<p>V\u00e9gz\u00e9s \u00e9ve: 2017.<\/p>\n<p><strong>Diplomamunka:<\/strong><\/p>\n<p>\u00a0Az Invisalign t\u00edpus\u00fa rendszerek \u00e9rt\u00e9kel\u00e9se ( Budapest, 2017)<\/p>\n<p>\u00a0\u00a0\u00a0 \u00a0\u00a0\u00a0\u00a0\u00a0\u00a0\u00a0\u00a0\u00a0\u00a0\u00a0\u00a0\u00a0\u00a0\u00a0\u00a0\u00a0\u00a0\u00a0\u00a0\u00a0\u00a0\u00a0\u00a0\u00a0Fog\u00e1szati \u00e9s Sz\u00e1jseb\u00e9szeti Oktat\u00f3 Int\u00e9zet<\/p>\n<p>\u00a0\u00a0 \u00a0\u00a0\u00a0\u00a0\u00a0\u00a0\u00a0\u00a0\u00a0\u00a0\u00a0\u00a0\u00a0\u00a0\u00a0\u00a0\u00a0\u00a0\u00a0\u00a0\u00a0\u00a0\u00a0\u00a0\u00a0\u00a0Eredm\u00e9ny: jeles<\/p>\n<p><strong>Nyelvismeret<\/strong><\/p>\n<p>Fels\u0151fok\u00fa angol (\u00edr\u00e1sbeli \u00e9s sz\u00f3beli komplex nyelvvizsga \u2013 Bizony\u00edtv\u00e1ny azonos\u00edt\u00f3ja:\u00a0 1193085)<\/p>\n<p>K\u00f6z\u00e9pfok\u00fa n\u00e9met (\u00edr\u00e1sbeli \u00e9s sz\u00f3beli komplex nyelvvizsga \u2013 Bizony\u00edtv\u00e1ny azonos\u00edt\u00f3ja: 1264489)<\/p>\n<p><strong>\u00a0<\/strong><\/p>\n","protected":false},"excerpt":{"rendered":"<p>\u00a0 <a href=\"https:\/\/semmelweis.hu\/fszoi\/files\/2017\/11\/P\u00f6rzse-Vir\u00e1g.jpg\"><\/a> Szem\u00e9lyi adatok N\u00e9v: P\u00f6rzse Vir\u00e1g Adrienne Sz\u00fclet\u00e9si hely \u00e9s id\u0151: Budapest, 1991. 08. 21. &nbsp; Tanulm\u00e1nyok Gimn\u00e1zium: \u00a0\u00a0\u00a0\u00a0 Szent Istv\u00e1n Gimn\u00e1zium, Budapest\u00a0 \u00c9retts\u00e9gi \u00e9ve: 2011. Eredm\u00e9nye: jeles &nbsp; Egyetem: \u00a0\u00a0\u00a0\u00a0\u00a0\u00a0\u00a0\u00a0\u00a0\u00a0 Semmelweis Egyetem Fogorvostudom\u00e1nyi Kar (2012-2017) V\u00e9gz\u00e9s \u00e9ve: 2017. Diplomamunka: \u00a0Az Invisalign t\u00edpus\u00fa rendszerek \u00e9rt\u00e9kel\u00e9se ( Budapest, 2017) \u00a0\u00a0\u00a0 \u00a0\u00a0\u00a0\u00a0\u00a0\u00a0\u00a0\u00a0\u00a0\u00a0\u00a0\u00a0\u00a0\u00a0\u00a0\u00a0\u00a0\u00a0\u00a0\u00a0\u00a0\u00a0\u00a0\u00a0\u00a0Fog\u00e1szati \u00e9s Sz\u00e1jseb\u00e9szeti Oktat\u00f3 Int\u00e9zet \u00a0\u00a0 &hellip;<\/p>\n","protected":false},"author":101228,"featured_media":0,"parent":78,"menu_order":0,"comment_status":"closed","ping_status":"closed","template":"","meta":{"_acf_changed":false,"footnotes":""},"categories":[],"tags":[],"class_list":["post-3107","page","type-page","status-publish","hentry"],"acf":[],"_links":{"self":[{"href":"https:\/\/semmelweis.hu\/fszoi\/wp-json\/wp\/v2\/pages\/3107","targetHints":{"allow":["GET"]}}],"collection":[{"href":"https:\/\/semmelweis.hu\/fszoi\/wp-json\/wp\/v2\/pages"}],"about":[{"href":"https:\/\/semmelweis.hu\/fszoi\/wp-json\/wp\/v2\/types\/page"}],"author":[{"embeddable":true,"href":"https:\/\/semmelweis.hu\/fszoi\/wp-json\/wp\/v2\/users\/101228"}],"replies":[{"embeddable":true,"href":"https:\/\/semmelweis.hu\/fszoi\/wp-json\/wp\/v2\/comments?post=3107"}],"version-history":[{"count":5,"href":"https:\/\/semmelweis.hu\/fszoi\/wp-json\/wp\/v2\/pages\/3107\/revisions"}],"predecessor-version":[{"id":3493,"href":"https:\/\/semmelweis.hu\/fszoi\/wp-json\/wp\/v2\/pages\/3107\/revisions\/3493"}],"up":[{"embeddable":true,"href":"https:\/\/semmelweis.hu\/fszoi\/wp-json\/wp\/v2\/pages\/78"}],"wp:attachment":[{"href":"https:\/\/semmelweis.hu\/fszoi\/wp-json\/wp\/v2\/media?parent=3107"}],"wp:term":[{"taxonomy":"category","embeddable":true,"href":"https:\/\/semmelweis.hu\/fszoi\/wp-json\/wp\/v2\/categories?post=3107"},{"taxonomy":"post_tag","embeddable":true,"href":"https:\/\/semmelweis.hu\/fszoi\/wp-json\/wp\/v2\/tags?post=3107"}],"curies":[{"name":"wp","href":"https:\/\/api.w.org\/{rel}","templated":true}]}}