{"id":2928,"date":"2017-05-29T17:08:36","date_gmt":"2017-05-29T15:08:36","guid":{"rendered":"http:\/\/semmelweis.hu\/fszoi\/?page_id=2928"},"modified":"2017-06-26T15:16:18","modified_gmt":"2017-06-26T13:16:18","slug":"dr-kiss-rita-monika-szakmai-oneletrajz","status":"publish","type":"page","link":"https:\/\/semmelweis.hu\/fszoi\/munkatarsak\/dr-kiss-rita-monika-szakmai-oneletrajz\/","title":{"rendered":"dr. Kiss Rita M\u00f3nika &#8211; Szakmai \u00f6n\u00e9letrajz"},"content":{"rendered":"<p><strong>Tanulm\u00e1nyok &#8211; v\u00e9gzetts\u00e9g:<\/strong><\/p>\n<ul>\n<li><strong>Jogi szakokleveles fogorvos 2010<\/strong>.<\/li>\n<\/ul>\n<p>P\u00e1zm\u00e1ny P\u00e9ter Katolikus Egyetem Jog \u00e9s \u00c1llamtudom\u00e1nyi Kar De\u00e1k Ferenc\u00a0Tov\u00e1bbk\u00e9pz\u0151 Int\u00e9zete (2008-2010), Budapest<\/p>\n<ul>\n<li><strong>Fogorvosi diploma 1987.<\/strong><\/li>\n<\/ul>\n<p>Semmelweis Orvostudom\u00e1nyi Egyetem Fogorvostudom\u00e1nyi Kar, (1982-1987) Budapest<\/p>\n<p><strong>Szakvizsg\u00e1k:<\/strong><\/p>\n<ul>\n<li>Konzerv\u00e1l\u00f3 \u00e9s Fogp\u00f3tl\u00e1stan 2005.<\/li>\n<li>Gyermekfog\u00e1szat 1992<\/li>\n<li>Fog \u00e9s Sz\u00e1jbetegs\u00e9gek 1989.<\/li>\n<\/ul>\n<p><strong>Nyelvismeret:<\/strong><\/p>\n<p>Angol fels\u0151fok\u00fa eg\u00e9szs\u00e9g\u00fcgyi szakmaival b\u0151v\u00edtett, \u00e9s k\u00f6z\u00e9pfok\u00fa C t\u00edp. nyelvvizsga<\/p>\n<p>N\u00e9met alapfok\u00fa B t\u00edp. nyelvvizsga<\/p>\n<p><strong>Szervezeti tags\u00e1gok:<\/strong><\/p>\n<p>MFE Gyermekfog\u00e1szati \u00e9s Fogszab\u00e1lyoz\u00e1si T\u00e1rsas\u00e1g<\/p>\n<p><strong>Szakmai tov\u00e1bbk\u00e9pz\u00e9sek &#8211; versenyek &#8211; tudom\u00e1nyos tev\u00e9kenys\u00e9gek:<\/strong><\/p>\n<ul>\n<li>Koragyermekkori (0-7 \u00e9ves) fejl\u0151d\u00e9s un. J\u00f3gyakorlatok p\u00e1ly\u00e1zat \u201eEgy\u00fcttm\u0171k\u00f6d\u00e9s, kommunik\u00e1ci\u00f3\u201d t\u00e9mak\u00f6r 2013. els\u0151 helyezett<\/li>\n<li>BEOKE \u2013betegoktat\u00f3k orsz\u00e1gos versenye 2011.<\/li>\n<li>Sug\u00e1rv\u00e9delmi vizsga B tip. 1996.<\/li>\n<li>Rektori p\u00e1lyamunka els\u0151 d\u00edj: A szem\u00e9lyi sz\u00e1m\u00edt\u00f3g\u00e9p alkalmaz\u00e1sa a fogorvosi gyakorlatban 1985.<\/li>\n<li>K\u00fclf\u00f6ldi tov\u00e1bbk\u00e9pz\u00e9sek, Eg\u00e9szs\u00e9g\u00fcgyi Miniszt\u00e9riumi \u00f6szt\u00f6nd\u00edj:<\/li>\n<li>Hollandia &#8211; ACTA Amsterdami Egyetem-Konzerv\u00e1l\u00f3 \u00e9s Eszt\u00e9tikai Fog\u00e1szati Klinika (Prof. Jan van Amerongen mellett)<\/li>\n<li>D\u00e1nia \u2013 Rigshospitalet (Prof. J. O. Andreasen mellett kutat\u00f3munka)<\/li>\n<li>Sv\u00e9dorsz\u00e1g &#8211; Stockholm Karolinska Institutet, Huddinge Egyetem Gyermekfog\u00e1szati \u00e9s Prevenci\u00f3s, Dent\u00e1lhigi\u00e9nikusi Centrum, Eastman Institutet<\/li>\n<\/ul>\n<p>\u00a0<strong>Tudom\u00e1nyos Di\u00e1kk\u00f6ri\u00a0 Munka:<\/strong><\/p>\n<ul>\n<li>SOTE T\u00e1rsadalomorvostani Int\u00e9zet 1985-1986.<br \/>\n A sz\u00e1m\u00edt\u00f3g\u00e9p alkalmaz\u00e1si lehet\u0151s\u00e9gei az eg\u00e9szs\u00e9g\u00fcgy \u00e9s a fog\u00e1szat ter\u00fclet\u00e9n.<\/li>\n<\/ul>\n<p><strong>Publik\u00e1ci\u00f3k:<\/strong><\/p>\n<p>Magyar nyelv\u0171 szakk\u00f6nyv:<\/p>\n<ul>\n<li>Dent\u00e1lis traum\u00e1k ell\u00e1t\u00e1sa 1996. Mel\u00e1nia Kiad\u00f3 (dr. Kiss R. M. &#8211; dr. Czukor J. szakorvosk\u00e9pz\u00e9st seg\u00edt\u0151 szakk\u00f6nyv)<\/li>\n<\/ul>\n<p>Magyar nyelv\u0171 szakcikkek:<\/p>\n<ul>\n<li>Fractura coronae non complicata diagn\u00f3zis\u00fa eset bemutat\u00e1sa a gyermekkori els\u0151seg\u00e9lyt\u0151l a v\u00e9gleges rehabilit\u00e1ci\u00f3ig egy \u00e9vtized tapasztalata alapj\u00e1n Fogorvosi Szemle 105.\u00e9vf. 2.sz\u00e1m 2012. 71-75. (els\u0151 szerz\u0151s)<\/li>\n<li>Mit\u0151l h\u00edvat\u00e1s az orvosl\u00e1s? Magyar Bioetikai Szemle 2011.1.<\/li>\n<li>Jogok, orvosok\u00e9rt-betegek\u00e9rt Magyar Fogorvos 2011.1.38-42<\/li>\n<li>Tehet\u00fcnk-e a gyermekek mosoly\u00e1\u00e9rt? ETInfo 2010.12<\/li>\n<li>A fogorvosi ell\u00e1t\u00e1s Sv\u00e9dorsz\u00e1gban, Magyar Fogorvos 1995; IV.\u00e9vf.2.20-22<\/li>\n<li>D\u00e1ni\u00e1ban j\u00e1rtam, Magyar Fogorvos 1994; II.\u00e9vf. 5. 29-30.<\/li>\n<li>A fractura coronae eszt\u00e9tikus rehabilit\u00e1ci\u00f3j\u00e1nak \u00faj lehet\u0151s\u00e9gei, Magyar Fogorvos 1993; 2. 10-11<\/li>\n<li>Eg\u00e9szs\u00e9gnevel\u0151 mesesorozat a D\u00f6rm\u00f6g\u0151 D\u00f6m\u00f6t\u00f6r c\u00edm\u0171 gyermek\u00fajs\u00e1gban<\/li>\n<\/ul>\n<p><strong>El\u0151ad\u00e1sok:\u00a0 <\/strong><\/p>\n<ul>\n<li>Reattachment of the original crownfragment. A new type of esthetic rehabilitation after dental traumas such as crownfracture. Report on selected cases. XII. Sz\u00e1jseb\u00e9szeti Vil\u00e1gkongresszus Budapest 1995. (els\u0151 szerz\u0151s el\u0151ad\u00e1s)<\/li>\n<li>\u201eHib\u00e1k \u2013e a hib\u00e1k a gyermekfogorvosi gyakorlatban?\u201d 2011. (Magyar Gyermekfog\u00e1szati \u00e9s prevenci\u00f3s T\u00e1rsas\u00e1g V\u00e1ndorgy\u0171l\u00e9se)<\/li>\n<li>Caries \u00e9s PSR index felm\u00e9r\u00e9s 6-18 \u00e9ves popul\u00e1ci\u00f3ban (Kiss R. M. &#8211; Benedek D. MFE Gyermekfog\u00e1szati \u00e9s Fogszab\u00e1lyoz\u00e1si Szekci\u00f3 XIV. Symposion)<\/li>\n<li>\u00dcvegionomer cementek a gyermekfog\u00e1szati praxisban Gyermekfog\u00e1szati diagnosztika, ther\u00e1pia \u00e9s praxisszervez\u00e9s fogorvostov\u00e1bbk\u00e9pz\u0151-tanfolyam 1997.02.17-19.<\/li>\n<li>Fog\u00e1szati asszisztens tov\u00e1bbk\u00e9pz\u00e9sen rendszeres gyermekfog\u00e1szati \u00e9s konzerv\u00e1l\u00f3fog\u00e1szati el\u0151ad\u00e1sok ANTSZ K\u00f6z\u00e9pmagyarorsz\u00e1gi Region\u00e1lis Int\u00e9zet<\/li>\n<\/ul>\n<p>&nbsp;<\/p>\n","protected":false},"excerpt":{"rendered":"<p>Tanulm\u00e1nyok &#8211; v\u00e9gzetts\u00e9g: Jogi szakokleveles fogorvos 2010. P\u00e1zm\u00e1ny P\u00e9ter Katolikus Egyetem Jog \u00e9s \u00c1llamtudom\u00e1nyi Kar De\u00e1k Ferenc\u00a0Tov\u00e1bbk\u00e9pz\u0151 Int\u00e9zete (2008-2010), Budapest Fogorvosi diploma 1987. Semmelweis Orvostudom\u00e1nyi Egyetem Fogorvostudom\u00e1nyi Kar, (1982-1987) Budapest Szakvizsg\u00e1k: Konzerv\u00e1l\u00f3 \u00e9s Fogp\u00f3tl\u00e1stan 2005. Gyermekfog\u00e1szat 1992 Fog \u00e9s Sz\u00e1jbetegs\u00e9gek 1989. Nyelvismeret: Angol fels\u0151fok\u00fa eg\u00e9szs\u00e9g\u00fcgyi szakmaival b\u0151v\u00edtett, \u00e9s k\u00f6z\u00e9pfok\u00fa C t\u00edp. nyelvvizsga N\u00e9met alapfok\u00fa B &hellip;<\/p>\n","protected":false},"author":101228,"featured_media":0,"parent":78,"menu_order":0,"comment_status":"closed","ping_status":"closed","template":"","meta":{"_acf_changed":false,"footnotes":""},"categories":[],"tags":[],"class_list":["post-2928","page","type-page","status-publish","hentry"],"acf":[],"_links":{"self":[{"href":"https:\/\/semmelweis.hu\/fszoi\/wp-json\/wp\/v2\/pages\/2928","targetHints":{"allow":["GET"]}}],"collection":[{"href":"https:\/\/semmelweis.hu\/fszoi\/wp-json\/wp\/v2\/pages"}],"about":[{"href":"https:\/\/semmelweis.hu\/fszoi\/wp-json\/wp\/v2\/types\/page"}],"author":[{"embeddable":true,"href":"https:\/\/semmelweis.hu\/fszoi\/wp-json\/wp\/v2\/users\/101228"}],"replies":[{"embeddable":true,"href":"https:\/\/semmelweis.hu\/fszoi\/wp-json\/wp\/v2\/comments?post=2928"}],"version-history":[{"count":6,"href":"https:\/\/semmelweis.hu\/fszoi\/wp-json\/wp\/v2\/pages\/2928\/revisions"}],"predecessor-version":[{"id":2938,"href":"https:\/\/semmelweis.hu\/fszoi\/wp-json\/wp\/v2\/pages\/2928\/revisions\/2938"}],"up":[{"embeddable":true,"href":"https:\/\/semmelweis.hu\/fszoi\/wp-json\/wp\/v2\/pages\/78"}],"wp:attachment":[{"href":"https:\/\/semmelweis.hu\/fszoi\/wp-json\/wp\/v2\/media?parent=2928"}],"wp:term":[{"taxonomy":"category","embeddable":true,"href":"https:\/\/semmelweis.hu\/fszoi\/wp-json\/wp\/v2\/categories?post=2928"},{"taxonomy":"post_tag","embeddable":true,"href":"https:\/\/semmelweis.hu\/fszoi\/wp-json\/wp\/v2\/tags?post=2928"}],"curies":[{"name":"wp","href":"https:\/\/api.w.org\/{rel}","templated":true}]}}