{"id":2717,"date":"2017-02-13T12:16:16","date_gmt":"2017-02-13T11:16:16","guid":{"rendered":"http:\/\/semmelweis.hu\/fszoi\/?page_id=2717"},"modified":"2017-06-26T15:16:19","modified_gmt":"2017-06-26T13:16:19","slug":"dr-simon-fanni-szakmai-oneletrajz","status":"publish","type":"page","link":"https:\/\/semmelweis.hu\/fszoi\/munkatarsak\/dr-simon-fanni-szakmai-oneletrajz\/","title":{"rendered":"Dr. Simon Fanni &#8211; Szakmai \u00f6n\u00e9letrajz"},"content":{"rendered":"<p><a href=\"https:\/\/semmelweis.hu\/fszoi\/files\/2017\/02\/simon-fanni.jpg\"><img loading=\"lazy\" decoding=\"async\" class=\" wp-image-2716 alignright\" src=\"https:\/\/semmelweis.hu\/fszoi\/files\/2017\/02\/simon-fanni-198x300.jpg\" alt=\"\" width=\"142\" height=\"215\" srcset=\"https:\/\/semmelweis.hu\/fszoi\/files\/2017\/02\/simon-fanni-198x300.jpg 198w, https:\/\/semmelweis.hu\/fszoi\/files\/2017\/02\/simon-fanni.jpg 358w\" sizes=\"auto, (max-width: 142px) 100vw, 142px\" \/><\/a><\/p>\n<p><strong>Szem\u00e9lyi adatok<\/strong><\/p>\n<p>N\u00e9v: Dr. Simon Fanni<\/p>\n<p><strong>Tanulm\u00e1nyok<\/strong><\/p>\n<p>2009-2014\u00a0\u00a0\u00a0\u00a0\u00a0 Debreceni Egyetem Fogorvostudom\u00e1nyi Kar<\/p>\n<p>2014-2016 \u00a0 \u00a0 \u00a0 \u00c1ltal\u00e1nos fogorvos munkak\u00f6r<\/p>\n<p>2016- \u00a0 \u00a0 \u00a0 \u00a0 \u00a0 \u00a0 \u00a0 \u00a0 Parodontol\u00f3gus rezidens, Semmelweis Egyetem Fog\u00e1szati \u00e9s Sz\u00e1jseb\u00e9szeti \u00a0 \u00a0 \u00a0 \u00a0 \u00a0 \u00a0 \u00a0 \u00a0 \u00a0 \u00a0 \u00a0 \u00a0 \u00a0 \u00a0 \u00a0Oktat\u00f3 Int\u00e9zet<\/p>\n<p>&nbsp;<\/p>\n<p><strong>Szakmai tapasztalat<\/strong><\/p>\n<p>2012. Hat h\u00f3napos gyakorlat a Dentimed Kft. Sz\u00e1jseb\u00e9szeti r\u00e9szleg\u00e9n.<\/p>\n<p>2014. T\u00edz hetes gyakorlat a Prevenci\u00f3 Dent\u00e1l Bt. mag\u00e1nfog\u00e1szati rendel\u0151j\u00e9ben.<\/p>\n<p>&nbsp;<\/p>\n<p><strong>Nyelvismeret<\/strong><\/p>\n<p>Angol &#8211; K\u00f6z\u00e9pfok\u00fa nyelvvizsga (A+B)<\/p>\n<p>Francia &#8211; K\u00f6z\u00e9pfok\u00fa nyelvvizsga (A+B)<\/p>\n<p>T\u00e1rsalg\u00e1si szint\u0171 n\u00e9met \u00e9s sv\u00e9d nyelvtud\u00e1s<\/p>\n<p><strong>Szervezeti tags\u00e1gok<\/strong><\/p>\n<p>2012-2014 Magyar Fogorvostan Hallgat\u00f3k Egyes\u00fclet\u00e9nek Debreceni Vezet\u0151s\u00e9gi tagja.<\/p>\n<p><strong>Szakmai tov\u00e1bbk\u00e9pz\u00e9sek<\/strong><\/p>\n<p>2010. Sug\u00e1rv\u00e9delmi \u00e9s R\u00f6ntgenhaszn\u00e1lati kurzus.<\/p>\n<p>2011. Franciaorsz\u00e1g, Biotech implantol\u00f3giai c\u00e9g: Implant\u00e1ci\u00f3s alapk\u00e9pz\u00e9si kurzusa.<\/p>\n<p>2014. N\u00e9metorsz\u00e1g, Dr. Ralf Petersen: Solo-Profilaxe mesterkurzusa.<\/p>\n<p><strong>\u00a0<\/strong><\/p>\n","protected":false},"excerpt":{"rendered":"<p><a href=\"https:\/\/semmelweis.hu\/fszoi\/files\/2017\/02\/simon-fanni.jpg\"><\/a> Szem\u00e9lyi adatok N\u00e9v: Dr. Simon Fanni Tanulm\u00e1nyok 2009-2014\u00a0\u00a0\u00a0\u00a0\u00a0 Debreceni Egyetem Fogorvostudom\u00e1nyi Kar 2014-2016 \u00a0 \u00a0 \u00a0 \u00c1ltal\u00e1nos fogorvos munkak\u00f6r 2016- \u00a0 \u00a0 \u00a0 \u00a0 \u00a0 \u00a0 \u00a0 \u00a0 Parodontol\u00f3gus rezidens, Semmelweis Egyetem Fog\u00e1szati \u00e9s Sz\u00e1jseb\u00e9szeti \u00a0 \u00a0 \u00a0 \u00a0 \u00a0 \u00a0 \u00a0 \u00a0 \u00a0 \u00a0 \u00a0 \u00a0 \u00a0 \u00a0 \u00a0Oktat\u00f3 Int\u00e9zet &nbsp; Szakmai tapasztalat 2012. &hellip;<\/p>\n","protected":false},"author":188,"featured_media":0,"parent":78,"menu_order":0,"comment_status":"closed","ping_status":"closed","template":"","meta":{"_acf_changed":false,"footnotes":""},"categories":[],"tags":[],"class_list":["post-2717","page","type-page","status-publish","hentry"],"acf":[],"_links":{"self":[{"href":"https:\/\/semmelweis.hu\/fszoi\/wp-json\/wp\/v2\/pages\/2717","targetHints":{"allow":["GET"]}}],"collection":[{"href":"https:\/\/semmelweis.hu\/fszoi\/wp-json\/wp\/v2\/pages"}],"about":[{"href":"https:\/\/semmelweis.hu\/fszoi\/wp-json\/wp\/v2\/types\/page"}],"author":[{"embeddable":true,"href":"https:\/\/semmelweis.hu\/fszoi\/wp-json\/wp\/v2\/users\/188"}],"replies":[{"embeddable":true,"href":"https:\/\/semmelweis.hu\/fszoi\/wp-json\/wp\/v2\/comments?post=2717"}],"version-history":[{"count":2,"href":"https:\/\/semmelweis.hu\/fszoi\/wp-json\/wp\/v2\/pages\/2717\/revisions"}],"predecessor-version":[{"id":2719,"href":"https:\/\/semmelweis.hu\/fszoi\/wp-json\/wp\/v2\/pages\/2717\/revisions\/2719"}],"up":[{"embeddable":true,"href":"https:\/\/semmelweis.hu\/fszoi\/wp-json\/wp\/v2\/pages\/78"}],"wp:attachment":[{"href":"https:\/\/semmelweis.hu\/fszoi\/wp-json\/wp\/v2\/media?parent=2717"}],"wp:term":[{"taxonomy":"category","embeddable":true,"href":"https:\/\/semmelweis.hu\/fszoi\/wp-json\/wp\/v2\/categories?post=2717"},{"taxonomy":"post_tag","embeddable":true,"href":"https:\/\/semmelweis.hu\/fszoi\/wp-json\/wp\/v2\/tags?post=2717"}],"curies":[{"name":"wp","href":"https:\/\/api.w.org\/{rel}","templated":true}]}}