{"id":2168,"date":"2016-01-06T16:25:16","date_gmt":"2016-01-06T15:25:16","guid":{"rendered":"http:\/\/semmelweis.hu\/fszoi\/?page_id=2168"},"modified":"2026-02-02T11:28:10","modified_gmt":"2026-02-02T10:28:10","slug":"infektologiai-fogaszati-osztaly","status":"publish","type":"page","link":"https:\/\/semmelweis.hu\/fszoi\/jarobetegszakrendelesek-ambulanciak\/infektologiai-fogaszati-osztaly\/","title":{"rendered":"Infektol\u00f3giai oszt\u00e1ly"},"content":{"rendered":"<div class=\"w-100 keretes\"><strong>A szakrendel\u00e9s neve:<\/strong> <span style=\"color: #ff0000\"><strong>INFEKTOL\u00d3GIA OSZT\u00c1LY<\/strong><\/span><\/div>\n<p><strong style=\"font-size: 1rem\">Helysz\u00edn:<\/strong><\/p>\n<p><strong><em>1088 Budapest, Szentkir\u00e1lyi utca 47.<\/em><br \/>\n<\/strong>VII. emelet 710. kezel\u0151<\/p>\n<p><strong>Rendel\u00e9si id\u0151:<br \/>\n<\/strong>szerda: 7.30-13.30 \u00f3r\u00e1ig<\/p>\n<p><strong>A rendel\u0151 orvosok neve:\u00a0 <\/strong>dr. B\u00edr\u00f3 Andrea<\/p>\n<p><strong>Beutal\u00f3, el\u0151jegyz\u00e9si id\u0151pont sz\u00fcks\u00e9ges-e: IGEN<br \/>\n<\/strong><\/p>\n<p><strong>Telefonsz\u00e1m:<\/strong> 06\/1 317-6600<em>; <\/em><strong>59084 <\/strong><em>mell\u00e9k<\/em><\/p>\n","protected":false},"excerpt":{"rendered":"<p>A szakrendel\u00e9s neve: INFEKTOL\u00d3GIA OSZT\u00c1LY<br \/>\nHelysz\u00edn:<br \/>\n1088 Budapest, Szentkir\u00e1lyi utca 47.<br \/>\nVII. emelet 710. kezel\u0151<br \/>\nRendel\u00e9si id\u0151:<br \/>\nszerda: 7.30-13.30 \u00f3r\u00e1ig<br \/>\nA rendel\u0151 orvosok neve:\u00a0 dr. B\u00edr\u00f3 Andrea<br \/>\nBeutal\u00f3, el\u0151jegyz\u00e9si id\u0151pont sz\u00fcks\u00e9ges-e: IGEN<\/p>\n<p>Telefonsz\u00e1m: 06\/1 317-6600; 59084 mell\u00e9k<\/p>\n","protected":false},"author":188,"featured_media":0,"parent":958,"menu_order":1,"comment_status":"closed","ping_status":"closed","template":"","meta":{"_acf_changed":false,"footnotes":""},"categories":[],"tags":[],"class_list":["post-2168","page","type-page","status-publish","hentry"],"acf":[],"_links":{"self":[{"href":"https:\/\/semmelweis.hu\/fszoi\/wp-json\/wp\/v2\/pages\/2168","targetHints":{"allow":["GET"]}}],"collection":[{"href":"https:\/\/semmelweis.hu\/fszoi\/wp-json\/wp\/v2\/pages"}],"about":[{"href":"https:\/\/semmelweis.hu\/fszoi\/wp-json\/wp\/v2\/types\/page"}],"author":[{"embeddable":true,"href":"https:\/\/semmelweis.hu\/fszoi\/wp-json\/wp\/v2\/users\/188"}],"replies":[{"embeddable":true,"href":"https:\/\/semmelweis.hu\/fszoi\/wp-json\/wp\/v2\/comments?post=2168"}],"version-history":[{"count":11,"href":"https:\/\/semmelweis.hu\/fszoi\/wp-json\/wp\/v2\/pages\/2168\/revisions"}],"predecessor-version":[{"id":5590,"href":"https:\/\/semmelweis.hu\/fszoi\/wp-json\/wp\/v2\/pages\/2168\/revisions\/5590"}],"up":[{"embeddable":true,"href":"https:\/\/semmelweis.hu\/fszoi\/wp-json\/wp\/v2\/pages\/958"}],"wp:attachment":[{"href":"https:\/\/semmelweis.hu\/fszoi\/wp-json\/wp\/v2\/media?parent=2168"}],"wp:term":[{"taxonomy":"category","embeddable":true,"href":"https:\/\/semmelweis.hu\/fszoi\/wp-json\/wp\/v2\/categories?post=2168"},{"taxonomy":"post_tag","embeddable":true,"href":"https:\/\/semmelweis.hu\/fszoi\/wp-json\/wp\/v2\/tags?post=2168"}],"curies":[{"name":"wp","href":"https:\/\/api.w.org\/{rel}","templated":true}]}}