{"id":2076,"date":"2015-10-08T10:35:58","date_gmt":"2015-10-08T08:35:58","guid":{"rendered":"http:\/\/semmelweis.hu\/fszoi\/?page_id=2076"},"modified":"2018-09-17T12:37:48","modified_gmt":"2018-09-17T10:37:48","slug":"klinikai-tehetseggondozo-program-hallgatoi","status":"publish","type":"page","link":"https:\/\/semmelweis.hu\/fszoi\/oktatas\/klinikai-tehetseggondozo-program-hallgatoi\/","title":{"rendered":"Klinikai Tehets\u00e9ggondoz\u00f3 Program"},"content":{"rendered":"<p><a href=\"https:\/\/semmelweis.hu\/fszoi\/files\/2018\/09\/Klinikai-Tehets\u00e9ggondoz\u00f3-Program-le\u00edr\u00e1s.doc-.pdf\">Klinikai Tehets\u00e9ggondoz\u00f3 Program (KTP) le\u00edr\u00e1sa<\/a><\/p>\n","protected":false},"excerpt":{"rendered":"<p><a href=\"https:\/\/semmelweis.hu\/fszoi\/files\/2018\/09\/Klinikai-Tehets\u00e9ggondoz\u00f3-Program-le\u00edr\u00e1s.doc-.pdf\">Klinikai Tehets\u00e9ggondoz\u00f3 Program (KTP) le\u00edr\u00e1sa<\/a><\/p>\n","protected":false},"author":188,"featured_media":0,"parent":14,"menu_order":2,"comment_status":"closed","ping_status":"closed","template":"","meta":{"_acf_changed":false,"footnotes":""},"categories":[],"tags":[],"class_list":["post-2076","page","type-page","status-publish","hentry"],"acf":[],"_links":{"self":[{"href":"https:\/\/semmelweis.hu\/fszoi\/wp-json\/wp\/v2\/pages\/2076","targetHints":{"allow":["GET"]}}],"collection":[{"href":"https:\/\/semmelweis.hu\/fszoi\/wp-json\/wp\/v2\/pages"}],"about":[{"href":"https:\/\/semmelweis.hu\/fszoi\/wp-json\/wp\/v2\/types\/page"}],"author":[{"embeddable":true,"href":"https:\/\/semmelweis.hu\/fszoi\/wp-json\/wp\/v2\/users\/188"}],"replies":[{"embeddable":true,"href":"https:\/\/semmelweis.hu\/fszoi\/wp-json\/wp\/v2\/comments?post=2076"}],"version-history":[{"count":8,"href":"https:\/\/semmelweis.hu\/fszoi\/wp-json\/wp\/v2\/pages\/2076\/revisions"}],"predecessor-version":[{"id":3413,"href":"https:\/\/semmelweis.hu\/fszoi\/wp-json\/wp\/v2\/pages\/2076\/revisions\/3413"}],"up":[{"embeddable":true,"href":"https:\/\/semmelweis.hu\/fszoi\/wp-json\/wp\/v2\/pages\/14"}],"wp:attachment":[{"href":"https:\/\/semmelweis.hu\/fszoi\/wp-json\/wp\/v2\/media?parent=2076"}],"wp:term":[{"taxonomy":"category","embeddable":true,"href":"https:\/\/semmelweis.hu\/fszoi\/wp-json\/wp\/v2\/categories?post=2076"},{"taxonomy":"post_tag","embeddable":true,"href":"https:\/\/semmelweis.hu\/fszoi\/wp-json\/wp\/v2\/tags?post=2076"}],"curies":[{"name":"wp","href":"https:\/\/api.w.org\/{rel}","templated":true}]}}