{"id":2021,"date":"2015-09-21T11:59:31","date_gmt":"2015-09-21T09:59:31","guid":{"rendered":"http:\/\/semmelweis.hu\/fszoi\/?page_id=2021"},"modified":"2017-06-26T15:16:19","modified_gmt":"2017-06-26T13:16:19","slug":"dr-moldvai-julia-szakmai-oneletrajz","status":"publish","type":"page","link":"https:\/\/semmelweis.hu\/fszoi\/munkatarsak\/dr-moldvai-julia-szakmai-oneletrajz\/","title":{"rendered":"dr. Moldvai J\u00falia &#8211; szakmai \u00f6n\u00e9letrajz"},"content":{"rendered":"<p><strong>Szem\u00e9lyi adatok<\/strong><br \/>\n<em><strong>N\u00e9v<\/strong><\/em>: dr. Moldvai J\u00falia<\/p>\n<p><strong>Tanulm\u00e1nyok<\/strong><br \/>\n<em><strong>2010 &#8211; 2015<\/strong><\/em> Semmelweis Egyetem Fogorvostudom\u00e1nyi Kar, Budapest<br \/>\n<em><strong>2008 &#8211; 2009<\/strong><\/em> E\u00f6tv\u00f6s Lor\u00e1nd Tudom\u00e1nyegyetem B\u00e1rczi Guszt\u00e1v Gy\u00f3gypedag\u00f3giai Kar, Budapest<\/p>\n<p><strong>Tudom\u00e1nyos tev\u00e9kenys\u00e9g<\/strong><br \/>\n<em><strong>2013 &#8211; 2014<\/strong><\/em> Tudom\u00e1nyos Di\u00e1kk\u00f6ri munka, Semmelweis Egyetem, Propedeutika Tansz\u00e9k<br \/>\nT\u00e9mavezet\u0151: Dr. M\u00e1rton Krisztina<br \/>\nT\u00e9ma: Doh\u00e1nyz\u00e1s hat\u00e1sa a ny\u00e1lszekr\u00e9ci\u00f3ra: doh\u00e1nyz\u00f3 \u00e9s kontroll csoport nyugalmi ny\u00e1lszekr\u00e9ci\u00f3j\u00e1nak m\u00e9r\u00e9se<\/p>\n<p><strong>Szakmai tapasztalat<\/strong><br \/>\n<em><strong>2015<\/strong><\/em>&#8211; Semmelweis Egyetem, Fog\u00e1szati \u00e9s Sz\u00e1jseb\u00e9szeti Oktat\u00f3 Int\u00e9zet,<br \/>\nKonzerv\u00e1l\u00f3 fog\u00e1szat \u00e9s Fogp\u00f3tl\u00e1stan rezidens<br \/>\n<em><strong>2014 &#8211; 2015<\/strong><\/em> Semmelweis Egyetem, Konzerv\u00e1l\u00f3 Fog\u00e1szati Klinika<br \/>\nKlinikai Tehets\u00e9ggondoz\u00f3 Program<br \/>\n<em><strong>2014<\/strong><\/em> Semmelweis Egyetem, Fogp\u00f3tl\u00e1stani Klinika, \u00c1ltal\u00e1nos fog\u00e1szati ny\u00e1ri gyakorlat<br \/>\n<em><strong>2013<\/strong> <\/em>Fog\u00e1szati \u00e9s Sz\u00e1jseb\u00e9szeti Oktat\u00f3 Int\u00e9zet, Extracti\u00f3s ny\u00e1ri gyakorlat<br \/>\nMagyar Fogorvostanhallgat\u00f3k Egyes\u00fclet\u00e9nek tagjak\u00e9nt IADS keretein bel\u00fcl, k\u00fclf\u00f6ldi cseregyakorlatban val\u00f3 r\u00e9szv\u00e9tel<br \/>\n<em><strong>2011<\/strong> <\/em>Semmelweis Egyetem, Szem\u00e9szeti Klinika, \u00c1pol\u00e1stani ny\u00e1ri gyakorlat<\/p>\n<p><strong>Nyelvismeret<\/strong><br \/>\n<em><strong>Angol<\/strong> <\/em>&#8211; k\u00f6z\u00e9pfok\u00fa C t\u00edpus\u00fa nyelvvizsga<br \/>\n<em><strong>Francia<\/strong> <\/em>&#8211; k\u00f6z\u00e9pfok\u00fa C t\u00edpus\u00fa nyelvvizsga<\/p>\n","protected":false},"excerpt":{"rendered":"<p>Szem\u00e9lyi adatok N\u00e9v: dr. Moldvai J\u00falia Tanulm\u00e1nyok 2010 &#8211; 2015 Semmelweis Egyetem Fogorvostudom\u00e1nyi Kar, Budapest 2008 &#8211; 2009 E\u00f6tv\u00f6s Lor\u00e1nd Tudom\u00e1nyegyetem B\u00e1rczi Guszt\u00e1v Gy\u00f3gypedag\u00f3giai Kar, Budapest Tudom\u00e1nyos tev\u00e9kenys\u00e9g 2013 &#8211; 2014 Tudom\u00e1nyos Di\u00e1kk\u00f6ri munka, Semmelweis Egyetem, Propedeutika Tansz\u00e9k T\u00e9mavezet\u0151: Dr. M\u00e1rton Krisztina T\u00e9ma: Doh\u00e1nyz\u00e1s hat\u00e1sa a ny\u00e1lszekr\u00e9ci\u00f3ra: doh\u00e1nyz\u00f3 \u00e9s kontroll csoport nyugalmi ny\u00e1lszekr\u00e9ci\u00f3j\u00e1nak m\u00e9r\u00e9se Szakmai &hellip;<\/p>\n","protected":false},"author":188,"featured_media":0,"parent":78,"menu_order":0,"comment_status":"closed","ping_status":"closed","template":"","meta":{"_acf_changed":false,"footnotes":""},"categories":[],"tags":[],"class_list":["post-2021","page","type-page","status-publish","hentry"],"acf":[],"_links":{"self":[{"href":"https:\/\/semmelweis.hu\/fszoi\/wp-json\/wp\/v2\/pages\/2021","targetHints":{"allow":["GET"]}}],"collection":[{"href":"https:\/\/semmelweis.hu\/fszoi\/wp-json\/wp\/v2\/pages"}],"about":[{"href":"https:\/\/semmelweis.hu\/fszoi\/wp-json\/wp\/v2\/types\/page"}],"author":[{"embeddable":true,"href":"https:\/\/semmelweis.hu\/fszoi\/wp-json\/wp\/v2\/users\/188"}],"replies":[{"embeddable":true,"href":"https:\/\/semmelweis.hu\/fszoi\/wp-json\/wp\/v2\/comments?post=2021"}],"version-history":[{"count":1,"href":"https:\/\/semmelweis.hu\/fszoi\/wp-json\/wp\/v2\/pages\/2021\/revisions"}],"predecessor-version":[{"id":2022,"href":"https:\/\/semmelweis.hu\/fszoi\/wp-json\/wp\/v2\/pages\/2021\/revisions\/2022"}],"up":[{"embeddable":true,"href":"https:\/\/semmelweis.hu\/fszoi\/wp-json\/wp\/v2\/pages\/78"}],"wp:attachment":[{"href":"https:\/\/semmelweis.hu\/fszoi\/wp-json\/wp\/v2\/media?parent=2021"}],"wp:term":[{"taxonomy":"category","embeddable":true,"href":"https:\/\/semmelweis.hu\/fszoi\/wp-json\/wp\/v2\/categories?post=2021"},{"taxonomy":"post_tag","embeddable":true,"href":"https:\/\/semmelweis.hu\/fszoi\/wp-json\/wp\/v2\/tags?post=2021"}],"curies":[{"name":"wp","href":"https:\/\/api.w.org\/{rel}","templated":true}]}}