{"id":1716,"date":"2015-02-23T12:06:44","date_gmt":"2015-02-23T11:06:44","guid":{"rendered":"http:\/\/semmelweis.hu\/fszoi\/?page_id=1716"},"modified":"2020-09-28T12:46:01","modified_gmt":"2020-09-28T10:46:01","slug":"az-fszoi-hivatalos-dokumentumai","status":"publish","type":"page","link":"https:\/\/semmelweis.hu\/fszoi\/altalanos-informaciok\/az-fszoi-hivatalos-dokumentumai\/","title":{"rendered":"Az FSZOI hivatalos dokumentumai"},"content":{"rendered":"<p>&nbsp;<\/p>\n<p><strong><em>Az al\u00e1bbi dokumentumok csak jogosults\u00e1g eset\u00e9n hozz\u00e1f\u00e9rhet\u0151ek:<\/em><\/strong><\/p>\n<p><strong>Szervezeti \u00dcgyrend (SzR)<\/strong><\/p>\n<p><strong>Munkautas\u00edt\u00e1sok (MU-k)<\/strong><\/p>\n<ul>\n<li>A h\u00e1zip\u00e9nzt\u00e1r kezel\u00e9s\u00e9r\u0151l (SE-FOK-FSZOI-MU-01)<\/li>\n<li>A betegdokument\u00e1ci\u00f3 rendje (SE-FOK-FSZOI-MU-02)<\/li>\n<li>Fert\u0151tlen\u00edt\u0151 oldat k\u00e9sz\u00edt\u00e9s\u00e9nek rendje (SE-FOK-FSZOI-MU-03)<\/li>\n<li>Teend\u0151 t\u00fasz\u00far\u00e1sos-v\u00e1g\u00e1sos s\u00e9r\u00fcl\u00e9sek eset\u00e9n (SE-FOK-FSZOI-MU-04)<\/li>\n<li>Teend\u0151k rosszull\u00e9t \u00e9s s\u00fcrg\u0151ss\u00e9gi ell\u00e1t\u00e1s eset\u00e9n (SE-FOK-FSZOI-MU-05)<\/li>\n<li>A takar\u00edt\u00e1s rendj\u00e9r\u0151l (SE-FOK-FSZOI-MU-06)<\/li>\n<li>A leletkiad\u00e1s rendje (SE-FOK-FSZOI-MU-07)<\/li>\n<li>Lenyomatv\u00e9tel \u00e9s mintav\u00e9telek rendje (SE-FOK-FSZOI-MU-08)<\/li>\n<li>A kulcskezel\u00e9s rendj\u00e9r\u0151l (SE-FOK-FSZOI-MU-09)<\/li>\n<li>Hullad\u00e9kkezel\u00e9si utas\u00edt\u00e1s (SE-FOK-FSZOI-MU-10)<\/li>\n<li>A betegek panaszkezel\u00e9s\u00e9nek rendj\u00e9r\u0151l (SE-FOK-FSZOI-MU-11)<\/li>\n<li>A TAJ k\u00e1rty\u00e1val vagy \u00e9rv\u00e9nyes eg\u00e9szs\u00e9gbiztos\u00edt\u00e1ssal nem rendelkez\u0151 betegek ell\u00e1t\u00e1s\u00e1r\u00f3l (SE-FOK-FSZOI-MU-12)<\/li>\n<li>Az FSZOI-ban t\u00f6rt\u00e9n\u0151 oktat\u00e1sr\u00f3l\u00a0(SE-FOK-FSZOI-MU-13)<\/li>\n<li>Oldatok feliratoz\u00e1s\u00e1nak, gy\u00f3gyszerek \u00e9s vegyi anyagok t\u00e1rol\u00e1s\u00e1nak rendje (SE-FOK-FSZOI-MU-14)<\/li>\n<li>A l\u00e1tleletek kiad\u00e1s\u00e1r\u00f3l\u00a0\u00a0(SE-FOK-FSZOI-MU-15)<\/li>\n<li>A r\u00f6ntgenfelv\u00e9telek azonos\u00edthat\u00f3s\u00e1g\u00e1r\u00f3l\u00a0\u00a0(SE-FOK-FSZOI-MU-16)<\/li>\n<li>A dolgoz\u00f3i panaszok kezel\u00e9s\u00e9nek rendj\u00e9r\u0151l\u00a0\u00a0(SE-FOK-FSZOI-MU-17)<\/li>\n<\/ul>\n","protected":false},"excerpt":{"rendered":"<p>&nbsp; Az al\u00e1bbi dokumentumok csak jogosults\u00e1g eset\u00e9n hozz\u00e1f\u00e9rhet\u0151ek: Szervezeti \u00dcgyrend (SzR) Munkautas\u00edt\u00e1sok (MU-k) A h\u00e1zip\u00e9nzt\u00e1r kezel\u00e9s\u00e9r\u0151l (SE-FOK-FSZOI-MU-01) A betegdokument\u00e1ci\u00f3 rendje (SE-FOK-FSZOI-MU-02) Fert\u0151tlen\u00edt\u0151 oldat k\u00e9sz\u00edt\u00e9s\u00e9nek rendje (SE-FOK-FSZOI-MU-03) Teend\u0151 t\u00fasz\u00far\u00e1sos-v\u00e1g\u00e1sos s\u00e9r\u00fcl\u00e9sek eset\u00e9n (SE-FOK-FSZOI-MU-04) Teend\u0151k rosszull\u00e9t \u00e9s s\u00fcrg\u0151ss\u00e9gi ell\u00e1t\u00e1s eset\u00e9n (SE-FOK-FSZOI-MU-05) A takar\u00edt\u00e1s rendj\u00e9r\u0151l (SE-FOK-FSZOI-MU-06) A leletkiad\u00e1s rendje (SE-FOK-FSZOI-MU-07) Lenyomatv\u00e9tel \u00e9s mintav\u00e9telek rendje (SE-FOK-FSZOI-MU-08) A kulcskezel\u00e9s rendj\u00e9r\u0151l (SE-FOK-FSZOI-MU-09) &hellip;<\/p>\n","protected":false},"author":188,"featured_media":0,"parent":13,"menu_order":3,"comment_status":"closed","ping_status":"closed","template":"","meta":{"_acf_changed":false,"footnotes":""},"categories":[],"tags":[],"class_list":["post-1716","page","type-page","status-publish","hentry"],"acf":[],"_links":{"self":[{"href":"https:\/\/semmelweis.hu\/fszoi\/wp-json\/wp\/v2\/pages\/1716","targetHints":{"allow":["GET"]}}],"collection":[{"href":"https:\/\/semmelweis.hu\/fszoi\/wp-json\/wp\/v2\/pages"}],"about":[{"href":"https:\/\/semmelweis.hu\/fszoi\/wp-json\/wp\/v2\/types\/page"}],"author":[{"embeddable":true,"href":"https:\/\/semmelweis.hu\/fszoi\/wp-json\/wp\/v2\/users\/188"}],"replies":[{"embeddable":true,"href":"https:\/\/semmelweis.hu\/fszoi\/wp-json\/wp\/v2\/comments?post=1716"}],"version-history":[{"count":10,"href":"https:\/\/semmelweis.hu\/fszoi\/wp-json\/wp\/v2\/pages\/1716\/revisions"}],"predecessor-version":[{"id":4268,"href":"https:\/\/semmelweis.hu\/fszoi\/wp-json\/wp\/v2\/pages\/1716\/revisions\/4268"}],"up":[{"embeddable":true,"href":"https:\/\/semmelweis.hu\/fszoi\/wp-json\/wp\/v2\/pages\/13"}],"wp:attachment":[{"href":"https:\/\/semmelweis.hu\/fszoi\/wp-json\/wp\/v2\/media?parent=1716"}],"wp:term":[{"taxonomy":"category","embeddable":true,"href":"https:\/\/semmelweis.hu\/fszoi\/wp-json\/wp\/v2\/categories?post=1716"},{"taxonomy":"post_tag","embeddable":true,"href":"https:\/\/semmelweis.hu\/fszoi\/wp-json\/wp\/v2\/tags?post=1716"}],"curies":[{"name":"wp","href":"https:\/\/api.w.org\/{rel}","templated":true}]}}