{"id":1522,"date":"2015-01-28T12:26:40","date_gmt":"2015-01-28T11:26:40","guid":{"rendered":"http:\/\/semmelweis.hu\/fszoi\/?page_id=1522"},"modified":"2025-02-03T12:40:46","modified_gmt":"2025-02-03T11:40:46","slug":"szajuregi-rakok","status":"publish","type":"page","link":"https:\/\/semmelweis.hu\/fszoi\/oktatas\/szajuregi-rakok\/","title":{"rendered":"Sz\u00e1j\u00fcregi r\u00e1kok"},"content":{"rendered":"<div class=\"page\" title=\"Page 1\">\n<div class=\"layoutArea\">\n<div class=\"column\">\n<div class=\"page\" title=\"Page 1\">\n<div class=\"layoutArea\">\n<div class=\"column\">\n<p><strong style=\"font-size: 1rem\">K\u00f6vetelm\u00e9nyrendszer:<\/strong><\/p>\n<\/div>\n<\/div>\n<\/div>\n<\/div>\n<\/div>\n<\/div>\n<div class=\"page\" title=\"Page 1\">\n<div class=\"layoutArea\">\n<div class=\"column\">\n<div class=\"page\" title=\"Page 1\">\n<div class=\"layoutArea\">\n<div class=\"column\">\n<h5>2024\/2025 II. szemeszter:<\/h5>\n<\/div>\n<\/div>\n<\/div>\n<\/div>\n<\/div>\n<\/div>\n<ul>\n<li><a href=\"https:\/\/semmelweis.hu\/fszoi\/files\/2023\/12\/Kovetelmenyrendszer-Szajuregi-rakok-FRISS.pdf\">Sz\u00e1j\u00fcregi r\u00e1kok \u00e9s prevenci\u00f3juk lehet\u0151s\u00e9ge &#8211; k\u00f6vetelm\u00e9nyrendszer<\/a><\/li>\n<\/ul>\n<p>&nbsp;<\/p>\n<p>&nbsp;<\/p>\n","protected":false},"excerpt":{"rendered":"<p>K\u00f6vetelm\u00e9nyrendszer:<\/p>\n<p>2024\/2025 II. szemeszter:<\/p>\n<p><a href=\"https:\/\/semmelweis.hu\/fszoi\/files\/2023\/12\/Kovetelmenyrendszer-Szajuregi-rakok-FRISS.pdf\">Sz\u00e1j\u00fcregi r\u00e1kok \u00e9s prevenci\u00f3juk lehet\u0151s\u00e9ge &#8211; k\u00f6vetelm\u00e9nyrendszer<\/a><\/p>\n<p>&nbsp;<br \/>\n&nbsp;<\/p>\n","protected":false},"author":188,"featured_media":0,"parent":14,"menu_order":5,"comment_status":"closed","ping_status":"closed","template":"","meta":{"_acf_changed":false,"footnotes":""},"categories":[],"tags":[],"class_list":["post-1522","page","type-page","status-publish","hentry"],"acf":[],"_links":{"self":[{"href":"https:\/\/semmelweis.hu\/fszoi\/wp-json\/wp\/v2\/pages\/1522","targetHints":{"allow":["GET"]}}],"collection":[{"href":"https:\/\/semmelweis.hu\/fszoi\/wp-json\/wp\/v2\/pages"}],"about":[{"href":"https:\/\/semmelweis.hu\/fszoi\/wp-json\/wp\/v2\/types\/page"}],"author":[{"embeddable":true,"href":"https:\/\/semmelweis.hu\/fszoi\/wp-json\/wp\/v2\/users\/188"}],"replies":[{"embeddable":true,"href":"https:\/\/semmelweis.hu\/fszoi\/wp-json\/wp\/v2\/comments?post=1522"}],"version-history":[{"count":12,"href":"https:\/\/semmelweis.hu\/fszoi\/wp-json\/wp\/v2\/pages\/1522\/revisions"}],"predecessor-version":[{"id":5327,"href":"https:\/\/semmelweis.hu\/fszoi\/wp-json\/wp\/v2\/pages\/1522\/revisions\/5327"}],"up":[{"embeddable":true,"href":"https:\/\/semmelweis.hu\/fszoi\/wp-json\/wp\/v2\/pages\/14"}],"wp:attachment":[{"href":"https:\/\/semmelweis.hu\/fszoi\/wp-json\/wp\/v2\/media?parent=1522"}],"wp:term":[{"taxonomy":"category","embeddable":true,"href":"https:\/\/semmelweis.hu\/fszoi\/wp-json\/wp\/v2\/categories?post=1522"},{"taxonomy":"post_tag","embeddable":true,"href":"https:\/\/semmelweis.hu\/fszoi\/wp-json\/wp\/v2\/tags?post=1522"}],"curies":[{"name":"wp","href":"https:\/\/api.w.org\/{rel}","templated":true}]}}