{"id":1495,"date":"2015-01-07T13:25:14","date_gmt":"2015-01-07T12:25:14","guid":{"rendered":"http:\/\/semmelweis.hu\/fszoi\/?page_id=1495"},"modified":"2017-06-26T15:16:19","modified_gmt":"2017-06-26T13:16:19","slug":"mohammed-alfakih-szakmai-oneletrajz","status":"publish","type":"page","link":"https:\/\/semmelweis.hu\/fszoi\/munkatarsak\/mohammed-alfakih-szakmai-oneletrajz\/","title":{"rendered":"dr. Mohammed Alfakih &#8211; szakmai \u00f6n\u00e9letrajz"},"content":{"rendered":"<p><a href=\"https:\/\/semmelweis.hu\/fszoi\/files\/2015\/01\/image001.jpg\"><img loading=\"lazy\" decoding=\"async\" class=\"alignright size-medium wp-image-1497\" src=\"https:\/\/semmelweis.hu\/fszoi\/files\/2015\/01\/image001-300x224.jpg\" alt=\"Mohammed Alfakih\" width=\"300\" height=\"224\" srcset=\"https:\/\/semmelweis.hu\/fszoi\/files\/2015\/01\/image001-300x224.jpg 300w, https:\/\/semmelweis.hu\/fszoi\/files\/2015\/01\/image001-400x300.jpg 400w, https:\/\/semmelweis.hu\/fszoi\/files\/2015\/01\/image001.jpg 459w\" sizes=\"auto, (max-width: 300px) 100vw, 300px\" \/><\/a><strong>Szem\u00e9lyi adatok<\/strong><br \/>\n<em><strong>N\u00e9v<\/strong><\/em>: Mohammed Alfakih<\/p>\n<p><strong>Tanulm\u00e1nyok<\/strong><br \/>\n2005 \u2013 2006 Balassa B\u00e1lint El\u0151k\u00e9sz\u00edt\u0151 Int\u00e9zet<br \/>\n2006 \u2013 2012. Semmelweis Egyetem, Fogorvostudom\u00e1nyi Kar<\/p>\n<p><strong>Szakmai Tapasztalat<\/strong><br \/>\n2010 \u2013 Extrakci\u00f3 gyakorlat, Budapest Stromatol\u00f3giai Int\u00e9zet<br \/>\n2011 \u2013 \u00c1ltal\u00e1nos fog\u00e1szat ny\u00e1ri gyakorlat, Budapest Stromatol\u00f3giai Int\u00e9zet<br \/>\n2012 &#8211; K\u00f6zponti Stromatol\u00f3giai Int\u00e9zet, fogorvos<br \/>\n2013 &#8211; Semmelweis Egyetem, Fog\u00e1szati \u00e9s Sz\u00e1jseb\u00e9szeti Oktat\u00f3 Int\u00e9zet parodontol\u00f3gus rezidens<\/p>\n<p><strong>Szakmai Tov\u00e1bbk\u00e9pz\u00e9sek<\/strong><br \/>\n2012 &#8211; Gy\u00f6k\u00e9rcsatorna megmunk\u00e1l\u00e1s a legkorszer\u0171bb forg\u00f3,illetve reciprok mozg\u00e1st v\u00e9gz\u0151 rendszerekkel,gy\u00f6k\u00e9rt\u00f6m\u00e9si technik\u00e1kkal<br \/>\n2012 &#8211; Eszt\u00e9tikus t\u00f6m\u00e9stechnik\u00e1k kurzus<\/p>\n<p><strong>Nyelvismeret<\/strong><br \/>\nAngol<br \/>\nMagyar<br \/>\nArab<\/p>\n","protected":false},"excerpt":{"rendered":"<p><a href=\"https:\/\/semmelweis.hu\/fszoi\/files\/2015\/01\/image001.jpg\"><\/a> Szem\u00e9lyi adatok N\u00e9v: Mohammed Alfakih Tanulm\u00e1nyok 2005 \u2013 2006 Balassa B\u00e1lint El\u0151k\u00e9sz\u00edt\u0151 Int\u00e9zet 2006 \u2013 2012. Semmelweis Egyetem, Fogorvostudom\u00e1nyi Kar Szakmai Tapasztalat 2010 \u2013 Extrakci\u00f3 gyakorlat, Budapest Stromatol\u00f3giai Int\u00e9zet 2011 \u2013 \u00c1ltal\u00e1nos fog\u00e1szat ny\u00e1ri gyakorlat, Budapest Stromatol\u00f3giai Int\u00e9zet 2012 &#8211; K\u00f6zponti Stromatol\u00f3giai Int\u00e9zet, fogorvos 2013 &#8211; Semmelweis Egyetem, Fog\u00e1szati \u00e9s Sz\u00e1jseb\u00e9szeti Oktat\u00f3 Int\u00e9zet parodontol\u00f3gus rezidens &hellip;<\/p>\n","protected":false},"author":188,"featured_media":0,"parent":78,"menu_order":0,"comment_status":"closed","ping_status":"closed","template":"","meta":{"_acf_changed":false,"footnotes":""},"categories":[],"tags":[],"class_list":["post-1495","page","type-page","status-publish","hentry"],"acf":[],"_links":{"self":[{"href":"https:\/\/semmelweis.hu\/fszoi\/wp-json\/wp\/v2\/pages\/1495","targetHints":{"allow":["GET"]}}],"collection":[{"href":"https:\/\/semmelweis.hu\/fszoi\/wp-json\/wp\/v2\/pages"}],"about":[{"href":"https:\/\/semmelweis.hu\/fszoi\/wp-json\/wp\/v2\/types\/page"}],"author":[{"embeddable":true,"href":"https:\/\/semmelweis.hu\/fszoi\/wp-json\/wp\/v2\/users\/188"}],"replies":[{"embeddable":true,"href":"https:\/\/semmelweis.hu\/fszoi\/wp-json\/wp\/v2\/comments?post=1495"}],"version-history":[{"count":3,"href":"https:\/\/semmelweis.hu\/fszoi\/wp-json\/wp\/v2\/pages\/1495\/revisions"}],"predecessor-version":[{"id":1500,"href":"https:\/\/semmelweis.hu\/fszoi\/wp-json\/wp\/v2\/pages\/1495\/revisions\/1500"}],"up":[{"embeddable":true,"href":"https:\/\/semmelweis.hu\/fszoi\/wp-json\/wp\/v2\/pages\/78"}],"wp:attachment":[{"href":"https:\/\/semmelweis.hu\/fszoi\/wp-json\/wp\/v2\/media?parent=1495"}],"wp:term":[{"taxonomy":"category","embeddable":true,"href":"https:\/\/semmelweis.hu\/fszoi\/wp-json\/wp\/v2\/categories?post=1495"},{"taxonomy":"post_tag","embeddable":true,"href":"https:\/\/semmelweis.hu\/fszoi\/wp-json\/wp\/v2\/tags?post=1495"}],"curies":[{"name":"wp","href":"https:\/\/api.w.org\/{rel}","templated":true}]}}