{"id":1438,"date":"2014-09-22T13:53:29","date_gmt":"2014-09-22T11:53:29","guid":{"rendered":"http:\/\/semmelweis.hu\/fszoi\/?page_id=1438"},"modified":"2023-05-25T14:17:28","modified_gmt":"2023-05-25T12:17:28","slug":"colleagues","status":"publish","type":"page","link":"https:\/\/semmelweis.hu\/fszoi\/en\/colleagues\/","title":{"rendered":"Colleagues"},"content":{"rendered":"<p><strong>Director<\/strong>: Orsolya N\u00e9meth DMD, MDSc, PhD, Associate Professor<\/p>\n<p><strong>Management Board:<\/strong><\/p>\n<ul>\n<li>Orsolya N\u00e9meth DMD, MDSc, PhD, Associate Professor (1. Division)<\/li>\n<li>Merc\u00e9desz Ors\u00f3s D.M.D., PhD (2. Division)<\/li>\n<li>Fanni Simon D.M.D. (3. Division)<\/li>\n<\/ul>\n<p>&nbsp;<\/p>\n<p><strong>Heads of Departments<\/strong>:<\/p>\n<ul>\n<li>Prof. Dr. P\u00e9ter Kivovics DMD, BDS, MDSc, PhD &#8211; Department of Gerostomatology and Restorative Prosthodontics<\/li>\n<li>Orsolya N\u00e9meth DMD, MDSc, PhD, Associate Professor, specialist of restorative dentistry and prosthodotics &#8211; Department of Oral Medicine<\/li>\n<li>J\u00e1nos B\u00fcchler D.M.D , specialist of periodontology- Department of Periodontology<\/li>\n<li>J\u00e1nos Horv\u00e1th D.M.D., specialist of orthodontics \u2013 Department of Orthodontics<\/li>\n<li>M\u00e1rton Kivovics D.M.D, Ph.D., assistant professor, specialist of dental surgery \u2013 Department of Oral Surgery<\/li>\n<li>Czink\u00f3czky B\u00e9la D.M.D, specialist of dental surgery and restorative dentistry and prosthodontics &#8211; Department of Implantology<\/li>\n<li>Katalin Perczel-Kov\u00e1ch D.M.D. &#8211;\u00a0<\/li>\n<\/ul>\n<p><strong>Consultants: <\/strong><\/p>\n<ul>\n<li>\u00c1gota B\u00e1lint D.M.D.<\/li>\n<li>Szimonetta B\u00e1nkuti D.M.D.<\/li>\n<li>Laura B\u00e1nszki D.M.D.<\/li>\n<li>Andrea B\u00edr\u00f3 D.M.D.<\/li>\n<li>Fl\u00f3ra Bogn\u00e1r D.M.D.<\/li>\n<li>Tibor Bogn\u00e1r M.D.<\/li>\n<li>Andrea Czapp\u00e1n D.M.D.<\/li>\n<li>Zs\u00f3fia Czirkl D.M.D.<\/li>\n<li>Zsuzsanna Domokos D.M.D.<\/li>\n<li>Fl\u00f3ra D\u00f6ng\u00f6l\u0151 D.M.D.<\/li>\n<li>Bianka Erd\u00e9lyi D.M.D.<\/li>\n<li>R\u00e9ka Er\u0151ss D.M.D.<\/li>\n<li>Zsanett F\u00fcl\u00f6p D.M.D.<\/li>\n<li>Katalin Gallatz D.M.D.<\/li>\n<li>Kincs\u0151 G\u00e1bor D.M.D.<\/li>\n<li>Fanni Herczeg D.M.D.<\/li>\n<li>D\u00f3ra Iv\u00e1nyi D.M.D.<\/li>\n<li>Gerle Jakab D.M.D.<\/li>\n<li>Arnold Jipa D.M.D.<\/li>\n<li>Kl\u00e1ra Kapor D.M.D.<\/li>\n<li>Orsolya Karay D.M.D.<\/li>\n<li>Andr\u00e1s B\u00e1lint Kerkovits D.M.D.<\/li>\n<li>Eszter K\u00edgy\u00f3ssy D.M.D.<\/li>\n<li>Gy\u00e1rf\u00e1s Kirj\u00e1k D.M.D.<\/li>\n<li>Rita M\u00f3nika Kiss D.M.D.<\/li>\n<li>M\u00e1rk Kondr\u00e1cs D.M.D.<\/li>\n<li>Dorottya Kov\u00e1cs D.M.D.<\/li>\n<li>Anna Kulcs\u00e1r D.M.D.<\/li>\n<li>Imola Kurucz D.M.D.<\/li>\n<li>Zsuzsanna Lesk\u00f3 D.M.D.<\/li>\n<li>Fl\u00f3ra Eszter Leszt\u00e1k D.M.D.<\/li>\n<li>Nikolett Ma\u00e1r D.M.D.<\/li>\n<li>N\u00f3ra Marczi D.M.D.<\/li>\n<li>Vir\u00e1g Mazur D.M.D.<\/li>\n<li>Mohamed Alfakih D.M.D.<\/li>\n<li>Zs\u00f3fia Moldov\u00e1n D.M.D.<\/li>\n<li>J\u00falia Helga Moldvai D.M.D.<\/li>\n<li>P\u00e1l Andr\u00e1s Moln\u00e1r D.M.D.<\/li>\n<li>\u00c1gnes Nagy D.M.D.<\/li>\n<li>Luca Nagy-Csoma D.M.D.<\/li>\n<li>Rebeka Nikoli D.M.D.<\/li>\n<li>Vikt\u00f3ria Nov\u00e1k D.M.D.<\/li>\n<li>Gergely Ol\u00e1h D.M.D.<\/li>\n<li>Kondr\u00e1cs M\u00e1rk D.M.D.<\/li>\n<li>Ol\u00e1h Gergely D.M.D.<\/li>\n<li>Ot\u00edlia Osuszd D.M.D.<\/li>\n<li>Katalin Perczel-Kov\u00e1ch D.M.D.<\/li>\n<li>Dorottya P\u00e9nzes D.M.D.<\/li>\n<li>Vir\u00e1g Adrienne P\u00f6rzse D.M.D.<\/li>\n<li>M\u00e1rk R\u00e9p\u00e1si D.M.D.<\/li>\n<li>D\u00f3ra Schuber D.M.D.<\/li>\n<li>Tam\u00e1s Seereiner D.M.D.<\/li>\n<li>Fanni Simon D.M.D.<\/li>\n<li>Fanny Strasszer-Solti D.M.D.<\/li>\n<li>\u00c1d\u00e1m S\u00f3s D.M.D.<\/li>\n<li>Krist\u00f3f S\u00fcmegi D.M.D.<\/li>\n<li>No\u00e9mi Kitti Szathm\u00e1ri-M\u00e9sz\u00e1ros D.M.D.<\/li>\n<li>Eszter Svidr\u00f3 D.M.D.<\/li>\n<li>M\u00e1t\u00e9 Sz. Szanyi D.M.D.<\/li>\n<li>Csilla Szerencse D.M.D.<\/li>\n<li>Vikt\u00f3ria Szl\u00e1dicsek D.M.D.<\/li>\n<li>\u00c9va Tokai D.M.D.<\/li>\n<li>Katalin Torjai D.M.D.<\/li>\n<li>Emma T\u00f3ducz D.M.D.<\/li>\n<li>Eszter Uhrin D.M.D.<\/li>\n<li>Kitti Urb\u00e1n D.M.D.<\/li>\n<li>Bence Urbin D.M.D.<\/li>\n<li>Stephanie Adelina YoussefD.M.D.<\/li>\n<li>Zsuzsanna \u00c1rki D.M.D.<\/li>\n<li>Anna Hesz D.M.D.<\/li>\n<\/ul>\n<p><strong>Leader of the assistant team: <\/strong>Kl\u00e1ra Gond\u00e1n<\/p>\n<p><strong>Vice leader of the assistant team<\/strong>:<\/p>\n<p><strong>Dental hygienists (BSc):<\/strong><\/p>\n<ul>\n<li>Anita Bany\u00f3<\/li>\n<li>Anita Stavar\u00f3cki<\/li>\n<\/ul>\n<p><strong>Dental hygienists:<\/strong><\/p>\n<ul>\n<li>Csilla Fekete<\/li>\n<li>Lilian Feh\u00e9r<\/li>\n<li>T\u00edmea Ocsk\u00f3<\/li>\n<\/ul>\n<p><strong>Dental assistants: <\/strong><\/p>\n<ul>\n<li>Fruzsina Albert<\/li>\n<li>Gy\u00f6rgyi Baki<\/li>\n<li>Klaudia Berki<\/li>\n<li>Krisztina B. Benedekn\u00e9<\/li>\n<li>Katalin Czincz<\/li>\n<li>Judith De\u00e1k<\/li>\n<li>Klaudia Deli<\/li>\n<li>Vivien Fodor<\/li>\n<li>Adrienn G\u00f6r\u00f6g<\/li>\n<li>Gabriella Gyarmati<\/li>\n<li>Istv\u00e1nn\u00e9 Hajnal<\/li>\n<li>Bianka Herpai<\/li>\n<li>R\u00e9ka Kas<\/li>\n<li>Dorottya Blaskovics Kissn\u00e9<\/li>\n<li>Ren\u00e1ta Kiszel<\/li>\n<li>Zsuzsanna Be\u00e1ta Kocsis<\/li>\n<li>Kl\u00e1ra So\u00f3s Kojin\u00e9<\/li>\n<li>Julianna Korm\u00e1nyos<\/li>\n<li>Evelin Kov\u00e1cs<\/li>\n<li>Gabriella Kov\u00e1cs<\/li>\n<li>Zsuzsanna Gr\u00e9ta Kov\u00e1cs<\/li>\n<li>Anik\u00f3 K\u00f3ti<\/li>\n<li>Zsuzsanna Kozva<\/li>\n<li>Gabriella K\u00f6d\u00f6b\u00f6cz<\/li>\n<li>Judit K\u00f6lber<\/li>\n<li>Eszter Bal\u00e1zs Makul\u00e1n\u00e9<\/li>\n<li>Zsuzsanna Ny\u00e1ri<\/li>\n<li>Zs\u00f3fia Nyitrai<\/li>\n<li>Judit Oszl\u00e1nszky L\u00e1szl\u00f3n\u00e9<\/li>\n<li>M\u00e1rta R\u00e1cz<\/li>\n<li>Nikolett S\u00e1ndor<\/li>\n<li>D\u00f3ra Sikos<\/li>\n<li>Annam\u00e1ria Simonyi<\/li>\n<li>Ant\u00f3nia Szab\u00f3<\/li>\n<li>Krisztina Szab\u00f3<\/li>\n<li>Andrea Szajk\u00f3<\/li>\n<li>Katalin Szeidovicz<\/li>\n<li>Erzs\u00e9bet Tam\u00e1si<\/li>\n<li>Katalin T\u00edm\u00e1r<\/li>\n<li>Hajnalka T\u00f3th<\/li>\n<li>Ilona T\u00f3thfalusi\u00a0<\/li>\n<li>Ren\u00e1ta \u00dcveges<\/li>\n<li>Orsolya V\u00e1czy<\/li>\n<li>Lili Anna Vas<\/li>\n<li>N\u00f3ra Virb\u00e1n-Duhaj<\/li>\n<li>Katalin Viszti<\/li>\n<\/ul>\n<p><strong>\u00a0<\/strong><\/p>\n<p><strong>Leader of Economic and Technological Group: <\/strong>Gy\u00f6ngyi N\u00e9medi<\/p>\n<p><strong>Economic administrator: <\/strong><\/p>\n<p>Katalin Kar\u00e1csony<\/p>\n<p>Bernadett Gy\u00f6ngy\u00f6si<\/p>\n<p><strong>Secretary: <\/strong>M\u00f3nika Kiss<\/p>\n<p><strong>General administrator<\/strong>:<\/p>\n<p>Edina S\u00e1ndor<\/p>\n<p><strong>Mechanician<\/strong>: Zsolt Babics<\/p>\n<p><strong>Repairman<\/strong>: Tam\u00e1s Hemmert<\/p>\n","protected":false},"excerpt":{"rendered":"<p>Director: Orsolya N\u00e9meth DMD, MDSc, PhD, Associate Professor Management Board: Orsolya N\u00e9meth DMD, MDSc, PhD, Associate Professor (1. Division) Merc\u00e9desz Ors\u00f3s D.M.D., PhD (2. Division) Fanni Simon D.M.D. (3. Division) &nbsp; Heads of Departments: Prof. Dr. P\u00e9ter Kivovics DMD, BDS, MDSc, PhD &#8211; Department of Gerostomatology and Restorative Prosthodontics Orsolya N\u00e9meth DMD, MDSc, PhD, Associate &hellip;<\/p>\n","protected":false},"author":188,"featured_media":0,"parent":0,"menu_order":3,"comment_status":"closed","ping_status":"closed","template":"","meta":{"_acf_changed":false,"footnotes":""},"categories":[],"tags":[],"class_list":["post-1438","page","type-page","status-publish","hentry"],"acf":[],"_links":{"self":[{"href":"https:\/\/semmelweis.hu\/fszoi\/wp-json\/wp\/v2\/pages\/1438","targetHints":{"allow":["GET"]}}],"collection":[{"href":"https:\/\/semmelweis.hu\/fszoi\/wp-json\/wp\/v2\/pages"}],"about":[{"href":"https:\/\/semmelweis.hu\/fszoi\/wp-json\/wp\/v2\/types\/page"}],"author":[{"embeddable":true,"href":"https:\/\/semmelweis.hu\/fszoi\/wp-json\/wp\/v2\/users\/188"}],"replies":[{"embeddable":true,"href":"https:\/\/semmelweis.hu\/fszoi\/wp-json\/wp\/v2\/comments?post=1438"}],"version-history":[{"count":13,"href":"https:\/\/semmelweis.hu\/fszoi\/wp-json\/wp\/v2\/pages\/1438\/revisions"}],"predecessor-version":[{"id":5265,"href":"https:\/\/semmelweis.hu\/fszoi\/wp-json\/wp\/v2\/pages\/1438\/revisions\/5265"}],"wp:attachment":[{"href":"https:\/\/semmelweis.hu\/fszoi\/wp-json\/wp\/v2\/media?parent=1438"}],"wp:term":[{"taxonomy":"category","embeddable":true,"href":"https:\/\/semmelweis.hu\/fszoi\/wp-json\/wp\/v2\/categories?post=1438"},{"taxonomy":"post_tag","embeddable":true,"href":"https:\/\/semmelweis.hu\/fszoi\/wp-json\/wp\/v2\/tags?post=1438"}],"curies":[{"name":"wp","href":"https:\/\/api.w.org\/{rel}","templated":true}]}}