{"id":13,"date":"2012-09-11T15:40:47","date_gmt":"2012-09-11T13:40:47","guid":{"rendered":"http:\/\/semmelweis-egyetem.hu\/onkoterapiai-tanszek\/?page_id=5"},"modified":"2025-07-22T11:36:39","modified_gmt":"2025-07-22T09:36:39","slug":"altalanos-informaciok","status":"publish","type":"page","link":"https:\/\/semmelweis.hu\/fszoi\/altalanos-informaciok\/","title":{"rendered":"\u00c1ltal\u00e1nos inform\u00e1ci\u00f3k"},"content":{"rendered":"<p><!-- [if gte mso 9]&gt;--><!-- [if gte mso 9]&gt;--><!-- [if gte mso 10]&gt;--><\/p>\n<div class=\"w-100 keretes\"><strong>M\u00e1rcius 1-t\u0151l<\/strong> a Fog\u00e1szati \u00e9s Sz\u00e1jseb\u00e9szeti Oktat\u00f3 Int\u00e9zet betegell\u00e1t\u00e1sa az Int\u00e9zet fel\u00faj\u00edt\u00e1sa miatt megv\u00e1ltozik, b\u0151vebb inform\u00e1ci\u00f3t itt tal\u00e1lnak: <a href=\"https:\/\/semmelweis.hu\/fszoi\/koltozes\/\">https:\/\/semmelweis.hu\/fszoi\/koltozes\/<\/a><\/div>\n<p class=\"MsoNormal\" style=\"margin-bottom: .0001pt;line-height: normal\"><strong>Semmelweis Egyetem<\/strong><\/p>\n<p class=\"MsoNormal\" style=\"margin-bottom: .0001pt;line-height: normal\"><strong>Fog\u00e1szati- \u00e9s Sz\u00e1jseb\u00e9szeti Oktat\u00f3 Int\u00e9zet<\/strong><\/p>\n<p class=\"MsoNormal\" style=\"margin-bottom: .0001pt;line-height: normal\">C\u00edm: 1088 Budapest, Szentkir\u00e1lyi utca 40.<\/p>\n<p class=\"MsoNormal\" style=\"margin-bottom: .0001pt;line-height: normal\"><strong><em>Tel.: <span aria-label=\"H\u00edv\u00e1s: +36 1 459 1500\">+36 1 459 1500 \/ mell\u00e9k<\/span>, +36 30 878-0077<\/em><\/strong><\/p>\n<p class=\"MsoNormal\" style=\"margin-bottom: .0001pt;line-height: normal\">e-mail: <a href=\"mailto:fszoi@dent.semmelweis-univ.hu\" target=\"_blank\" rel=\"noopener\">fszoi@semmelweis.hu<\/a><\/p>\n<div class=\"html-div xdj266r x11i5rnm xat24cr x1mh8g0r xexx8yu x4uap5 x18d9i69 xkhd6sd\">\n<div class=\"html-div xdj266r x11i5rnm x1mh8g0r xexx8yu x4uap5 x18d9i69 xkhd6sd x1e56ztr\">\u00a0<\/div>\n<\/div>\n<p><span style=\"text-decoration: underline\"><strong>BETEGEK FOGAD\u00c1SA:<\/strong><\/span><\/p>\n<div class=\"fontos_div\">\n<h5 style=\"font-weight: 400\"><b><strong>H\u00e9tk\u00f6znapokon: <\/strong><\/b>7.30-13.30 \u00f3r\u00e1ig 13.30-19.30 \u00f3r\u00e1ig<\/h5>\n<h5 style=\"font-weight: 400\"><b><strong>Fog\u00e1szati s\u00fcrg\u0151ss\u00e9gi betegell\u00e1t\u00e1s (\u00fcgyelet):<\/strong><\/b> 19.30- 7.30 \u00f3r\u00e1ig<\/h5>\n<h5 style=\"font-weight: 400\"><b><strong>Szombat, vas\u00e1rnap, munkasz\u00fcneti \u00e9s \u00fcnnepnapokon:<\/strong><\/b> 7.30-13.30 \u00f3r\u00e1ig 13.30-19.30 \u00f3r\u00e1ig<\/h5>\n<\/div>\n<div>\n<p><strong><br \/>\nEll\u00e1t\u00e1si ter\u00fcletek:<\/strong><\/p>\n<ul>\n<li>S\u00fcrg\u0151ss\u00e9gi ell\u00e1t\u00e1s<\/li>\n<li>Sz\u00e1jseb\u00e9szeti ell\u00e1t\u00e1s<\/li>\n<li>Parodontol\u00f3giai ell\u00e1t\u00e1s<\/li>\n<li>Konzerv\u00e1l\u00f3 Fog\u00e1szati ell\u00e1t\u00e1s<\/li>\n<li>Fogp\u00f3tl\u00e1stani ell\u00e1t\u00e1s<\/li>\n<li>Fogszab\u00e1lyoz\u00e1si ell\u00e1t\u00e1s<\/li>\n<li>Gyermekfog\u00e1szati ell\u00e1t\u00e1s<\/li>\n<li>Or\u00e1lis Medicina (sz\u00e1jny\u00e1lkah\u00e1rtya betegs\u00e9gek)<\/li>\n<li>Prevenci\u00f3s ell\u00e1t\u00e1s<\/li>\n<li>Radiol\u00f3gia<\/li>\n<li>Gerostomatol\u00f3giai &#8211; Helyre\u00e1ll\u00edt\u00f3 Protetikai ell\u00e1t\u00e1s<\/li>\n<li>Implantol\u00f3giai ell\u00e1t\u00e1s<\/li>\n<li>Speci\u00e1lis ell\u00e1t\u00e1st ig\u00e9nyl\u0151 betegek ell\u00e1t\u00e1sa<\/li>\n<li>Endodoncia<\/li>\n<\/ul>\n<\/div>\n<div>\u00a0<\/div>\n\n<!-- iframe plugin v.4.9 wordpress.org\/plugins\/iframe\/ -->\n<iframe loading=\"lazy\" src=\"https:\/\/maps.google.hu\/maps?f=q&#038;source=s_q&#038;hl=hu&#038;geocode=&#038;q=szentkir%C3%A1lyi+utca+40.&#038;aq=&#038;sll=47.481213,19.130303&#038;sspn=0.244095,0.617294&#038;ie=UTF8&#038;hq=&#038;hnear=1088+Budapest,+VIII.+ker%C3%BClet,+Szentkir%C3%A1lyi+utca+40&#038;t=m&#038;z=14&#038;iwloc=A&#038;output=embed\" width=\"100%\" height=\"350\" scrolling=\"yes\" class=\"iframe-class\" frameborder=\"0\"><\/iframe>\n\n<p class=\"MsoNormal\" style=\"margin-bottom: .0001pt;line-height: normal\">\u00a0<\/p>\n<p class=\"MsoNormal\" style=\"margin-bottom: .0001pt;line-height: normal\">\u00a0<\/p>\n","protected":false},"excerpt":{"rendered":"<p>M\u00e1rcius 1-t\u0151l a Fog\u00e1szati \u00e9s Sz\u00e1jseb\u00e9szeti Oktat\u00f3 Int\u00e9zet betegell\u00e1t\u00e1sa az Int\u00e9zet fel\u00faj\u00edt\u00e1sa miatt megv\u00e1ltozik, b\u0151vebb inform\u00e1ci\u00f3t itt tal\u00e1lnak: <a href=\"https:\/\/semmelweis.hu\/fszoi\/koltozes\/\">https:\/\/semmelweis.hu\/fszoi\/koltozes\/<\/a> Semmelweis Egyetem Fog\u00e1szati- \u00e9s Sz\u00e1jseb\u00e9szeti Oktat\u00f3 Int\u00e9zet C\u00edm: 1088 Budapest, Szentkir\u00e1lyi utca 40. Tel.: +36 1 459 1500 \/ mell\u00e9k, +36 30 878-0077 e-mail: <a href=\"mailto:fszoi@dent.semmelweis-univ.hu\" target=\"_blank\" rel=\"noopener\">fszoi@semmelweis.hu<\/a> \u00a0 BETEGEK FOGAD\u00c1SA: H\u00e9tk\u00f6znapokon: 7.30-13.30 \u00f3r\u00e1ig 13.30-19.30 \u00f3r\u00e1ig Fog\u00e1szati s\u00fcrg\u0151ss\u00e9gi betegell\u00e1t\u00e1s (\u00fcgyelet): 19.30- &hellip;<\/p>\n","protected":false},"author":189,"featured_media":0,"parent":0,"menu_order":0,"comment_status":"closed","ping_status":"closed","template":"","meta":{"_acf_changed":false,"footnotes":""},"categories":[],"tags":[],"class_list":["post-13","page","type-page","status-publish","hentry"],"acf":[],"_links":{"self":[{"href":"https:\/\/semmelweis.hu\/fszoi\/wp-json\/wp\/v2\/pages\/13","targetHints":{"allow":["GET"]}}],"collection":[{"href":"https:\/\/semmelweis.hu\/fszoi\/wp-json\/wp\/v2\/pages"}],"about":[{"href":"https:\/\/semmelweis.hu\/fszoi\/wp-json\/wp\/v2\/types\/page"}],"author":[{"embeddable":true,"href":"https:\/\/semmelweis.hu\/fszoi\/wp-json\/wp\/v2\/users\/189"}],"replies":[{"embeddable":true,"href":"https:\/\/semmelweis.hu\/fszoi\/wp-json\/wp\/v2\/comments?post=13"}],"version-history":[{"count":11,"href":"https:\/\/semmelweis.hu\/fszoi\/wp-json\/wp\/v2\/pages\/13\/revisions"}],"predecessor-version":[{"id":5514,"href":"https:\/\/semmelweis.hu\/fszoi\/wp-json\/wp\/v2\/pages\/13\/revisions\/5514"}],"wp:attachment":[{"href":"https:\/\/semmelweis.hu\/fszoi\/wp-json\/wp\/v2\/media?parent=13"}],"wp:term":[{"taxonomy":"category","embeddable":true,"href":"https:\/\/semmelweis.hu\/fszoi\/wp-json\/wp\/v2\/categories?post=13"},{"taxonomy":"post_tag","embeddable":true,"href":"https:\/\/semmelweis.hu\/fszoi\/wp-json\/wp\/v2\/tags?post=13"}],"curies":[{"name":"wp","href":"https:\/\/api.w.org\/{rel}","templated":true}]}}