{"id":123,"date":"2013-07-23T22:41:36","date_gmt":"2013-07-23T20:41:36","guid":{"rendered":"http:\/\/semmelweis-egyetem.hu\/fszoi\/?page_id=123"},"modified":"2026-01-13T13:23:07","modified_gmt":"2026-01-13T12:23:07","slug":"dr-kivovics-peter","status":"publish","type":"page","link":"https:\/\/semmelweis.hu\/fszoi\/munkatarsak\/dr-kivovics-peter\/","title":{"rendered":"Prof. Dr. Kivovics P\u00e9ter, c\u00edmzetes egyetemi tan\u00e1r"},"content":{"rendered":"<p><img loading=\"lazy\" decoding=\"async\" class=\"thumbnail alignright\" src=\"https:\/\/semmelweis.hu\/fszoi\/files\/2013\/07\/image001.jpg\" alt=\"\" width=\"154\" height=\"194\" \/><\/p>\n<p><strong>Beoszt\u00e1s<\/strong>: c\u00edmzetes egyetemi tan\u00e1r, Gerosztomatol\u00f3giai \u00e9s Helyre\u00e1ll\u00edt\u00f3 protetikai r\u00e9szleg div\u00edzi\u00f3vezet\u0151 helyettes f\u0151orvosa, fog- \u00e9s sz\u00e1jbetegs\u00e9gek szakorvosa, konzerv\u00e1l\u00f3 fog\u00e1szat \u00e9s fogp\u00f3tl\u00e1stan szakorvosa, a fogp\u00f3tl\u00e1stan szakorvosa, az or\u00e1lis implantol\u00f3gia szakorvosa<\/p>\n<p><strong>Tudom\u00e1nyos fokozat<\/strong>: az orvostudom\u00e1ny kandid\u00e1tusa, Ph.D.<\/p>\n<p><strong>Email: <\/strong>kivovics.peter@semmelweis.hu<\/p>\n<p><strong>Telefon<\/strong>: +36 1 317-6600<\/p>\n<p><strong>Bels\u0151 mell\u00e9k:<\/strong> 60767<\/p>\n<p><a href=\"https:\/\/semmelweis.hu\/fszoi\/files\/2024\/05\/Szakmai-oneletrajz-Kivovics-Peter-2021.02.16.-2.pdf\">Szakmai \u00f6n\u00e9letrajz<\/a><\/p>\n<p><a href=\"http:\/\/fogaszatiszakfelugyelet.hu\/?page_id=281\">Szakfel\u00fcgyeleti K\u00f6zlem\u00e9nyek<\/a><\/p>\n<p><a href=\"https:\/\/semmelweis.hu\/fszoi\/files\/2019\/10\/Tudom\u00e1nyos-el\u0151ad\u00e1sok-Dr.-Kivovics-P\u00e9ter-2019.-okt\u00f3ber.pdf\">El\u0151ad\u00e1sok<\/a><\/p>\n<p><a href=\"https:\/\/m2.mtmt.hu\/gui2\/?type=authors&amp;mode=browse&amp;sel=10009016\">Tudom\u00e1nyos k\u00f6zlem\u00e9nyek<\/a><a href=\"https:\/\/vm.mtmt.hu\/\/search\/slist.php?lang=0&amp;AuthorID=10009016\"><br \/>\n<\/a><\/p>\n<p><a href=\"https:\/\/semmelweis.hu\/fszoi\/files\/2018\/02\/Vezet\u0151i-besz\u00e1mol\u00f3-Dr.-Kivovics-P\u00e9ter-2018.pdf\">Vezet\u0151i besz\u00e1mol\u00f3 Dr. Kivovics P\u00e9ter 2018<\/a><\/p>\n<p><a href=\"https:\/\/semmelweis.hu\/fszoi\/files\/2018\/02\/Vezet\u0151i-program-Dr.-Kivovics-P\u00e9ter-2018.pdf\">Vezet\u0151i program Dr. Kivovics P\u00e9ter 2018<br \/>\n<\/a><\/p>\n<p><a href=\"https:\/\/semmelweis.hu\/fszoi\/files\/2018\/02\/Dr.-Kivovics-P\u00e9ter-Vezet\u0151i-besz\u00e1mol\u00f3-\u00e9s-program-2018.pdf\">Dr. Kivovics P\u00e9ter: Vezet\u0151i besz\u00e1mol\u00f3 \u00e9s program 2018<\/a><\/p>\n","protected":false},"excerpt":{"rendered":"<p>Beoszt\u00e1s: c\u00edmzetes egyetemi tan\u00e1r, Gerosztomatol\u00f3giai \u00e9s Helyre\u00e1ll\u00edt\u00f3 protetikai r\u00e9szleg div\u00edzi\u00f3vezet\u0151 helyettes f\u0151orvosa, fog- \u00e9s sz\u00e1jbetegs\u00e9gek szakorvosa, konzerv\u00e1l\u00f3 fog\u00e1szat \u00e9s fogp\u00f3tl\u00e1stan szakorvosa, a fogp\u00f3tl\u00e1stan szakorvosa, az or\u00e1lis implantol\u00f3gia szakorvosa Tudom\u00e1nyos fokozat: az orvostudom\u00e1ny kandid\u00e1tusa, Ph.D. Email: kivovics.peter@semmelweis.hu Telefon: +36 1 317-6600 Bels\u0151 mell\u00e9k: 60767 <a href=\"https:\/\/semmelweis.hu\/fszoi\/files\/2024\/05\/Szakmai-oneletrajz-Kivovics-Peter-2021.02.16.-2.pdf\">Szakmai \u00f6n\u00e9letrajz<\/a> <a href=\"http:\/\/fogaszatiszakfelugyelet.hu\/?page_id=281\">Szakfel\u00fcgyeleti K\u00f6zlem\u00e9nyek<\/a> <a href=\"https:\/\/semmelweis.hu\/fszoi\/files\/2019\/10\/Tudom\u00e1nyos-el\u0151ad\u00e1sok-Dr.-Kivovics-P\u00e9ter-2019.-okt\u00f3ber.pdf\">El\u0151ad\u00e1sok<\/a> <a href=\"https:\/\/m2.mtmt.hu\/gui2\/?type=authors&amp;mode=browse&amp;sel=10009016\">Tudom\u00e1nyos k\u00f6zlem\u00e9nyek<\/a> <a href=\"https:\/\/vm.mtmt.hu\/\/search\/slist.php?lang=0&amp;AuthorID=10009016\"> <\/a> <a href=\"https:\/\/semmelweis.hu\/fszoi\/files\/2018\/02\/Vezet\u0151i-besz\u00e1mol\u00f3-Dr.-Kivovics-P\u00e9ter-2018.pdf\">Vezet\u0151i besz\u00e1mol\u00f3 Dr. Kivovics P\u00e9ter 2018<\/a> <a href=\"https:\/\/semmelweis.hu\/fszoi\/files\/2018\/02\/Vezet\u0151i-program-Dr.-Kivovics-P\u00e9ter-2018.pdf\">Vezet\u0151i program Dr. Kivovics P\u00e9ter 2018 <\/a> &hellip;<\/p>\n","protected":false},"author":188,"featured_media":0,"parent":78,"menu_order":0,"comment_status":"closed","ping_status":"closed","template":"","meta":{"_acf_changed":false,"footnotes":""},"categories":[],"tags":[],"class_list":["post-123","page","type-page","status-publish","hentry"],"acf":[],"_links":{"self":[{"href":"https:\/\/semmelweis.hu\/fszoi\/wp-json\/wp\/v2\/pages\/123","targetHints":{"allow":["GET"]}}],"collection":[{"href":"https:\/\/semmelweis.hu\/fszoi\/wp-json\/wp\/v2\/pages"}],"about":[{"href":"https:\/\/semmelweis.hu\/fszoi\/wp-json\/wp\/v2\/types\/page"}],"author":[{"embeddable":true,"href":"https:\/\/semmelweis.hu\/fszoi\/wp-json\/wp\/v2\/users\/188"}],"replies":[{"embeddable":true,"href":"https:\/\/semmelweis.hu\/fszoi\/wp-json\/wp\/v2\/comments?post=123"}],"version-history":[{"count":12,"href":"https:\/\/semmelweis.hu\/fszoi\/wp-json\/wp\/v2\/pages\/123\/revisions"}],"predecessor-version":[{"id":5557,"href":"https:\/\/semmelweis.hu\/fszoi\/wp-json\/wp\/v2\/pages\/123\/revisions\/5557"}],"up":[{"embeddable":true,"href":"https:\/\/semmelweis.hu\/fszoi\/wp-json\/wp\/v2\/pages\/78"}],"wp:attachment":[{"href":"https:\/\/semmelweis.hu\/fszoi\/wp-json\/wp\/v2\/media?parent=123"}],"wp:term":[{"taxonomy":"category","embeddable":true,"href":"https:\/\/semmelweis.hu\/fszoi\/wp-json\/wp\/v2\/categories?post=123"},{"taxonomy":"post_tag","embeddable":true,"href":"https:\/\/semmelweis.hu\/fszoi\/wp-json\/wp\/v2\/tags?post=123"}],"curies":[{"name":"wp","href":"https:\/\/api.w.org\/{rel}","templated":true}]}}