{"id":12,"date":"2012-09-11T15:40:16","date_gmt":"2012-09-11T13:40:16","guid":{"rendered":"http:\/\/semmelweis-egyetem.hu\/onkoterapiai-tanszek\/?page_id=4"},"modified":"2021-04-08T13:59:00","modified_gmt":"2021-04-08T11:59:00","slug":"tortenet","status":"publish","type":"page","link":"https:\/\/semmelweis.hu\/fszoi\/altalanos-informaciok\/tortenet\/","title":{"rendered":"Int\u00e9zet\u00fcnk bemutat\u00e1sa"},"content":{"rendered":"<p><a href=\"https:\/\/semmelweis.hu\/fszoi\/files\/2018\/11\/FSZOI-epulet.jpg\"><img loading=\"lazy\" decoding=\"async\" class=\"alignright size-medium wp-image-3489\" src=\"https:\/\/semmelweis.hu\/fszoi\/files\/2018\/11\/FSZOI-epulet-224x300.jpg\" alt=\"\" width=\"224\" height=\"300\" srcset=\"https:\/\/semmelweis.hu\/fszoi\/files\/2018\/11\/FSZOI-epulet-224x300.jpg 224w, https:\/\/semmelweis.hu\/fszoi\/files\/2018\/11\/FSZOI-epulet.jpg 480w\" sizes=\"auto, (max-width: 224px) 100vw, 224px\" \/><\/a>A Fog\u00e1szati \u00e9s Sz\u00e1jseb\u00e9szeti Oktat\u00f3 Int\u00e9zet a K\u00f6zponti Stomatol\u00f3giai Int\u00e9zet jogut\u00f3djak\u00e9nt 2013. m\u00e1rcius 31-\u00e9n l\u00e9tes\u00fclt. A Fogorvostudom\u00e1nyi Kar \u00faj, legnagyobb l\u00e9tsz\u00e1m\u00fa \u00e9s alapter\u00fclet\u0171 int\u00e9zete, szervezetileg az Oktat\u00e1si Centrum strukt\u00far\u00e1j\u00e1ba integr\u00e1l\u00f3dott. Az Int\u00e9zetben 75 orvos, (szakorvos \u00e9s szakorvosjel\u00f6lt) 64 fog\u00e1szati szakasszisztens illetve klinikai fog\u00e1szati higi\u00e9nikus dolgozik. Az \u00e9p\u00fcletben 32 fog\u00e1szati kezel\u0151egys\u00e9gen t\u00f6rt\u00e9nik a betegell\u00e1t\u00e1s munkanapokon reggel nyolc \u00f3r\u00e1t\u00f3l este nyolc \u00f3r\u00e1ig. Este nyolct\u00f3l reggel nyolc \u00f3r\u00e1ig, valamint a munkasz\u00fcneti napokon fog\u00e1szati s\u00fcrg\u0151ss\u00e9gi ell\u00e1t\u00e1s folyik.<\/p>\n<p>Az Int\u00e9zet r\u00e9szt vesz a gradu\u00e1lis-, a posztgradu\u00e1lis oktat\u00e1sban \u00e9s a szakorvos tov\u00e1bbk\u00e9pz\u00e9si feladatokban.\u00a0<\/p>\n<p><strong>A Fog\u00e1szati \u00e9s Sz\u00e1jseb\u00e9szeti Oktat\u00f3 Int\u00e9zet egyes div\u00edzi\u00f3i: <\/strong><\/p>\n<p><img loading=\"lazy\" decoding=\"async\" class=\"alignnone  wp-image-4246\" src=\"https:\/\/semmelweis.hu\/fszoi\/files\/2020\/09\/div\u00edzi\u00f3_2020-400x392.png\" alt=\"\" width=\"615\" height=\"602\" srcset=\"https:\/\/semmelweis.hu\/fszoi\/files\/2020\/09\/div\u00edzi\u00f3_2020-400x392.png 400w, https:\/\/semmelweis.hu\/fszoi\/files\/2020\/09\/div\u00edzi\u00f3_2020-1024x1003.png 1024w, https:\/\/semmelweis.hu\/fszoi\/files\/2020\/09\/div\u00edzi\u00f3_2020-768x752.png 768w, https:\/\/semmelweis.hu\/fszoi\/files\/2020\/09\/div\u00edzi\u00f3_2020-753x738.png 753w, https:\/\/semmelweis.hu\/fszoi\/files\/2020\/09\/div\u00edzi\u00f3_2020.png 1078w\" sizes=\"auto, (max-width: 615px) 100vw, 615px\" \/><\/p>\n<p>Az Int\u00e9zet, mint \u201eoktat\u00f3 k\u00f3rh\u00e1z\u201d, lehet\u0151s\u00e9get ny\u00fajt k\u00fcl\u00f6nf\u00e9le fog\u00e1szati megbeteged\u00e9sek megismer\u00e9s\u00e9re, gy\u00f3gy\u00edt\u00e1s\u00e1ra, \u00e9s azok tudom\u00e1nyos feldolgoz\u00e1s\u00e1ra. A Fog\u00e1szati \u00e9s Sz\u00e1jseb\u00e9szeti Oktat\u00f3 Int\u00e9zetben fogtechnikai tanlaborat\u00f3rium is tal\u00e1lhat\u00f3. Az Int\u00e9zet \u00faj fogorvosi ell\u00e1t\u00e1si modellt alak\u00edtott ki az Orsz\u00e1gos Orvosi Rehabilit\u00e1ci\u00f3s Int\u00e9zettel, illetve 2017. augusztus 1-t\u0151l a Pet\u0151 Andr\u00e1s F\u0151iskol\u00e1val, mint a Semmelweis Egyetem Pet\u0151 Andr\u00e1s Kar\u00e1val, valamint a Patronae Hungariae Iskolak\u00f6zponttal.<\/p>\n<p>A Fog\u00e1szati \u00e9s Sz\u00e1jseb\u00e9szeti Oktat\u00f3 Int\u00e9zet egy n\u00e9peg\u00e9szs\u00e9g\u00fcgyi fog\u00e1szati centrum, ahol a prevenci\u00f3t\u00f3l, a s\u00fcrg\u0151ss\u00e9gi ell\u00e1t\u00e1son \u00e1t az implant\u00e1ci\u00f3s kezel\u00e9sekig folyik ell\u00e1t\u00e1s. A fogorvosl\u00e1s teljes vertikum\u00e1t fel\u00f6lel\u0151, fog\u00e1szati probl\u00e9m\u00e1kkal \u00e9s ny\u00e1lkah\u00e1rtya elv\u00e1ltoz\u00e1sokkal foglalkozik. A betegell\u00e1t\u00e1s mellett a fogorvostanhallgat\u00f3k \u00e9s orvosok oktat\u00e1s\u00e1ban is jelent\u0151s szerepet t\u00f6lt be.<\/p>\n<p>Jelenleg az Int\u00e9zet egy krit\u00e9rium tant\u00e1rgyat, egy k\u00f6telez\u0151en v\u00e1laszthat\u00f3 \u00e9s egy szabadon v\u00e1laszthat\u00f3 tant\u00e1rgyat oktat. A krit\u00e9rium tant\u00e1rgy: S\u00fcrg\u0151ss\u00e9gi Fog\u00e1szat, a tant\u00e1rgy el\u0151ad\u00f3ja dr. N\u00e9meth Orsolya Ph.D., egyetemi docens. K\u00f6telez\u0151en v\u00e1laszthat\u00f3 tant\u00e1rgy: Gerostomatol\u00f3gia, tant\u00e1rgyi el\u0151ad\u00f3 dr. Kivovics P\u00e9ter c. egyetemi tan\u00e1r. Szabadon v\u00e1laszthat\u00f3 tant\u00e1rgy: Sz\u00e1j\u00fcregi r\u00e1kok megel\u0151z\u00e9se, tant\u00e1rgyi el\u0151ad\u00f3 Dr. N\u00e9meth Orsolya Ph.D., egyetemi docens.<\/p>\n<p>Az Int\u00e9zet tudom\u00e1nyos teljes\u00edtm\u00e9nye ugr\u00e1sszer\u0171 javul\u00e1st mutat a Semmelweis Egyetemhez t\u00f6rt\u00e9n\u0151 csatlakoz\u00e1s \u00f3ta. Dr. N\u00e9meth Orsolya, egyetemi docens a Semmelweis Egyetem Doktori Iskol\u00e1j\u00e1nak tan\u00e1ra \u00e9s Ph.D t\u00e9mavezet\u0151. Az Int\u00e9zet dolgoz\u00f3i rendszeresen felk\u00e9rt el\u0151ad\u00f3k a hazai \u00e9s k\u00fclf\u00f6ldi neves fog\u00e1szati f\u00f3rumokon \u00e9s tov\u00e1bbk\u00e9pz\u00e9seken.<\/p>\n<p><a href=\"https:\/\/cdnapisec.kaltura.com\/html5\/html5lib\/v2.86\/mwEmbedFrame.php\/p\/2714041\/uiconf_id\/45220391\/entry_id\/1_1j71xvb2?wid=_2714041&amp;iframeembed=true&amp;playerId=kaltura_player&amp;entry_id=1_1j71xvb2&amp;flashvars[streamerType]=auto&amp;amp;flashvars[localizationCode]=en&amp;amp;flashvars[leadWithHTML5]=true&amp;amp;flashvars[sideBarContainer.plugin]=true&amp;amp;flashvars[sideBarContainer.position]=left&amp;amp;flashvars[sideBarContainer.clickToClose]=true&amp;amp;flashvars[chapters.plugin]=true&amp;amp;flashvars[chapters.layout]=vertical&amp;amp;flashvars[chapters.thumbnailRotator]=false&amp;amp;flashvars[streamSelector.plugin]=true&amp;amp;flashvars[EmbedPlayer.SpinnerTarget]=videoHolder&amp;amp;flashvars[dualScreen.plugin]=true&amp;amp;flashvars[hotspots.plugin]=1&amp;amp;flashvars[Kaltura.addCrossoriginToIframe]=true&amp;amp;&amp;wid=1_avnjmpr1\">Bemutatkoz\u00f3 kisfilm<\/a><\/p>\n<p><strong><a href=\"https:\/\/semmelweis.hu\/fszoi\/az-intezet-multja\/\">Az Int\u00e9zet m\u00faltja<\/a><\/strong><\/p>\n","protected":false},"excerpt":{"rendered":"<p>A Fog\u00e1szati \u00e9s Sz\u00e1jseb\u00e9szeti Oktat\u00f3 Int\u00e9zet a K\u00f6zponti Stomatol\u00f3giai Int\u00e9zet jogut\u00f3djak\u00e9nt 2013. m\u00e1rcius 31-\u00e9n l\u00e9tes\u00fclt. A Fogorvostudom\u00e1nyi Kar \u00faj, legnagyobb l\u00e9tsz\u00e1m\u00fa \u00e9s alapter\u00fclet\u0171 int\u00e9zete, amely a Semmelweis Egyetembe integr\u00e1l\u00f3dva n\u00e9peg\u00e9szs\u00e9g\u00fcgyi fog\u00e1szati centrumm\u00e1 v\u00e1lt. Int\u00e9zet\u00fcnkben a prevenci\u00f3t\u00f3l, a s\u00fcrg\u0151ss\u00e9gi ell\u00e1t\u00e1son \u00e1t az implant\u00e1ci\u00f3s kezel\u00e9sekig folyik ell\u00e1t\u00e1s, \u00edgy fogorvosl\u00e1s teljes vertikum\u00e1t fel\u00f6lel\u0151, fog\u00e1szati probl\u00e9m\u00e1kkal \u00e9s ny\u00e1lkah\u00e1rtya elv\u00e1ltoz\u00e1sokkal foglalkozunk. Az FSZOI a betegell\u00e1t\u00e1s, a fogorvostanhallgat\u00f3k \u00e9s orvosok oktat\u00e1sa mellett a magyar asszisztensi \u00e9s dent\u00e1lhigi\u00e9nikusi k\u00e9pz\u00e9sben is jelent\u0151s szerepet t\u00f6lt be.<\/p>\n","protected":false},"author":189,"featured_media":3779,"parent":13,"menu_order":0,"comment_status":"closed","ping_status":"closed","template":"","meta":{"_acf_changed":false,"footnotes":""},"categories":[],"tags":[],"class_list":["post-12","page","type-page","status-publish","has-post-thumbnail","hentry"],"acf":[],"_links":{"self":[{"href":"https:\/\/semmelweis.hu\/fszoi\/wp-json\/wp\/v2\/pages\/12","targetHints":{"allow":["GET"]}}],"collection":[{"href":"https:\/\/semmelweis.hu\/fszoi\/wp-json\/wp\/v2\/pages"}],"about":[{"href":"https:\/\/semmelweis.hu\/fszoi\/wp-json\/wp\/v2\/types\/page"}],"author":[{"embeddable":true,"href":"https:\/\/semmelweis.hu\/fszoi\/wp-json\/wp\/v2\/users\/189"}],"replies":[{"embeddable":true,"href":"https:\/\/semmelweis.hu\/fszoi\/wp-json\/wp\/v2\/comments?post=12"}],"version-history":[{"count":11,"href":"https:\/\/semmelweis.hu\/fszoi\/wp-json\/wp\/v2\/pages\/12\/revisions"}],"predecessor-version":[{"id":4500,"href":"https:\/\/semmelweis.hu\/fszoi\/wp-json\/wp\/v2\/pages\/12\/revisions\/4500"}],"up":[{"embeddable":true,"href":"https:\/\/semmelweis.hu\/fszoi\/wp-json\/wp\/v2\/pages\/13"}],"wp:featuredmedia":[{"embeddable":true,"href":"https:\/\/semmelweis.hu\/fszoi\/wp-json\/wp\/v2\/media\/3779"}],"wp:attachment":[{"href":"https:\/\/semmelweis.hu\/fszoi\/wp-json\/wp\/v2\/media?parent=12"}],"wp:term":[{"taxonomy":"category","embeddable":true,"href":"https:\/\/semmelweis.hu\/fszoi\/wp-json\/wp\/v2\/categories?post=12"},{"taxonomy":"post_tag","embeddable":true,"href":"https:\/\/semmelweis.hu\/fszoi\/wp-json\/wp\/v2\/tags?post=12"}],"curies":[{"name":"wp","href":"https:\/\/api.w.org\/{rel}","templated":true}]}}