{"id":1062,"date":"2014-02-19T10:56:28","date_gmt":"2014-02-19T09:56:28","guid":{"rendered":"http:\/\/semmelweis.hu\/fszoi\/?page_id=1062"},"modified":"2026-02-02T11:40:52","modified_gmt":"2026-02-02T10:40:52","slug":"implantologiai-osztaly","status":"publish","type":"page","link":"https:\/\/semmelweis.hu\/fszoi\/jarobetegszakrendelesek-ambulanciak\/implantologiai-osztaly\/","title":{"rendered":"Implantol\u00f3giai oszt\u00e1ly"},"content":{"rendered":"<div class=\"w-100 keretes\"><strong>A szakrendel\u00e9s neve:<\/strong> <span style=\"color: #ff0000\"><strong>IMPLANTOL\u00d3GIA OSZT\u00c1LY<\/strong><\/span><\/div>\n<p><span style=\"font-size: 1rem\">Az\u00a0<\/span><b style=\"font-size: 1rem\">Implant\u00e1ci\u00f3s konzult\u00e1ci\u00f3n<\/b><span style=\"font-size: 1rem\">\u00a0val\u00f3 r\u00e9szv\u00e9tel a p\u00e1ciensek sz\u00e1m\u00e1ra 2023. szeptember 6-t\u00f3l t\u00e9r\u00edt\u00e9ses szolg\u00e1ltat\u00e1s.<\/span><\/p>\n<p class=\"x_MsoNormal\"><span lang=\"HU\">A Konzult\u00e1ci\u00f3 d\u00edja: <em><strong>10.000 Ft.<\/strong><\/em><\/span><\/p>\n<p class=\"x_MsoNormal\"><span lang=\"HU\">A d\u00edjat a p\u00e1ciens bejelentkez\u00e9skor a Betegfelv\u00e9telen fizeti be k\u00e9szp\u00e9nzben, sz\u00e1mla ellen\u00e9ben, amit a vizsg\u00e1lat megkezd\u00e9se el\u0151tt a konzult\u00e1ci\u00f3n bemutat.<\/span><\/p>\n<p><strong>Helysz\u00edn:<br \/>\n<em>1088 Budapest, Szentkir\u00e1lyi utca 47.<\/em><br \/>\n<\/strong>VII. emelet 708. kezel\u0151<\/p>\n<div class=\"keretes w-100\">\n<p><strong>Konz\u00edlium id\u0151pontja:<br \/>\n<\/strong>Szerd\u00e1nk\u00e9nt 8:30-kor a 708-es kezel\u0151ben, melyre el\u0151zetes id\u0151pont-egyeztet\u00e9s nem lehets\u00e9ges.\u00a0<br \/>\nK\u00e9rj\u00fck p\u00e1cienseinket, az Implant\u00e1ci\u00f3s konzult\u00e1ci\u00f3n 8:30-kor jelenjenek meg.<\/p>\n<p><span style=\"color: #ff0000\">A 2025-\u00f6s \u00e9v utols\u00f3 konzult\u00e1ci\u00f3s id\u0151pontja: December 17.<br \/>\nA 2026-os \u00e9v els\u0151 konzult\u00e1ci\u00f3s id\u0151pontja: Janu\u00e1r 7.\u00a0<\/span><\/p>\n<\/div>\n<p><strong>Implantol\u00f3giai R\u00e9szleg vezet\u0151je:<br \/>\n<\/strong>Dr. Czink\u00f3czky B\u00e9la, f\u0151orvos<\/p>\n<p><strong>Beutal\u00f3 sz\u00fcks\u00e9ges-e: <\/strong>NEM<\/p>\n<p><strong>Telefonsz\u00e1m:<\/strong> 06-1\/ 317-6600; <strong>59083<\/strong> <em>mell\u00e9k<\/em>\u00a0<\/p>\n","protected":false},"excerpt":{"rendered":"<p>A szakrendel\u00e9s neve: IMPLANTOL\u00d3GIA OSZT\u00c1LY Az\u00a0Implant\u00e1ci\u00f3s konzult\u00e1ci\u00f3n\u00a0val\u00f3 r\u00e9szv\u00e9tel a p\u00e1ciensek sz\u00e1m\u00e1ra 2023. szeptember 6-t\u00f3l t\u00e9r\u00edt\u00e9ses szolg\u00e1ltat\u00e1s. A Konzult\u00e1ci\u00f3 d\u00edja: 10.000 Ft. A d\u00edjat a p\u00e1ciens bejelentkez\u00e9skor a Betegfelv\u00e9telen fizeti be k\u00e9szp\u00e9nzben, sz\u00e1mla ellen\u00e9ben, amit a vizsg\u00e1lat megkezd\u00e9se el\u0151tt a konzult\u00e1ci\u00f3n bemutat. Helysz\u00edn: 1088 Budapest, Szentkir\u00e1lyi utca 47. VII. emelet 708. kezel\u0151 Konz\u00edlium id\u0151pontja: Szerd\u00e1nk\u00e9nt 8:30-kor &hellip;<\/p>\n","protected":false},"author":188,"featured_media":0,"parent":958,"menu_order":1,"comment_status":"closed","ping_status":"closed","template":"","meta":{"_acf_changed":false,"footnotes":""},"categories":[],"tags":[],"class_list":["post-1062","page","type-page","status-publish","hentry"],"acf":[],"_links":{"self":[{"href":"https:\/\/semmelweis.hu\/fszoi\/wp-json\/wp\/v2\/pages\/1062","targetHints":{"allow":["GET"]}}],"collection":[{"href":"https:\/\/semmelweis.hu\/fszoi\/wp-json\/wp\/v2\/pages"}],"about":[{"href":"https:\/\/semmelweis.hu\/fszoi\/wp-json\/wp\/v2\/types\/page"}],"author":[{"embeddable":true,"href":"https:\/\/semmelweis.hu\/fszoi\/wp-json\/wp\/v2\/users\/188"}],"replies":[{"embeddable":true,"href":"https:\/\/semmelweis.hu\/fszoi\/wp-json\/wp\/v2\/comments?post=1062"}],"version-history":[{"count":12,"href":"https:\/\/semmelweis.hu\/fszoi\/wp-json\/wp\/v2\/pages\/1062\/revisions"}],"predecessor-version":[{"id":5602,"href":"https:\/\/semmelweis.hu\/fszoi\/wp-json\/wp\/v2\/pages\/1062\/revisions\/5602"}],"up":[{"embeddable":true,"href":"https:\/\/semmelweis.hu\/fszoi\/wp-json\/wp\/v2\/pages\/958"}],"wp:attachment":[{"href":"https:\/\/semmelweis.hu\/fszoi\/wp-json\/wp\/v2\/media?parent=1062"}],"wp:term":[{"taxonomy":"category","embeddable":true,"href":"https:\/\/semmelweis.hu\/fszoi\/wp-json\/wp\/v2\/categories?post=1062"},{"taxonomy":"post_tag","embeddable":true,"href":"https:\/\/semmelweis.hu\/fszoi\/wp-json\/wp\/v2\/tags?post=1062"}],"curies":[{"name":"wp","href":"https:\/\/api.w.org\/{rel}","templated":true}]}}