{"id":1043,"date":"2014-02-10T14:01:24","date_gmt":"2014-02-10T13:01:24","guid":{"rendered":"http:\/\/semmelweis.hu\/fszoi\/?page_id=1043"},"modified":"2026-02-02T11:34:16","modified_gmt":"2026-02-02T10:34:16","slug":"prevencios-osztaly-2","status":"publish","type":"page","link":"https:\/\/semmelweis.hu\/fszoi\/jarobetegszakrendelesek-ambulanciak\/prevencios-osztaly-2\/","title":{"rendered":"Prevenci\u00f3s oszt\u00e1ly"},"content":{"rendered":"<div class=\"w-100 keretes\"><strong>A szakrendel\u00e9s neve:<\/strong> <span style=\"color: #ff0000\"><strong>PREVENCI\u00d3S OSZT\u00c1LY<\/strong><\/span><\/div>\n<p><strong>Helysz\u00edn:<\/strong><br \/>\n<strong><em>1088 Budapest, Szentkir\u00e1lyi utca 47.<\/em><\/strong><br \/>\nIV. emelet 410. kezel\u0151<\/p>\n<p><strong>Rendel\u00e9si id\u0151 <strong>munkanapokon<\/strong>:<br \/>\n<\/strong>7.30-13.30 \u00f3r\u00e1ig<br \/>\n13.30-19.30 \u00f3r\u00e1ig<\/p>\n<p><strong>A rendel\u0151 szakdolgoz\u00f3k neve:<\/strong><\/p>\n<p>Somogyi M\u00f3nika<br \/>\nStavar\u00f3cki Anita<br \/>\nFekete Csilla<br \/>\nN\u00e9meth Anita<br \/>\nOcsk\u00f3 T\u00edmea<\/p>\n<p><strong>Beutal\u00f3 sz\u00fcks\u00e9ges-e:<\/strong>NEM<br \/>\n<strong>El\u0151jegyz\u00e9si id\u0151pont sz\u00fcks\u00e9ges-e: <\/strong>IGEN<\/p>\n<p><strong>Telefonsz\u00e1m:<\/strong> 06\/1 317-6600<em>; <\/em><strong>59088<\/strong><em>\u00a0mell\u00e9k<\/em><\/p>\n","protected":false},"excerpt":{"rendered":"<p>A szakrendel\u00e9s neve: PREVENCI\u00d3S OSZT\u00c1LY<br \/>\nHelysz\u00edn:<br \/>\n1088 Budapest, Szentkir\u00e1lyi utca 47.<br \/>\nIV. emelet 410. kezel\u0151<br \/>\nRendel\u00e9si id\u0151 munkanapokon:<br \/>\n7.30-13.30 \u00f3r\u00e1ig<br \/>\n13.30-19.30 \u00f3r\u00e1ig<br \/>\nA rendel\u0151 szakdolgoz\u00f3k neve:<br \/>\nSomogyi M\u00f3nika<br \/>\nStavar\u00f3cki Anita<br \/>\nFekete Csilla<br \/>\nN\u00e9meth Anita<br \/>\nOcsk\u00f3 T\u00edmea<br \/>\nBeutal\u00f3 sz\u00fcks\u00e9ges-e:NEM<br \/>\nEl\u0151jegyz\u00e9si id\u0151pont sz\u00fcks\u00e9ges-e: IGEN<br \/>\nTelefonsz\u00e1m: 06\/1 317-6600; 59088\u00a0mell\u00e9k<\/p>\n","protected":false},"author":188,"featured_media":0,"parent":958,"menu_order":1,"comment_status":"closed","ping_status":"closed","template":"","meta":{"_acf_changed":false,"footnotes":""},"categories":[],"tags":[],"class_list":["post-1043","page","type-page","status-publish","hentry"],"acf":[],"_links":{"self":[{"href":"https:\/\/semmelweis.hu\/fszoi\/wp-json\/wp\/v2\/pages\/1043","targetHints":{"allow":["GET"]}}],"collection":[{"href":"https:\/\/semmelweis.hu\/fszoi\/wp-json\/wp\/v2\/pages"}],"about":[{"href":"https:\/\/semmelweis.hu\/fszoi\/wp-json\/wp\/v2\/types\/page"}],"author":[{"embeddable":true,"href":"https:\/\/semmelweis.hu\/fszoi\/wp-json\/wp\/v2\/users\/188"}],"replies":[{"embeddable":true,"href":"https:\/\/semmelweis.hu\/fszoi\/wp-json\/wp\/v2\/comments?post=1043"}],"version-history":[{"count":11,"href":"https:\/\/semmelweis.hu\/fszoi\/wp-json\/wp\/v2\/pages\/1043\/revisions"}],"predecessor-version":[{"id":5593,"href":"https:\/\/semmelweis.hu\/fszoi\/wp-json\/wp\/v2\/pages\/1043\/revisions\/5593"}],"up":[{"embeddable":true,"href":"https:\/\/semmelweis.hu\/fszoi\/wp-json\/wp\/v2\/pages\/958"}],"wp:attachment":[{"href":"https:\/\/semmelweis.hu\/fszoi\/wp-json\/wp\/v2\/media?parent=1043"}],"wp:term":[{"taxonomy":"category","embeddable":true,"href":"https:\/\/semmelweis.hu\/fszoi\/wp-json\/wp\/v2\/categories?post=1043"},{"taxonomy":"post_tag","embeddable":true,"href":"https:\/\/semmelweis.hu\/fszoi\/wp-json\/wp\/v2\/tags?post=1043"}],"curies":[{"name":"wp","href":"https:\/\/api.w.org\/{rel}","templated":true}]}}