{"id":600,"date":"2024-09-04T10:35:44","date_gmt":"2024-09-04T08:35:44","guid":{"rendered":"https:\/\/semmelweis.hu\/fpszcs\/?page_id=600"},"modified":"2024-09-04T10:51:47","modified_gmt":"2024-09-04T08:51:47","slug":"elerhetosegek","status":"publish","type":"page","link":"https:\/\/semmelweis.hu\/fpszcs\/elerhetosegek\/","title":{"rendered":"El\u00e9rhet\u0151s\u00e9gek"},"content":{"rendered":"<h2>Sz\u00e9khely:<\/h2>\n<p><strong>C\u00edm<\/strong>: 1083 Budapest, Balassa u. 6. (VIII. ker\u00fclet)<br \/>\n<b>Telefonsz\u00e1m: +36-1-210-0330<br \/>\n<\/b>Ambulancia: 51243 mell\u00e9k<br \/>\nPorta: 51343 mell\u00e9k<\/p>\n\n<!-- iframe plugin v.4.9 wordpress.org\/plugins\/iframe\/ -->\n<iframe loading=\"lazy\" src=\"https:\/\/www.google.com\/maps\/embed?pb=!1m18!1m12!1m3!1d2696.2838188077226!2d19.079571015503646!3d47.484384079176685!2m3!1f0!2f0!3f0!3m2!1i1024!2i768!4f13.1!3m3!1m2!1s0x4741dd8e6630bce9%3A0x88ed94b89ab1ac4e!2sBudapest%2C%20Balassa%20u.%206%2C%201082!5e0!3m2!1shu!2shu!4v1590739487201!5m2!1shu!2shu\" width=\"100%\" height=\"300\" scrolling=\"yes\" class=\"iframe-class\" frameborder=\"0\"><\/iframe>\n\n","protected":false},"excerpt":{"rendered":"<p>Sz\u00e9khely:<br \/>\nC\u00edm: 1083 Budapest, Balassa u. 6. (VIII. ker\u00fclet)<br \/>\nTelefonsz\u00e1m: +36-1-210-0330<br \/>\nAmbulancia: 51243 mell\u00e9k<br \/>\nPorta: 51343 mell\u00e9k<\/p>\n","protected":false},"author":57,"featured_media":0,"parent":0,"menu_order":0,"comment_status":"closed","ping_status":"closed","template":"","meta":{"_acf_changed":false,"footnotes":""},"categories":[],"tags":[],"class_list":["post-600","page","type-page","status-publish","hentry"],"acf":[],"_links":{"self":[{"href":"https:\/\/semmelweis.hu\/fpszcs\/wp-json\/wp\/v2\/pages\/600","targetHints":{"allow":["GET"]}}],"collection":[{"href":"https:\/\/semmelweis.hu\/fpszcs\/wp-json\/wp\/v2\/pages"}],"about":[{"href":"https:\/\/semmelweis.hu\/fpszcs\/wp-json\/wp\/v2\/types\/page"}],"author":[{"embeddable":true,"href":"https:\/\/semmelweis.hu\/fpszcs\/wp-json\/wp\/v2\/users\/57"}],"replies":[{"embeddable":true,"href":"https:\/\/semmelweis.hu\/fpszcs\/wp-json\/wp\/v2\/comments?post=600"}],"version-history":[{"count":5,"href":"https:\/\/semmelweis.hu\/fpszcs\/wp-json\/wp\/v2\/pages\/600\/revisions"}],"predecessor-version":[{"id":606,"href":"https:\/\/semmelweis.hu\/fpszcs\/wp-json\/wp\/v2\/pages\/600\/revisions\/606"}],"wp:attachment":[{"href":"https:\/\/semmelweis.hu\/fpszcs\/wp-json\/wp\/v2\/media?parent=600"}],"wp:term":[{"taxonomy":"category","embeddable":true,"href":"https:\/\/semmelweis.hu\/fpszcs\/wp-json\/wp\/v2\/categories?post=600"},{"taxonomy":"post_tag","embeddable":true,"href":"https:\/\/semmelweis.hu\/fpszcs\/wp-json\/wp\/v2\/tags?post=600"}],"curies":[{"name":"wp","href":"https:\/\/api.w.org\/{rel}","templated":true}]}}