{"id":363,"date":"2015-11-06T08:18:25","date_gmt":"2015-11-06T07:18:25","guid":{"rendered":"http:\/\/semmelweis.hu\/fpszcs\/?page_id=363"},"modified":"2021-05-17T07:18:28","modified_gmt":"2021-05-17T05:18:28","slug":"jogszabalyok","status":"publish","type":"page","link":"https:\/\/semmelweis.hu\/fpszcs\/jogszabalyok\/","title":{"rendered":"Jogszab\u00e1lyok"},"content":{"rendered":"<p><a href=\"http:\/\/net.jogtar.hu\/jr\/gen\/hjegy_doc.cgi?docid=A0800031.IRM&amp;celpara=#xcelparam\"><b>31\/2008. (XII. 31.) IRM rendelet\u00a0<\/b><b>az igazs\u00e1g\u00fcgyi szak\u00e9rt\u0151i m\u0171k\u00f6d\u00e9sr\u0151l.<\/b><\/a><\/p>\n<p>2005. \u00e9vi XLVII. t\u00f6rv\u00e9ny\u00a0az igazs\u00e1g\u00fcgyi szak\u00e9rt\u0151i tev\u00e9kenys\u00e9gr\u0151l.<\/p>\n<p style=\"text-align: left\" align=\"center\">1998. \u00e9vi XIX. t\u00f6rv\u00e9ny\u00a0a b\u00fcntet\u0151elj\u00e1r\u00e1sr\u00f3l.<b><sup><a href=\"http:\/\/net.jogtar.hu\/jr\/gen\/hjegy_doc.cgi?docid=99800019.TV&amp;celpara=#lbj1param\"><br \/>\n<\/a><\/sup><\/b><\/p>\n<p>A szak\u00e9rt\u0151 alkalmaz\u00e1sa 99-101\u00a7<\/p>\n<p>A szak\u00e9rt\u0151, a szak\u00e9rt\u0151 kiz\u00e1r\u00e1sa 102-103.\u00a7<\/p>\n<p>Szak\u00e9rt\u0151i vizsg\u00e1lat 104-105.\u00a7<\/p>\n<p>Az elme\u00e1llapot megfigyel\u00e9se 107.\u00a7<\/p>\n<p>A szakv\u00e9lem\u00e9ny el\u0151terjeszt\u00e9se 108-109.\u00a7<\/p>\n<p>Az ideiglenes k\u00e9nyszergy\u00f3gykezel\u00e9s\u00a0 140-145.\u00a7<\/p>\n<p>A szak\u00e9rt\u0151 meghallgat\u00e1sa, a szakv\u00e9lem\u00e9ny ismertet\u00e9se 298-299.\u00a7<\/p>\n<p>A k\u00e9nyszergy\u00f3gykezel\u00e9s fel\u00fclvizsg\u00e1lata \u00a0566. \u00a7<\/p>\n<p><a href=\"http:\/\/net.jogtar.hu\/jr\/gen\/hjegy_doc.cgi?docid=A1200100.TV\"><strong>2012. \u00e9vi C. t\u00f6rv\u00e9ny\u00a0a B\u00fcntet\u0151 T\u00f6rv\u00e9nyk\u00f6nyvr\u0151l.<\/strong><\/a><\/p>\n<p>A b\u00fcntethet\u0151s\u00e9get kiz\u00e1r\u00f3, vagy korl\u00e1toz\u00f3 okok 15-18.\u00a7<\/p>\n<p>A k\u00e9nyszergy\u00f3gykezel\u00e9s\u00a0 78.\u00a7<\/p>\n<p><a href=\"http:\/\/net.jogtar.hu\/jr\/gen\/hjegy_doc.cgi?docid=99700154.TV&amp;celpara=#xcelparam\"><b>1997. \u00e9vi CLIV. t\u00f6rv\u00e9ny\u00a0<\/b><b>az eg\u00e9szs\u00e9g\u00fcgyr\u0151l.<\/b><\/a><\/p>\n<p>A betegek jogai \u00e9s k\u00f6telezetts\u00e9g\u00fck 6-34.\u00a7<\/p>\n<p>A pszichi\u00e1triai betegek gy\u00f3gykezel\u00e9se \u00e9s gondoz\u00e1sa 188-201.\u00a7<\/p>\n<p><a href=\"http:\/\/net.jogtar.hu\/jr\/gen\/hjegy_doc.cgi?docid=A0700282.KOR&amp;celpara=#xcelparam\"><b>282\/2007. (X. 26.) Korm. rendelet\u00a0<\/b><b>a szakter\u00fcletek \u00e1gazati k\u00f6vetelm\u00e9nyei\u00e9rt felel\u0151s szervek kijel\u00f6l\u00e9s\u00e9r\u0151l, valamint a meghat\u00e1rozott szakk\u00e9rd\u00e9sekben kiz\u00e1r\u00f3lagosan elj\u00e1r\u00f3 \u00e9s egyes szakter\u00fcleteken szakv\u00e9lem\u00e9nyt ad\u00f3 szervekr\u0151l.<\/b><\/a><\/p>\n<p><a href=\"http:\/\/net.jogtar.hu\/jr\/gen\/hjegy_doc.cgi?docid=98600003.IM&amp;celpara=#xcelparam\"><strong>3\/1986. (II. 21.) IM rendelet az igazs\u00e1g\u00fcgyi szak\u00e9rt\u0151k d\u00edjaz\u00e1s\u00e1r\u00f3l.<\/strong><\/a><\/p>\n<p><strong><a href=\"http:\/\/net.jogtar.hu\/jr\/gen\/hjegy_doc.cgi?docid=99200079.TV&amp;celpara=#xcelparam\">1992. \u00e9vi LXXIX. t\u00f6rv\u00e9ny a magzati \u00e9let v\u00e9delm\u00e9r\u0151l.<\/a><\/strong><\/p>\n<p><a href=\"http:\/\/net.jogtar.hu\/jr\/gen\/hjegy_doc.cgi?docid=99200032.NM&amp;celpara=#xcelparam\"><strong>32\/1992. (XII. 23.) NM rendelet a magzati \u00e9let v\u00e9delm\u00e9r\u0151l sz\u00f3l\u00f3 1992. \u00e9vi LXXIX. t\u00f6rv\u00e9ny v\u00e9grehajt\u00e1s\u00e1r\u00f3l.<\/strong><\/a><\/p>\n<p><a href=\"http:\/\/net.jogtar.hu\/jr\/gen\/hjegy_doc.cgi?docid=99700047.TV&amp;celpara=#xcelparam\"><strong>1997. \u00e9vi XLVII. t\u00f6rv\u00e9ny\u00a0az eg\u00e9szs\u00e9g\u00fcgyi \u00e9s a hozz\u00e1juk kapcsol\u00f3d\u00f3 szem\u00e9lyes adatok kezel\u00e9s\u00e9r\u0151l \u00e9s v\u00e9delm\u00e9r\u0151l.<\/strong><\/a><\/p>\n<p><strong><a href=\"http:\/\/net.jogtar.hu\/jr\/gen\/hjegy_doc.cgi?docid=A1300005.TV\">A 2013. \u00e9vi V. t\u00f6rv\u00e9ny a Polg\u00e1ri T\u00f6rv\u00e9nyk\u00f6nyvr\u0151l.<\/a><\/strong><\/p>\n<p>Cselekv\u0151k\u00e9pess\u00e9g, gondnoks\u00e1g, t\u00e1mogatott d\u00f6nt\u00e9shozatal 2:8\u00a7 &#8211; 2:41\u00a7<\/p>\n<p>V\u00e9gint\u00e9zked\u00e9sen alapul\u00f3 \u00f6r\u00f6kl\u00e9s 7:10\u00a7 &#8211; 7:54\u00a7<\/p>\n<p>&nbsp;<\/p>\n<p><strong><a href=\"http:\/\/net.jogtar.hu\/jr\/gen\/hjegy_doc.cgi?docid=95200003.TV&amp;celpara=#xcelparam\">1952. \u00e9vi III. t\u00f6rv\u00e9ny a polg\u00e1ri perrendtart\u00e1sr\u00f3l.<\/a><\/strong><\/p>\n<p>Perk\u00e9pess\u00e9g 48-50.\u00a7<\/p>\n<p>\u00dcgygondnok 74.\u00a7<\/p>\n<p>Szak\u00e9rt\u0151k 177-183.\u00a7<\/p>\n<p><strong><a href=\"http:\/\/net.jogtar.hu\/jr\/gen\/hjegy_doc.cgi?docid=99700149.KOR&amp;celpara=#xcelparam\">149\/1997. (IX. 10.) Korm. rendelet a gy\u00e1mhat\u00f3s\u00e1gokr\u00f3l, valamint a gyermekv\u00e9delmi \u00e9s gy\u00e1m\u00fcgyi elj\u00e1r\u00e1sr\u00f3l.<\/a><\/strong><\/p>\n<p>Gondnok kirendel\u00e9se, t\u00edpusai, m\u0171k\u00f6d\u00e9s\u00e9nek fel\u00fcgyelete, gondnoks\u00e1g al\u00e1 helyez\u00e9s megsz\u00fcntet\u00e9se 131-145.\u00a7<\/p>\n<p><a href=\"http:\/\/www.birosag.hu\/ugyfelkapcsolati-portal\/anonim-hatarozatok-tara\">B\u00edr\u00f3s\u00e1gi hat\u00e1rozatok anonimiz\u00e1lt gy\u0171jtem\u00e9nye<\/a><\/p>\n","protected":false},"excerpt":{"rendered":"<p><a href=\"http:\/\/net.jogtar.hu\/jr\/gen\/hjegy_doc.cgi?docid=A0800031.IRM&amp;celpara=#xcelparam\">31\/2008. (XII. 31.) IRM rendelet\u00a0az igazs\u00e1g\u00fcgyi szak\u00e9rt\u0151i m\u0171k\u00f6d\u00e9sr\u0151l.<\/a> 2005. \u00e9vi XLVII. t\u00f6rv\u00e9ny\u00a0az igazs\u00e1g\u00fcgyi szak\u00e9rt\u0151i tev\u00e9kenys\u00e9gr\u0151l. 1998. \u00e9vi XIX. t\u00f6rv\u00e9ny\u00a0a b\u00fcntet\u0151elj\u00e1r\u00e1sr\u00f3l.<a href=\"http:\/\/net.jogtar.hu\/jr\/gen\/hjegy_doc.cgi?docid=99800019.TV&amp;celpara=#lbj1param\"> <\/a> A szak\u00e9rt\u0151 alkalmaz\u00e1sa 99-101\u00a7 A szak\u00e9rt\u0151, a szak\u00e9rt\u0151 kiz\u00e1r\u00e1sa 102-103.\u00a7 Szak\u00e9rt\u0151i vizsg\u00e1lat 104-105.\u00a7 Az elme\u00e1llapot megfigyel\u00e9se 107.\u00a7 A szakv\u00e9lem\u00e9ny el\u0151terjeszt\u00e9se 108-109.\u00a7 Az ideiglenes k\u00e9nyszergy\u00f3gykezel\u00e9s\u00a0 140-145.\u00a7 A szak\u00e9rt\u0151 meghallgat\u00e1sa, a szakv\u00e9lem\u00e9ny ismertet\u00e9se 298-299.\u00a7 A k\u00e9nyszergy\u00f3gykezel\u00e9s fel\u00fclvizsg\u00e1lata \u00a0566. \u00a7 <a href=\"http:\/\/net.jogtar.hu\/jr\/gen\/hjegy_doc.cgi?docid=A1200100.TV\">2012. \u00e9vi C. t\u00f6rv\u00e9ny\u00a0a B\u00fcntet\u0151 T\u00f6rv\u00e9nyk\u00f6nyvr\u0151l.<\/a> A b\u00fcntethet\u0151s\u00e9get kiz\u00e1r\u00f3, vagy &hellip;<\/p>\n","protected":false},"author":57,"featured_media":0,"parent":0,"menu_order":0,"comment_status":"closed","ping_status":"closed","template":"","meta":{"_acf_changed":false,"footnotes":""},"categories":[],"tags":[],"class_list":["post-363","page","type-page","status-publish","hentry"],"acf":[],"_links":{"self":[{"href":"https:\/\/semmelweis.hu\/fpszcs\/wp-json\/wp\/v2\/pages\/363","targetHints":{"allow":["GET"]}}],"collection":[{"href":"https:\/\/semmelweis.hu\/fpszcs\/wp-json\/wp\/v2\/pages"}],"about":[{"href":"https:\/\/semmelweis.hu\/fpszcs\/wp-json\/wp\/v2\/types\/page"}],"author":[{"embeddable":true,"href":"https:\/\/semmelweis.hu\/fpszcs\/wp-json\/wp\/v2\/users\/57"}],"replies":[{"embeddable":true,"href":"https:\/\/semmelweis.hu\/fpszcs\/wp-json\/wp\/v2\/comments?post=363"}],"version-history":[{"count":7,"href":"https:\/\/semmelweis.hu\/fpszcs\/wp-json\/wp\/v2\/pages\/363\/revisions"}],"predecessor-version":[{"id":577,"href":"https:\/\/semmelweis.hu\/fpszcs\/wp-json\/wp\/v2\/pages\/363\/revisions\/577"}],"wp:attachment":[{"href":"https:\/\/semmelweis.hu\/fpszcs\/wp-json\/wp\/v2\/media?parent=363"}],"wp:term":[{"taxonomy":"category","embeddable":true,"href":"https:\/\/semmelweis.hu\/fpszcs\/wp-json\/wp\/v2\/categories?post=363"},{"taxonomy":"post_tag","embeddable":true,"href":"https:\/\/semmelweis.hu\/fpszcs\/wp-json\/wp\/v2\/tags?post=363"}],"curies":[{"name":"wp","href":"https:\/\/api.w.org\/{rel}","templated":true}]}}