{"id":359,"date":"2015-11-06T08:17:54","date_gmt":"2015-11-06T07:17:54","guid":{"rendered":"http:\/\/semmelweis.hu\/fpszcs\/?page_id=359"},"modified":"2021-05-17T06:56:59","modified_gmt":"2021-05-17T04:56:59","slug":"kutatas","status":"publish","type":"page","link":"https:\/\/semmelweis.hu\/fpszcs\/kutatas\/","title":{"rendered":"Kutat\u00e1s"},"content":{"rendered":"<p style=\"text-align: justify\">Feladatunknak tekintj\u00fck tov\u00e1bb\u00e1 a forenzikus pszichi\u00e1triai\/pszichol\u00f3giai tev\u00e9kenys\u00e9g tudom\u00e1nyos m\u0171vel\u00e9s\u00e9t, bekapcsol\u00f3d\u00e1sunkat a nemzetk\u00f6zi kutat\u00e1sokba, tudom\u00e1nyos, kutat\u00e1si egy\u00fcttm\u0171k\u00f6d\u00e9s kialak\u00edt\u00e1s\u00e1t a ter\u00fclet t\u00e1rsint\u00e9zeteivel: az Igazs\u00e1g\u00fcgyi Megfigyel\u0151 \u00e9s Elmegy\u00f3gy\u00edt\u00f3 Int\u00e9zettel (IMEI-vel), az egyetemek Igazs\u00e1g\u00fcgyi Orvostani Int\u00e9zeteivel, a Szak\u00e9rt\u0151i Int\u00e9zetekkel, az egyetemek Jogi Karaival \u00a0\u00e9s a B\u00edr\u00f3s\u00e1gokkal.<\/p>\n<p style=\"text-align: justify\"><div class=\"responsive-tabs\">\n<h2 class=\"tabtitle\">Publik\u00e1ci\u00f3k<\/h2>\n<div class=\"tabcontent\">\n<\/p>\n<p style=\"text-align: justify\"><strong>K\u00f6nyvek, k\u00f6nyvfejezetek<\/strong><\/p>\n<p style=\"text-align: justify\">Baran B, Szab\u00f3 FA. Forenzikus pszichi\u00e1tria. In: F\u00fcredi J, N\u00e9meth A (szerk.), A pszichi\u00e1tria magyar k\u00e9zik\u00f6nyve. Medicina, Budapest, 2015: 688-697.<\/p>\n<p style=\"text-align: justify\"><strong>K\u00f6zlem\u00e9nyek<\/strong><\/p>\n<p style=\"text-align: justify\">Gazdag G, Bel\u00e1n E, Szab\u00f3 FA, Ungv\u00e1ri GS, Czobor P, Baran B. (2015) Predictors of suicide attempts after violent offences in schizophrenia spectrum disorders. Psychiatry Res 2015 Oct 24. doi: 10.1016\/j.psychres.2015.10.027.<\/p>\n<p style=\"text-align: justify\">Baran B, Szab\u00f3 FA, Kara B, Kov\u00e1cs M, Uzonyi A, Antal A, Ungvari GS, Gazdag G. (2015) Do previous offences predict violent acts in psychiatric patients? A retrospective study in Hungary. Ideggyogy Sz 68 (3\u20134): 99\u2013104.<\/p>\n<p style=\"text-align: justify\">Baran B, Gazdag G. (2011) Relationship between schizophrenia and criminal behavior. Neuropsychopharmacol Hung 13 (4): 257-261.<\/p>\n<p style=\"text-align: justify\"><strong>Konferencia r\u00e9szv\u00e9telek (el\u0151ad\u00e1s, poszter)<\/strong><\/p>\n<p style=\"text-align: justify\">Szab\u00f3 FA, Szuromi B, Czobor P, Silfen P, Baran B. Preferences of judges with regard to forensic psychiatry experts in Hungary: a pilot study.<\/p>\n<p style=\"text-align: justify\">The Royal College of Psychiatrists Faculty of Forensic Psychiatry Annual Conference, 2015. m\u00e1rcius. 4-6, Budapest<\/p>\n<p style=\"text-align: justify\">\n<\/div><h2 class=\"tabtitle\">TDK<\/h2>\n<div class=\"tabcontent\">\n\u00a0<\/p>\n<p style=\"text-align: justify\">Dr. Baran Brigitta: A magyar pszichi\u00e1tria t\u00f6rt\u00e9nete (biol\u00f3giai \u00e9s pszichoter\u00e1pi\u00e1k, elektrokonvulz\u00edv kezel\u00e9s, eugenika haz\u00e1nkban).<\/p>\n<p style=\"text-align: justify\">Dr. Baran Brigitta: A pszichi\u00e1triai betegs\u00e9gek igazs\u00e1g\u00fcgyi vonatkoz\u00e1sai Magyarorsz\u00e1gon.<\/p>\n<p style=\"text-align: justify\">Dr. Baran Brigitta: Pszichi\u00e1triai betegs\u00e9g\u00fck miatt k\u00e9nyszergy\u00f3gykezel\u00e9sre \u00edt\u00e9lt violens b\u0171ncselekm\u00e9nyt elk\u00f6vet\u0151k k\u00f3rel\u0151zm\u00e9ny\u00e9nek vizsg\u00e1lata\u00a0.<\/p>\n<p style=\"text-align: justify\">\n<\/div><h2 class=\"tabtitle\">Szakdolgozatok<\/h2>\n<div class=\"tabcontent\">\n<\/p>\n<p style=\"text-align: justify\"><strong>2017<br \/>\n<\/strong>Balogh M\u00e1rton: Viktimiz\u00e1ci\u00f3 ment\u00e1lis betegs\u00e9gekben (konzulensek: Dr. Baran Brigitta, Dr. Szuromi B\u00e1lint)<br \/>\nBerkes Tibor Gy\u00f6rgy: A figyelemhi\u00e1nyos hiperaktivit\u00e1s zavar forenzikus vonatkoz\u00e1sai konzulens: Dr. Szuromi B\u00e1lint)<br \/>\nF\u00fcl\u00f6p Fanni Anna: Az akarat ellen\u00e9re t\u00f6rt\u00e9n\u0151 pszichi\u00e1triai kezel\u00e9sbe v\u00e9tel \u00f6sszef\u00fcgg\u00e9sei a pszichopatol\u00f3giai jellemz\u0151kkel (konzulens: Dr. Szuromi B\u00e1lint)<br \/>\nKereszt\u00e9ny Zs\u00f3fia: Patol\u00f3gi\u00e1s r\u00e9szegs\u00e9g igazs\u00e1g\u00fcgyi pszichi\u00e1triai szak\u00e9rt\u0151i v\u00e9lem\u00e9nyez\u00e9se (konzulens: Dr. Baran Brigitta)<br \/>\nMarton Fruzsina: S\u00fcrg\u0151ss\u00e9gi gy\u00f3gykezel\u00e9sbe v\u00e9tel \u00e9s szocio-demogr\u00e1fiai jellemz\u0151i (konzulens: Dr. Szuromi B\u00e1lint)<br \/>\nVarga No\u00e9mi: Az autizmus spektrum zavar forenzikus vonatkoz\u00e1sai (konzulensek: Dr. Baran Brigitta, Dr. Szuromi B\u00e1lint)<\/p>\n<p style=\"text-align: justify\"><strong>2015<\/strong><br \/>\nAndreas Eckert: Opfer, Tatpersonen und Geschlechtsspezifische Unterschiede (konzulens: Dr. Baran Brigitta)<\/p>\n<p style=\"text-align: justify\"><strong>2014<\/strong><br \/>\nJ\u00e1mbor M\u00e1t\u00e9: A pszichi\u00e1triai betegs\u00e9gek igazs\u00e1g\u00fcgyi vonatkoz\u00e1sai. Az igazs\u00e1g\u00fcgyi pszichi\u00e1triai szak\u00e9rt\u0151i v\u00e9lem\u00e9ny fejleszt\u00e9se (konzulensek: Dr. Baran Brigitta, Dr. Szuromi B\u00e1lint)<\/p>\n<p style=\"text-align: justify\"><strong>2013<\/strong><br \/>\nBel\u00e1n Emese A violens b\u0171nelk\u00f6vet\u00e9s \u00e9s az \u00f6ngyilkoss\u00e1g kapcsolata (konzulensek: Dr. Baran Brigitta, Dr. Gazdag G\u00e1bor)<\/p>\n<p style=\"text-align: justify\"><strong>2012<\/strong><br \/>\nKov\u00e1cs Magdolna A pszichi\u00e1triai betegs\u00e9g miatt k\u00e9nyszergy\u00f3gykezel\u00e9sre \u00edt\u00e9lt magyar b\u0171nelk\u00f6vet\u0151k megel\u0151z\u0151 jogs\u00e9rt\u00e9seire vonatkoz\u00f3 adatainak vizsg\u00e1lata (konzulensek: Dr. Baran Brigitta, Dr. Gazdag G\u00e1bor)<br \/>\nSzab\u00f3 Ferenc \u00c1d\u00e1m A pszichi\u00e1triai betegs\u00e9g miatt k\u00e9nyszergy\u00f3gykezel\u00e9sre \u00edt\u00e9lt magyar b\u0171nelk\u00f6vet\u0151k b\u0171nism\u00e9tl\u00e9si gyakoris\u00e1ga (konzulensek: Dr. Baran Brigitta, Dr. Gazdag G\u00e1bor)<br \/>\nKara Borb\u00e1la Pszichi\u00e1triai betegs\u00e9g\u00fck miatt k\u00e9nyszergy\u00f3gykezel\u00e9sre \u00edt\u00e9lt violens b\u0171ncselekm\u00e9nyt elk\u00f6vet\u0151k k\u00f3rel\u0151zm\u00e9ny\u00e9nek vizsg\u00e1lata:megel\u0151z\u0151 pszichi\u00e1triai kezel\u00e9sre vonatkoz\u00f3an (konzulensek: Dr. Baran Brigitta, Dr. Gazdag G\u00e1bor)<\/p>\n<p style=\"text-align: justify\"><\/div><\/div><\/p>\n<p style=\"text-align: justify\">\u00a0<\/p>\n","protected":false},"excerpt":{"rendered":"<p>Feladatunknak tekintj\u00fck tov\u00e1bb\u00e1 a forenzikus pszichi\u00e1triai\/pszichol\u00f3giai tev\u00e9kenys\u00e9g tudom\u00e1nyos m\u0171vel\u00e9s\u00e9t, bekapcsol\u00f3d\u00e1sunkat a nemzetk\u00f6zi kutat\u00e1sokba, tudom\u00e1nyos, kutat\u00e1si egy\u00fcttm\u0171k\u00f6d\u00e9s kialak\u00edt\u00e1s\u00e1t a ter\u00fclet t\u00e1rsint\u00e9zeteivel: az Igazs\u00e1g\u00fcgyi Megfigyel\u0151 \u00e9s Elmegy\u00f3gy\u00edt\u00f3 Int\u00e9zettel (IMEI-vel), az egyetemek Igazs\u00e1g\u00fcgyi Orvostani Int\u00e9zeteivel, a Szak\u00e9rt\u0151i Int\u00e9zetekkel, az egyetemek Jogi Karaival \u00a0\u00e9s a B\u00edr\u00f3s\u00e1gokkal. K\u00f6nyvek, k\u00f6nyvfejezetek Baran B, Szab\u00f3 FA. Forenzikus pszichi\u00e1tria. In: F\u00fcredi J, N\u00e9meth A &hellip;<\/p>\n","protected":false},"author":57,"featured_media":0,"parent":0,"menu_order":0,"comment_status":"closed","ping_status":"closed","template":"","meta":{"_acf_changed":false,"footnotes":""},"categories":[],"tags":[],"class_list":["post-359","page","type-page","status-publish","hentry"],"acf":[],"_links":{"self":[{"href":"https:\/\/semmelweis.hu\/fpszcs\/wp-json\/wp\/v2\/pages\/359","targetHints":{"allow":["GET"]}}],"collection":[{"href":"https:\/\/semmelweis.hu\/fpszcs\/wp-json\/wp\/v2\/pages"}],"about":[{"href":"https:\/\/semmelweis.hu\/fpszcs\/wp-json\/wp\/v2\/types\/page"}],"author":[{"embeddable":true,"href":"https:\/\/semmelweis.hu\/fpszcs\/wp-json\/wp\/v2\/users\/57"}],"replies":[{"embeddable":true,"href":"https:\/\/semmelweis.hu\/fpszcs\/wp-json\/wp\/v2\/comments?post=359"}],"version-history":[{"count":6,"href":"https:\/\/semmelweis.hu\/fpszcs\/wp-json\/wp\/v2\/pages\/359\/revisions"}],"predecessor-version":[{"id":564,"href":"https:\/\/semmelweis.hu\/fpszcs\/wp-json\/wp\/v2\/pages\/359\/revisions\/564"}],"wp:attachment":[{"href":"https:\/\/semmelweis.hu\/fpszcs\/wp-json\/wp\/v2\/media?parent=359"}],"wp:term":[{"taxonomy":"category","embeddable":true,"href":"https:\/\/semmelweis.hu\/fpszcs\/wp-json\/wp\/v2\/categories?post=359"},{"taxonomy":"post_tag","embeddable":true,"href":"https:\/\/semmelweis.hu\/fpszcs\/wp-json\/wp\/v2\/tags?post=359"}],"curies":[{"name":"wp","href":"https:\/\/api.w.org\/{rel}","templated":true}]}}