{"id":14,"date":"2012-09-11T15:41:09","date_gmt":"2012-09-11T13:41:09","guid":{"rendered":"http:\/\/semmelweis-egyetem.hu\/onkoterapiai-tanszek\/?page_id=6"},"modified":"2021-05-17T07:05:57","modified_gmt":"2021-05-17T05:05:57","slug":"oktatas","status":"publish","type":"page","link":"https:\/\/semmelweis.hu\/fpszcs\/oktatas\/","title":{"rendered":"Oktat\u00e1s"},"content":{"rendered":"<p>A Forenzikus Munkacsoport a k\u00f6telez\u0151 tov\u00e1bbk\u00e9pz\u00e9sben (CME) \u00e9s az Igazs\u00e1g\u00fcgyi Pszichi\u00e1triai szakk\u00e9pz\u00e9sben vesz r\u00e9szt:<\/p>\n<div class=\"responsive-tabs\">\n<h2 class=\"tabtitle\">CME<\/h2>\n<div class=\"tabcontent\">\n\n<p>&#8222;Polg\u00e1ri jogi szempontb\u00f3l relev\u00e1ns k\u00e9pess\u00e9gek vizsg\u00e1lata&#8221; c\u00edm\u0171 CME program el\u0151ad\u00e1sok (jelsz\u00f3val v\u00e9dett):<br \/>\n<a href=\"https:\/\/semmelweis.hu\/fpszcs\/files\/2019\/11\/A-polg\u00e1ri-jogi-szempontb\u00f3l-relev\u00e1ns-k\u00e9pess\u00e9gek-vizsg\u00e1lata-1..pdf\">A polg\u00e1ri jogi szempontb\u00f3l relev\u00e1ns k\u00e9pess\u00e9gek vizsg\u00e1lata 1.<\/a><br \/>\n<a href=\"https:\/\/semmelweis.hu\/fpszcs\/files\/2019\/11\/A-polg\u00e1rjogi-szempontb\u00f3l-relev\u00e1ns-l\u00e9pess\u00e9gek-vizsg\u00e1lata-2..pdf\">A polg\u00e1rjogi szempontb\u00f3l relev\u00e1ns l\u00e9pess\u00e9gek vizsg\u00e1lata 2.<\/a><br \/>\n<a href=\"https:\/\/semmelweis.hu\/fpszcs\/files\/2019\/11\/A-pszichi\u00e1triai-betegs\u00e9g-mint-b\u00fcntethet\u0151s\u00e9get-kiz\u00e1r\u00f3-vagy.pdf\">A pszichi\u00e1triai betegs\u00e9g mint b\u00fcntethet\u0151s\u00e9get kiz\u00e1r\u00f3, vagy korl\u00e1toz\u00f3 t\u00e9nyez\u0151 csal\u00e1dtagok s\u00e9relm\u00e9re elk\u00f6vetett b\u0171ncselekm\u00e9nyekben &#8211; b\u0171nism\u00e9tl\u00e9s vesz\u00e9ly\u00e9nek meg\u00edt\u00e9l\u00e9se, megel\u0151z\u00e9s\u00e9nek lehet\u0151s\u00e9gei<\/a><br \/>\n<a href=\"https:\/\/semmelweis.hu\/fpszcs\/files\/2019\/11\/Bel\u00e1t\u00e1si-k\u00e9pess\u00e9g-sote.pdf\">Bel\u00e1t\u00e1si k\u00e9pess\u00e9g<\/a><br \/>\n<a href=\"https:\/\/semmelweis.hu\/fpszcs\/files\/2019\/11\/Belatasi-kepesseg-Dosa-Agi.pdf\">Belatasi kepesseg a pszichi\u00e1triai gyarkolatban<\/a><br \/>\n<a href=\"https:\/\/semmelweis.hu\/fpszcs\/files\/2019\/11\/CME-2019.10.29..pdf\">A polg\u00e1ri jogi szempontb\u00f3l relev\u00e1ns k\u00e9pess\u00e9gek vizsg\u00e1lata<\/a><br \/>\n<a href=\"https:\/\/semmelweis.hu\/fpszcs\/files\/2019\/11\/P\u00c9F-\u00fatmutat\u00f3.pdf\">P\u00c9F \u00fatmutat\u00f3<\/a><\/p>\n<p>&#8222;Csal\u00e1di forenzikus pszich\u00e1tria&#8221; c\u00edm\u0171 program el\u0151ad\u00e1sok (jelsz\u00f3val v\u00e9dett):<br \/>\n<a href=\"https:\/\/semmelweis.hu\/fpszcs\/files\/2019\/11\/Forenzikus-pszichi\u00e1tria-a-csal\u00e1dban-esetismertet\u00e9s.pdf\">Forenzikus pszichi\u00e1tria a csal\u00e1dban esetismertet\u00e9s<\/a><br \/>\n<a href=\"https:\/\/semmelweis.hu\/fpszcs\/files\/2019\/11\/A-csal\u00e1d-\u00e9s-gyermekj\u00f3l\u00e9ti-szolg\u00e1ltat\u00f3k-tev\u00e9kenys\u00e9ge-pszichi\u00e1triai-betegs\u00e9gben-szenved\u0151-sz\u00fcl\u0151kkel.pdf\">A csal\u00e1d \u00e9s gyermekj\u00f3l\u00e9ti szolg\u00e1ltat\u00f3k tev\u00e9kenys\u00e9ge pszichi\u00e1triai betegs\u00e9gben szenved\u0151 sz\u00fcl\u0151kkel<\/a><br \/>\n<a href=\"https:\/\/semmelweis.hu\/fpszcs\/files\/2019\/11\/Saj\u00e1t-gyermek-ellen-elk\u00f6vetett-b\u0171ncselekm\u00e9ny-miatti-k\u00e9nyszergy\u00f3gykezel\u00e9sek-az-IMEI-ben-a-megel\u0151z\u00e9s-szempontjai.pdf\">Saj\u00e1t gyermek ellen elk\u00f6vetett b\u0171ncselekm\u00e9ny miatti k\u00e9nyszergy\u00f3gykezel\u00e9sek az IMEI-ben a megel\u0151z\u00e9s szempontjai<\/a><br \/>\n<a href=\"https:\/\/semmelweis.hu\/fpszcs\/files\/2019\/11\/Violenciarizik\u00f3-cs\u00f6kkent\u00e9s\u00e9re-t\u00f6rekv\u00e9s.pdf\">Violenciarizik\u00f3 cs\u00f6kkent\u00e9s\u00e9re t\u00f6rekv\u00e9s<\/a><br \/>\n<a href=\"https:\/\/semmelweis.hu\/fpszcs\/files\/2019\/11\/Pszichi\u00e1triai-betegek-\u00e1ltal-feln\u0151tt-\u00e9s-kiskor\u00fa-csal\u00e1dtag-s\u00e9relm\u00e9re-elk\u00f6vetett-b\u0171ncselekm\u00e9nyek.pdf\">Pszichi\u00e1triai betegek \u00e1ltal (feln\u0151tt \u00e9s kiskor\u00fa) csal\u00e1dtag s\u00e9relm\u00e9re elk\u00f6vetett b\u0171ncselekm\u00e9nyek<\/a><\/p>\n\n<\/div><h2 class=\"tabtitle\">Igazs\u00e1g\u00fcgyi Pszichi\u00e1tria szakk\u00e9pz\u00e9s<\/h2>\n<div class=\"tabcontent\">\n\n<p>El\u0151ad\u00e1sok (2020):<\/p>\n<p><a href=\"https:\/\/semmelweis.hu\/fpszcs\/files\/2021\/01\/dr.-Baran-Brigitta-A-forenzikus-pszichi\u00e1tria-meghat\u00e1roz\u00e1sa.-A-forenzikus-pszichi\u00e1triai-ell\u00e1t\u00f3rendszer.pdf\">A forenzikus pszichi\u00e1triai ell\u00e1t\u00f3rendszer<\/a><br \/>\n<a href=\"https:\/\/semmelweis.hu\/fpszcs\/files\/2021\/01\/Dr.-Czenner-Zsuzsa-A-pszichol\u00f3gus-\u00e9s-a-pszichi\u00e1ter-szak\u00e9rt\u0151-egy\u00fcttm\u0171k\u00f6d\u00e9si-ter\u00fcletei.pdf\">A pszichol\u00f3gus \u00e9s a pszichi\u00e1ter szak\u00e9rt\u0151 egy\u00fcttm\u0171k\u00f6d\u00e9si ter\u00fcletei<\/a><br \/>\n<a href=\"https:\/\/semmelweis.hu\/fpszcs\/files\/2021\/01\/Dr.-D\u00f3sa-\u00c1gnes-M\u0171hib\u00e1k-\u00e9s-megel\u0151z\u00e9s\u00fck.pdf\">M\u0171hib\u00e1k \u00e9s megel\u0151z\u00e9s\u00fck<\/a><br \/>\n<a href=\"https:\/\/semmelweis.hu\/fpszcs\/files\/2021\/01\/Dr.-Kov\u00e1cs-J\u00f3zsef-A-forenzikus-pszichi\u00e1tria-etikai-k\u00e9rd\u00e9sei.pdf\">A forenzikus pszichi\u00e1tria etikai k\u00e9rd\u00e9sei<\/a><br \/>\n<a href=\"https:\/\/semmelweis.hu\/fpszcs\/files\/2021\/01\/Dr.-Kussinszky.pdf\">A pszichi\u00e1triai betegell\u00e1t\u00e1s hazai szab\u00e1lyoz\u00e1si k\u00f6rnyezete, kitekint\u00e9ssel a vonatkoz\u00f3 strasbourgi esetjogra<\/a><br \/>\n<a href=\"https:\/\/semmelweis.hu\/fpszcs\/files\/2021\/01\/Krist\u00f3f-Andrea-Igazs\u00e1g\u00fcgyi-pszichi\u00e1ter-szak\u00e9rt\u0151i-vizsg\u00e1lat-COVID-j\u00e1rv\u00e1ny-idej\u00e9n.pdf\">Igazs\u00e1g\u00fcgyi pszichi\u00e1ter szak\u00e9rt\u0151i vizsg\u00e1lat COVID j\u00e1rv\u00e1ny idej\u00e9n<\/a><\/p>\n\n<\/div><h2 class=\"tabtitle\">Szakk\u00e9pz\u00e9si dokumentumok<\/h2>\n<div class=\"tabcontent\">\n\n<p>Jelentkez\u00e9si lapok:<\/p>\n<p><a href=\"https:\/\/semmelweis.hu\/fpszcs\/files\/2012\/09\/Forenzikus-pszichi\u00e1tria-tanfolyam-programja-2017.11.16-18..pdf\"> Igazs\u00e1g\u00fcgyi Pszichi\u00e1tria K\u00f6telez\u0151 Tov\u00e1bbk\u00e9pz\u00e9s<\/a><\/p>\n<p><a href=\"https:\/\/semmelweis.hu\/fpszcs\/files\/2013\/07\/Igazs\u00e1g\u00fcgyi-pszichi\u00e1tria-pszichi\u00e1triara-\u00e9p\u00edtve.doc\">Igazs\u00e1g\u00fcgyi pszichi\u00e1tria, pszichi\u00e1tri\u00e1ra \u00e9p\u00edtve.<\/a><\/p>\n<p><a href=\"https:\/\/semmelweis.hu\/fpszcs\/files\/2013\/07\/Igazs\u00e1g\u00fcgyi-pszichi\u00e1tria-gyerekpszichi\u00e1tri\u00e1ra-\u00e9p\u00edtve.doc\">Igazs\u00e1g\u00fcgyi pszichi\u00e1tria, gyerekpszichi\u00e1tri\u00e1ra \u00e9p\u00edtve.<\/a><\/p>\n<p><a href=\"http:\/\/njt.hu\/cgi_bin\/njt_doc.cgi?docid=154386.260672\">2012. 22-es EMMI rendelet.<\/a><\/p>\n<p style=\"text-align: justify\">\u00a0<\/div><\/div><\/p>\n<p>&nbsp;<\/p>\n<p>&nbsp;<\/p>\n<p><span style=\"font-size: xx-small\">(Let\u00f6lt\u00e9s\u00e9rt kattintson a sz\u00f6vegre)<\/span><\/p>\n","protected":false},"excerpt":{"rendered":"<p>A Forenzikus Munkacsoport a k\u00f6telez\u0151 tov\u00e1bbk\u00e9pz\u00e9sben (CME) \u00e9s az Igazs\u00e1g\u00fcgyi Pszichi\u00e1triai szakk\u00e9pz\u00e9sben vesz r\u00e9szt: &#8222;Polg\u00e1ri jogi szempontb\u00f3l relev\u00e1ns k\u00e9pess\u00e9gek vizsg\u00e1lata&#8221; c\u00edm\u0171 CME program el\u0151ad\u00e1sok (jelsz\u00f3val v\u00e9dett): <a href=\"https:\/\/semmelweis.hu\/fpszcs\/files\/2019\/11\/A-polg\u00e1ri-jogi-szempontb\u00f3l-relev\u00e1ns-k\u00e9pess\u00e9gek-vizsg\u00e1lata-1..pdf\">A polg\u00e1ri jogi szempontb\u00f3l relev\u00e1ns k\u00e9pess\u00e9gek vizsg\u00e1lata 1.<\/a> <a href=\"https:\/\/semmelweis.hu\/fpszcs\/files\/2019\/11\/A-polg\u00e1rjogi-szempontb\u00f3l-relev\u00e1ns-l\u00e9pess\u00e9gek-vizsg\u00e1lata-2..pdf\">A polg\u00e1rjogi szempontb\u00f3l relev\u00e1ns l\u00e9pess\u00e9gek vizsg\u00e1lata 2.<\/a> <a href=\"https:\/\/semmelweis.hu\/fpszcs\/files\/2019\/11\/A-pszichi\u00e1triai-betegs\u00e9g-mint-b\u00fcntethet\u0151s\u00e9get-kiz\u00e1r\u00f3-vagy.pdf\">A pszichi\u00e1triai betegs\u00e9g mint b\u00fcntethet\u0151s\u00e9get kiz\u00e1r\u00f3, vagy korl\u00e1toz\u00f3 t\u00e9nyez\u0151 csal\u00e1dtagok s\u00e9relm\u00e9re elk\u00f6vetett b\u0171ncselekm\u00e9nyekben &#8211; b\u0171nism\u00e9tl\u00e9s vesz\u00e9ly\u00e9nek meg\u00edt\u00e9l\u00e9se, megel\u0151z\u00e9s\u00e9nek lehet\u0151s\u00e9gei<\/a> <a href=\"https:\/\/semmelweis.hu\/fpszcs\/files\/2019\/11\/Bel\u00e1t\u00e1si-k\u00e9pess\u00e9g-sote.pdf\">Bel\u00e1t\u00e1si k\u00e9pess\u00e9g<\/a> <a href=\"https:\/\/semmelweis.hu\/fpszcs\/files\/2019\/11\/Belatasi-kepesseg-Dosa-Agi.pdf\">Belatasi kepesseg a pszichi\u00e1triai gyarkolatban<\/a> <a href=\"https:\/\/semmelweis.hu\/fpszcs\/files\/2019\/11\/CME-2019.10.29..pdf\">A polg\u00e1ri jogi szempontb\u00f3l relev\u00e1ns k\u00e9pess\u00e9gek vizsg\u00e1lata<\/a> <a href=\"https:\/\/semmelweis.hu\/fpszcs\/files\/2019\/11\/P\u00c9F-\u00fatmutat\u00f3.pdf\">P\u00c9F \u00fatmutat\u00f3<\/a> &#8222;Csal\u00e1di forenzikus pszich\u00e1tria&#8221; c\u00edm\u0171 program el\u0151ad\u00e1sok (jelsz\u00f3val v\u00e9dett): <a href=\"https:\/\/semmelweis.hu\/fpszcs\/files\/2019\/11\/Forenzikus-pszichi\u00e1tria-a-csal\u00e1dban-esetismertet\u00e9s.pdf\">Forenzikus pszichi\u00e1tria a csal\u00e1dban esetismertet\u00e9s<\/a> <a href=\"https:\/\/semmelweis.hu\/fpszcs\/files\/2019\/11\/A-csal\u00e1d-\u00e9s-gyermekj\u00f3l\u00e9ti-szolg\u00e1ltat\u00f3k-tev\u00e9kenys\u00e9ge-pszichi\u00e1triai-betegs\u00e9gben-szenved\u0151-sz\u00fcl\u0151kkel.pdf\">A csal\u00e1d \u00e9s gyermekj\u00f3l\u00e9ti szolg\u00e1ltat\u00f3k tev\u00e9kenys\u00e9ge pszichi\u00e1triai betegs\u00e9gben szenved\u0151 sz\u00fcl\u0151kkel<\/a> <a href=\"https:\/\/semmelweis.hu\/fpszcs\/files\/2019\/11\/Saj\u00e1t-gyermek-ellen-elk\u00f6vetett-b\u0171ncselekm\u00e9ny-miatti-k\u00e9nyszergy\u00f3gykezel\u00e9sek-az-IMEI-ben-a-megel\u0151z\u00e9s-szempontjai.pdf\">Saj\u00e1t gyermek ellen elk\u00f6vetett b\u0171ncselekm\u00e9ny miatti k\u00e9nyszergy\u00f3gykezel\u00e9sek az IMEI-ben a megel\u0151z\u00e9s szempontjai<\/a> <a href=\"https:\/\/semmelweis.hu\/fpszcs\/files\/2019\/11\/Violenciarizik\u00f3-cs\u00f6kkent\u00e9s\u00e9re-t\u00f6rekv\u00e9s.pdf\">Violenciarizik\u00f3 cs\u00f6kkent\u00e9s\u00e9re t\u00f6rekv\u00e9s<\/a> <a href=\"https:\/\/semmelweis.hu\/fpszcs\/files\/2019\/11\/Pszichi\u00e1triai-betegek-\u00e1ltal-feln\u0151tt-\u00e9s-kiskor\u00fa-csal\u00e1dtag-s\u00e9relm\u00e9re-elk\u00f6vetett-b\u0171ncselekm\u00e9nyek.pdf\">Pszichi\u00e1triai betegek \u00e1ltal (feln\u0151tt \u00e9s kiskor\u00fa) csal\u00e1dtag s\u00e9relm\u00e9re elk\u00f6vetett b\u0171ncselekm\u00e9nyek<\/a> \u00a0 El\u0151ad\u00e1sok (2020): <a href=\"https:\/\/semmelweis.hu\/fpszcs\/files\/2021\/01\/dr.-Baran-Brigitta-A-forenzikus-pszichi\u00e1tria-meghat\u00e1roz\u00e1sa.-A-forenzikus-pszichi\u00e1triai-ell\u00e1t\u00f3rendszer.pdf\">A forenzikus pszichi\u00e1triai ell\u00e1t\u00f3rendszer<\/a> <a href=\"https:\/\/semmelweis.hu\/fpszcs\/files\/2021\/01\/Dr.-Czenner-Zsuzsa-A-pszichol\u00f3gus-\u00e9s-a-pszichi\u00e1ter-szak\u00e9rt\u0151-egy\u00fcttm\u0171k\u00f6d\u00e9si-ter\u00fcletei.pdf\">A pszichol\u00f3gus \u00e9s a pszichi\u00e1ter szak\u00e9rt\u0151 egy\u00fcttm\u0171k\u00f6d\u00e9si ter\u00fcletei<\/a> <a href=\"https:\/\/semmelweis.hu\/fpszcs\/files\/2021\/01\/Dr.-D\u00f3sa-\u00c1gnes-M\u0171hib\u00e1k-\u00e9s-megel\u0151z\u00e9s\u00fck.pdf\">M\u0171hib\u00e1k \u00e9s megel\u0151z\u00e9s\u00fck<\/a> <a href=\"https:\/\/semmelweis.hu\/fpszcs\/files\/2021\/01\/Dr.-Kov\u00e1cs-J\u00f3zsef-A-forenzikus-pszichi\u00e1tria-etikai-k\u00e9rd\u00e9sei.pdf\">A forenzikus pszichi\u00e1tria etikai k\u00e9rd\u00e9sei<\/a> <a href=\"https:\/\/semmelweis.hu\/fpszcs\/files\/2021\/01\/Dr.-Kussinszky.pdf\">A pszichi\u00e1triai betegell\u00e1t\u00e1s hazai szab\u00e1lyoz\u00e1si k\u00f6rnyezete, kitekint\u00e9ssel a vonatkoz\u00f3 strasbourgi esetjogra<\/a> <a href=\"https:\/\/semmelweis.hu\/fpszcs\/files\/2021\/01\/Krist\u00f3f-Andrea-Igazs\u00e1g\u00fcgyi-pszichi\u00e1ter-szak\u00e9rt\u0151i-vizsg\u00e1lat-COVID-j\u00e1rv\u00e1ny-idej\u00e9n.pdf\">Igazs\u00e1g\u00fcgyi pszichi\u00e1ter szak\u00e9rt\u0151i vizsg\u00e1lat COVID j\u00e1rv\u00e1ny idej\u00e9n<\/a> \u00a0 Jelentkez\u00e9si lapok: <a href=\"https:\/\/semmelweis.hu\/fpszcs\/files\/2012\/09\/Forenzikus-pszichi\u00e1tria-tanfolyam-programja-2017.11.16-18..pdf\"> Igazs\u00e1g\u00fcgyi Pszichi\u00e1tria K\u00f6telez\u0151 Tov\u00e1bbk\u00e9pz\u00e9s<\/a> <a href=\"https:\/\/semmelweis.hu\/fpszcs\/files\/2013\/07\/Igazs\u00e1g\u00fcgyi-pszichi\u00e1tria-pszichi\u00e1triara-\u00e9p\u00edtve.doc\">Igazs\u00e1g\u00fcgyi pszichi\u00e1tria, pszichi\u00e1tri\u00e1ra \u00e9p\u00edtve.<\/a> <a href=\"https:\/\/semmelweis.hu\/fpszcs\/files\/2013\/07\/Igazs\u00e1g\u00fcgyi-pszichi\u00e1tria-gyerekpszichi\u00e1tri\u00e1ra-\u00e9p\u00edtve.doc\">Igazs\u00e1g\u00fcgyi pszichi\u00e1tria, gyerekpszichi\u00e1tri\u00e1ra \u00e9p\u00edtve.<\/a> <a href=\"http:\/\/njt.hu\/cgi_bin\/njt_doc.cgi?docid=154386.260672\">2012. 22-es EMMI rendelet.<\/a> \u00a0 &nbsp; &nbsp; (Let\u00f6lt\u00e9s\u00e9rt kattintson a &hellip;<\/p>\n","protected":false},"author":187,"featured_media":0,"parent":0,"menu_order":0,"comment_status":"closed","ping_status":"closed","template":"","meta":{"_acf_changed":false,"footnotes":""},"categories":[],"tags":[],"class_list":["post-14","page","type-page","status-publish","hentry"],"acf":[],"_links":{"self":[{"href":"https:\/\/semmelweis.hu\/fpszcs\/wp-json\/wp\/v2\/pages\/14","targetHints":{"allow":["GET"]}}],"collection":[{"href":"https:\/\/semmelweis.hu\/fpszcs\/wp-json\/wp\/v2\/pages"}],"about":[{"href":"https:\/\/semmelweis.hu\/fpszcs\/wp-json\/wp\/v2\/types\/page"}],"author":[{"embeddable":true,"href":"https:\/\/semmelweis.hu\/fpszcs\/wp-json\/wp\/v2\/users\/187"}],"replies":[{"embeddable":true,"href":"https:\/\/semmelweis.hu\/fpszcs\/wp-json\/wp\/v2\/comments?post=14"}],"version-history":[{"count":10,"href":"https:\/\/semmelweis.hu\/fpszcs\/wp-json\/wp\/v2\/pages\/14\/revisions"}],"predecessor-version":[{"id":567,"href":"https:\/\/semmelweis.hu\/fpszcs\/wp-json\/wp\/v2\/pages\/14\/revisions\/567"}],"wp:attachment":[{"href":"https:\/\/semmelweis.hu\/fpszcs\/wp-json\/wp\/v2\/media?parent=14"}],"wp:term":[{"taxonomy":"category","embeddable":true,"href":"https:\/\/semmelweis.hu\/fpszcs\/wp-json\/wp\/v2\/categories?post=14"},{"taxonomy":"post_tag","embeddable":true,"href":"https:\/\/semmelweis.hu\/fpszcs\/wp-json\/wp\/v2\/tags?post=14"}],"curies":[{"name":"wp","href":"https:\/\/api.w.org\/{rel}","templated":true}]}}