{"id":13,"date":"2012-09-11T15:40:47","date_gmt":"2012-09-11T13:40:47","guid":{"rendered":"http:\/\/semmelweis-egyetem.hu\/onkoterapiai-tanszek\/?page_id=5"},"modified":"2024-09-04T10:28:59","modified_gmt":"2024-09-04T08:28:59","slug":"altalanos-informaciok","status":"publish","type":"page","link":"https:\/\/semmelweis.hu\/fpszcs\/","title":{"rendered":"\u00dcdv\u00f6z\u00f6lj\u00fck honlapunkon"},"content":{"rendered":"<p style=\"text-align: justify\"><strong>\u00dcdv\u00f6z\u00f6lj\u00fck a Semmelweis Egyetem Pszichi\u00e1triai \u00e9s Pszichoter\u00e1pi\u00e1s Klinika\u00a0Forenzikus Pszichi\u00e1triai Munkacsoportj\u00e1nak honlapj\u00e1n!<\/strong><\/p>\n<p style=\"text-align: justify\">A pszichi\u00e1tria szakma \u00e9s tudom\u00e1ny az elm\u00falt \u00e9vtizedekben forradalmi fejl\u0151d\u00e9sen \u00e9s v\u00e1ltoz\u00e1son ment kereszt\u00fcl. Gondoljunk csak a genetikai \u00e9s a pszichofarmakol\u00f3giai kutat\u00e1sokra, a DSM-5 bevezet\u00e9s\u00e9vel a diagnosztikus krit\u00e9riumok meg\u00fajul\u00e1s\u00e1ra, a ter\u00e1pi\u00e1s paletta b\u0151v\u00fcl\u00e9s\u00e9re, a k\u00f3rk\u00e9pek megjelen\u00e9s\u00e9nek \u00e9s lefoly\u00e1s\u00e1nak megv\u00e1ltoz\u00e1s\u00e1ra, \u00e9s a pszichi\u00e1triai ell\u00e1t\u00f3rendszernek a z\u00e1rt int\u00e9zet fel\u0151l a k\u00f6z\u00f6ss\u00e9gi ell\u00e1t\u00e1s ir\u00e1ny\u00e1ba halad\u00e1s\u00e1ra.<\/p>\n<p style=\"text-align: justify\">Lehetetlenn\u00e9 v\u00e1lt a szakma teljes spektrum\u00e1t \u00e1tfog\u00f3, olyan speci\u00e1lis szakismeret birtokl\u00e1sa, mely minden r\u00e9szter\u00fcleten val\u00f3 j\u00e1rtass\u00e1gon, a szakirodalom \u00e9s a kutat\u00e1si eredm\u00e9nyek naprak\u00e9sz ismeret\u00e9n (evidenci\u00e1kon) alapulna. A pszichi\u00e1tri\u00e1t is el\u00e9rte az orvostudom\u00e1ny t\u00f6bbi \u00e1g\u00e1ban m\u00e1ra megszokott\u00e1 v\u00e1lt szubspecializ\u00e1ci\u00f3. Ennek megfelel\u0151en lev\u00e1lt, \u00f6n\u00e1ll\u00f3 alap szakk\u00e9pes\u00edt\u00e9shez k\u00f6t\u00f6tt szakter\u00fclet lett a gyermekpszichi\u00e1tria, \u00e9s r\u00e1\u00e9p\u00edthet\u0151 szakk\u00e9pes\u00edt\u00e9shez k\u00f6t\u00f6tten megjelent a pszichoter\u00e1pia, a pszichi\u00e1triai rehabilit\u00e1ci\u00f3, \u00e9s &#8211; a haz\u00e1nkba is begy\u0171r\u0171z\u0151 droghaszn\u00e1lat folyom\u00e1nyak\u00e9nt &#8211; az addiktol\u00f3gia. A nemzetk\u00f6zi gyakorlatnak \u00e9s a hazai hagyom\u00e1nyoknak megfelel\u0151en \u00e1talakul\u00f3ban van a pszichi\u00e1tria igazs\u00e1g\u00fcgyi (forenzikus) vonatkoz\u00e1saival foglalkoz\u00f3 ter\u00fclet is.<\/p>\n<p style=\"text-align: justify\">Klinik\u00e1nk Forenzikus Pszichi\u00e1triai Munkacsoportja a kor tudom\u00e1nyos-szakmai elv\u00e1r\u00e1sainak megfelel\u0151en a pszichi\u00e1tria forenzikus (igazs\u00e1g\u00fcgyi) \u00e1g\u00e1nak tudom\u00e1nyos, bizony\u00edt\u00e9kokon alapul\u00f3 m\u0171vel\u00e9s\u00e9t t\u0171zte ki c\u00e9lul.<\/p>\n<p style=\"text-align: justify\">Szakmai tev\u00e9kenys\u00e9g\u00fcnk gerinc\u00e9t a b\u00edr\u00f3s\u00e1g \u00e1ltal elrendelt elme\u00e1llapot megfigyel\u00e9sek lefolytat\u00e1sa jelenti a Klinik\u00e1n 2013-ban l\u00e9trej\u00f6tt, 6 \u00e1gyon m\u0171k\u00f6d\u0151 Forenzikus Pszichi\u00e1triai R\u00e9szlegen. Emellett t\u00f6reksz\u00fcnk a Klinika hagyom\u00e1nyai szerint ig\u00e9nyes igazs\u00e1g\u00fcgyi pszichi\u00e1triai szak\u00e9rt\u0151i v\u00e9lem\u00e9nyek megalkot\u00e1s\u00e1ra. Ennek \u00e9rdek\u00e9ben munkacsoportunkban az igazs\u00e1g\u00fcgyi pszichi\u00e1ter szak\u00e9rt\u0151k munk\u00e1j\u00e1t szakkonzulensek seg\u00edtik, akik a pszichi\u00e1tria\/pszichol\u00f3gia egyes r\u00e9szter\u00fcletein (pl. pszichofarmakol\u00f3gia, pszich\u00f3zisok, szexu\u00e1lis zavarok, szem\u00e9lyis\u00e9gzavarok gerontopszichi\u00e1tria, addiktol\u00f3gia, gyermekpszichi\u00e1tria, pszichol\u00f3gia, neuropszichol\u00f3gia) elismert szakemberek, kutat\u00f3k.<\/p>\n<p style=\"text-align: justify\">\u00c9vek \u00f3ta tev\u00e9kenyen r\u00e9szt v\u00e1llalunk az igazs\u00e1g\u00fcgyi pszichi\u00e1tria oktat\u00e1s\u00e1ban is: oktatjuk orvostanhallgat\u00f3knak, pszichi\u00e1ter szakorvosok k\u00e9pz\u00e9s\u00e9ben\/tov\u00e1bbk\u00e9pz\u00e9s\u00e9ben, \u00e9s r\u00e9szt v\u00e1llalunk az igazs\u00e1g\u00fcgyi pszichi\u00e1ter szakorvosok szakk\u00e9pz\u00e9s\u00e9ben is.<\/p>\n<p style=\"text-align: justify\">M\u0171k\u00f6d\u00e9s\u00fcnk harmadik ter\u00fclet\u00e9t forenzikus pszichi\u00e1triai kutat\u00e1sok folytat\u00e1sa \u00e9s eredm\u00e9nyeink publik\u00e1l\u00e1sa jelenti.<\/p>\n<p style=\"text-align: justify\">Honlapunkon hozz\u00e1f\u00e9rhet\u0151v\u00e9 v\u00e1lnak tov\u00e1bb\u00e1 a ter\u00fclet\u00fcnket \u00e9rint\u0151 jogszab\u00e1lyok, h\u00edrek, t\u00e1j\u00e9koztatunk a szakmai rendezv\u00e9nyek, tov\u00e1bbk\u00e9pz\u00e9sek id\u0151pontj\u00e1r\u00f3l, az igazs\u00e1g\u00fcgyi pszichi\u00e1tria r\u00e1\u00e9p\u00edtett szakk\u00e9pz\u00e9s tudnival\u00f3ir\u00f3l.<\/p>\n","protected":false},"excerpt":{"rendered":"<p>\u00dcdv\u00f6z\u00f6lj\u00fck a Semmelweis Egyetem Pszichi\u00e1triai \u00e9s Pszichoter\u00e1pi\u00e1s Klinika\u00a0Forenzikus Pszichi\u00e1triai Munkacsoportj\u00e1nak honlapj\u00e1n! A pszichi\u00e1tria szakma \u00e9s tudom\u00e1ny az elm\u00falt \u00e9vtizedekben forradalmi fejl\u0151d\u00e9sen \u00e9s v\u00e1ltoz\u00e1son ment kereszt\u00fcl. Gondoljunk csak a genetikai \u00e9s a pszichofarmakol\u00f3giai kutat\u00e1sokra, a DSM-5 bevezet\u00e9s\u00e9vel a diagnosztikus krit\u00e9riumok meg\u00fajul\u00e1s\u00e1ra, a ter\u00e1pi\u00e1s paletta b\u0151v\u00fcl\u00e9s\u00e9re, a k\u00f3rk\u00e9pek megjelen\u00e9s\u00e9nek \u00e9s lefoly\u00e1s\u00e1nak megv\u00e1ltoz\u00e1s\u00e1ra, \u00e9s a pszichi\u00e1triai ell\u00e1t\u00f3rendszernek a &hellip;<\/p>\n","protected":false},"author":101149,"featured_media":0,"parent":0,"menu_order":0,"comment_status":"closed","ping_status":"closed","template":"","meta":{"_acf_changed":false,"footnotes":""},"categories":[],"tags":[],"class_list":["post-13","page","type-page","status-publish","hentry"],"acf":[],"_links":{"self":[{"href":"https:\/\/semmelweis.hu\/fpszcs\/wp-json\/wp\/v2\/pages\/13","targetHints":{"allow":["GET"]}}],"collection":[{"href":"https:\/\/semmelweis.hu\/fpszcs\/wp-json\/wp\/v2\/pages"}],"about":[{"href":"https:\/\/semmelweis.hu\/fpszcs\/wp-json\/wp\/v2\/types\/page"}],"author":[{"embeddable":true,"href":"https:\/\/semmelweis.hu\/fpszcs\/wp-json\/wp\/v2\/users\/101149"}],"replies":[{"embeddable":true,"href":"https:\/\/semmelweis.hu\/fpszcs\/wp-json\/wp\/v2\/comments?post=13"}],"version-history":[{"count":10,"href":"https:\/\/semmelweis.hu\/fpszcs\/wp-json\/wp\/v2\/pages\/13\/revisions"}],"predecessor-version":[{"id":591,"href":"https:\/\/semmelweis.hu\/fpszcs\/wp-json\/wp\/v2\/pages\/13\/revisions\/591"}],"wp:attachment":[{"href":"https:\/\/semmelweis.hu\/fpszcs\/wp-json\/wp\/v2\/media?parent=13"}],"wp:term":[{"taxonomy":"category","embeddable":true,"href":"https:\/\/semmelweis.hu\/fpszcs\/wp-json\/wp\/v2\/categories?post=13"},{"taxonomy":"post_tag","embeddable":true,"href":"https:\/\/semmelweis.hu\/fpszcs\/wp-json\/wp\/v2\/tags?post=13"}],"curies":[{"name":"wp","href":"https:\/\/api.w.org\/{rel}","templated":true}]}}