{"id":8,"date":"2012-01-24T11:15:49","date_gmt":"2012-01-24T11:15:49","guid":{"rendered":"http:\/\/semmelweis-egyetem.hu\/fok\/?page_id=8"},"modified":"2025-05-20T13:27:35","modified_gmt":"2025-05-20T11:27:35","slug":"munkatarsak","status":"publish","type":"page","link":"https:\/\/semmelweis.hu\/fok\/munkatarsak\/","title":{"rendered":"El\u00e9rhet\u0151s\u00e9gek"},"content":{"rendered":"<h2>Fogorvostudom\u00e1nyi Kar &#8211; Semmelweis Egyetem<\/h2>\n<h4>C\u00edm: 1085 Budapest, \u00dcll\u0151i \u00fat 26. fszt. 10. \u00a0<\/h4>\n<h4><strong>D\u00c9K\u00c1NI HIVATAL \u00dcGYF\u00c9LFOGAD\u00c1S:\u00a0<\/strong><\/h4>\n<p>h\u00e9tf\u0151:\u00a0 12.30 &#8211; 15.30 \u00f3r\u00e1ig\u00a0\u00a0<br \/>\nkedd:\u00a0 \u00a0 9.00-12.00 \u00f3r\u00e1ig<br \/>\nszerda: 12.30 &#8211; 15.30\u00a0 \u00f3r\u00e1ig\u00a0\u00a0\u00a0 <br \/>\ncs\u00fct\u00f6rt\u00f6k: 9.00-12.00 \u00f3r\u00e1ig\u00a0 <br \/>\np\u00e9ntek: sz\u00fcnnap<\/p>\n<p><a href=\"https:\/\/www.facebook.com\/SemmelweisEgyetem.FOK\" target=\"_blank\" rel=\"noopener\">Facebook &#8211; a Semmelweis Egyetem Fogorvostudom\u00e1nyi Kar\u00e1nak Facebook el\u00e9rhet\u0151s\u00e9ge<\/a><\/p>\n<p><strong><em> Az al\u00e1bbi el\u00e9rhet\u0151s\u00e9gi adatok nem haszn\u00e1lhat\u00f3k fel az 1995. \u00e9vi CXIX. t\u00f6rv\u00e9ny szerinti kutat\u00e1s \u00e9s k\u00f6zvetlen \u00fczletszerz\u00e9s c\u00e9lj\u00e1ra!!<\/em><\/strong><\/p>\n\n<!-- iframe plugin v.4.9 wordpress.org\/plugins\/iframe\/ -->\n<iframe loading=\"lazy\" src=\"https:\/\/www.google.com\/maps\/embed?pb=!1m18!1m12!1m3!1d2696.135986131693!2d19.06511575142768!3d47.487264179074764!2m3!1f0!2f0!3f0!3m2!1i1024!2i768!4f13.1!3m3!1m2!1s0x4741dc59c3ad1883%3A0xd8217471b645cdd4!2zQnVkYXBlc3QsIMOcbGzFkWkgw7p0IDI2LCAxMDg1!5e0!3m2!1shu!2shu!4v1490350781936\" width=\"670\" height=\"300\" scrolling=\"yes\" class=\"iframe-class\" frameborder=\"0\"><\/iframe>\n\n<div class=\"responsive-tabs\">\n<h2 class=\"tabtitle\">A Kar vezet\u0151i<\/h2>\n<div class=\"tabcontent\">\n\n<p><strong>A Kar vezet\u0151i<\/strong><\/p>\n\n<table id=\"tablepress-5\" class=\"tablepress tablepress-id-5\">\n<tbody class=\"row-striping\">\n<tr class=\"row-1\">\n\t<td class=\"column-1\"> Dr. Gerber G\u00e1bor<br \/>\negyetemi tan\u00e1r<\/td><td class=\"column-2\">d\u00e9k\u00e1n<\/td><td class=\"column-3\">fok.dekan@semmelweis.hu<\/td><td class=\"column-4\">266-0453,<br \/>\n459-1500\/55269<\/td>\n<\/tr>\n<tr class=\"row-2\">\n\t<td class=\"column-1\">Dr. Dob\u00f3 Nagy Csaba<br \/>\negyetemi tan\u00e1r<\/td><td class=\"column-2\">d\u00e9k\u00e1nhelyettes<\/td><td class=\"column-3\">fok.dekan@semmelweis.hu<\/td><td class=\"column-4\">266-0453,<br \/>\n459-1500\/55269<\/td>\n<\/tr>\n<tr class=\"row-3\">\n\t<td class=\"column-1\">Dr. N\u00e9meth Zsolt<br \/>\negyetemi tan\u00e1r<\/td><td class=\"column-2\">d\u00e9k\u00e1nhelyettes<\/td><td class=\"column-3\">fok.dekan@semmelweis.hu<\/td><td class=\"column-4\">266-0453,<br \/>\n459-1500\/55269<\/td>\n<\/tr>\n<tr class=\"row-4\">\n\t<td class=\"column-1\">\"Dr. Szab\u00f3 Bence Tam\u00e1s<br \/>\negyetemi docens<\/td><td class=\"column-2\">d\u00e9k\u00e1nhelyettes<\/td><td class=\"column-3\">fok.dekan@semmelweis.hu<\/td><td class=\"column-4\">266-0453, <br \/>\n459-1500\/55269<\/td>\n<\/tr>\n<\/tbody>\n<\/table>\n\n\n<\/div><h2 class=\"tabtitle\">D\u00e9k\u00e1ni Hivatal<\/h2>\n<div class=\"tabcontent\">\n\n<p><strong>D\u00e9k\u00e1ni Hivatal <br \/>\n<\/strong><\/p>\n\n<table id=\"tablepress-7\" class=\"tablepress tablepress-id-7\">\n<tbody class=\"row-striping\">\n<tr class=\"row-1\">\n\t<td class=\"column-1\"><b>Dr. Gecse Veronika<\/b><br \/>hivatalvezet\u0151<\/td><td class=\"column-2\">gecse.veronika@semmelweis.hu<\/td><td class=\"column-3\">+36 1 266-0453,<br \/>\n+36 1 459-1500 \/55359<\/td>\n<\/tr>\n<tr class=\"row-2\">\n\t<td class=\"column-1\"><b>Kov\u00e1cs Katalin<\/b><br \/>kiemelt titk\u00e1rs\u00e1gi szak\u00e9rt\u0151<\/td><td class=\"column-2\">kovacs.katalin@semmelweis.hu<\/td><td class=\"column-3\">+36 1 266-0453<br \/>\n+36 1 459-1500 \/55269<\/td>\n<\/tr>\n<tr class=\"row-3\">\n\t<td class=\"column-1\"><b>Tulip\u00e1ntn\u00e9 Wert\u00e1n Emese<\/b><br \/>titk\u00e1rs\u00e1gi szak\u00e9rt\u0151<\/td><td class=\"column-2\">tulipantne.wertan.emese@semmelweis.hu<\/td><td class=\"column-3\">+36 1 266-0453<br \/>\n+36 1 459-1500 \/55269<\/td>\n<\/tr>\n<tr class=\"row-4\">\n\t<td class=\"column-1\"><b>Blah\u00f3n\u00e9 Sviderszky Erika<\/b><br \/>tanulm\u00e1nyi szak\u00e9rt\u0151<br \/>\nV. \u00e9vfolyam + \u00f6szt\u00f6nd\u00edj \u00fcgyek<\/td><td class=\"column-2\">blaho.erika@semmelweis.hu<\/td><td class=\"column-3\">+36 1 459-1500 \/55336<\/td>\n<\/tr>\n<tr class=\"row-5\">\n\t<td class=\"column-1\"><b>Suszter Anik\u00f3<\/b><br \/>tanulm\u00e1nyi koordin\u00e1tor: III.-IV. \u00e9vfolyam + di\u00e1kigazolv\u00e1ny \u00fcgyek<\/td><td class=\"column-2\">suszter.aniko@semmelweis.hu<\/td><td class=\"column-3\">+36 1 459-1500 \/55258<\/td>\n<\/tr>\n<tr class=\"row-6\">\n\t<td class=\"column-1\"><b>Tepl\u00e1n-G\u00e1l Orsolya<\/b><br \/>tanulm\u00e1nyi \u00fcgyint\u00e9z\u0151<br \/>\nI.-II. \u00e9vfolyam<br \/>\n<\/td><td class=\"column-2\">teplan-gal.orsolya@semmelweis.hu<\/td><td class=\"column-3\">+36 1 459-1500 \/55338<\/td>\n<\/tr>\n<tr class=\"row-7\">\n\t<td class=\"column-1\"><b>Schuster Merc\u00e9desz<\/b><br \/>tanulm\u00e1nyi \u00fcgyint\u00e9z\u0151<br \/>\nDigit\u00e1lis Fog\u00e1szati tervez\u00e9s Szak<br \/>\n<\/td><td class=\"column-2\">schuster.mercedesz@semmelweis.hu<\/td><td class=\"column-3\">+36 1 459-1500 \/55344<\/td>\n<\/tr>\n<tr class=\"row-8\">\n\t<td class=\"column-1\"><b>D\u00f3ra M\u00f3nika<\/b><br \/>tanulm\u00e1nyi\/k\u00fcldem\u00e9nykezel\u00e9si \u00fcgyint\u00e9z\u0151<\/td><td class=\"column-2\">dora.monika@semmelweis.hu<\/td><td class=\"column-3\">+36 1 459-1500 \/55363<\/td>\n<\/tr>\n<\/tbody>\n<\/table>\n<!-- #tablepress-7 from cache -->\n\n<\/div><h2 class=\"tabtitle\">Gazdas\u00e1gi Igazgat\u00f3s\u00e1g<\/h2>\n<div class=\"tabcontent\">\n\n<p><strong>FOK Gazdas\u00e1gi Igazgat\u00f3s\u00e1g<br \/>\n<\/strong><\/p>\n\n<table id=\"tablepress-6\" class=\"tablepress tablepress-id-6\">\n<tbody class=\"row-striping row-hover\">\n<tr class=\"row-1\">\n\t<td class=\"column-1\">Stefk\u00f3 Marianna (Koszta)<\/td><td class=\"column-2\">kari gazdas\u00e1gi igazgat\u00f3 <\/td><td class=\"column-3\">koszta.marianna@semmelweis.hu<\/td><td class=\"column-4\">459-1500\/55342<\/td>\n<\/tr>\n<tr class=\"row-2\">\n\t<td class=\"column-1\">G\u00e9mes Piroska<\/td><td class=\"column-2\">gazdas\u00e1gi szak\u00e9rt\u0151<\/td><td class=\"column-3\">gemes.piroska@semmelweis.hu<\/td><td class=\"column-4\">459-1500\/55343<\/td>\n<\/tr>\n<tr class=\"row-3\">\n\t<td class=\"column-1\">B\u00f3di T\u00edmea<\/td><td class=\"column-2\">gazdas\u00e1gi \u00fcgyint\u00e9z\u0151<\/td><td class=\"column-3\">bodi.timea@semmelweis.hu<\/td><td class=\"column-4\">459-1500\/55342<\/td>\n<\/tr>\n<\/tbody>\n<\/table>\n\n<p><span style=\"font-size: 14pt\"><strong>Szervezeti egys\u00e9gek<br \/>\n<\/strong><\/span><\/p>\n\n<\/div><h2 class=\"tabtitle\">Szervezeti egys\u00e9gek<\/h2>\n<div class=\"tabcontent\">\n\n<p><strong>Szervezeti egys\u00e9geink<\/strong><\/p>\n<ul>\n<li><a href=\"https:\/\/semmelweis.hu\/szajsebeszet\">Arc- \u00c1llcsont- Sz\u00e1jseb\u00e9szeti \u00e9s Fog\u00e1szati Klinika<\/a><\/li>\n<li><a href=\"https:\/\/semmelweis.hu\/fszoi\/\">Fog\u00e1szati \u00e9s Sz\u00e1jseb\u00e9szeti Oktat\u00f3 Int\u00e9zet<\/a><\/li>\n<li><a href=\"https:\/\/semmelweis.hu\/oktatasi-centrum\/\">Fogorvostudom\u00e1nyi Oktat\u00e1si Centrum Igazgat\u00e1si \u00e9s Betegell\u00e1t\u00f3 Egys\u00e9g<\/a><\/li>\n<li><a href=\"https:\/\/semmelweis.hu\/fok-tovabbkepzes\/\">Fogorvostudom\u00e1nyi Kar Szak- \u00e9s Tov\u00e1bbk\u00e9pz\u00e9si Titk\u00e1rs\u00e1g<\/a><\/li>\n<li><a href=\"https:\/\/semmelweis.hu\/fok\/fogorvostudomanyi-kari-dekani-hivatal\/\">Fogorvostudom\u00e1nyi Kari D\u00e9k\u00e1ni Hivatal<\/a><\/li>\n<li><a href=\"https:\/\/semmelweis.hu\/fogpotlastan\">Fogp\u00f3tl\u00e1stani Klinika<\/a><a href=\"https:\/\/semmelweis.hu\/gyermekfogaszat\"><br \/>\n<\/a><\/li>\n<li><a href=\"https:\/\/semmelweis.hu\/gyermekfogaszat\">Gyermekfog\u00e1szati \u00e9s Fogszab\u00e1lyoz\u00e1si Klinika<\/a><\/li>\n<li><a href=\"https:\/\/semmelweis.hu\/konzervalo-fogaszat\">Helyre\u00e1ll\u00edt\u00f3 Fog\u00e1szati \u00e9s Endodonciai Klinika<\/a><\/li>\n<li><a href=\"https:\/\/semmelweis.hu\/oralbiologia\">Or\u00e1lbiol\u00f3giai Tansz\u00e9k<\/a><\/li>\n<li><a href=\"https:\/\/semmelweis.hu\/oralis-diagnosztika\">Or\u00e1lis Diagnosztikai Klinika<\/a><\/li>\n<li><a href=\"https:\/\/semmelweis.hu\/parodontologia\">Parodontol\u00f3giai Klinika<\/a><\/li>\n<li><a href=\"https:\/\/semmelweis.hu\/propedeutika\">Propedeutikai Tansz\u00e9k<\/a><\/li>\n<\/ul>\n<\/div><\/div>\n","protected":false},"excerpt":{"rendered":"<p>Fogorvostudom\u00e1nyi Kar &#8211; Semmelweis Egyetem C\u00edm: 1085 Budapest, \u00dcll\u0151i \u00fat 26. fszt. 10. \u00a0 D\u00c9K\u00c1NI HIVATAL \u00dcGYF\u00c9LFOGAD\u00c1S:\u00a0 h\u00e9tf\u0151:\u00a0 12.30 &#8211; 15.30 \u00f3r\u00e1ig\u00a0\u00a0 kedd:\u00a0 \u00a0 9.00-12.00 \u00f3r\u00e1ig szerda: 12.30 &#8211; 15.30\u00a0 \u00f3r\u00e1ig\u00a0\u00a0\u00a0 cs\u00fct\u00f6rt\u00f6k: 9.00-12.00 \u00f3r\u00e1ig\u00a0 p\u00e9ntek: sz\u00fcnnap <a href=\"https:\/\/www.facebook.com\/SemmelweisEgyetem.FOK\" target=\"_blank\" rel=\"noopener\">Facebook &#8211; a Semmelweis Egyetem Fogorvostudom\u00e1nyi Kar\u00e1nak Facebook el\u00e9rhet\u0151s\u00e9ge<\/a> Az al\u00e1bbi el\u00e9rhet\u0151s\u00e9gi adatok nem haszn\u00e1lhat\u00f3k fel az 1995. \u00e9vi CXIX. t\u00f6rv\u00e9ny szerinti kutat\u00e1s \u00e9s k\u00f6zvetlen \u00fczletszerz\u00e9s c\u00e9lj\u00e1ra!! A &hellip;<\/p>\n","protected":false},"author":8,"featured_media":0,"parent":0,"menu_order":6,"comment_status":"closed","ping_status":"closed","template":"template-fullwidth.php","meta":{"_acf_changed":false,"footnotes":""},"categories":[],"tags":[],"class_list":["post-8","page","type-page","status-publish","hentry"],"acf":[],"_links":{"self":[{"href":"https:\/\/semmelweis.hu\/fok\/wp-json\/wp\/v2\/pages\/8","targetHints":{"allow":["GET"]}}],"collection":[{"href":"https:\/\/semmelweis.hu\/fok\/wp-json\/wp\/v2\/pages"}],"about":[{"href":"https:\/\/semmelweis.hu\/fok\/wp-json\/wp\/v2\/types\/page"}],"author":[{"embeddable":true,"href":"https:\/\/semmelweis.hu\/fok\/wp-json\/wp\/v2\/users\/8"}],"replies":[{"embeddable":true,"href":"https:\/\/semmelweis.hu\/fok\/wp-json\/wp\/v2\/comments?post=8"}],"version-history":[{"count":12,"href":"https:\/\/semmelweis.hu\/fok\/wp-json\/wp\/v2\/pages\/8\/revisions"}],"predecessor-version":[{"id":10787,"href":"https:\/\/semmelweis.hu\/fok\/wp-json\/wp\/v2\/pages\/8\/revisions\/10787"}],"wp:attachment":[{"href":"https:\/\/semmelweis.hu\/fok\/wp-json\/wp\/v2\/media?parent=8"}],"wp:term":[{"taxonomy":"category","embeddable":true,"href":"https:\/\/semmelweis.hu\/fok\/wp-json\/wp\/v2\/categories?post=8"},{"taxonomy":"post_tag","embeddable":true,"href":"https:\/\/semmelweis.hu\/fok\/wp-json\/wp\/v2\/tags?post=8"}],"curies":[{"name":"wp","href":"https:\/\/api.w.org\/{rel}","templated":true}]}}