{"id":79,"date":"2012-02-10T07:50:30","date_gmt":"2012-02-10T06:50:30","guid":{"rendered":"http:\/\/semmelweis-egyetem.hu\/fok\/?page_id=79"},"modified":"2025-06-04T14:55:54","modified_gmt":"2025-06-04T12:55:54","slug":"hallgatoknak","status":"publish","type":"page","link":"https:\/\/semmelweis.hu\/fok\/hallgatoi-hirek\/hallgatoknak\/","title":{"rendered":"Hallgat\u00f3i \u00d6nkorm\u00e1nyzat"},"content":{"rendered":"<p>A Fogorvostudom\u00e1nyi Kar Hallgat\u00f3i \u00d6nkorm\u00e1nyzata seg\u00edti a g\u00f3ly\u00e1k beilleszked\u00e9s\u00e9t \u00e9s tanulm\u00e1nyok mellett sz\u00e1mos kari programot is k\u00edn\u00e1l a fogorvos hallgat\u00f3knak. K\u00e9pviseli a hallgat\u00f3k \u00e9rdekeit, orvosolja a felmer\u00fcl\u0151 probl\u00e9m\u00e1kat. \u00a0<a href=\"https:\/\/semmelweis.hu\/hok\/\"><strong>Tov\u00e1bb a FOK H\u00d6K honlapj\u00e1ra&#8230;<\/strong><\/a><\/p>\n<p><a href=\"https:\/\/semmelweis.hu\/fok\/files\/2012\/02\/RS38492_KA-20151113-IMG_2772-scr.jpg\"><img loading=\"lazy\" decoding=\"async\" class=\"alignright size-medium wp-image-1840\" src=\"https:\/\/semmelweis.hu\/fok\/files\/2012\/02\/RS38492_KA-20151113-IMG_2772-scr-300x200.jpg\" alt=\"\" width=\"300\" height=\"200\" srcset=\"https:\/\/semmelweis.hu\/fok\/files\/2012\/02\/RS38492_KA-20151113-IMG_2772-scr-300x200.jpg 300w, https:\/\/semmelweis.hu\/fok\/files\/2012\/02\/RS38492_KA-20151113-IMG_2772-scr-768x512.jpg 768w, https:\/\/semmelweis.hu\/fok\/files\/2012\/02\/RS38492_KA-20151113-IMG_2772-scr-450x300.jpg 450w, https:\/\/semmelweis.hu\/fok\/files\/2012\/02\/RS38492_KA-20151113-IMG_2772-scr.jpg 950w\" sizes=\"auto, (max-width: 300px) 100vw, 300px\" \/><\/a>A Semmelweis Egyetem k\u00f6zismert pezsg\u0151\u00a0hallgat\u00f3i\u00a0\u00e9let\u00e9r\u0151l. Az itt tanul\u00f3kat programok gazdag v\u00e1laszt\u00e9ka v\u00e1rja, az els\u0151\u00e9vesek g\u00f3lyat\u00e1bor\u00e1t\u00f3l kezdve a k\u00fcl\u00f6nb\u00f6z\u0151\u00a0sportrendezv\u00e9nyeken \u00e1t a Semmelweis Tavaszi Fesztiv\u00e1lig, s m\u00e1s kultur\u00e1lis programokig.<\/p>\n<p>A kiterjedt nemzetk\u00f6zi kapcsolatoknak k\u00f6sz\u00f6nhet\u0151en sz\u00e1mos <a href=\"https:\/\/semmelweis.hu\/erasmus\/\" target=\"_blank\" rel=\"noopener noreferrer\">csereprogram<\/a> is el\u00e9rhet\u0151\u00a0Eur\u00f3p\u00e1ban \u00e9s azon t\u00fal is. A rendk\u00edv\u00fcl n\u00e9pszer\u0171\u00a0ERASMUS keret\u00e9ben sz\u00e1mos eur\u00f3pai uni\u00f3s egyetem k\u00f6z\u00fcl\u00a0v\u00e1logathatnak az \u00e9rdekl\u0151d\u00f6k.<\/p>\n<p>Az egyetemen bel\u00fcl t\u00f6bb <a href=\"https:\/\/semmelweis.hu\/egyetemi-hallgatoknak\/hallgatoi-szervezetek\/\" target=\"_blank\" rel=\"noopener noreferrer\">hallgat\u00f3i szervezet<\/a> is m\u0171k\u00f6dik, k\u00fcl\u00f6n k\u00e9pviselete van p\u00e9ld\u00e1ul a k\u00fclf\u00f6ldi hallgat\u00f3knak. A g\u00f3ly\u00e1k seg\u00edt\u00e9s\u00e9re j\u00f6tt l\u00e9tre az <a href=\"http:\/\/iocs.hu\/\" target=\"_blank\" rel=\"noopener noreferrer\">Instruktor \u00d6ntev\u00e9keny Csoport<\/a>, mely sz\u00e1mos m\u00e1s programot is szervez, az egyes karok hallgat\u00f3i\u00a0 \u00f6nkorm\u00e1nyzat\u00e1nak munk\u00e1j\u00e1t pedig az<a href=\"https:\/\/semmelweis.hu\/ehok\" target=\"_blank\" rel=\"noopener noreferrer\"> Egyetemi Hallgat\u00f3i\u00a0\u00d6nkorm\u00e1nyzat,<\/a> az EH\u00d6K fogja \u00f6ssze.<\/p>\n<p>&nbsp;<\/p>\n<p>&nbsp;<\/p>\n","protected":false},"excerpt":{"rendered":"<p>A Fogorvostudom\u00e1nyi Kar Hallgat\u00f3i \u00d6nkorm\u00e1nyzata seg\u00edti a g\u00f3ly\u00e1k beilleszked\u00e9s\u00e9t \u00e9s tanulm\u00e1nyok mellett sz\u00e1mos kari programot is k\u00edn\u00e1l a fogorvos hallgat\u00f3knak. K\u00e9pviseli a hallgat\u00f3k \u00e9rdekeit, orvosolja a felmer\u00fcl\u0151 probl\u00e9m\u00e1kat. \u00a0 <a href=\"https:\/\/semmelweis.hu\/hok\/\">Tov\u00e1bb a FOK H\u00d6K honlapj\u00e1ra&#8230;<\/a> <a href=\"https:\/\/semmelweis.hu\/fok\/files\/2012\/02\/RS38492_KA-20151113-IMG_2772-scr.jpg\"><\/a> A Semmelweis Egyetem k\u00f6zismert pezsg\u0151\u00a0hallgat\u00f3i\u00a0\u00e9let\u00e9r\u0151l. Az itt tanul\u00f3kat programok gazdag v\u00e1laszt\u00e9ka v\u00e1rja, az els\u0151\u00e9vesek g\u00f3lyat\u00e1bor\u00e1t\u00f3l kezdve a k\u00fcl\u00f6nb\u00f6z\u0151\u00a0sportrendezv\u00e9nyeken \u00e1t a Semmelweis Tavaszi Fesztiv\u00e1lig, s m\u00e1s kultur\u00e1lis &hellip;<\/p>\n","protected":false},"author":38,"featured_media":0,"parent":6058,"menu_order":0,"comment_status":"closed","ping_status":"closed","template":"template-fullwidth.php","meta":{"_acf_changed":false,"footnotes":""},"categories":[],"tags":[],"class_list":["post-79","page","type-page","status-publish","hentry"],"acf":[],"_links":{"self":[{"href":"https:\/\/semmelweis.hu\/fok\/wp-json\/wp\/v2\/pages\/79","targetHints":{"allow":["GET"]}}],"collection":[{"href":"https:\/\/semmelweis.hu\/fok\/wp-json\/wp\/v2\/pages"}],"about":[{"href":"https:\/\/semmelweis.hu\/fok\/wp-json\/wp\/v2\/types\/page"}],"author":[{"embeddable":true,"href":"https:\/\/semmelweis.hu\/fok\/wp-json\/wp\/v2\/users\/38"}],"replies":[{"embeddable":true,"href":"https:\/\/semmelweis.hu\/fok\/wp-json\/wp\/v2\/comments?post=79"}],"version-history":[{"count":10,"href":"https:\/\/semmelweis.hu\/fok\/wp-json\/wp\/v2\/pages\/79\/revisions"}],"predecessor-version":[{"id":5771,"href":"https:\/\/semmelweis.hu\/fok\/wp-json\/wp\/v2\/pages\/79\/revisions\/5771"}],"up":[{"embeddable":true,"href":"https:\/\/semmelweis.hu\/fok\/wp-json\/wp\/v2\/pages\/6058"}],"wp:attachment":[{"href":"https:\/\/semmelweis.hu\/fok\/wp-json\/wp\/v2\/media?parent=79"}],"wp:term":[{"taxonomy":"category","embeddable":true,"href":"https:\/\/semmelweis.hu\/fok\/wp-json\/wp\/v2\/categories?post=79"},{"taxonomy":"post_tag","embeddable":true,"href":"https:\/\/semmelweis.hu\/fok\/wp-json\/wp\/v2\/tags?post=79"}],"curies":[{"name":"wp","href":"https:\/\/api.w.org\/{rel}","templated":true}]}}