{"id":754,"date":"2015-01-27T09:31:40","date_gmt":"2015-01-27T08:31:40","guid":{"rendered":"http:\/\/semmelweis.hu\/fok\/?page_id=754"},"modified":"2018-09-17T12:13:01","modified_gmt":"2018-09-17T10:13:01","slug":"tdk-hallgatok","status":"publish","type":"page","link":"https:\/\/semmelweis.hu\/fok\/kutatas\/tdk\/tdk-hallgatok\/","title":{"rendered":"TDK hallgat\u00f3k"},"content":{"rendered":"<p>TDK hallgat\u00f3k list\u00e1ja Int\u00e9zetekk\u00e9nt<\/p>\n<p><a href=\"http:\/\/tdk.semmelweis.hu\/altalanos-informaciok\/fogorvostudomanyi-kar-intezetei\">http:\/\/tdk.semmelweis.hu\/altalanos-informaciok\/fogorvostudomanyi-kar-intezetei<\/a><\/p>\n<p>Arc- \u00c1llcsont- Sz\u00e1jseb\u00e9szeti \u00e9s Fog\u00e1szati Klinika<\/p>\n<p><a href=\"http:\/\/tdk.semmelweis.hu\/altalanos-informaciok\/arc-allcsont-szajsebeszeti-es-fogaszati-klinika\">http:\/\/tdk.semmelweis.hu\/altalanos-informaciok\/arc-allcsont-szajsebeszeti-es-fogaszati-klinika<\/a><\/p>\n<p>Fogp\u00f3tl\u00e1stani Klinika<\/p>\n<p><a href=\"http:\/\/tdk.semmelweis.hu\/altalanos-informaciok\/fogpotlastani-klinika\">http:\/\/tdk.semmelweis.hu\/altalanos-informaciok\/fogpotlastani-klinika<\/a><\/p>\n<p>Gyermekfog\u00e1szati \u00e9s Fogszab\u00e1lyoz\u00e1si Klinika<\/p>\n<p><a href=\"http:\/\/tdk.semmelweis.hu\/altalanos-informaciok\/gyermekfogaszati-es-fogszabalyozasi-klinika\">http:\/\/tdk.semmelweis.hu\/altalanos-informaciok\/gyermekfogaszati-es-fogszabalyozasi-klinika<\/a><\/p>\n<p>Konzerv\u00e1l\u00f3 Fog\u00e1szati Klinika<\/p>\n<p><a href=\"http:\/\/tdk.semmelweis.hu\/altalanos-informaciok\/konzervalo-fogaszati-klinika\">http:\/\/tdk.semmelweis.hu\/altalanos-informaciok\/konzervalo-fogaszati-klinika<\/a><\/p>\n<p>Or\u00e1lbiol\u00f3giai Tansz\u00e9k<\/p>\n<p><a href=\"http:\/\/tdk.semmelweis.hu\/altalanos-informaciok\/oralbiologiai-tanszek\">http:\/\/tdk.semmelweis.hu\/altalanos-informaciok\/oralbiologiai-tanszek<\/a><\/p>\n<p>Or\u00e1lis Diagnosztikai Tansz\u00e9k<\/p>\n<p><a href=\"http:\/\/tdk.semmelweis.hu\/altalanos-informaciok\/oralis-diagnosztikai-tanszek\">http:\/\/tdk.semmelweis.hu\/altalanos-informaciok\/oralis-diagnosztikai-tanszek<\/a><\/p>\n<p>Parodontol\u00f3giai Klinika<\/p>\n<p><a href=\"http:\/\/tdk.semmelweis.hu\/altalanos-informaciok\/parodontologiai-klinika\">http:\/\/tdk.semmelweis.hu\/altalanos-informaciok\/parodontologiai-klinika<\/a><\/p>\n<p>Propedeutikai Tansz\u00e9k<\/p>\n<p><a href=\"http:\/\/tdk.semmelweis.hu\/altalanos-informaciok\/propedeutikai-tanszek-141204115518\">http:\/\/tdk.semmelweis.hu\/altalanos-informaciok\/propedeutikai-tanszek-141204115518<\/a><\/p>\n<p>&nbsp;<\/p>\n<p>&nbsp;<\/p>\n<p>&nbsp;<\/p>\n<p>&nbsp;<\/p>\n","protected":false},"excerpt":{"rendered":"<p>TDK hallgat\u00f3k list\u00e1ja Int\u00e9zetekk\u00e9nt<br \/>\n<a href=\"http:\/\/tdk.semmelweis.hu\/altalanos-informaciok\/fogorvostudomanyi-kar-intezetei\">http:\/\/tdk.semmelweis.hu\/altalanos-informaciok\/fogorvostudomanyi-kar-intezetei<\/a><br \/>\nArc- \u00c1llcsont- Sz\u00e1jseb\u00e9szeti \u00e9s Fog\u00e1szati Klinika<br \/>\n<a href=\"http:\/\/tdk.semmelweis.hu\/altalanos-informaciok\/arc-allcsont-szajsebeszeti-es-fogaszati-klinika\">http:\/\/tdk.semmelweis.hu\/altalanos-informaciok\/arc-allcsont-szajsebeszeti-es-fogaszati-klinika<\/a><br \/>\nFogp\u00f3tl\u00e1stani Klinika<br \/>\n<a href=\"http:\/\/tdk.semmelweis.hu\/altalanos-informaciok\/fogpotlastani-klinika\">http:\/\/tdk.semmelweis.hu\/altalanos-informaciok\/fogpotlastani-klinika<\/a><br \/>\nGyermekfog\u00e1szati \u00e9s Fogszab\u00e1lyoz\u00e1si Klinika<br \/>\n<a href=\"http:\/\/tdk.semmelweis.hu\/altalanos-informaciok\/gyermekfogaszati-es-fogszabalyozasi-klinika\">http:\/\/tdk.semmelweis.hu\/altalanos-informaciok\/gyermekfogaszati-es-fogszabalyozasi-klinika<\/a><br \/>\nKonzerv\u00e1l\u00f3 Fog\u00e1szati Klinika<br \/>\n<a href=\"http:\/\/tdk.semmelweis.hu\/altalanos-informaciok\/konzervalo-fogaszati-klinika\">http:\/\/tdk.semmelweis.hu\/altalanos-informaciok\/konzervalo-fogaszati-klinika<\/a><br \/>\nOr\u00e1lbiol\u00f3giai Tansz\u00e9k<br \/>\n<a href=\"http:\/\/tdk.semmelweis.hu\/altalanos-informaciok\/oralbiologiai-tanszek\">http:\/\/tdk.semmelweis.hu\/altalanos-informaciok\/oralbiologiai-tanszek<\/a><br \/>\nOr\u00e1lis Diagnosztikai Tansz\u00e9k<br \/>\n<a href=\"http:\/\/tdk.semmelweis.hu\/altalanos-informaciok\/oralis-diagnosztikai-tanszek\">http:\/\/tdk.semmelweis.hu\/altalanos-informaciok\/oralis-diagnosztikai-tanszek<\/a><br \/>\nParodontol\u00f3giai Klinika<br \/>\n<a href=\"http:\/\/tdk.semmelweis.hu\/altalanos-informaciok\/parodontologiai-klinika\">http:\/\/tdk.semmelweis.hu\/altalanos-informaciok\/parodontologiai-klinika<\/a><br \/>\nPropedeutikai Tansz\u00e9k<br \/>\n<a href=\"http:\/\/tdk.semmelweis.hu\/altalanos-informaciok\/propedeutikai-tanszek-141204115518\">http:\/\/tdk.semmelweis.hu\/altalanos-informaciok\/propedeutikai-tanszek-141204115518<\/a><br \/>\n&nbsp;<br \/>\n&nbsp;<br \/>\n&nbsp;<br \/>\n&nbsp;<\/p>\n","protected":false},"author":38,"featured_media":0,"parent":729,"menu_order":0,"comment_status":"open","ping_status":"closed","template":"","meta":{"_acf_changed":false,"footnotes":""},"categories":[],"tags":[],"class_list":["post-754","page","type-page","status-publish","hentry"],"acf":[],"_links":{"self":[{"href":"https:\/\/semmelweis.hu\/fok\/wp-json\/wp\/v2\/pages\/754","targetHints":{"allow":["GET"]}}],"collection":[{"href":"https:\/\/semmelweis.hu\/fok\/wp-json\/wp\/v2\/pages"}],"about":[{"href":"https:\/\/semmelweis.hu\/fok\/wp-json\/wp\/v2\/types\/page"}],"author":[{"embeddable":true,"href":"https:\/\/semmelweis.hu\/fok\/wp-json\/wp\/v2\/users\/38"}],"replies":[{"embeddable":true,"href":"https:\/\/semmelweis.hu\/fok\/wp-json\/wp\/v2\/comments?post=754"}],"version-history":[{"count":5,"href":"https:\/\/semmelweis.hu\/fok\/wp-json\/wp\/v2\/pages\/754\/revisions"}],"predecessor-version":[{"id":2503,"href":"https:\/\/semmelweis.hu\/fok\/wp-json\/wp\/v2\/pages\/754\/revisions\/2503"}],"up":[{"embeddable":true,"href":"https:\/\/semmelweis.hu\/fok\/wp-json\/wp\/v2\/pages\/729"}],"wp:attachment":[{"href":"https:\/\/semmelweis.hu\/fok\/wp-json\/wp\/v2\/media?parent=754"}],"wp:term":[{"taxonomy":"category","embeddable":true,"href":"https:\/\/semmelweis.hu\/fok\/wp-json\/wp\/v2\/categories?post=754"},{"taxonomy":"post_tag","embeddable":true,"href":"https:\/\/semmelweis.hu\/fok\/wp-json\/wp\/v2\/tags?post=754"}],"curies":[{"name":"wp","href":"https:\/\/api.w.org\/{rel}","templated":true}]}}