{"id":731,"date":"2015-01-27T09:14:29","date_gmt":"2015-01-27T08:14:29","guid":{"rendered":"http:\/\/semmelweis.hu\/fok\/?page_id=731"},"modified":"2025-06-06T07:32:25","modified_gmt":"2025-06-06T05:32:25","slug":"phd","status":"publish","type":"page","link":"https:\/\/semmelweis.hu\/fok\/kutatas\/phd\/","title":{"rendered":"PhD"},"content":{"rendered":"<p>&nbsp;<\/p>\n<p><a href=\"https:\/\/semmelweis.hu\/fok\/files\/2025\/06\/MAB_2025.pdf\"><span style=\"font-size: 18pt\">Ph.D \u00e9rtekez\u00e9sek: 2020-2025<\/span><\/a><\/p>\n<p>&nbsp;<\/p>\n<ol start=\"5\">\n<li><strong> program: Fogorvostudom\u00e1nyi kutat\u00e1sok<\/strong><br \/>\nProgramvezet\u0151:<br \/>\n<strong>Prof. Varga G\u00e1bor<\/strong><strong><br \/>\n<\/strong>Telefon: +36 1\u00a0210-4415\u00a0\u00a0\u00a0\u00a0\u00a0\u00a0 e-mail:\u00a0<a href=\"mailto:varga.gabor@dent.semmelweis-univ.hu\">varga.gabor@dent.semmelweis-univ.hu<\/a><\/li>\n<\/ol>\n<p>R\u00e1cz K\u00e1roly Klinikai orvostudom\u00e1nyok Doktori Iskola<\/p>\n<p>Vezet\u0151:<strong><br \/>\nDr. Reusz Gy\u00f6rgy<br \/>\negyetemi tan\u00e1r<\/strong><br \/>\nSemmelweis Egyetem<br \/>\nI. Sz. Gyermekgy\u00f3gy\u00e1szati Klinika<br \/>\n<strong>Telefon:<\/strong>\u00a0+36 1 324 7785<\/p>\n<p><a href=\"https:\/\/semmelweis.hu\/phd\/doktori-iskolak\/klinikai-orvostudomanyok\/\">https:\/\/semmelweis.hu\/phd\/doktori-iskolak\/klinikai-orvostudomanyok\/<\/a><\/p>\n<p><strong>T\u00f6rzstagok:<\/strong><strong><br \/>\n<\/strong>Barab\u00e1s J\u00f3zsef<br \/>\n<a href=\"http:\/\/www.doktori.hu\/index.php?menuid=192&amp;sz_ID=5777\">http:\/\/www.doktori.hu\/index.php?menuid=192&amp;sz_ID=5777<br \/>\n<\/a>Dob\u00f3-Nagy Csaba<br \/>\n<a href=\"http:\/\/www.doktori.hu\/index.php?menuid=192&amp;sz_ID=7310\">http:\/\/www.doktori.hu\/index.php?menuid=192&amp;sz_ID=7310<br \/>\n<\/a>Gera Istv\u00e1n<br \/>\n<a href=\"http:\/\/www.doktori.hu\/index.php?menuid=192&amp;sz_ID=5770\">http:\/\/www.doktori.hu\/index.php?menuid=192&amp;sz_ID=5770<br \/>\n<\/a>Hermann P\u00e9ter<br \/>\n<a href=\"http:\/\/www.doktori.hu\/index.php?menuid=192&amp;sz_ID=8154\">http:\/\/www.doktori.hu\/index.php?menuid=192&amp;sz_ID=8154<br \/>\n<\/a>Varga G\u00e1bor<br \/>\n<a href=\"http:\/\/www.doktori.hu\/index.php?menuid=192&amp;sz_ID=5161\">http:\/\/www.doktori.hu\/index.php?menuid=192&amp;sz_ID=5161<\/a><\/p>\n<p><strong>T\u00e9maki\u00edrok \u00e9s Oktat\u00f3k:<\/strong><strong><\/p>\n<p><\/strong>Borb\u00e9ly Judit<br \/>\n<a href=\"https:\/\/doktori.hu\/index.php?menuid=192&amp;lang=HU&amp;sz_ID=21133\">https:\/\/doktori.hu\/index.php?menuid=192&amp;lang=HU&amp;sz_ID=21133<\/a><\/p>\n<p>Fazekas R\u00e9ka<br \/>\n<a href=\"https:\/\/doktori.hu\/index.php?menuid=192&amp;lang=HU&amp;sz_ID=14873\">https:\/\/doktori.hu\/index.php?menuid=192&amp;lang=HU&amp;sz_ID=14873<\/a><\/p>\n<p>D\u0151ri Ferenc<br \/>\n<a href=\"http:\/\/www.doktori.hu\/index.php?menuid=192&amp;sz_ID=9342\">http:\/\/www.doktori.hu\/index.php?menuid=192&amp;sz_ID=9342<br \/>\n<\/a><\/p>\n<p>G\u00e9czi Zolt\u00e1n<br \/>\n<a href=\"https:\/\/doktori.hu\/index.php?menuid=192&amp;lang=HU&amp;sz_ID=21861\">https:\/\/doktori.hu\/index.php?menuid=192&amp;lang=HU&amp;sz_ID=21861<\/a><\/p>\n<p>Gerber G\u00e1bor<br \/>\n<a href=\"https:\/\/doktori.hu\/index.php?menuid=192&amp;lang=HU&amp;sz_ID=5446\">https:\/\/doktori.hu\/index.php?menuid=192&amp;lang=HU&amp;sz_ID=5446<\/a><\/p>\n<p>Gresz Veronika<br \/>\n<a href=\"https:\/\/doktori.hu\/index.php?menuid=192&amp;lang=HU&amp;sz_ID=11883\">https:\/\/doktori.hu\/index.php?menuid=192&amp;lang=HU&amp;sz_ID=11883<\/a><\/p>\n<p>Herczegh Anna<br \/>\n<a href=\"https:\/\/doktori.hu\/index.php?menuid=192&amp;lang=HU&amp;sz_ID=31568\">https:\/\/doktori.hu\/index.php?menuid=192&amp;lang=HU&amp;sz_ID=31568<\/a><\/p>\n<p>Husz\u00e1r Tam\u00e1s<br \/>\n<a href=\"http:\/\/www.doktori.hu\/index.php?menuid=192&amp;sz_ID=10612\">http:\/\/www.doktori.hu\/index.php?menuid=192&amp;sz_ID=10612<br \/>\n<\/a><\/p>\n<p>Jo\u00f3b-Fancsaly \u00c1rp\u00e1d<br \/>\n<a href=\"http:\/\/www.doktori.hu\/index.php?menuid=192&amp;sz_ID=10174\">http:\/\/www.doktori.hu\/index.php?menuid=192&amp;sz_ID=10174<br \/>\n<\/a><\/p>\n<p>K\u00e1rolyh\u00e1zy Katalin<br \/>\n<a href=\"https:\/\/doktori.hu\/index.php?menuid=192&amp;lang=HU&amp;sz_ID=31566\">https:\/\/doktori.hu\/index.php?menuid=192&amp;lang=HU&amp;sz_ID=31566<\/a><\/p>\n<p>Kisp\u00e9lyi Barbara<br \/>\n<a href=\"https:\/\/doktori.hu\/index.php?menuid=192&amp;lang=HU&amp;sz_ID=43476\">https:\/\/doktori.hu\/index.php?menuid=192&amp;lang=HU&amp;sz_ID=43476<\/a><\/p>\n<p>Kivovics M\u00e1rton<br \/>\n<a href=\"https:\/\/doktori.hu\/index.php?menuid=192&amp;lang=HU&amp;sz_ID=39532\">https:\/\/doktori.hu\/index.php?menuid=192&amp;lang=HU&amp;sz_ID=39532<\/a><\/p>\n<p>Ker\u00e9mi Be\u00e1ta<br \/>\n<a href=\"http:\/\/www.doktori.hu\/index.php?menuid=192&amp;sz_ID=11720\">http:\/\/www.doktori.hu\/index.php?menuid=192&amp;sz_ID=11720<br \/>\n<\/a><\/p>\n<p>Lohinai Zsolt<br \/>\n<a href=\"http:\/\/www.doktori.hu\/index.php?menuid=192&amp;sz_ID=7531\">http:\/\/www.doktori.hu\/index.php?menuid=192&amp;sz_ID=7531<br \/>\n<\/a><\/p>\n<p>M\u00e1rton Krisztina<br \/>\n<a href=\"http:\/\/www.doktori.hu\/index.php?menuid=192&amp;sz_ID=8439\">http:\/\/www.doktori.hu\/index.php?menuid=192&amp;sz_ID=8439<br \/>\n<\/a><\/p>\n<p>Mikul\u00e1s Krisztina \u00c1gnes<br \/>\n<a href=\"https:\/\/doktori.hu\/index.php?menuid=192&amp;lang=HU&amp;sz_ID=39804\">https:\/\/doktori.hu\/index.php?menuid=192&amp;lang=HU&amp;sz_ID=39804<\/a><\/p>\n<p>Moln\u00e1r B\u00e1lint<br \/>\n<a href=\"https:\/\/doktori.hu\/index.php?menuid=192&amp;lang=HU&amp;sz_ID=21135\">https:\/\/doktori.hu\/index.php?menuid=192&amp;lang=HU&amp;sz_ID=21135<\/a><\/p>\n<p>N\u00e9meth Zsolt<br \/>\n<a href=\"http:\/\/www.doktori.hu\/index.php?menuid=192&amp;sz_ID=10172\">http:\/\/www.doktori.hu\/index.php?menuid=192&amp;sz_ID=10172<br \/>\n<\/a><\/p>\n<p>N\u00e9meth Orsolya<br \/>\n<a href=\"https:\/\/doktori.hu\/index.php?menuid=192&amp;lang=HU&amp;sz_ID=24417\">https:\/\/doktori.hu\/index.php?menuid=192&amp;lang=HU&amp;sz_ID=24417<\/a><\/p>\n<p>R\u00f3zsa No\u00e9mi Katinka<br \/>\n<a href=\"http:\/\/www.doktori.hu\/index.php?menuid=192&amp;sz_ID=8951\">http:\/\/www.doktori.hu\/index.php?menuid=192&amp;sz_ID=8951<br \/>\n<\/a><\/p>\n<p>Suba Zsuzsanna<br \/>\n<a href=\"http:\/\/www.doktori.hu\/index.php?menuid=192&amp;sz_ID=5774\">http:\/\/www.doktori.hu\/index.php?menuid=192&amp;sz_ID=5774<br \/>\n<\/a><\/p>\n<p>Szab\u00f3 Bence Tam\u00e1s<br \/>\n<a href=\"https:\/\/doktori.hu\/index.php?menuid=192&amp;lang=HU&amp;sz_ID=15024\">https:\/\/doktori.hu\/index.php?menuid=192&amp;lang=HU&amp;sz_ID=15024<\/a><\/p>\n<p>Szab\u00f3 Gy\u00f6rgy<br \/>\n<a href=\"http:\/\/www.doktori.hu\/index.php?menuid=192&amp;sz_ID=5775\">http:\/\/www.doktori.hu\/index.php?menuid=192&amp;sz_ID=5775<br \/>\n<\/a><\/p>\n<p>Tarj\u00e1n Ildik\u00f3<br \/>\n<a href=\"http:\/\/www.doktori.hu\/index.php?menuid=192&amp;sz_ID=5778\">http:\/\/www.doktori.hu\/index.php?menuid=192&amp;sz_ID=5778<br \/>\n<\/a><\/p>\n<p>Ujp\u00e1l M\u00e1rta<br \/>\n<a href=\"http:\/\/www.doktori.hu\/index.php?menuid=192&amp;sz_ID=8411\">http:\/\/www.doktori.hu\/index.php?menuid=192&amp;sz_ID=8411<br \/>\n<\/a><\/p>\n<p>Vaszilk\u00f3 Mih\u00e1ly<br \/>\n<a href=\"https:\/\/doktori.hu\/index.php?menuid=192&amp;lang=HU&amp;sz_ID=34409\">https:\/\/doktori.hu\/index.php?menuid=192&amp;lang=HU&amp;sz_ID=34409<\/a><\/p>\n<p>V\u00e9gh D\u00e1niel Csaba<br \/>\n<a href=\"https:\/\/doktori.hu\/index.php?menuid=192&amp;lang=HU&amp;sz_ID=14787\">https:\/\/doktori.hu\/index.php?menuid=192&amp;lang=HU&amp;sz_ID=14787<\/a><\/p>\n<p>V\u00e1g J\u00e1nos<br \/>\n<a href=\"http:\/\/www.doktori.hu\/index.php?menuid=192&amp;sz_ID=6334\">http:\/\/www.doktori.hu\/index.php?menuid=192&amp;sz_ID=6334<br \/>\n<\/a><\/p>\n<p>Windisch P\u00e9ter<br \/>\n<a href=\"http:\/\/www.doktori.hu\/index.php?menuid=192&amp;sz_ID=8953\">http:\/\/www.doktori.hu\/index.php?menuid=192&amp;sz_ID=8953<br \/>\n<\/a><\/p>\n<p>Zelles Tivadar<br \/>\n<a href=\"http:\/\/www.doktori.hu\/index.php?menuid=192&amp;sz_ID=5776\">http:\/\/www.doktori.hu\/index.php?menuid=192&amp;sz_ID=5776<\/a><\/p>\n<p>Zsembery \u00c1kos<br \/>\n<a href=\"https:\/\/doktori.hu\/index.php?menuid=192&amp;lang=HU&amp;sz_ID=6860\">https:\/\/doktori.hu\/index.php?menuid=192&amp;lang=HU&amp;sz_ID=6860<\/a><\/p>\n","protected":false},"excerpt":{"rendered":"<p>&nbsp; <a href=\"https:\/\/semmelweis.hu\/fok\/files\/2025\/06\/MAB_2025.pdf\">Ph.D \u00e9rtekez\u00e9sek: 2020-2025<\/a> &nbsp; program: Fogorvostudom\u00e1nyi kutat\u00e1sok Programvezet\u0151: Prof. Varga G\u00e1bor Telefon: +36 1\u00a0210-4415\u00a0\u00a0\u00a0\u00a0\u00a0\u00a0 e-mail:\u00a0 <a href=\"mailto:varga.gabor@dent.semmelweis-univ.hu\">varga.gabor@dent.semmelweis-univ.hu<\/a> R\u00e1cz K\u00e1roly Klinikai orvostudom\u00e1nyok Doktori Iskola Vezet\u0151: Dr. Reusz Gy\u00f6rgy egyetemi tan\u00e1r Semmelweis Egyetem I. Sz. Gyermekgy\u00f3gy\u00e1szati Klinika Telefon:\u00a0+36 1 324 7785 <a href=\"https:\/\/semmelweis.hu\/phd\/doktori-iskolak\/klinikai-orvostudomanyok\/\">https:\/\/semmelweis.hu\/phd\/doktori-iskolak\/klinikai-orvostudomanyok\/<\/a> T\u00f6rzstagok: Barab\u00e1s J\u00f3zsef <a href=\"http:\/\/www.doktori.hu\/index.php?menuid=192&amp;sz_ID=5777\">http:\/\/www.doktori.hu\/index.php?menuid=192&amp;sz_ID=5777 <\/a>Dob\u00f3-Nagy Csaba <a href=\"http:\/\/www.doktori.hu\/index.php?menuid=192&amp;sz_ID=7310\">http:\/\/www.doktori.hu\/index.php?menuid=192&amp;sz_ID=7310 <\/a>Gera Istv\u00e1n <a href=\"http:\/\/www.doktori.hu\/index.php?menuid=192&amp;sz_ID=5770\">http:\/\/www.doktori.hu\/index.php?menuid=192&amp;sz_ID=5770 <\/a>Hermann P\u00e9ter <a href=\"http:\/\/www.doktori.hu\/index.php?menuid=192&amp;sz_ID=8154\">http:\/\/www.doktori.hu\/index.php?menuid=192&amp;sz_ID=8154 <\/a>Varga G\u00e1bor <a href=\"http:\/\/www.doktori.hu\/index.php?menuid=192&amp;sz_ID=5161\">http:\/\/www.doktori.hu\/index.php?menuid=192&amp;sz_ID=5161<\/a> T\u00e9maki\u00edrok &hellip;<\/p>\n","protected":false},"author":38,"featured_media":0,"parent":3391,"menu_order":4,"comment_status":"open","ping_status":"closed","template":"","meta":{"_acf_changed":false,"footnotes":""},"categories":[],"tags":[],"class_list":["post-731","page","type-page","status-publish","hentry"],"acf":[],"_links":{"self":[{"href":"https:\/\/semmelweis.hu\/fok\/wp-json\/wp\/v2\/pages\/731","targetHints":{"allow":["GET"]}}],"collection":[{"href":"https:\/\/semmelweis.hu\/fok\/wp-json\/wp\/v2\/pages"}],"about":[{"href":"https:\/\/semmelweis.hu\/fok\/wp-json\/wp\/v2\/types\/page"}],"author":[{"embeddable":true,"href":"https:\/\/semmelweis.hu\/fok\/wp-json\/wp\/v2\/users\/38"}],"replies":[{"embeddable":true,"href":"https:\/\/semmelweis.hu\/fok\/wp-json\/wp\/v2\/comments?post=731"}],"version-history":[{"count":8,"href":"https:\/\/semmelweis.hu\/fok\/wp-json\/wp\/v2\/pages\/731\/revisions"}],"predecessor-version":[{"id":10960,"href":"https:\/\/semmelweis.hu\/fok\/wp-json\/wp\/v2\/pages\/731\/revisions\/10960"}],"up":[{"embeddable":true,"href":"https:\/\/semmelweis.hu\/fok\/wp-json\/wp\/v2\/pages\/3391"}],"wp:attachment":[{"href":"https:\/\/semmelweis.hu\/fok\/wp-json\/wp\/v2\/media?parent=731"}],"wp:term":[{"taxonomy":"category","embeddable":true,"href":"https:\/\/semmelweis.hu\/fok\/wp-json\/wp\/v2\/categories?post=731"},{"taxonomy":"post_tag","embeddable":true,"href":"https:\/\/semmelweis.hu\/fok\/wp-json\/wp\/v2\/tags?post=731"}],"curies":[{"name":"wp","href":"https:\/\/api.w.org\/{rel}","templated":true}]}}