{"id":729,"date":"2015-01-27T09:13:49","date_gmt":"2015-01-27T08:13:49","guid":{"rendered":"http:\/\/semmelweis.hu\/fok\/?page_id=729"},"modified":"2025-06-06T07:29:24","modified_gmt":"2025-06-06T05:29:24","slug":"tdk","status":"publish","type":"page","link":"https:\/\/semmelweis.hu\/fok\/kutatas\/tdk\/","title":{"rendered":"Tudom\u00e1nyos Di\u00e1kk\u00f6r &#8211; TDK"},"content":{"rendered":"<p><a href=\"https:\/\/semmelweis.hu\/fok\/files\/2025\/06\/TDK-eredmenyek-FOK.pdf\">TDK eredm\u00e9nyek-2025.<\/a><\/p>\n<p><a href=\"https:\/\/semmelweis.hu\/fok\/files\/2025\/06\/OTDK-eredmenyek.pdf\">OTDK eredm\u00e9nyek-2025<\/a><\/p>\n<p><a href=\"https:\/\/semmelweis.hu\/tdk\/\">Tudom\u00e1nyos Di\u00e1kk\u00f6r (TDK Iroda)<\/a><\/p>\n<p>&nbsp;<\/p>\n<p>&nbsp;<\/p>\n<p>&nbsp;<\/p>\n<p>&nbsp;<\/p>\n<p>&nbsp;<\/p>\n<p>&nbsp;<\/p>\n","protected":false},"excerpt":{"rendered":"<p><a href=\"https:\/\/semmelweis.hu\/fok\/files\/2025\/06\/TDK-eredmenyek-FOK.pdf\">TDK eredm\u00e9nyek-2025.<\/a><br \/>\n<a href=\"https:\/\/semmelweis.hu\/fok\/files\/2025\/06\/OTDK-eredmenyek.pdf\">OTDK eredm\u00e9nyek-2025<\/a><br \/>\n<a href=\"https:\/\/semmelweis.hu\/tdk\/\">Tudom\u00e1nyos Di\u00e1kk\u00f6r (TDK Iroda)<\/a><br \/>\n&nbsp;<br \/>\n&nbsp;<br \/>\n&nbsp;<br \/>\n&nbsp;<br \/>\n&nbsp;<br \/>\n&nbsp;<\/p>\n","protected":false},"author":38,"featured_media":0,"parent":3391,"menu_order":3,"comment_status":"closed","ping_status":"closed","template":"","meta":{"_acf_changed":false,"footnotes":""},"categories":[],"tags":[],"class_list":["post-729","page","type-page","status-publish","hentry"],"acf":[],"_links":{"self":[{"href":"https:\/\/semmelweis.hu\/fok\/wp-json\/wp\/v2\/pages\/729","targetHints":{"allow":["GET"]}}],"collection":[{"href":"https:\/\/semmelweis.hu\/fok\/wp-json\/wp\/v2\/pages"}],"about":[{"href":"https:\/\/semmelweis.hu\/fok\/wp-json\/wp\/v2\/types\/page"}],"author":[{"embeddable":true,"href":"https:\/\/semmelweis.hu\/fok\/wp-json\/wp\/v2\/users\/38"}],"replies":[{"embeddable":true,"href":"https:\/\/semmelweis.hu\/fok\/wp-json\/wp\/v2\/comments?post=729"}],"version-history":[{"count":10,"href":"https:\/\/semmelweis.hu\/fok\/wp-json\/wp\/v2\/pages\/729\/revisions"}],"predecessor-version":[{"id":10957,"href":"https:\/\/semmelweis.hu\/fok\/wp-json\/wp\/v2\/pages\/729\/revisions\/10957"}],"up":[{"embeddable":true,"href":"https:\/\/semmelweis.hu\/fok\/wp-json\/wp\/v2\/pages\/3391"}],"wp:attachment":[{"href":"https:\/\/semmelweis.hu\/fok\/wp-json\/wp\/v2\/media?parent=729"}],"wp:term":[{"taxonomy":"category","embeddable":true,"href":"https:\/\/semmelweis.hu\/fok\/wp-json\/wp\/v2\/categories?post=729"},{"taxonomy":"post_tag","embeddable":true,"href":"https:\/\/semmelweis.hu\/fok\/wp-json\/wp\/v2\/tags?post=729"}],"curies":[{"name":"wp","href":"https:\/\/api.w.org\/{rel}","templated":true}]}}