{"id":6391,"date":"2021-07-22T15:08:48","date_gmt":"2021-07-22T13:08:48","guid":{"rendered":"https:\/\/semmelweis.hu\/fok\/?page_id=6391"},"modified":"2026-01-07T13:18:15","modified_gmt":"2026-01-07T12:18:15","slug":"adatvedelem","status":"publish","type":"page","link":"https:\/\/semmelweis.hu\/fok\/a-karrol\/adatvedelem\/","title":{"rendered":"ADATKEZEL\u00c9S &#8211; Fogorvostudom\u00e1nyi Kar"},"content":{"rendered":"<div class=\"fontos_div w-100\">\n<h4><strong>ADATKEZEL\u00c9SSEL KAPCSOLATOS INFORM\u00c1CI\u00d3K EL\u00c9RHET\u0150S\u00c9GE<\/p>\n<p><\/strong><\/h4>\n<\/div>\n<div class=\"w-100\">\n<p><span style=\"font-size: 14pt\"><br \/>\n<a href=\"https:\/\/semmelweis.hu\/fok\/files\/2024\/01\/Adatkezelesi-nyilvantartas-adminisztracio-FOK-2022.xlsx\"><span class=\"media-list-title\"><strong>Adatkezel\u00e9si-nyilv\u00e1ntart\u00e1s adminisztr\u00e1ci\u00f3 FOK 2022<\/strong><\/span><\/a><\/span><\/p>\n<\/div>\n<div class=\"w-100\">\n<p><span style=\"font-size: 14pt\">Fogorvostudom\u00e1nyi Kar-adatkezel\u00e9si t\u00e1j\u00e9koztat\u00f3ja<br \/>\n<a href=\"https:\/\/semmelweis.hu\/fok\/files\/2024\/01\/Adatkezelesi-tajekoztato_FOK.pdf\"><strong>Adatkezel\u00e9si t\u00e1j\u00e9koztat\u00f3_FOK<\/strong><\/a><\/span><\/p>\n<p><span style=\"font-size: 14pt\">Az adatkezel\u0151 <strong>hum\u00e1ner\u0151forr\u00e1ssal \u00f6sszef\u00fcgg\u0151<\/strong> adatkezel\u00e9sekkel kapcsolatos inform\u00e1ci\u00f3k el\u00e9rhet\u0151s\u00e9ge:<br \/>\n<a href=\"https:\/\/semmelweis.hu\/fok\/files\/2024\/01\/Adatkezelesi-nyilvantartas-human-FOK-2022.xlsx\"><span class=\"media-list-title\"><strong>Adatkezel\u00e9si-nyilv\u00e1ntart\u00e1s hum\u00e1n FOK 2022<\/strong><\/span><\/a><\/span><\/p>\n<p><span style=\"font-size: 14pt\">Az adatkezel\u0151 <strong>oktat\u00e1ssal \u00f6sszef\u00fcgg\u0151<\/strong> adatkezel\u00e9sekkel kapcsolatos inform\u00e1ci\u00f3k el\u00e9rhet\u0151s\u00e9ge:<br \/>\n<a href=\"https:\/\/semmelweis.hu\/fok\/files\/2024\/01\/Adatkezelesi-nyilvantartas-oktatas-FOK-2022.xlsx\"><span class=\"media-list-title\"><strong>Adatkezel\u00e9si-nyilv\u00e1ntart\u00e1s oktat\u00e1s-FOK 2022<\/strong><\/span><\/a><\/span><\/p>\n<\/div>\n<div class=\"w-100\">\n<p><span style=\"font-size: 18pt\"><span style=\"font-size: 14pt\">Az adatkezel\u0151 <strong>szakk\u00e9pz\u00e9ssel \u00f6sszef\u00fcgg\u0151<\/strong> adatkezel\u00e9sekkel kapcsolatos inform\u00e1ci\u00f3k el\u00e9rhet\u0151s\u00e9ge:<\/span><br \/>\n<span style=\"font-size: 14pt\"><a href=\"https:\/\/semmelweis.hu\/fok\/files\/2024\/01\/Adatkezelesi-nyilvantartas-szakkepzes-FOK-2022.xlsx\"><span class=\"media-list-title\"><strong>Adatkezel\u00e9si-nyilv\u00e1ntart\u00e1s szakk\u00e9pz\u00e9s FOK 2022<\/strong><\/span><\/a><\/span><br \/>\n<\/span><\/p>\n<\/div>\n","protected":false},"excerpt":{"rendered":"<p>ADATKEZEL\u00c9SSEL KAPCSOLATOS INFORM\u00c1CI\u00d3K EL\u00c9RHET\u0150S\u00c9GE<\/p>\n<p><a href=\"https:\/\/semmelweis.hu\/fok\/files\/2024\/01\/Adatkezelesi-nyilvantartas-adminisztracio-FOK-2022.xlsx\">Adatkezel\u00e9si-nyilv\u00e1ntart\u00e1s adminisztr\u00e1ci\u00f3 FOK 2022<\/a><\/p>\n<p>Fogorvostudom\u00e1nyi Kar-adatkezel\u00e9si t\u00e1j\u00e9koztat\u00f3ja<br \/>\n<a href=\"https:\/\/semmelweis.hu\/fok\/files\/2024\/01\/Adatkezelesi-tajekoztato_FOK.pdf\">Adatkezel\u00e9si t\u00e1j\u00e9koztat\u00f3_FOK<\/a><br \/>\nAz adatkezel\u0151 hum\u00e1ner\u0151forr\u00e1ssal \u00f6sszef\u00fcgg\u0151 adatkezel\u00e9sekkel kapcsolatos inform\u00e1ci\u00f3k el\u00e9rhet\u0151s\u00e9ge:<br \/>\n<a href=\"https:\/\/semmelweis.hu\/fok\/files\/2024\/01\/Adatkezelesi-nyilvantartas-human-FOK-2022.xlsx\">Adatkezel\u00e9si-nyilv\u00e1ntart\u00e1s hum\u00e1n FOK 2022<\/a><br \/>\nAz adatkezel\u0151 oktat\u00e1ssal \u00f6sszef\u00fcgg\u0151 adatkezel\u00e9sekkel kapcsolatos inform\u00e1ci\u00f3k el\u00e9rhet\u0151s\u00e9ge:<br \/>\n<a href=\"https:\/\/semmelweis.hu\/fok\/files\/2024\/01\/Adatkezelesi-nyilvantartas-oktatas-FOK-2022.xlsx\">Adatkezel\u00e9si-nyilv\u00e1ntart\u00e1s oktat\u00e1s-FOK 2022<\/a><\/p>\n<p>Az adatkezel\u0151 szakk\u00e9pz\u00e9ssel \u00f6sszef\u00fcgg\u0151 adatkezel\u00e9sekkel kapcsolatos inform\u00e1ci\u00f3k el\u00e9rhet\u0151s\u00e9ge:<br \/>\n<a href=\"https:\/\/semmelweis.hu\/fok\/files\/2024\/01\/Adatkezelesi-nyilvantartas-szakkepzes-FOK-2022.xlsx\">Adatkezel\u00e9si-nyilv\u00e1ntart\u00e1s szakk\u00e9pz\u00e9s FOK 2022<\/a><\/p>\n","protected":false},"author":101171,"featured_media":0,"parent":5,"menu_order":9,"comment_status":"closed","ping_status":"closed","template":"template-fullwidth.php","meta":{"_acf_changed":false,"footnotes":""},"categories":[],"tags":[],"class_list":["post-6391","page","type-page","status-publish","hentry"],"acf":[],"_links":{"self":[{"href":"https:\/\/semmelweis.hu\/fok\/wp-json\/wp\/v2\/pages\/6391","targetHints":{"allow":["GET"]}}],"collection":[{"href":"https:\/\/semmelweis.hu\/fok\/wp-json\/wp\/v2\/pages"}],"about":[{"href":"https:\/\/semmelweis.hu\/fok\/wp-json\/wp\/v2\/types\/page"}],"author":[{"embeddable":true,"href":"https:\/\/semmelweis.hu\/fok\/wp-json\/wp\/v2\/users\/101171"}],"replies":[{"embeddable":true,"href":"https:\/\/semmelweis.hu\/fok\/wp-json\/wp\/v2\/comments?post=6391"}],"version-history":[{"count":10,"href":"https:\/\/semmelweis.hu\/fok\/wp-json\/wp\/v2\/pages\/6391\/revisions"}],"predecessor-version":[{"id":11625,"href":"https:\/\/semmelweis.hu\/fok\/wp-json\/wp\/v2\/pages\/6391\/revisions\/11625"}],"up":[{"embeddable":true,"href":"https:\/\/semmelweis.hu\/fok\/wp-json\/wp\/v2\/pages\/5"}],"wp:attachment":[{"href":"https:\/\/semmelweis.hu\/fok\/wp-json\/wp\/v2\/media?parent=6391"}],"wp:term":[{"taxonomy":"category","embeddable":true,"href":"https:\/\/semmelweis.hu\/fok\/wp-json\/wp\/v2\/categories?post=6391"},{"taxonomy":"post_tag","embeddable":true,"href":"https:\/\/semmelweis.hu\/fok\/wp-json\/wp\/v2\/tags?post=6391"}],"curies":[{"name":"wp","href":"https:\/\/api.w.org\/{rel}","templated":true}]}}