{"id":63,"date":"2012-02-09T08:22:19","date_gmt":"2012-02-09T07:22:19","guid":{"rendered":"http:\/\/semmelweis-egyetem.hu\/fok\/?page_id=63"},"modified":"2023-07-19T10:08:51","modified_gmt":"2023-07-19T08:08:51","slug":"tankonyvek-es-jegyzetek","status":"publish","type":"page","link":"https:\/\/semmelweis.hu\/fok\/oktatas\/altalanos-informaciok-a-hallgatok-reszere\/tankonyvek-es-jegyzetek\/","title":{"rendered":"Tank\u00f6nyvek \u00e9s jegyzetek"},"content":{"rendered":"<h6>A fogorvostan-hallgat\u00f3k \u00e1ltal haszn\u00e1lt tank\u00f6nyvek \u00e9s jegyzetek list\u00e1ja<\/h6>\n<p style=\"text-align: center\"><a class=\"btn btn-secondary\" href=\"https:\/\/semmelweis.hu\/fok\/files\/2023\/04\/Tankonyvek-es-jegyzetek-2023-24.pdf\" target=\"_blank\" rel=\"noopener\">pdf let\u00f6lt\u00e9se<\/a><\/p>\n<p align=\"left\">\u00a0<\/p>\n","protected":false},"excerpt":{"rendered":"<p>A fogorvostan-hallgat\u00f3k \u00e1ltal haszn\u00e1lt tank\u00f6nyvek \u00e9s jegyzetek list\u00e1ja<br \/>\n<a class=\"btn btn-secondary\" href=\"https:\/\/semmelweis.hu\/fok\/files\/2023\/04\/Tankonyvek-es-jegyzetek-2023-24.pdf\" target=\"_blank\" rel=\"noopener\">pdf let\u00f6lt\u00e9se<\/a><br \/>\n\u00a0<\/p>\n","protected":false},"author":38,"featured_media":0,"parent":6071,"menu_order":3,"comment_status":"closed","ping_status":"closed","template":"","meta":{"_acf_changed":false,"footnotes":""},"categories":[],"tags":[],"class_list":["post-63","page","type-page","status-publish","hentry"],"acf":[],"_links":{"self":[{"href":"https:\/\/semmelweis.hu\/fok\/wp-json\/wp\/v2\/pages\/63","targetHints":{"allow":["GET"]}}],"collection":[{"href":"https:\/\/semmelweis.hu\/fok\/wp-json\/wp\/v2\/pages"}],"about":[{"href":"https:\/\/semmelweis.hu\/fok\/wp-json\/wp\/v2\/types\/page"}],"author":[{"embeddable":true,"href":"https:\/\/semmelweis.hu\/fok\/wp-json\/wp\/v2\/users\/38"}],"replies":[{"embeddable":true,"href":"https:\/\/semmelweis.hu\/fok\/wp-json\/wp\/v2\/comments?post=63"}],"version-history":[{"count":10,"href":"https:\/\/semmelweis.hu\/fok\/wp-json\/wp\/v2\/pages\/63\/revisions"}],"predecessor-version":[{"id":8797,"href":"https:\/\/semmelweis.hu\/fok\/wp-json\/wp\/v2\/pages\/63\/revisions\/8797"}],"up":[{"embeddable":true,"href":"https:\/\/semmelweis.hu\/fok\/wp-json\/wp\/v2\/pages\/6071"}],"wp:attachment":[{"href":"https:\/\/semmelweis.hu\/fok\/wp-json\/wp\/v2\/media?parent=63"}],"wp:term":[{"taxonomy":"category","embeddable":true,"href":"https:\/\/semmelweis.hu\/fok\/wp-json\/wp\/v2\/categories?post=63"},{"taxonomy":"post_tag","embeddable":true,"href":"https:\/\/semmelweis.hu\/fok\/wp-json\/wp\/v2\/tags?post=63"}],"curies":[{"name":"wp","href":"https:\/\/api.w.org\/{rel}","templated":true}]}}