{"id":6071,"date":"2021-03-19T10:31:42","date_gmt":"2021-03-19T09:31:42","guid":{"rendered":"https:\/\/semmelweis.hu\/fok\/?page_id=6071"},"modified":"2023-07-19T10:05:27","modified_gmt":"2023-07-19T08:05:27","slug":"altalanos-informaciok-a-hallgatok-reszere","status":"publish","type":"page","link":"https:\/\/semmelweis.hu\/fok\/oktatas\/altalanos-informaciok-a-hallgatok-reszere\/","title":{"rendered":"\u00c1ltal\u00e1nos inform\u00e1ci\u00f3k fogorvostan hallgat\u00f3k r\u00e9sz\u00e9re"},"content":{"rendered":"","protected":false},"excerpt":{"rendered":"","protected":false},"author":101171,"featured_media":0,"parent":3384,"menu_order":0,"comment_status":"closed","ping_status":"closed","template":"","meta":{"_acf_changed":false,"footnotes":""},"categories":[],"tags":[],"class_list":["post-6071","page","type-page","status-publish","hentry"],"acf":[],"_links":{"self":[{"href":"https:\/\/semmelweis.hu\/fok\/wp-json\/wp\/v2\/pages\/6071","targetHints":{"allow":["GET"]}}],"collection":[{"href":"https:\/\/semmelweis.hu\/fok\/wp-json\/wp\/v2\/pages"}],"about":[{"href":"https:\/\/semmelweis.hu\/fok\/wp-json\/wp\/v2\/types\/page"}],"author":[{"embeddable":true,"href":"https:\/\/semmelweis.hu\/fok\/wp-json\/wp\/v2\/users\/101171"}],"replies":[{"embeddable":true,"href":"https:\/\/semmelweis.hu\/fok\/wp-json\/wp\/v2\/comments?post=6071"}],"version-history":[{"count":3,"href":"https:\/\/semmelweis.hu\/fok\/wp-json\/wp\/v2\/pages\/6071\/revisions"}],"predecessor-version":[{"id":9256,"href":"https:\/\/semmelweis.hu\/fok\/wp-json\/wp\/v2\/pages\/6071\/revisions\/9256"}],"up":[{"embeddable":true,"href":"https:\/\/semmelweis.hu\/fok\/wp-json\/wp\/v2\/pages\/3384"}],"wp:attachment":[{"href":"https:\/\/semmelweis.hu\/fok\/wp-json\/wp\/v2\/media?parent=6071"}],"wp:term":[{"taxonomy":"category","embeddable":true,"href":"https:\/\/semmelweis.hu\/fok\/wp-json\/wp\/v2\/categories?post=6071"},{"taxonomy":"post_tag","embeddable":true,"href":"https:\/\/semmelweis.hu\/fok\/wp-json\/wp\/v2\/tags?post=6071"}],"curies":[{"name":"wp","href":"https:\/\/api.w.org\/{rel}","templated":true}]}}