{"id":6065,"date":"2021-03-19T10:21:27","date_gmt":"2021-03-19T09:21:27","guid":{"rendered":"https:\/\/semmelweis.hu\/fok\/?page_id=6065"},"modified":"2025-09-16T10:33:58","modified_gmt":"2025-09-16T08:33:58","slug":"penzugyek","status":"publish","type":"page","link":"https:\/\/semmelweis.hu\/fok\/oktatas\/penzugyek\/","title":{"rendered":"P\u00e9nz\u00fcgyek"},"content":{"rendered":"<h4><strong>NEPTUN hallgat\u00f3i p\u00e9nz\u00fcgyi t\u00e1j\u00e9koztat\u00f3<\/strong><\/h4>\n<p><a href=\"https:\/\/semmelweis.hu\/fok\/files\/2024\/08\/SE-NEPTUN-PENZUGYI-TAJEKOZTATO-2024.05.28.pdf\">A r\u00e9szletes t\u00e1j\u00e9koztat\u00f3 pdf form\u00e1tumban olvashat\u00f3 \u2192<\/a><\/p>\n<h4><strong>\u00d6nk\u00f6lts\u00e9ges k\u00e9pz\u00e9s d\u00edja a Fogorvostudom\u00e1nyi Karon<\/strong><\/h4>\n<p><strong>Let\u00f6lthet\u0151 pdf dokumentumok:<\/strong><\/p>\n<ul>\n<li><a href=\"https:\/\/semmelweis.hu\/fok\/files\/2025\/09\/onkoltseg-2025-2026.pdf\">\u00d6nk\u00f6lts\u00e9ges k\u00e9pz\u00e9s d\u00edja a Fogorvostudom\u00e1nyi Karon \u2013 2025\/2026. tan\u00e9vben<\/a><\/li>\n<li><a href=\"https:\/\/semmelweis.hu\/fok\/files\/2024\/05\/onkoltseg-24-25.pdf\">\u00d6nk\u00f6lts\u00e9ges k\u00e9pz\u00e9s d\u00edja a Fogorvostudom\u00e1nyi Karon \u2013 2024\/2025. tan\u00e9vben<\/a><\/li>\n<li><a href=\"https:\/\/semmelweis.hu\/fok\/files\/2024\/05\/onkoltseg-23-24.pdf\">\u00d6nk\u00f6lts\u00e9ges k\u00e9pz\u00e9s d\u00edja a Fogorvostudom\u00e1nyi Karon \u2013 2023\/2024 tan\u00e9vben<\/a><\/li>\n<li><a href=\"https:\/\/semmelweis.hu\/fok\/files\/2021\/10\/%C3%96nk%C3%B6lts%C3%A9gi-d%C3%ADjak-2022-2023.pdf\">\u00d6nk\u00f6lts\u00e9ges k\u00e9pz\u00e9s d\u00edja a Fogorvostudom\u00e1nyi Karon \u2013 2022\/2023. tan\u00e9vben<\/a><\/li>\n<li><a href=\"https:\/\/semmelweis.hu\/fok\/files\/2020\/10\/%C3%96nk%C3%B6lts%C3%A9ges-k%C3%A9pz%C3%A9s-d%C3%ADj-28-2020-KT-Hat%C3%A1rozat.pdf\">\u00d6nk\u00f6lts\u00e9ges k\u00e9pz\u00e9s d\u00edja a Fogorvostudom\u00e1nyi Karon \u2013 2021\/2022. tan\u00e9vben<\/a><\/li>\n<\/ul>\n<pre><strong>DI\u00c1KHITEL<\/strong><\/pre>\n<p><span style=\"font-size: 18pt\"><a href=\"https:\/\/semmelweis.hu\/fok\/files\/2023\/08\/1-SE-DIAKHITEL-TAJEKOZTATOJA-HALLGATOKNAK-1.pdf\">T\u00e1j\u00e9koztat\u00f3 &#8211; Di\u00e1khitel tudnival\u00f3k<\/a><\/span><strong><br \/>\n<\/strong><\/p>\n<p><a href=\"https:\/\/diakhitel.hu\/\" target=\"_blank\" rel=\"noopener\">Tov\u00e1bb a Di\u00e1khitel Zrt. honlapj\u00e1ra \u2192<\/a><\/p>\n","protected":false},"excerpt":{"rendered":"<p>NEPTUN hallgat\u00f3i p\u00e9nz\u00fcgyi t\u00e1j\u00e9koztat\u00f3<br \/>\n<a href=\"https:\/\/semmelweis.hu\/fok\/files\/2024\/08\/SE-NEPTUN-PENZUGYI-TAJEKOZTATO-2024.05.28.pdf\">A r\u00e9szletes t\u00e1j\u00e9koztat\u00f3 pdf form\u00e1tumban olvashat\u00f3 \u2192<\/a><br \/>\n\u00d6nk\u00f6lts\u00e9ges k\u00e9pz\u00e9s d\u00edja a Fogorvostudom\u00e1nyi Karon<br \/>\nLet\u00f6lthet\u0151 pdf dokumentumok:<\/p>\n<p><a href=\"https:\/\/semmelweis.hu\/fok\/files\/2025\/09\/onkoltseg-2025-2026.pdf\">\u00d6nk\u00f6lts\u00e9ges k\u00e9pz\u00e9s d\u00edja a Fogorvostudom\u00e1nyi Karon \u2013 2025\/2026. tan\u00e9vben<\/a><br \/>\n<a href=\"https:\/\/semmelweis.hu\/fok\/files\/2024\/05\/onkoltseg-24-25.pdf\">\u00d6nk\u00f6lts\u00e9ges k\u00e9pz\u00e9s d\u00edja a Fogorvostudom\u00e1nyi Karon \u2013 2024\/2025. tan\u00e9vben<\/a><br \/>\n<a href=\"https:\/\/semmelweis.hu\/fok\/files\/2024\/05\/onkoltseg-23-24.pdf\">\u00d6nk\u00f6lts\u00e9ges k\u00e9pz\u00e9s d\u00edja a Fogorvostudom\u00e1nyi Karon \u2013 2023\/2024 tan\u00e9vben<\/a><br \/>\n<a href=\"https:\/\/semmelweis.hu\/fok\/files\/2021\/10\/%C3%96nk%C3%B6lts%C3%A9gi-d%C3%ADjak-2022-2023.pdf\">\u00d6nk\u00f6lts\u00e9ges k\u00e9pz\u00e9s d\u00edja a Fogorvostudom\u00e1nyi Karon \u2013 2022\/2023. tan\u00e9vben<\/a><br \/>\n<a href=\"https:\/\/semmelweis.hu\/fok\/files\/2020\/10\/%C3%96nk%C3%B6lts%C3%A9ges-k%C3%A9pz%C3%A9s-d%C3%ADj-28-2020-KT-Hat%C3%A1rozat.pdf\">\u00d6nk\u00f6lts\u00e9ges k\u00e9pz\u00e9s d\u00edja a Fogorvostudom\u00e1nyi Karon \u2013 2021\/2022. tan\u00e9vben<\/a><\/p>\n<p>DI\u00c1KHITEL<br \/>\n<a href=\"https:\/\/semmelweis.hu\/fok\/files\/2023\/08\/1-SE-DIAKHITEL-TAJEKOZTATOJA-HALLGATOKNAK-1.pdf\">T\u00e1j\u00e9koztat\u00f3 &#8211; Di\u00e1khitel tudnival\u00f3k<\/a><\/p>\n<p><a href=\"https:\/\/diakhitel.hu\/\" target=\"_blank\" rel=\"noopener\">Tov\u00e1bb a Di\u00e1khitel Zrt. honlapj\u00e1ra \u2192<\/a><\/p>\n","protected":false},"author":101171,"featured_media":0,"parent":3384,"menu_order":0,"comment_status":"closed","ping_status":"closed","template":"","meta":{"_acf_changed":false,"footnotes":""},"categories":[],"tags":[],"class_list":["post-6065","page","type-page","status-publish","hentry"],"acf":[],"_links":{"self":[{"href":"https:\/\/semmelweis.hu\/fok\/wp-json\/wp\/v2\/pages\/6065","targetHints":{"allow":["GET"]}}],"collection":[{"href":"https:\/\/semmelweis.hu\/fok\/wp-json\/wp\/v2\/pages"}],"about":[{"href":"https:\/\/semmelweis.hu\/fok\/wp-json\/wp\/v2\/types\/page"}],"author":[{"embeddable":true,"href":"https:\/\/semmelweis.hu\/fok\/wp-json\/wp\/v2\/users\/101171"}],"replies":[{"embeddable":true,"href":"https:\/\/semmelweis.hu\/fok\/wp-json\/wp\/v2\/comments?post=6065"}],"version-history":[{"count":10,"href":"https:\/\/semmelweis.hu\/fok\/wp-json\/wp\/v2\/pages\/6065\/revisions"}],"predecessor-version":[{"id":11255,"href":"https:\/\/semmelweis.hu\/fok\/wp-json\/wp\/v2\/pages\/6065\/revisions\/11255"}],"up":[{"embeddable":true,"href":"https:\/\/semmelweis.hu\/fok\/wp-json\/wp\/v2\/pages\/3384"}],"wp:attachment":[{"href":"https:\/\/semmelweis.hu\/fok\/wp-json\/wp\/v2\/media?parent=6065"}],"wp:term":[{"taxonomy":"category","embeddable":true,"href":"https:\/\/semmelweis.hu\/fok\/wp-json\/wp\/v2\/categories?post=6065"},{"taxonomy":"post_tag","embeddable":true,"href":"https:\/\/semmelweis.hu\/fok\/wp-json\/wp\/v2\/tags?post=6065"}],"curies":[{"name":"wp","href":"https:\/\/api.w.org\/{rel}","templated":true}]}}