{"id":6062,"date":"2021-03-19T10:20:56","date_gmt":"2021-03-19T09:20:56","guid":{"rendered":"https:\/\/semmelweis.hu\/fok\/?page_id=6062"},"modified":"2025-04-16T10:11:36","modified_gmt":"2025-04-16T08:11:36","slug":"gyakorlatok","status":"publish","type":"page","link":"https:\/\/semmelweis.hu\/fok\/oktatas\/altalanos-informaciok-a-hallgatok-reszere\/gyakorlatok\/","title":{"rendered":"Szakmai gyakorlatok (fogorvos hallgat\u00f3k)"},"content":{"rendered":"<div>\n<div class=\"fontos_div\">\n<h6>A ny\u00e1ri szakmai gyakorlat tant\u00e1rgyak krit\u00e9rium k\u00f6vetelm\u00e9nyek, amelyeket a kurrikulumban foglaltak szerinti f\u00e9l\u00e9vben sz\u00fcks\u00e9ges teljes\u00edteni. A ny\u00e1ri szakmai gyakorlatok el\u0151\u00edrt f\u00e9l\u00e9vben elmulasztott teljes\u00edt\u00e9se eset\u00e9n a hallgat\u00f3 fels\u0151bb \u00e9vfolyamba nem l\u00e9phet.<\/h6>\n<\/div>\n<\/div>\n<h4><strong>Fontos tudnival\u00f3k\/dokumentumok<\/strong><\/h4>\n<ul style=\"list-style-type: square\">\n<li><a href=\"https:\/\/semmelweis.hu\/fok\/files\/2025\/04\/Altalanos-fogaszati-nyari-gyakorlat-BEOSZTAS-2025-Magyar.pdf\" target=\"_blank\" rel=\"noopener\">\u00c1ltal\u00e1nos fog\u00e1szati ny\u00e1ri gyakorlat &#8211; beoszt\u00e1s (pdf)<\/a><\/li>\n<li><a href=\"https:\/\/semmelweis.hu\/fok\/files\/2019\/03\/Asszisztensi-ny\u00e1ri-gyakorlat.pdf\">Ny\u00e1ri gyakorlat\u00a0 T\u00e1j\u00e9koztat\u00f3 &#8211; asszisztensi\u00a0 (pdf)<\/a><\/li>\n<li><a href=\"https:\/\/semmelweis.hu\/fok\/files\/2024\/12\/HATALYOS-FOK_Nyari_gyakorlatok_eljarasrend_2024_12_13.pdf\">Ny\u00e1ri szakmai gyakorlatok elj\u00e1r\u00e1srendje (pdf)<\/a><\/li>\n<\/ul>\n<h4><strong>Szakmai gyakorlatok tant\u00e1rgyi tematik\u00e1i<\/strong><\/h4>\n<ul style=\"list-style-type: square\">\n<li><a href=\"https:\/\/semmelweis.hu\/fok\/files\/2025\/04\/Altalanos-fogaszat-nyari-gyakorlat-HU.pdf\">\u00c1ltal\u00e1nos fog\u00e1szati ny\u00e1ri gyakorlat-tant\u00e1rgyi program-k\u00f6z\u00f6s-magyar<\/a><\/li>\n<li><a href=\"https:\/\/semmelweis.hu\/fok\/files\/2025\/04\/Altalanos-fogaszat-nyari-gyakorlat-EN.pdf\">\u00c1ltal\u00e1nos fog\u00e1szati ny\u00e1ri gyakorlat-tant\u00e1rgyi program-k\u00f6z\u00f6s-angol<\/a><\/li>\n<li><a href=\"https:\/\/semmelweis.hu\/fok\/files\/2025\/04\/Altalanos-fogaszat-nyari-gyakorlat-DE.pdf\">\u00c1ltal\u00e1nos fog\u00e1szati ny\u00e1ri gyakorlat-tant\u00e1rgyi program-k\u00f6z\u00f6s-n\u00e9met<\/a><\/li>\n<li><a href=\"https:\/\/semmelweis.hu\/fok\/files\/2025\/04\/Aszisztensi-nyari-gyakorlat_magyar.pdf\">Asszisztensi ny\u00e1ri gyakorlat \u00faj k\u00f6vetelm\u00e9nyrendszer-magyar<\/a><\/li>\n<li><a href=\"https:\/\/semmelweis.hu\/fok\/files\/2025\/04\/Aszisztensi-nyari-gyakorlat_angol.pdf\">Asszisztensi ny\u00e1ri gyakorlat \u00faj k\u00f6vetelm\u00e9nyrendszer-angol<\/a><\/li>\n<li><a href=\"https:\/\/semmelweis.hu\/fok\/files\/2025\/04\/Aszisztensi-nyari-gyakorlat_nemet.pdf\">Asszisztensi ny\u00e1ri gyakorlat \u00faj k\u00f6vetelm\u00e9nyrendszer-n\u00e9met<\/a><\/li>\n<li><a href=\"https:\/\/semmelweis.hu\/fok\/files\/2025\/04\/Extrakcios-nyari-gyakorlat-HU.pdf\">Extrakci\u00f3s ny\u00e1ri gyakorlat k\u00f6vetelm\u00e9nyrendszer-magyar<\/a><\/li>\n<li><a href=\"https:\/\/semmelweis.hu\/fok\/files\/2025\/04\/Extrakcios-nyari-gyakorlat-EN.pdf\">Extrakci\u00f3s ny\u00e1ri gyakorlat k\u00f6vetelm\u00e9nyrendszer-angol<\/a><\/li>\n<li><a href=\"https:\/\/semmelweis.hu\/fok\/files\/2025\/04\/Extrakcios-nyari-gyakorlat-DE.pdf\">Extrakci\u00f3s ny\u00e1ri gyakorlat k\u00f6vetelm\u00e9nyrendszer-n\u00e9met<\/a><\/li>\n<li><a href=\"https:\/\/semmelweis.hu\/fok\/files\/2025\/04\/Odonto-nyari-gyakorlat-HU.pdf\">Odontotechnol\u00f3giai ny\u00e1ri gyakorlat magyar<\/a><\/li>\n<li><a href=\"https:\/\/semmelweis.hu\/fok\/files\/2025\/04\/Odonto-nyari-gyakorlat-EN.pdf\">Odontotechnol\u00f3giai ny\u00e1ri gyakorlat angol<\/a><\/li>\n<li><a href=\"https:\/\/semmelweis.hu\/fok\/files\/2025\/04\/Odonto-nyari-gyakorlat-DE.pdf\">Odontotechnol\u00f3giai ny\u00e1ri gyakorlat n\u00e9met<\/a><\/li>\n<\/ul>\n<h4><strong>Szakmai gyakorlat el\u0151tti orvosi alkalmass\u00e1gi vizsg\u00e1lat<\/strong><\/h4>\n<p><strong>Tisztelt Fogorvostan-hallgat\u00f3!<\/strong><\/p>\n<p>Ez\u00faton t\u00e1j\u00e9koztatjuk, hogy \u201eAz eg\u00e9szs\u00e9g\u00fcgyi tev\u00e9kenys\u00e9g v\u00e9gz\u00e9s\u00e9nek egyes k\u00e9rd\u00e9seir\u0151l sz\u00f3l\u00f3 2003. \u00e9vi LXXXIV. t\u00f6rv\u00e9ny\u201d 27. \u00a7-a \u00e9rtelm\u00e9ben az eg\u00e9szs\u00e9g\u00fcgyi tev\u00e9kenys\u00e9g v\u00e9gz\u00e9s\u00e9ben hallgat\u00f3i jogviszony alapj\u00e1n k\u00f6zrem\u0171k\u00f6d\u0151 szem\u00e9lyek <strong>alkalmass\u00e1gi vizsg\u00e1laton k\u00f6telesek r\u00e9szt venni.<\/strong><\/p>\n<p>Fentiekkel \u00f6sszhangban a 2019 szeptember\u00e9t\u0151l hat\u00e1lyos Tanulm\u00e1nyi \u00e9s Vizsgaszab\u00e1lyzat (Szervezeti \u00e9s M\u0171k\u00f6d\u00e9si Szab\u00e1lyzat III. K\u00d6NYV Hallgat\u00f3i K\u00f6vetelm\u00e9nyrendszer III. 2 R\u00c9SZ) 10.\u00a7 (7) bekezd\u00e9se \u00e9rtelm\u00e9ben a hallgat\u00f3k sz\u00e1m\u00e1ra <strong>\u00e9vente k\u00f6telez\u0151 a szakmai gyakorlatot megel\u0151z\u0151en alkalmass\u00e1gi vizsg\u00e1lat elv\u00e9gz\u00e9se.<\/strong><\/p>\n<div class=\"fontos_div\">\n<p><strong>\u00c9rv\u00e9nyes alkalmass\u00e1gi vizsg\u00e1lat <\/strong><strong>hi\u00e1ny\u00e1ban a szakmai gyakorlatot a hallgat\u00f3 nem kezdheti meg. Az alkalmass\u00e1gi vizsg\u00e1lat teljes\u00edt\u00e9se a hallgat\u00f3 felel\u0151ss\u00e9ge \u00e9s k\u00f6teless\u00e9ge. <br \/>\n<\/strong><\/p>\n<\/div>\n<p><strong>Az alkalmass\u00e1gi vizsg\u00e1latot a Semmelweis Egyetem Klinikai K\u00f6zpont Foglalkoz\u00e1s-eg\u00e9szs\u00e9g\u00fcgyi Szolg\u00e1lata v\u00e9gzi.<\/strong><\/p>\n<p><strong>Az eg\u00e9szs\u00e9g\u00fcgyi alkalmass\u00e1gi vizsg\u00e1latra a <\/strong><strong>NEPTUN rendszer \u00dcGYINT\u00c9Z\u00c9S\/ ID\u0150PONTFOGLAL\u00c1S modulj\u00e1n kereszt\u00fcl <\/strong><strong>kell jelentkezni. <\/strong><a href=\"https:\/\/drive.google.com\/drive\/folders\/1mStLM7dysJBEmF0KUGddD39FP08IpSA5\" target=\"_blank\" rel=\"noopener\">Az oktat\u00f3 vide\u00f3 itt tal\u00e1lhat\u00f3\u2192<\/a><\/p>\n<p>Azoknak a hallgat\u00f3knak,<strong> akik rendelkeznek kor\u00e1bbi alkalmass\u00e1gi eredm\u00e9nnyel <\/strong>(el\u0151z\u0151 tan\u00e9vekr\u0151l), amelyet az Eg\u00e9szs\u00e9g\u00fcgyi nyilatkozat \u00e9s vizsg\u00e1lati adatok c\u00edm\u0171 eg\u00e9szs\u00e9g\u00fcgyi kisk\u00f6nyv\u00e9be bejegyzett a Foglalkoz\u00e1s-eg\u00e9szs\u00e9g\u00fcgyi Szolg\u00e1lat, <strong>a vizsg\u00e1latra az al\u00e1bbi dokumentumokat kell magukkal vinni\u00fck:<\/strong><\/p>\n<ul>\n<li><strong>egy \u00e9ven bel\u00fcli mellkas r\u00f6ntgen, <\/strong>vagy t\u00fcd\u0151sz\u0171r\u0151 negat\u00edv lelete,<\/li>\n<li><strong>1 h\u00f3napon bel\u00fcli laborvizsg\u00e1lat <\/strong>(teljes v\u00e9rk\u00e9p, m\u00e1jfunkci\u00f3, vesefunkci\u00f3, teljes vizelet),<\/li>\n<li><strong>Gyermekkori olt\u00e1si k\u00f6nyv,<\/strong><\/li>\n<li><strong>anti HCV (hepatitis C virus) lelet eredm\u00e9nye,<\/strong><\/li>\n<li><strong>Hepatitis B v\u00e9d\u0151olt\u00e1s igazol\u00e1sa. Amennyiben az olt\u00e1si k\u00f6nyv nem\u00a0\u00e1ll rendelkez\u00e9sre, akkor anti HBs AT ellenanyag vizsg\u00e1latot kell v\u00e9gezni \u00e9s ennek eredm\u00e9ny\u00e9nek f\u00fcggv\u00e9ny\u00e9ben sz\u00fcks\u00e9gess\u00e9 v\u00e1lhat az olt\u00e1si sorozat megism\u00e9tl\u00e9se,<\/strong><\/li>\n<li><strong>egy\u00e9b<\/strong>, az el\u0151z\u0151 alkalmass\u00e1gi vizsg\u00e1lat \u00f3ta kialakult kr\u00f3nikus betegs\u00e9gr\u0151l sz\u00f3l\u00f3 orvosi dokument\u00e1ci\u00f3, gy\u00f3gyszer\u00e9rz\u00e9kenys\u00e9g stb.<\/li>\n<\/ul>\n<div class=\"keretes w-100\">\n<p><strong>Amennyiben nem rendelkezik<\/strong> <strong>egy \u00e9ven bel\u00fcli negat\u00edv mellkas r\u00f6ntgen<\/strong> lelettel, ill. <strong>1 h\u00f3napon bel\u00fcli laborvizsg\u00e1lati lelettel<\/strong> (teljes v\u00e9rk\u00e9p, m\u00e1jfunkci\u00f3, vesefunkci\u00f3, teljes vizelet), <strong>lehet\u0151s\u00e9g van ezen vizsg\u00e1latokra jelentkezni a <\/strong><strong>NEPTUN rendszer \u00dcGYINT\u00c9Z\u00c9S\/ID\u0150PONTFOGLAL\u00c1S modulj\u00e1n kereszt\u00fcl.<\/strong><\/p>\n<\/div>\n<p>Term\u00e9szetesen <strong>t\u00e9r\u00edt\u00e9s ellen\u00e9ben<\/strong> lehet\u0151s\u00e9g van a mellkas r\u00f6ntgen \u00e9s a laborvizsg\u00e1lat elv\u00e9gz\u00e9s\u00e9re a lak\u00f3hely szerinti illet\u00e9kes eg\u00e9szs\u00e9g\u00fcgyi int\u00e9zm\u00e9nyekben is.\u00a0<strong>Ebben az esetben a leleteket mag\u00e1val kell vinnie az alkalmass\u00e1gi vizsg\u00e1latra.<\/strong><\/p>\n<p><strong>Azoknak a hallgat\u00f3knak, akik el\u0151sz\u00f6r vesznek r\u00e9szt alkalmass\u00e1gi vizsg\u00e1laton a Foglalkoz\u00e1s-eg\u00e9szs\u00e9g\u00fcgyi Szolg\u00e1latn\u00e1l<\/strong>, az al\u00e1bbi dokumentumokat kell magukkal vinni\u00fck a vizsg\u00e1latra:<\/p>\n<ul>\n<li><a href=\"https:\/\/semmelweis.hu\/fok\/files\/2022\/06\/Anamnezis-lap.pdf\">Anamn\u00e9zis lap<\/a> kit\u00f6ltve, al\u00e1\u00edrva,<\/li>\n<li><a href=\"https:\/\/semmelweis.hu\/fok\/files\/2022\/06\/Haziorvosi-nyilatkozat.pdf\">H\u00e1ziorvosi nyilatkozat<\/a> kit\u00f6ltve, h\u00e1ziorvos \u00e1ltal al\u00e1\u00edrva,<\/li>\n<li><a href=\"https:\/\/semmelweis.hu\/fok\/files\/2022\/06\/munavedelmi-nyilatkozat-_szabalyzatbol.pdf\">SE Munkav\u00e9delmi szab\u00e1lyzat 5. sz. mell\u00e9klete szerinti Nyilatkozat<\/a> kit\u00f6ltve, al\u00e1\u00edrva,<\/li>\n<li><a href=\"https:\/\/semmelweis.hu\/fok\/files\/2022\/06\/Hallgatoi-nyilatkozat-egeszsegi-allapotrol.pdf\">Hallgat\u00f3i nyilatkozat eg\u00e9szs\u00e9g\u00fcgyi \u00e1llapotr\u00f3l<\/a><\/li>\n<li><a href=\"https:\/\/semmelweis.hu\/fok\/files\/2022\/06\/Egeszsegugyi-nyilatkozat-jarvanyugyi-erdek.pdf\">Eg\u00e9szs\u00e9g\u00fcgyi-nyilatkozat<\/a><\/li>\n<li>\u201e<strong>Eg\u00e9szs\u00e9g\u00fcgyi nyilatkozat \u00e9s vizsg\u00e1lati adatok<\/strong>\u201d c\u00edm\u0171 eg\u00e9szs\u00e9g\u00fcgyi kisk\u00f6nyv (nyomtatv\u00e1nyboltban beszerezhet\u0151) kit\u00f6ltve, al\u00e1\u00edrva,<\/li>\n<li><strong>Gyermekkori olt\u00e1si k\u00f6nyv<\/strong>,<\/li>\n<li><strong>anti HCV (hepatitis C virus) lelet eredm\u00e9nye,<\/strong><\/li>\n<li>amennyiben valamilyen <strong>kr\u00f3nikus betegs\u00e9ge <\/strong>van, akkor az arr\u00f3l sz\u00f3l\u00f3 <strong>orvosi dokument\u00e1ci\u00f3<\/strong> (ambul\u00e1ns lap, z\u00e1r\u00f3jelent\u00e9s) f\u00e9nym\u00e1solata,<\/li>\n<li>gy\u00f3gyszer\u00e9rz\u00e9kenys\u00e9g eset\u00e9n b\u0151rgy\u00f3gy\u00e1szati szakv\u00e9lem\u00e9ny,<\/li>\n<li><strong>egy \u00e9ven bel\u00fcli mellkas r\u00f6ntgen vizsg\u00e1lat, <\/strong>vagy t\u00fcd\u0151sz\u0171r\u0151 negat\u00edv lelete,<\/li>\n<li><strong>1 h\u00f3napon bel\u00fcli laborvizsg\u00e1lat<\/strong> (teljes v\u00e9rk\u00e9p, m\u00e1jfunkci\u00f3, vesefunkci\u00f3, teljes vizelet)<\/li>\n<\/ul>\n<p>Az olt\u00e1sok megl\u00e9t\u00e9t k\u00e9rj\u00fck, hogy az Anamn\u00e9zis lapon t\u00fcntesse fel, \u00e9s az <strong>olt\u00e1si k\u00f6nyv\u00e9t (gyermekkori olt\u00e1si k\u00f6nyv\u00e9t is) vigye mag\u00e1val<\/strong>.<\/p>\n<p><strong>Amennyiben az olt\u00e1si k\u00f6nyv nem \u00e1ll rendelkez\u00e9sre, akkor Hepatis B (Anti HBs AT) ellenanyag szint vizsg\u00e1latot kell v\u00e9gezni, \u00e9s ennek eredm\u00e9ny\u00e9t\u0151l f\u00fcgg\u0151en sz\u00fcks\u00e9gess\u00e9 v\u00e1lhat az olt\u00e1sok p\u00f3tl\u00e1sa vagy ism\u00e9telt megad\u00e1sa. <\/strong><\/p>\n<p>V\u00e9gezet\u00fcl t\u00e1j\u00e9koztatom \u00d6nt arr\u00f3l, hogy a Foglalkoz\u00e1s-eg\u00e9szs\u00e9g\u00fcgyi Szolg\u00e1lat a tudom\u00e1s\u00e1ra jutott eg\u00e9szs\u00e9g\u00fcgyi adatokat az inform\u00e1ci\u00f3s \u00f6nrendelkez\u00e9si jogr\u00f3l \u00e9s az inform\u00e1ci\u00f3szabads\u00e1gr\u00f3l sz\u00f3l\u00f3 2011. \u00e9vi CXII. t\u00f6rv\u00e9ny, az eg\u00e9szs\u00e9g\u00fcgyi \u00e9s a hozz\u00e1juk kapcsol\u00f3d\u00f3 szem\u00e9lyes adatok kezel\u00e9s\u00e9r\u0151l \u00e9s v\u00e9delm\u00e9r\u0151l sz\u00f3l\u00f3 1997. \u00e9vi XLVII. t\u00f6rv\u00e9ny, tov\u00e1bb\u00e1 a term\u00e9szetes szem\u00e9lyeknek a szem\u00e9lyes adatok kezel\u00e9se tekintet\u00e9ben t\u00f6rt\u00e9n\u0151 v\u00e9delm\u00e9r\u0151l \u00e9s az ilyen adatok szabad \u00e1raml\u00e1s\u00e1r\u00f3l, valamint a 95\/46\/EK rendelet hat\u00e1lyon k\u00edv\u00fcl helyez\u00e9s\u00e9r\u0151l (\u00e1ltal\u00e1nos adatv\u00e9delmi rendelet) sz\u00f3l\u00f3 Eur\u00f3pai Parlament \u00e9s a Tan\u00e1cs 2016\/679 Rendelete (2016. \u00e1prilis 27.) szigor\u00fa rendelkez\u00e9seinek megfelelve kezeli.<\/p>\n<p>Seg\u00edt\u0151 k\u00f6zrem\u0171k\u00f6d\u00e9s\u00fcket k\u00f6sz\u00f6nj\u00fck!<\/p>\n<p>&nbsp;<\/p>\n","protected":false},"excerpt":{"rendered":"<p>A ny\u00e1ri szakmai gyakorlat tant\u00e1rgyak krit\u00e9rium k\u00f6vetelm\u00e9nyek, amelyeket a kurrikulumban foglaltak szerinti f\u00e9l\u00e9vben sz\u00fcks\u00e9ges teljes\u00edteni. A ny\u00e1ri szakmai gyakorlatok el\u0151\u00edrt f\u00e9l\u00e9vben elmulasztott teljes\u00edt\u00e9se eset\u00e9n a hallgat\u00f3 fels\u0151bb \u00e9vfolyamba nem l\u00e9phet. Fontos tudnival\u00f3k\/dokumentumok <a href=\"https:\/\/semmelweis.hu\/fok\/files\/2025\/04\/Altalanos-fogaszati-nyari-gyakorlat-BEOSZTAS-2025-Magyar.pdf\" target=\"_blank\" rel=\"noopener\">\u00c1ltal\u00e1nos fog\u00e1szati ny\u00e1ri gyakorlat &#8211; beoszt\u00e1s (pdf)<\/a> <a href=\"https:\/\/semmelweis.hu\/fok\/files\/2019\/03\/Asszisztensi-ny\u00e1ri-gyakorlat.pdf\">Ny\u00e1ri gyakorlat\u00a0 T\u00e1j\u00e9koztat\u00f3 &#8211; asszisztensi\u00a0 (pdf)<\/a> <a href=\"https:\/\/semmelweis.hu\/fok\/files\/2024\/12\/HATALYOS-FOK_Nyari_gyakorlatok_eljarasrend_2024_12_13.pdf\">Ny\u00e1ri szakmai gyakorlatok elj\u00e1r\u00e1srendje (pdf)<\/a> Szakmai gyakorlatok tant\u00e1rgyi tematik\u00e1i <a href=\"https:\/\/semmelweis.hu\/fok\/files\/2025\/04\/Altalanos-fogaszat-nyari-gyakorlat-HU.pdf\">\u00c1ltal\u00e1nos fog\u00e1szati ny\u00e1ri gyakorlat-tant\u00e1rgyi program-k\u00f6z\u00f6s-magyar<\/a> <a href=\"https:\/\/semmelweis.hu\/fok\/files\/2025\/04\/Altalanos-fogaszat-nyari-gyakorlat-EN.pdf\">\u00c1ltal\u00e1nos fog\u00e1szati ny\u00e1ri gyakorlat-tant\u00e1rgyi program-k\u00f6z\u00f6s-angol<\/a> <a href=\"https:\/\/semmelweis.hu\/fok\/files\/2025\/04\/Altalanos-fogaszat-nyari-gyakorlat-DE.pdf\">\u00c1ltal\u00e1nos fog\u00e1szati ny\u00e1ri gyakorlat-tant\u00e1rgyi program-k\u00f6z\u00f6s-n\u00e9met<\/a> <a href=\"https:\/\/semmelweis.hu\/fok\/files\/2025\/04\/Aszisztensi-nyari-gyakorlat_magyar.pdf\">Asszisztensi ny\u00e1ri gyakorlat \u00faj k\u00f6vetelm\u00e9nyrendszer-magyar<\/a> <a href=\"https:\/\/semmelweis.hu\/fok\/files\/2025\/04\/Aszisztensi-nyari-gyakorlat_angol.pdf\">Asszisztensi ny\u00e1ri gyakorlat \u00faj k\u00f6vetelm\u00e9nyrendszer-angol<\/a> <a href=\"https:\/\/semmelweis.hu\/fok\/files\/2025\/04\/Aszisztensi-nyari-gyakorlat_nemet.pdf\">Asszisztensi ny\u00e1ri gyakorlat \u00faj k\u00f6vetelm\u00e9nyrendszer-n\u00e9met<\/a> <a href=\"https:\/\/semmelweis.hu\/fok\/files\/2025\/04\/Extrakcios-nyari-gyakorlat-HU.pdf\">Extrakci\u00f3s ny\u00e1ri gyakorlat k\u00f6vetelm\u00e9nyrendszer-magyar<\/a> <a href=\"https:\/\/semmelweis.hu\/fok\/files\/2025\/04\/Extrakcios-nyari-gyakorlat-EN.pdf\">Extrakci\u00f3s ny\u00e1ri gyakorlat k\u00f6vetelm\u00e9nyrendszer-angol<\/a> <a href=\"https:\/\/semmelweis.hu\/fok\/files\/2025\/04\/Extrakcios-nyari-gyakorlat-DE.pdf\">Extrakci\u00f3s ny\u00e1ri gyakorlat k\u00f6vetelm\u00e9nyrendszer-n\u00e9met<\/a> <a href=\"https:\/\/semmelweis.hu\/fok\/files\/2025\/04\/Odonto-nyari-gyakorlat-HU.pdf\">Odontotechnol\u00f3giai ny\u00e1ri gyakorlat magyar<\/a> <a href=\"https:\/\/semmelweis.hu\/fok\/files\/2025\/04\/Odonto-nyari-gyakorlat-EN.pdf\">Odontotechnol\u00f3giai ny\u00e1ri gyakorlat angol<\/a> <a href=\"https:\/\/semmelweis.hu\/fok\/files\/2025\/04\/Odonto-nyari-gyakorlat-DE.pdf\">Odontotechnol\u00f3giai ny\u00e1ri gyakorlat n\u00e9met<\/a> Szakmai gyakorlat el\u0151tti orvosi alkalmass\u00e1gi vizsg\u00e1lat Tisztelt Fogorvostan-hallgat\u00f3! Ez\u00faton t\u00e1j\u00e9koztatjuk, hogy \u201eAz eg\u00e9szs\u00e9g\u00fcgyi tev\u00e9kenys\u00e9g v\u00e9gz\u00e9s\u00e9nek egyes k\u00e9rd\u00e9seir\u0151l sz\u00f3l\u00f3 2003. &hellip;<\/p>\n","protected":false},"author":101171,"featured_media":0,"parent":6071,"menu_order":6,"comment_status":"closed","ping_status":"closed","template":"","meta":{"_acf_changed":false,"footnotes":""},"categories":[],"tags":[],"class_list":["post-6062","page","type-page","status-publish","hentry"],"acf":[],"_links":{"self":[{"href":"https:\/\/semmelweis.hu\/fok\/wp-json\/wp\/v2\/pages\/6062","targetHints":{"allow":["GET"]}}],"collection":[{"href":"https:\/\/semmelweis.hu\/fok\/wp-json\/wp\/v2\/pages"}],"about":[{"href":"https:\/\/semmelweis.hu\/fok\/wp-json\/wp\/v2\/types\/page"}],"author":[{"embeddable":true,"href":"https:\/\/semmelweis.hu\/fok\/wp-json\/wp\/v2\/users\/101171"}],"replies":[{"embeddable":true,"href":"https:\/\/semmelweis.hu\/fok\/wp-json\/wp\/v2\/comments?post=6062"}],"version-history":[{"count":10,"href":"https:\/\/semmelweis.hu\/fok\/wp-json\/wp\/v2\/pages\/6062\/revisions"}],"predecessor-version":[{"id":10677,"href":"https:\/\/semmelweis.hu\/fok\/wp-json\/wp\/v2\/pages\/6062\/revisions\/10677"}],"up":[{"embeddable":true,"href":"https:\/\/semmelweis.hu\/fok\/wp-json\/wp\/v2\/pages\/6071"}],"wp:attachment":[{"href":"https:\/\/semmelweis.hu\/fok\/wp-json\/wp\/v2\/media?parent=6062"}],"wp:term":[{"taxonomy":"category","embeddable":true,"href":"https:\/\/semmelweis.hu\/fok\/wp-json\/wp\/v2\/categories?post=6062"},{"taxonomy":"post_tag","embeddable":true,"href":"https:\/\/semmelweis.hu\/fok\/wp-json\/wp\/v2\/tags?post=6062"}],"curies":[{"name":"wp","href":"https:\/\/api.w.org\/{rel}","templated":true}]}}