{"id":6028,"date":"2021-03-16T12:26:01","date_gmt":"2021-03-16T11:26:01","guid":{"rendered":"https:\/\/semmelweis.hu\/fok\/?page_id=6028"},"modified":"2023-07-19T10:06:17","modified_gmt":"2023-07-19T08:06:17","slug":"testneveles","status":"publish","type":"page","link":"https:\/\/semmelweis.hu\/fok\/oktatas\/altalanos-informaciok-a-hallgatok-reszere\/testneveles\/","title":{"rendered":"Testnevel\u00e9s"},"content":{"rendered":"<h4><strong><u>A Testnevel\u00e9s t\u00e1rgy al\u00f3li felment\u00e9s elj\u00e1r\u00e1si rendje:<\/u><\/strong><\/h4>\n<p style=\"text-align: justify\"><span style=\"font-size: 12pt\">Tisztelt Hallgat\u00f3k!<br \/>\nSzeretn\u00e9nk t\u00e1j\u00e9koztatni \u00d6n\u00f6ket arr\u00f3l, hogy a <strong><em>Testnevel\u00e9s<\/em><\/strong> t\u00e1rgyat esed\u00e9kes sorsz\u00e1mmal, a mintatanterv\u00fck \u00e1ltal el\u0151\u00edrt valamennyi <strong>f\u00e9l\u00e9vben sz\u00fcks\u00e9ges felvenni\u00fck<\/strong> ugyanolyan m\u00f3don, mint a t\u00f6bbi k\u00f6telez\u0151 vagy k\u00f6telez\u0151en v\u00e1laszthat\u00f3 t\u00e1rgyat <strong>abban az esetben is, ha a t\u00e1rgyb\u00f3l felment\u00e9s\u00fck van<\/strong>.<br \/>\n<strong><u>A Testnevel\u00e9s t\u00e1rgy al\u00f3li felment\u00e9s elj\u00e1r\u00e1si rendje:<\/u><\/strong><br \/>\nA t\u00e1rgyat a t\u00e1rgyfelv\u00e9teli id\u0151szakban felveszik, a felment\u00e9s\u00fcket k\u00e9rv\u00e9nyezik a Sportk\u00f6zpontn\u00e1l, ahonnan a D\u00e9k\u00e1ni Hivatal megkapja a felment\u00e9si javaslatot, majd az \u00d6n\u00f6k \u00e1ltal a t\u00e1rgyfelv\u00e9teli id\u0151szakban felvett t\u00e1rgyat teljes\u00edtett st\u00e1tuszba \u00e1ll\u00edtja.<br \/>\nAmennyiben elmulasztj\u00e1k felvenni a t\u00e1rgyat a t\u00e1rgyfelv\u00e9teli id\u0151szakban, azonos elj\u00e1r\u00e1s vonatkozik \u00d6n\u00f6kre, mint b\u00e1rmely egy\u00e9b k\u00f6telez\u0151 vagy k\u00f6telez\u0151en v\u00e1laszthat\u00f3 t\u00e1rgy t\u00e1rgyfelv\u00e9teli id\u0151szakon t\u00fali felv\u00e9tele eset\u00e9n (6000 Ft. k\u00e9sedelmi d\u00edj megfizet\u00e9se).<br \/>\nK\u00e9rj\u00fck, hogy a j\u00f6v\u0151ben a fentiek szerint sz\u00edveskedjenek elj\u00e1rni!<br \/>\n\u00dcdv\u00f6zlettel:<br \/>\nD\u00e9k\u00e1ni Hivatal<\/span><\/p>\n<p>&nbsp;<\/p>\n","protected":false},"excerpt":{"rendered":"<p>A Testnevel\u00e9s t\u00e1rgy al\u00f3li felment\u00e9s elj\u00e1r\u00e1si rendje: Tisztelt Hallgat\u00f3k! Szeretn\u00e9nk t\u00e1j\u00e9koztatni \u00d6n\u00f6ket arr\u00f3l, hogy a Testnevel\u00e9s t\u00e1rgyat esed\u00e9kes sorsz\u00e1mmal, a mintatanterv\u00fck \u00e1ltal el\u0151\u00edrt valamennyi f\u00e9l\u00e9vben sz\u00fcks\u00e9ges felvenni\u00fck ugyanolyan m\u00f3don, mint a t\u00f6bbi k\u00f6telez\u0151 vagy k\u00f6telez\u0151en v\u00e1laszthat\u00f3 t\u00e1rgyat abban az esetben is, ha a t\u00e1rgyb\u00f3l felment\u00e9s\u00fck van. A Testnevel\u00e9s t\u00e1rgy al\u00f3li felment\u00e9s elj\u00e1r\u00e1si rendje: A t\u00e1rgyat &hellip;<\/p>\n","protected":false},"author":101171,"featured_media":0,"parent":6071,"menu_order":5,"comment_status":"closed","ping_status":"closed","template":"","meta":{"_acf_changed":false,"footnotes":""},"categories":[],"tags":[],"class_list":["post-6028","page","type-page","status-publish","hentry"],"acf":[],"_links":{"self":[{"href":"https:\/\/semmelweis.hu\/fok\/wp-json\/wp\/v2\/pages\/6028","targetHints":{"allow":["GET"]}}],"collection":[{"href":"https:\/\/semmelweis.hu\/fok\/wp-json\/wp\/v2\/pages"}],"about":[{"href":"https:\/\/semmelweis.hu\/fok\/wp-json\/wp\/v2\/types\/page"}],"author":[{"embeddable":true,"href":"https:\/\/semmelweis.hu\/fok\/wp-json\/wp\/v2\/users\/101171"}],"replies":[{"embeddable":true,"href":"https:\/\/semmelweis.hu\/fok\/wp-json\/wp\/v2\/comments?post=6028"}],"version-history":[{"count":7,"href":"https:\/\/semmelweis.hu\/fok\/wp-json\/wp\/v2\/pages\/6028\/revisions"}],"predecessor-version":[{"id":8740,"href":"https:\/\/semmelweis.hu\/fok\/wp-json\/wp\/v2\/pages\/6028\/revisions\/8740"}],"up":[{"embeddable":true,"href":"https:\/\/semmelweis.hu\/fok\/wp-json\/wp\/v2\/pages\/6071"}],"wp:attachment":[{"href":"https:\/\/semmelweis.hu\/fok\/wp-json\/wp\/v2\/media?parent=6028"}],"wp:term":[{"taxonomy":"category","embeddable":true,"href":"https:\/\/semmelweis.hu\/fok\/wp-json\/wp\/v2\/categories?post=6028"},{"taxonomy":"post_tag","embeddable":true,"href":"https:\/\/semmelweis.hu\/fok\/wp-json\/wp\/v2\/tags?post=6028"}],"curies":[{"name":"wp","href":"https:\/\/api.w.org\/{rel}","templated":true}]}}