{"id":60,"date":"2012-02-09T08:07:01","date_gmt":"2012-02-09T07:07:01","guid":{"rendered":"http:\/\/semmelweis-egyetem.hu\/fok\/?page_id=60"},"modified":"2025-11-04T12:42:45","modified_gmt":"2025-11-04T11:42:45","slug":"az-egyes-targyak-eloadoinak-neve","status":"publish","type":"page","link":"https:\/\/semmelweis.hu\/fok\/oktatas\/altalanos-informaciok-a-hallgatok-reszere\/az-egyes-targyak-eloadoinak-neve\/","title":{"rendered":"Az egyes t\u00e1rgyak el\u0151ad\u00f3inak neve"},"content":{"rendered":"<div id=\"GroupWiseSection_1658741266000_blaho.erika@dent.semmelweis-univ.hu_8484A7A013690000A9ADCA4CBAF9A944_\" class=\"GroupWiseMessageBody active\">\n<div><a href=\"https:\/\/semmelweis.hu\/fok\/files\/2025\/11\/Az-egyes-targyak-eloadoinak-neve-2025.-november-4.pdf\"><strong>Az egyes t\u00e1rgyak el\u0151ad\u00f3inak neve &#8211; 2025\/2026-os tan\u00e9vt\u0151l<\/strong><\/a><\/div>\n<div><a href=\"https:\/\/semmelweis.hu\/fok\/files\/2025\/07\/Az-egyes-targyak-eloadoinak-neve-2025.-juli.pdf\">Az egyes t\u00e1rgyak el\u0151ad\u00f3inak neve &#8211; 2024\/2025-\u00f6s tan\u00e9vt\u0151l<\/a><\/div>\n<div><a href=\"https:\/\/semmelweis.hu\/fok\/files\/2025\/04\/Az-egyes-targyak-eloadoinak-neve-2025.-aprilis15.pdf\">Az egyes t\u00e1rgyak el\u0151ad\u00f3inak neve &#8211; 2023\/2024-es tan\u00e9v-<span style=\"color: #ff0000\">2024. \u00e1prilis 15-t\u0151l<\/span><\/a><\/div>\n<div><a href=\"https:\/\/semmelweis.hu\/fok\/files\/2022\/07\/Az-egyes-targyak-eloadoinak-neve-a-2021-2022-tanev-II.-felevetol-bevezetesre-kerult-kurrikulum-szerint-2022.-szeptember.pdf\">Az egyes t\u00e1rgyak el\u0151ad\u00f3inak neve-a 2021-2022 tan\u00e9v II. f\u00e9l\u00e9v\u00e9t\u0151l bevezet\u00e9sre ker\u00fclt kurrikulum szerint-<span style=\"color: #ff0000\">2022. szeptembert\u0151l (I.-II.-III. \u00e9vfolyam)<\/span><\/a><\/div>\n<\/div>\n<div id=\"GroupWiseSection_1658741131000_blaho.erika@dent.semmelweis-univ.hu_8484A7A013690000A9ADCA4CBAF9A944_\" class=\"GroupWiseMessageBody active\">\n<div><a href=\"https:\/\/semmelweis.hu\/fok\/files\/2022\/07\/Az-egyes-targyak-eloadoinak-neve-a-2021-2022-es-kurrikulum-szerint-2022.-szeptember.pdf\">Az egyes t\u00e1rgyak el\u0151ad\u00f3inak neve-a 2021-2022-es kurrikulum szerint-<span style=\"color: #ff0000\">2022. szeptembert\u0151l (IV. \u00e9s V. \u00e9vfolyam<\/span>)<\/a><\/div>\n<\/div>\n<p><a href=\"https:\/\/semmelweis.hu\/fok\/files\/2021\/02\/Az-egyes-t\u00e1rgyak-el\u0151ad\u00f3inak-neve-2021.febru\u00e1r.pdf\">Az egyes t\u00e1rgyak el\u0151ad\u00f3inak neve 2020\/2021 tan\u00e9v kurrikuluma szerint\u00a0<\/a><br \/>\n<a href=\"https:\/\/semmelweis.hu\/fok\/files\/2020\/01\/Az-egyes-t\u00e1rgyak-el\u0151ad\u00f3inak-neve-2020.-\u00daJ-KURRIKULUM.pdf\">Az egyes t\u00e1rgyak el\u0151ad\u00f3inak neve 2019\/2020 tan\u00e9v kurrikuluma szerint<\/a><br \/>\n<a href=\"https:\/\/semmelweis.hu\/fok\/files\/2019\/08\/Az-egyes-t\u00e1rgyak-el\u0151ad\u00f3inak-neve-2019.07.pdf\">Az egyes t\u00e1rgyak el\u0151ad\u00f3inak neve 2019\/2020 tan\u00e9v el\u0151tti kurrikulumokra vonatkoz\u00f3an<\/a><\/p>\n","protected":false},"excerpt":{"rendered":"<p><a href=\"https:\/\/semmelweis.hu\/fok\/files\/2025\/11\/Az-egyes-targyak-eloadoinak-neve-2025.-november-4.pdf\">Az egyes t\u00e1rgyak el\u0151ad\u00f3inak neve &#8211; 2025\/2026-os tan\u00e9vt\u0151l<\/a><br \/>\n<a href=\"https:\/\/semmelweis.hu\/fok\/files\/2025\/07\/Az-egyes-targyak-eloadoinak-neve-2025.-juli.pdf\">Az egyes t\u00e1rgyak el\u0151ad\u00f3inak neve &#8211; 2024\/2025-\u00f6s tan\u00e9vt\u0151l<\/a><br \/>\n<a href=\"https:\/\/semmelweis.hu\/fok\/files\/2025\/04\/Az-egyes-targyak-eloadoinak-neve-2025.-aprilis15.pdf\">Az egyes t\u00e1rgyak el\u0151ad\u00f3inak neve &#8211; 2023\/2024-es tan\u00e9v-2024. \u00e1prilis 15-t\u0151l<\/a><br \/>\n<a href=\"https:\/\/semmelweis.hu\/fok\/files\/2022\/07\/Az-egyes-targyak-eloadoinak-neve-a-2021-2022-tanev-II.-felevetol-bevezetesre-kerult-kurrikulum-szerint-2022.-szeptember.pdf\">Az egyes t\u00e1rgyak el\u0151ad\u00f3inak neve-a 2021-2022 tan\u00e9v II. f\u00e9l\u00e9v\u00e9t\u0151l bevezet\u00e9sre ker\u00fclt kurrikulum szerint-2022. szeptembert\u0151l (I.-II.-III. \u00e9vfolyam)<\/a><\/p>\n<p><a href=\"https:\/\/semmelweis.hu\/fok\/files\/2022\/07\/Az-egyes-targyak-eloadoinak-neve-a-2021-2022-es-kurrikulum-szerint-2022.-szeptember.pdf\">Az egyes t\u00e1rgyak el\u0151ad\u00f3inak neve-a 2021-2022-es kurrikulum szerint-2022. szeptembert\u0151l (IV. \u00e9s V. \u00e9vfolyam)<\/a><\/p>\n<p><a href=\"https:\/\/semmelweis.hu\/fok\/files\/2021\/02\/Az-egyes-t\u00e1rgyak-el\u0151ad\u00f3inak-neve-2021.febru\u00e1r.pdf\">Az egyes t\u00e1rgyak el\u0151ad\u00f3inak neve 2020\/2021 tan\u00e9v kurrikuluma szerint\u00a0<\/a><br \/>\n<a href=\"https:\/\/semmelweis.hu\/fok\/files\/2020\/01\/Az-egyes-t\u00e1rgyak-el\u0151ad\u00f3inak-neve-2020.-\u00daJ-KURRIKULUM.pdf\">Az egyes t\u00e1rgyak el\u0151ad\u00f3inak neve 2019\/2020 tan\u00e9v kurrikuluma szerint<\/a><br \/>\n<a href=\"https:\/\/semmelweis.hu\/fok\/files\/2019\/08\/Az-egyes-t\u00e1rgyak-el\u0151ad\u00f3inak-neve-2019.07.pdf\">Az egyes t\u00e1rgyak el\u0151ad\u00f3inak neve 2019\/2020 tan\u00e9v el\u0151tti kurrikulumokra vonatkoz\u00f3an<\/a><\/p>\n","protected":false},"author":38,"featured_media":0,"parent":6071,"menu_order":2,"comment_status":"closed","ping_status":"closed","template":"","meta":{"_acf_changed":false,"footnotes":""},"categories":[],"tags":[],"class_list":["post-60","page","type-page","status-publish","hentry"],"acf":[],"_links":{"self":[{"href":"https:\/\/semmelweis.hu\/fok\/wp-json\/wp\/v2\/pages\/60","targetHints":{"allow":["GET"]}}],"collection":[{"href":"https:\/\/semmelweis.hu\/fok\/wp-json\/wp\/v2\/pages"}],"about":[{"href":"https:\/\/semmelweis.hu\/fok\/wp-json\/wp\/v2\/types\/page"}],"author":[{"embeddable":true,"href":"https:\/\/semmelweis.hu\/fok\/wp-json\/wp\/v2\/users\/38"}],"replies":[{"embeddable":true,"href":"https:\/\/semmelweis.hu\/fok\/wp-json\/wp\/v2\/comments?post=60"}],"version-history":[{"count":12,"href":"https:\/\/semmelweis.hu\/fok\/wp-json\/wp\/v2\/pages\/60\/revisions"}],"predecessor-version":[{"id":11378,"href":"https:\/\/semmelweis.hu\/fok\/wp-json\/wp\/v2\/pages\/60\/revisions\/11378"}],"up":[{"embeddable":true,"href":"https:\/\/semmelweis.hu\/fok\/wp-json\/wp\/v2\/pages\/6071"}],"wp:attachment":[{"href":"https:\/\/semmelweis.hu\/fok\/wp-json\/wp\/v2\/media?parent=60"}],"wp:term":[{"taxonomy":"category","embeddable":true,"href":"https:\/\/semmelweis.hu\/fok\/wp-json\/wp\/v2\/categories?post=60"},{"taxonomy":"post_tag","embeddable":true,"href":"https:\/\/semmelweis.hu\/fok\/wp-json\/wp\/v2\/tags?post=60"}],"curies":[{"name":"wp","href":"https:\/\/api.w.org\/{rel}","templated":true}]}}