{"id":5634,"date":"2020-12-14T11:54:20","date_gmt":"2020-12-14T10:54:20","guid":{"rendered":"https:\/\/semmelweis.hu\/fok\/?page_id=5634"},"modified":"2023-08-30T11:02:41","modified_gmt":"2023-08-30T09:02:41","slug":"a-fogorvostudomanyi-kar-publikacioi-az-elmult-ot-evben","status":"publish","type":"page","link":"https:\/\/semmelweis.hu\/fok\/kutatas\/a-fogorvostudomanyi-kar-publikacioi-az-elmult-ot-evben\/","title":{"rendered":"A Fogorvostudom\u00e1nyi Kar publik\u00e1ci\u00f3i az elm\u00falt \u00f6t \u00e9vben"},"content":{"rendered":"<ul>\n<li>Arc- \u00c1llcsont- Sz\u00e1jseb\u00e9szeti \u00e9s Fog\u00e1szati Klinika<\/li>\n<\/ul>\n<p><a href=\"https:\/\/m2.mtmt.hu\/gui2\/?type=institutes&amp;mode=browse&amp;sel=10341\">https:\/\/m2.mtmt.hu\/gui2\/?type=institutes&amp;mode=browse&amp;sel=10341<\/a><\/p>\n<ul>\n<li>\n<h3><a href=\"https:\/\/semmelweis.hu\/fok\/files\/2020\/12\/FSZOI_2015-20_1.pdf\">Fog\u00e1szati \u00e9s Sz\u00e1jseb\u00e9szeti Oktat\u00f3 Int\u00e9zet<\/a><\/h3>\n<\/li>\n<\/ul>\n<p><a href=\"https:\/\/m2.mtmt.hu\/gui2\/?type=institutes&amp;mode=browse&amp;sel=13063\">https:\/\/m2.mtmt.hu\/gui2\/?type=institutes&amp;mode=browse&amp;sel=13063<\/a><\/p>\n<ul>\n<li>\n<h3>Fogp\u00f3tl\u00e1stani Klinika<\/h3>\n<\/li>\n<\/ul>\n<p><a href=\"https:\/\/m2.mtmt.hu\/gui2\/?type=institutes&amp;mode=browse&amp;sel=10342\">https:\/\/m2.mtmt.hu\/gui2\/?type=institutes&amp;mode=browse&amp;sel=10342<\/a><\/p>\n<ul>\n<li>\n<h3>Gyermekfog\u00e1szati \u00e9s Fogszab\u00e1lyoz\u00e1si Klinika<\/h3>\n<\/li>\n<\/ul>\n<p><a href=\"https:\/\/m2.mtmt.hu\/gui2\/?type=institutes&amp;mode=browse&amp;sel=10343\">https:\/\/m2.mtmt.hu\/gui2\/?type=institutes&amp;mode=browse&amp;sel=10343<\/a><\/p>\n<ul>\n<li>\n<h3>Konzerv\u00e1l\u00f3 Fog\u00e1szati Klinika<\/h3>\n<\/li>\n<\/ul>\n<p><a href=\"https:\/\/m2.mtmt.hu\/gui2\/?type=institutes&amp;mode=browse&amp;sel=10344\">https:\/\/m2.mtmt.hu\/gui2\/?type=institutes&amp;mode=browse&amp;sel=10344<\/a><\/p>\n<ul>\n<li>\n<h3>Or\u00e1lbiol\u00f3giai Tansz\u00e9k<\/h3>\n<\/li>\n<\/ul>\n<p><a href=\"https:\/\/m2.mtmt.hu\/gui2\/?type=institutes&amp;mode=browse&amp;sel=10345\">https:\/\/m2.mtmt.hu\/gui2\/?type=institutes&amp;mode=browse&amp;sel=10345<\/a><\/p>\n<ul>\n<li>\n<h3><a href=\"https:\/\/semmelweis.hu\/fok\/files\/2020\/12\/Or%C3%A1lis-Diagnosztikai-Tansz%C3%A9k.pdf\">Or\u00e1lis Diagnosztikai Tansz\u00e9k<\/a><\/h3>\n<\/li>\n<\/ul>\n<p><a href=\"https:\/\/m2.mtmt.hu\/gui2\/?type=institutes&amp;mode=browse&amp;sel=12424\">https:\/\/m2.mtmt.hu\/gui2\/?type=institutes&amp;mode=browse&amp;sel=12424<\/a><\/p>\n<ul>\n<li>\n<h3>Parodontol\u00f3giai Klinika<\/h3>\n<\/li>\n<\/ul>\n<p><a href=\"https:\/\/m2.mtmt.hu\/gui2\/?type=institutes&amp;mode=browse&amp;sel=10346\">https:\/\/m2.mtmt.hu\/gui2\/?type=institutes&amp;mode=browse&amp;sel=10346<\/a><\/p>\n<ul>\n<li>\n<h3>Propedeutikai Tansz\u00e9k<\/h3>\n<\/li>\n<\/ul>\n<p><a href=\"https:\/\/m2.mtmt.hu\/gui2\/?type=institutes&amp;mode=browse&amp;sel=14066\">https:\/\/m2.mtmt.hu\/gui2\/?type=institutes&amp;mode=browse&amp;sel=14066<\/a><\/p>\n<p>&nbsp;<\/p>\n<p>&nbsp;<\/p>\n","protected":false},"excerpt":{"rendered":"<p>Arc- \u00c1llcsont- Sz\u00e1jseb\u00e9szeti \u00e9s Fog\u00e1szati Klinika<\/p>\n<p><a href=\"https:\/\/m2.mtmt.hu\/gui2\/?type=institutes&amp;mode=browse&amp;sel=10341\">https:\/\/m2.mtmt.hu\/gui2\/?type=institutes&amp;mode=browse&amp;sel=10341<\/a><\/p>\n<p><a href=\"https:\/\/semmelweis.hu\/fok\/files\/2020\/12\/FSZOI_2015-20_1.pdf\">Fog\u00e1szati \u00e9s Sz\u00e1jseb\u00e9szeti Oktat\u00f3 Int\u00e9zet<\/a><\/p>\n<p><a href=\"https:\/\/m2.mtmt.hu\/gui2\/?type=institutes&amp;mode=browse&amp;sel=13063\">https:\/\/m2.mtmt.hu\/gui2\/?type=institutes&amp;mode=browse&amp;sel=13063<\/a><\/p>\n<p>Fogp\u00f3tl\u00e1stani Klinika<\/p>\n<p><a href=\"https:\/\/m2.mtmt.hu\/gui2\/?type=institutes&amp;mode=browse&amp;sel=10342\">https:\/\/m2.mtmt.hu\/gui2\/?type=institutes&amp;mode=browse&amp;sel=10342<\/a><\/p>\n<p>Gyermekfog\u00e1szati \u00e9s Fogszab\u00e1lyoz\u00e1si Klinika<\/p>\n<p><a href=\"https:\/\/m2.mtmt.hu\/gui2\/?type=institutes&amp;mode=browse&amp;sel=10343\">https:\/\/m2.mtmt.hu\/gui2\/?type=institutes&amp;mode=browse&amp;sel=10343<\/a><\/p>\n<p>Konzerv\u00e1l\u00f3 Fog\u00e1szati Klinika<\/p>\n<p><a href=\"https:\/\/m2.mtmt.hu\/gui2\/?type=institutes&amp;mode=browse&amp;sel=10344\">https:\/\/m2.mtmt.hu\/gui2\/?type=institutes&amp;mode=browse&amp;sel=10344<\/a><\/p>\n<p>Or\u00e1lbiol\u00f3giai Tansz\u00e9k<\/p>\n<p><a href=\"https:\/\/m2.mtmt.hu\/gui2\/?type=institutes&amp;mode=browse&amp;sel=10345\">https:\/\/m2.mtmt.hu\/gui2\/?type=institutes&amp;mode=browse&amp;sel=10345<\/a><\/p>\n<p><a href=\"https:\/\/semmelweis.hu\/fok\/files\/2020\/12\/Or%C3%A1lis-Diagnosztikai-Tansz%C3%A9k.pdf\">Or\u00e1lis Diagnosztikai Tansz\u00e9k<\/a><\/p>\n<p><a href=\"https:\/\/m2.mtmt.hu\/gui2\/?type=institutes&amp;mode=browse&amp;sel=12424\">https:\/\/m2.mtmt.hu\/gui2\/?type=institutes&amp;mode=browse&amp;sel=12424<\/a><\/p>\n<p>Parodontol\u00f3giai Klinika<\/p>\n<p><a href=\"https:\/\/m2.mtmt.hu\/gui2\/?type=institutes&amp;mode=browse&amp;sel=10346\">https:\/\/m2.mtmt.hu\/gui2\/?type=institutes&amp;mode=browse&amp;sel=10346<\/a><\/p>\n<p>Propedeutikai Tansz\u00e9k<\/p>\n<p><a href=\"https:\/\/m2.mtmt.hu\/gui2\/?type=institutes&amp;mode=browse&amp;sel=14066\">https:\/\/m2.mtmt.hu\/gui2\/?type=institutes&amp;mode=browse&amp;sel=14066<\/a><br \/>\n&nbsp;<br \/>\n&nbsp;<\/p>\n","protected":false},"author":101171,"featured_media":0,"parent":3391,"menu_order":2,"comment_status":"closed","ping_status":"closed","template":"","meta":{"_acf_changed":false,"footnotes":""},"categories":[],"tags":[],"class_list":["post-5634","page","type-page","status-publish","hentry"],"acf":[],"_links":{"self":[{"href":"https:\/\/semmelweis.hu\/fok\/wp-json\/wp\/v2\/pages\/5634","targetHints":{"allow":["GET"]}}],"collection":[{"href":"https:\/\/semmelweis.hu\/fok\/wp-json\/wp\/v2\/pages"}],"about":[{"href":"https:\/\/semmelweis.hu\/fok\/wp-json\/wp\/v2\/types\/page"}],"author":[{"embeddable":true,"href":"https:\/\/semmelweis.hu\/fok\/wp-json\/wp\/v2\/users\/101171"}],"replies":[{"embeddable":true,"href":"https:\/\/semmelweis.hu\/fok\/wp-json\/wp\/v2\/comments?post=5634"}],"version-history":[{"count":6,"href":"https:\/\/semmelweis.hu\/fok\/wp-json\/wp\/v2\/pages\/5634\/revisions"}],"predecessor-version":[{"id":9048,"href":"https:\/\/semmelweis.hu\/fok\/wp-json\/wp\/v2\/pages\/5634\/revisions\/9048"}],"up":[{"embeddable":true,"href":"https:\/\/semmelweis.hu\/fok\/wp-json\/wp\/v2\/pages\/3391"}],"wp:attachment":[{"href":"https:\/\/semmelweis.hu\/fok\/wp-json\/wp\/v2\/media?parent=5634"}],"wp:term":[{"taxonomy":"category","embeddable":true,"href":"https:\/\/semmelweis.hu\/fok\/wp-json\/wp\/v2\/categories?post=5634"},{"taxonomy":"post_tag","embeddable":true,"href":"https:\/\/semmelweis.hu\/fok\/wp-json\/wp\/v2\/tags?post=5634"}],"curies":[{"name":"wp","href":"https:\/\/api.w.org\/{rel}","templated":true}]}}