{"id":4780,"date":"2020-06-04T15:14:08","date_gmt":"2020-06-04T13:14:08","guid":{"rendered":"https:\/\/semmelweis.hu\/fok\/?page_id=4780"},"modified":"2025-11-17T13:56:12","modified_gmt":"2025-11-17T12:56:12","slug":"a-kar-vezetese","status":"publish","type":"page","link":"https:\/\/semmelweis.hu\/fok\/a-karrol\/a-kar-vezetese\/","title":{"rendered":"Az Fogorvostudom\u00e1nyi Kar vezet\u0151 tiszts\u00e9gvisel\u0151i"},"content":{"rendered":"<p><img loading=\"lazy\" decoding=\"async\" class=\"thumbnail alignright\" src=\"https:\/\/semmelweis.hu\/fok\/files\/2020\/06\/Gerber-G\u00e1bor.jpg\" alt=\"\" width=\"269\" height=\"384\" \/><\/p>\n<h1>d\u00e9k\u00e1n:<\/h1>\n<h4><strong>Dr. GERBER G\u00c1BOR <br \/>\n<\/strong>egyetemi tan\u00e1r<\/h4>\n<p>1085 Budapest, VIII. \u00dcll\u0151i \u00fat 26. fszt. 10.<br \/>\nTel.: 266-0453, 459-1500\/55269 mell\u00e9k<\/p>\n<p><a href=\"https:\/\/semmelweis.hu\/fok\/files\/2025\/11\/Gerber.G.CV_.24-jav5.pdf\"><em>Dr. Gerber G\u00e1bor szakmai \u00f6n\u00e9letrajza<\/em><\/a><\/p>\n<hr \/>\n<h1>\u00e1ltal\u00e1nos d\u00e9k\u00e1nhelyettes:<img loading=\"lazy\" decoding=\"async\" class=\"thumbnail alignright\" src=\"https:\/\/semmelweis.hu\/fok\/files\/2020\/06\/N\u00e9meth-Zsolt.jpg\" alt=\"\" width=\"349\" height=\"296\" \/><\/h1>\n<h4><strong>Dr. N\u00c9METH ZSOLT <br \/>\n<\/strong>egyetemi tan\u00e1r<\/h4>\n<p>1085 Budapest, VIII. \u00dcll\u0151i \u00fat 26. fszt. 10. <br \/>\nTel.: 266-0453, 459-1500\/55269 mell\u00e9k<\/p>\n<p><em><span style=\"color: #3366ff\"><a href=\"http:\/\/scholar.semmelweis.hu\/nemethzsolt\/\">Dr. N\u00e9meth Zsolt szakmai \u00f6n\u00e9letrajza<\/a> <br \/>\n<\/span><\/em><\/p>\n<hr \/>\n<h1>oktat\u00e1si d\u00e9k\u00e1nhelyettes:\u00a0 <img loading=\"lazy\" decoding=\"async\" class=\"thumbnail alignright\" src=\"https:\/\/semmelweis.hu\/fok\/files\/2025\/11\/RS226404_GV5A3938_scr.jpg\" alt=\"\" width=\"273\" height=\"410\" \/><\/h1>\n<h4><strong>Dr. Szab\u00f3 Bence Tam\u00e1s<br \/>\n<\/strong>egyetemi docens<\/h4>\n<p>1085 Budapest, VIII. \u00dcll\u0151i \u00fat 26. fszt. 10. <br \/>\nTel.: 266-0453, 459-1500\/55269 mell\u00e9k<\/p>\n<p><a href=\"https:\/\/semmelweis.hu\/fok\/files\/2025\/11\/CV_SZBT-honlapra.pdf\"><em>Dr. Szab\u00f3 Bence Tam\u00e1s szakmai \u00f6n\u00e9letrajza<\/em><\/a><\/p>\n<hr \/>\n<p><img loading=\"lazy\" decoding=\"async\" class=\"thumbnail alignright\" src=\"https:\/\/semmelweis.hu\/fok\/files\/2020\/06\/Dob\u00f3-Nagy-Cs.-scaled.jpg\" alt=\"\" width=\"285\" height=\"380\" \/><\/p>\n<h1>tudom\u00e1nyos d\u00e9k\u00e1nhelyettes:<\/h1>\n<h4><strong>Dr. DOB\u00d3 NAGY CSABA <br \/>\n<\/strong>egyetemi tan\u00e1r<\/h4>\n<p>1085 Budapest, VIII. \u00dcll\u0151i \u00fat 26. fszt. 10. <br \/>\nTel.: 266-0453, 459-1500\/55269 mell\u00e9k<\/p>\n<p><a href=\"https:\/\/semmelweis.hu\/fok\/files\/2025\/06\/CV_Dobo.pdf\"><em>Dr. Dob\u00f3 Nagy Csaba szakmai \u00f6n\u00e9letrajza<\/em><\/a><\/p>\n<hr \/>\n<h1>kari gazdas\u00e1gi igazgat\u00f3:<\/h1>\n<h4><strong>Stefk\u00f3 MARIANNA<\/strong><\/h4>\n<p>1085 Budapest, VIII. \u00dcll\u0151i \u00fat 26. fszt. 10. <br \/>\nTel.: 266-0453, 459-1500\/55342 mell\u00e9k<\/p>\n","protected":false},"excerpt":{"rendered":"<p>d\u00e9k\u00e1n: Dr. GERBER G\u00c1BOR egyetemi tan\u00e1r 1085 Budapest, VIII. \u00dcll\u0151i \u00fat 26. fszt. 10. Tel.: 266-0453, 459-1500\/55269 mell\u00e9k <a href=\"https:\/\/semmelweis.hu\/fok\/files\/2025\/11\/Gerber.G.CV_.24-jav5.pdf\">Dr. Gerber G\u00e1bor szakmai \u00f6n\u00e9letrajza<\/a> \u00e1ltal\u00e1nos d\u00e9k\u00e1nhelyettes: Dr. N\u00c9METH ZSOLT egyetemi tan\u00e1r 1085 Budapest, VIII. \u00dcll\u0151i \u00fat 26. fszt. 10. Tel.: 266-0453, 459-1500\/55269 mell\u00e9k <a href=\"http:\/\/scholar.semmelweis.hu\/nemethzsolt\/\">Dr. N\u00e9meth Zsolt szakmai \u00f6n\u00e9letrajza<\/a> oktat\u00e1si d\u00e9k\u00e1nhelyettes:\u00a0 Dr. Szab\u00f3 Bence Tam\u00e1s egyetemi docens 1085 Budapest, VIII. \u00dcll\u0151i \u00fat 26. fszt. 10. Tel.: 266-0453, &hellip;<\/p>\n","protected":false},"author":101171,"featured_media":0,"parent":5,"menu_order":0,"comment_status":"closed","ping_status":"closed","template":"template-fullwidth.php","meta":{"_acf_changed":false,"footnotes":""},"categories":[],"tags":[],"class_list":["post-4780","page","type-page","status-publish","hentry"],"acf":[],"_links":{"self":[{"href":"https:\/\/semmelweis.hu\/fok\/wp-json\/wp\/v2\/pages\/4780","targetHints":{"allow":["GET"]}}],"collection":[{"href":"https:\/\/semmelweis.hu\/fok\/wp-json\/wp\/v2\/pages"}],"about":[{"href":"https:\/\/semmelweis.hu\/fok\/wp-json\/wp\/v2\/types\/page"}],"author":[{"embeddable":true,"href":"https:\/\/semmelweis.hu\/fok\/wp-json\/wp\/v2\/users\/101171"}],"replies":[{"embeddable":true,"href":"https:\/\/semmelweis.hu\/fok\/wp-json\/wp\/v2\/comments?post=4780"}],"version-history":[{"count":11,"href":"https:\/\/semmelweis.hu\/fok\/wp-json\/wp\/v2\/pages\/4780\/revisions"}],"predecessor-version":[{"id":11438,"href":"https:\/\/semmelweis.hu\/fok\/wp-json\/wp\/v2\/pages\/4780\/revisions\/11438"}],"up":[{"embeddable":true,"href":"https:\/\/semmelweis.hu\/fok\/wp-json\/wp\/v2\/pages\/5"}],"wp:attachment":[{"href":"https:\/\/semmelweis.hu\/fok\/wp-json\/wp\/v2\/media?parent=4780"}],"wp:term":[{"taxonomy":"category","embeddable":true,"href":"https:\/\/semmelweis.hu\/fok\/wp-json\/wp\/v2\/categories?post=4780"},{"taxonomy":"post_tag","embeddable":true,"href":"https:\/\/semmelweis.hu\/fok\/wp-json\/wp\/v2\/tags?post=4780"}],"curies":[{"name":"wp","href":"https:\/\/api.w.org\/{rel}","templated":true}]}}